{"id":4645,"date":"2016-08-02T15:19:00","date_gmt":"2016-08-02T13:19:00","guid":{"rendered":"http:\/\/univet.hu\/egyetem\/munkatarsak\/sterczer-agnes\/"},"modified":"2026-02-10T04:00:20","modified_gmt":"2026-02-10T03:00:20","slug":"sterczer-agnes","status":"publish","type":"page","link":"https:\/\/univet.hu\/hu\/egyetem\/munkatarsak\/sterczer-agnes\/","title":{"rendered":"Sterczer \u00c1gnes"},"content":{"rendered":"<p style=\"text-align: center\"><strong>Bemutatkoz\u00e1s\u00a0 \u00a0<\/strong><\/p> <p>1989-ben szereztem \u00e1llatorvos doktori diplom\u00e1t (\u00c1llatorvos-tudom\u00e1nyi Egyetem)1989-t\u00f3l a Belgy\u00f3gy\u00e1szati Tansz\u00e9k \u00e9s klinika munkat\u00e1rsa vagyok<br \/> 1998-ban PhD fokozat (\u00daj diagnosztikai lehet\u0151s\u00e9gek kuty\u00e1k m\u00e1j-\u00e9s epe\u00fati betegs\u00e9geiben)<br \/> 2002 kis\u00e1llatgy\u00f3gy\u00e1sz klinikai szak\u00e1llatorvos diploma<br \/> 2003 egyetemi docens<br \/> 2007 habilit\u00e1ci\u00f3<br \/> 2009 Belgy\u00f3gy\u00e1szati Tansz\u00e9k \u00e9s Klinika tansz\u00e9kvezet\u0151 helyettes<\/p> <p>oktat\u00e1s:<br \/> Kis\u00e1llatgy\u00f3gy\u00e1szat 1 \/ Small Animal Medicine 1\u00a0 ( diagnosztika r\u00e9sz t\u00e9mafelel\u0151s, magyar, angol, el\u0151ad\u00f3, gyakorlat, vizsg\u00e1ztat\u00e1s)<br \/> Clinical Demonstration fakultat\u00edv t\u00e1rgy angol (tant\u00e1rgyfelel\u0151s, el\u0151ad\u00f3, vizsg\u00e1ztat\u00e1s)<br \/> Kis\u00e1llatgy\u00f3gy\u00e1szat 3\u00a0 \/Small Animal Medicine 3 \u00a0(gasztroenterol\u00f3gia, hepatol\u00f3gia \u00a0magyar, angol, el\u0151ad\u00f3, gyakorlatok magyar, angol, vizsg\u00e1ztat\u00e1s)<br \/> Klinische Propedeutika (gyakorlat)<\/p> <p>Klinikai munka: gasztroenterol\u00f3gia \u00e9s hepatol\u00f3gia szakrendel\u00e9s<\/p> <p>F\u0151bb kutat\u00e1si ter\u00fcletek:<\/p> <ul> <li>Gastroenterol\u00f3gia (kutya-macska): IBD, Lymphangiectasia, pancreatitis, PLE (feh\u00e9rjeveszt\u00e9ses enteropathia)<\/li> <li>Hepatol\u00f3gia (kutya-macska): Hepaticus encephalopathia, Portosziszt\u00e9m\u00e1s s\u00f6nt, Kr\u00f3nikus hepatitis, Cholangitis macsk\u00e1kban<\/li> <\/ul> <p><strong>Szakmai szervezeti tags\u00e1g<\/strong><\/p> <table style=\"height: 290px\" width=\"988\"> <tbody> <tr style=\"height: 50px\"> <td style=\"height: 50px;width: 446.438px;text-align: center\"><strong>Bizotts\u00e1g neve<\/strong><\/td> <td style=\"height: 50px;width: 117.094px;text-align: center\"><strong>Id\u0151<\/strong><\/td> <td style=\"height: 50px;width: 402.469px;text-align: center\"><strong>Tiszts\u00e9g<\/strong><\/td> <\/tr> <tr style=\"height: 24px\"> <td style=\"height: 24px;width: 446.438px;text-align: center\">\u00a0MTA \u00c1llatorvostudom\u00e1nyi bizotts\u00e1g<\/td> <td style=\"height: 24px;width: 117.094px;text-align: center\">\u00a02021<\/td> <td style=\"height: 24px;width: 402.469px;text-align: center\">\u00a0eln\u00f6k helyettes<\/td> <\/tr> <tr style=\"height: 24px\"> <td style=\"height: 24px;width: 446.438px;text-align: center\">\u00a0Europian Society of Comparative Gastroenterology<\/td> <td style=\"height: 24px;width: 117.094px;text-align: center\">\u00a02017<\/td> <td style=\"height: 24px;width: 402.469px;text-align: center\">\u00a0tag<\/td> <\/tr> <tr style=\"height: 24px\"> <td style=\"height: 24px;width: 446.438px;text-align: center\">\u00a0Europian Society of Comparative Hepatology<\/td> <td style=\"height: 24px;width: 117.094px;text-align: center\">\u00a02015<\/td> <td style=\"height: 24px;width: 402.469px;text-align: center\">\u00a0tag<\/td> <\/tr> <tr style=\"height: 24px\"> <td style=\"height: 24px;width: 446.438px;text-align: center\">\u00a0OTKA Agr\u00e1rtudom\u00e1nyi Bizotts\u00e1g<\/td> <td style=\"height: 24px;width: 117.094px;text-align: center\">\u00a02012-2015<\/td> <td style=\"height: 24px;width: 402.469px;text-align: center\">\u00a0tag<\/td> <\/tr> <tr style=\"height: 24px\"> <td style=\"height: 24px;width: 446.438px;text-align: center\">\u00a0\u00c1OTE Doktori Iskola<\/td> <td style=\"height: 24px;width: 117.094px;text-align: center\">\u00a02010<\/td> <td style=\"height: 24px;width: 402.469px;text-align: center\">\u00a0t\u00f6rzstag<\/td> <\/tr> <tr style=\"height: 24px\"> <td style=\"height: 24px;width: 446.438px;text-align: center\">\u00c1OTE Hallgat\u00f3i Fel\u00fclv\u00e9lem\u00e9nyez\u00e9si Bizotts\u00e1g<\/td> <td style=\"height: 24px;width: 117.094px;text-align: center\">2004-<\/td> <td style=\"height: 24px;width: 402.469px;text-align: center\">tag<\/td> <\/tr> <tr style=\"height: 24px\"> <td style=\"height: 24px;width: 446.438px;text-align: center\">B\u00f3lyai J\u00e1nos Kutat\u00e1si \u00d6szt\u00f6nd\u00edjasok Akad\u00e9miai Klubja<\/td> <td style=\"height: 24px;width: 117.094px;text-align: center\">2001-2004<\/td> <td style=\"height: 24px;width: 402.469px;text-align: center\">tag<\/td> <\/tr> <tr style=\"height: 24px\"> <td style=\"height: 24px;width: 446.438px;text-align: center\">Magyar \u00c1llatorvosi Kamara<\/td> <td style=\"height: 24px;width: 117.094px;text-align: center\">1998<\/td> <td style=\"height: 24px;width: 402.469px;text-align: center\">tag<\/td> <\/tr> <tr style=\"height: 24px\"> <td style=\"height: 24px;width: 446.438px;text-align: center\">Magyar Klinikus \u00c1llatorvosok Egyes\u00fclete Kis\u00e1llat Szekci\u00f3ja<\/td> <td style=\"height: 24px;width: 117.094px;text-align: center\">1993<\/td> <td style=\"height: 24px;width: 402.469px;text-align: center\">tag<\/td> <\/tr> <\/tbody> <\/table> <p><strong>Eddigi szakdolgozat\/TDK hallgat\u00f3k sz\u00e1ma<\/strong><\/p> <p>33 hallgat\u00f3<\/p> <p><strong>PhD-hallgat\u00f3k<\/strong><\/p> <ol> <li>Dr Psader Roland\u00a0\u00a0\u00a0\u00a0 v\u00e9gzett 2014<\/li> <li>Dr B\u00e1r\u00e1ny Zolt\u00e1n\u00a0\u00a0\u00a0\u00a0 v\u00e9gzett\u00a0\u00a0 2021<\/li> <li>Dr Vizi Zsuzsanna<\/li> <li>Dr Kanyorszky T\u00fcnde<span style=\"font-family: inherit;font-size: inherit\">\u00a0<\/span><\/li> <\/ol> <p><strong>Publik\u00e1ci\u00f3s lista (Top10)<\/strong><\/p> <p>MTMT:<\/p> <table style=\"height: 404px\" width=\"1167\"> <tbody> <tr style=\"height: 104px\"> <td style=\"width: 37px;height: 104px\">1.<\/td> <td style=\"width: 1114px;height: 104px\">Zoltan Barany,| Istvan Toth, Gergely Jocsak, Laszlo V. Frenyo, Tibor Bartha, <strong>Agnes Sterczer,<\/strong> David S. Kiss. Differential production of interleukin-6 and tumor necrosis factor-\u03b1 in primary rat astrocyte cultures using two distinct methods of microglia elimination. <em>Clinical and Experimental Neuroimmunology 2021 <\/em>DOI: 10.1111\/cen3.12650<\/td> <\/tr> <tr style=\"height: 80px\"> <td style=\"width: 37px;height: 80px\">2.<\/td> <td style=\"width: 1114px;height: 80px\">Vizi, Zsuzsanna; L\u00e1nyi, Katalin; Bagi, Melinda; Laczay, P\u00e9ter; Balogh, Nandor; <strong>Sterczer, \u00c1gnes: <\/strong>&#8222;Serum hepcidin measurement in healthy dogs using liquid chromatography\/tandem mass spectrometry&#8221;. <em>Veterinary Clinical Pathology<\/em>. 2020; 49:292\u2013298<\/td> <\/tr> <tr style=\"height: 80px\"> <td style=\"width: 37px;height: 80px\">3.<\/td> <td style=\"width: 1114px;height: 80px\">\u00c1 Jerzsele, Z Karancsi, E P\u00e1szti-Gere, <strong>\u00c1 Sterczer<\/strong>, A Bers\u00e9nyi, K Fodor, D Szab\u00f3, P Vajdovich: Effects of p.o. administered xylitok in cats. <em>Journal of Veterinary Pharmacology and Therapeutics <\/em>2018. 1-6.<\/td> <\/tr> <tr style=\"height: 24px\"> <td style=\"width: 37px;height: 24px\">4.<\/td> <td style=\"width: 1114px;height: 24px\">Kiss DS., Toth I., Jocsak G., <strong>Sterczer A<\/strong>., Bartha T., Frenyo VL., Zsarnovszky A.: Preparation of purified perikaryal and synaptosomal mitochondrial fractions from relatively small hypothalamic brain samples. <em>MethodsX, <\/em>3:417\u2013429, 2016.<\/td> <\/tr> <tr style=\"height: 10px\"> <td style=\"width: 37px;height: 10px\">5.<\/td> <td style=\"width: 1114px;height: 10px\">R.Psader., Cs. Jakab, \u00c1.M\u00e1th\u00e9, Gy. Balka, K. P\u00e1pa., \u00c1. Sterczer: Expression of claudins in the normal canine gastric mucosa. Acta Veterinaria Hungarica 2014. 62: 13-21.<\/td> <\/tr> <tr style=\"height: 24px\"> <td style=\"width: 37px;height: 24px\">6.<\/td> <td style=\"width: 1114px;height: 24px\">\u00c1gnes Sterczer, <a href=\"http:\/\/www.researchgate.net\/researcher\/75939734_Jen_Reiczigel\">Jen\u0151 Reiczigel<\/a>,\u00a0<a href=\"http:\/\/www.researchgate.net\/researcher\/16282568_Roland_Psader\">Roland Ps\u00e1der<\/a>,\u00a0<a href=\"http:\/\/www.researchgate.net\/researcher\/16282569_Kinga_Papa\">Kinga P\u00e1pa<\/a>,\u00a0<a href=\"http:\/\/www.researchgate.net\/researcher\/34632605_Karoly_Voeroes\">K\u00e1roly V\u00f6r\u00f6s<\/a>,<a href=\"http:\/\/www.researchgate.net\/researcher\/42491974_Akos_Pap\">Akos Pap<\/a>: Cholagogue-induced gallbladder emptying in the diagnosis of canine biliary obstruction. Acta Veterinaria Hungarica 2012. 06\/2012; 60(2):199-209.<\/td> <\/tr> <tr style=\"height: 24px\"> <td style=\"width: 37px;height: 24px\">7.<\/td> <td style=\"width: 1114px;height: 24px\">Cs. Jakab, P. G\u00e1lfi, \u00c1.Jerzsele, Z. Szab\u00f3, T.N\u00e9meth, \u00c1. Sterczer, M.Rusvai, L. \u00d3zsv\u00e1ri: Expression of claudin-1 in canine peripheral nerve sheath tumours and perivascular wall tumours. Histology and Histopathology 2012.\u00a0 Jul;27(7):905-17.<\/td> <\/tr> <tr style=\"height: 24px\"> <td style=\"width: 37px;height: 24px\">8.<\/td> <td style=\"width: 1114px;height: 24px\">P\u00e1pa, R. Psader, <strong>\u00c1. Sterczer<\/strong>, \u00c1. Pap, M.Rinkinen, T. Spillmann: Endoscopically guided nasojejunal tube placement in dogs for short-term postduodenal feeding. Journal of Veterinary Emergency and Critical Care. 2009. <strong><u>19.<\/u><\/strong> \/6\/ 554-563.<\/td> <\/tr> <tr style=\"height: 24px\"> <td style=\"width: 37px;height: 24px\">9.<\/td> <td style=\"width: 1114px;height: 24px\">R. Jakob, <strong>\u00c1. Sterczer, <\/strong>I.A. Toshkov, A.E. Yeager, B.E. Korba, P.J. Cote, Marie-Annick Buendia, J.L. Gerin and B.C. Tennant: Woodchuck hepatitis virus integration and N-myc rearrangement determine the size and histologic grade of hepatic tumors. Hepatology 2004. <strong><u>39.<\/u><\/strong> (4) 1008-16.<\/td> <\/tr> <tr style=\"height: 10px\"> <td style=\"width: 37px;height: 10px\">10.<\/td> <td style=\"width: 1114px;height: 10px\"><span style=\"font-size: 12pt;font-family: georgia, palatino, serif\">\u00c1. Sterczer, G.Sz\u00e9n\u00e1si, K.V\u00f6r\u00f6s, \u00c1. Pap: \u00a0Effects of\u00a0 lorglumide and atropine on MgSO4-induced gallbladder emptying in conscious dogs. Research in Veterinary Science\u00a0 2000, <u>69. <\/u>\u00a0129-133<\/span><\/td> <\/tr> <\/tbody> <\/table> <div> <p>&nbsp;<\/p> <\/div>","protected":false},"excerpt":{"rendered":"<p>Bemutatkoz\u00e1s\u00a0 \u00a0 1989-ben szereztem \u00e1llatorvos doktori diplom\u00e1t (\u00c1llatorvos-tudom\u00e1nyi Egyetem)1989-t\u00f3l a Belgy\u00f3gy\u00e1szati Tansz\u00e9k \u00e9s klinika munkat\u00e1rsa vagyok 1998-ban PhD fokozat (\u00daj diagnosztikai lehet\u0151s\u00e9gek kuty\u00e1k m\u00e1j-\u00e9s epe\u00fati betegs\u00e9geiben) 2002 kis\u00e1llatgy\u00f3gy\u00e1sz klinikai szak\u00e1llatorvos diploma 2003 egyetemi docens 2007 habilit\u00e1ci\u00f3 2009 Belgy\u00f3gy\u00e1szati Tansz\u00e9k \u00e9s Klinika tansz\u00e9kvezet\u0151 helyettes oktat\u00e1s: Kis\u00e1llatgy\u00f3gy\u00e1szat 1 \/ Small Animal Medicine 1\u00a0 ( diagnosztika r\u00e9sz t\u00e9mafelel\u0151s,<\/p>\n","protected":false},"author":5824,"featured_media":0,"parent":858,"menu_order":210,"comment_status":"closed","ping_status":"closed","template":"","meta":{"_acf_changed":false,"footnotes":""},"categories":[56],"tags":[],"class_list":["post-4645","page","type-page","status-publish","hentry","category-munkatarsak"],"acf":[],"_links":{"self":[{"href":"https:\/\/univet.hu\/hu\/wp-json\/wp\/v2\/pages\/4645","targetHints":{"allow":["GET"]}}],"collection":[{"href":"https:\/\/univet.hu\/hu\/wp-json\/wp\/v2\/pages"}],"about":[{"href":"https:\/\/univet.hu\/hu\/wp-json\/wp\/v2\/types\/page"}],"author":[{"embeddable":true,"href":"https:\/\/univet.hu\/hu\/wp-json\/wp\/v2\/users\/5824"}],"replies":[{"embeddable":true,"href":"https:\/\/univet.hu\/hu\/wp-json\/wp\/v2\/comments?post=4645"}],"version-history":[{"count":1,"href":"https:\/\/univet.hu\/hu\/wp-json\/wp\/v2\/pages\/4645\/revisions"}],"predecessor-version":[{"id":176430,"href":"https:\/\/univet.hu\/hu\/wp-json\/wp\/v2\/pages\/4645\/revisions\/176430"}],"up":[{"embeddable":true,"href":"https:\/\/univet.hu\/hu\/wp-json\/wp\/v2\/pages\/858"}],"wp:attachment":[{"href":"https:\/\/univet.hu\/hu\/wp-json\/wp\/v2\/media?parent=4645"}],"wp:term":[{"taxonomy":"category","embeddable":true,"href":"https:\/\/univet.hu\/hu\/wp-json\/wp\/v2\/categories?post=4645"},{"taxonomy":"post_tag","embeddable":true,"href":"https:\/\/univet.hu\/hu\/wp-json\/wp\/v2\/tags?post=4645"}],"curies":[{"name":"wp","href":"https:\/\/api.w.org\/{rel}","templated":true}]}}