{"id":46515,"date":"2019-11-26T09:53:48","date_gmt":"2019-11-26T08:53:48","guid":{"rendered":"https:\/\/univet.hu\/hu\/alumni\/alumni-tagok\/name\/"},"modified":"2019-12-16T15:11:11","modified_gmt":"2019-12-16T14:11:11","slug":"fotoalbum","status":"publish","type":"page","link":"https:\/\/univet.hu\/hu\/alumni\/alumni-tagok\/fotoalbum\/","title":{"rendered":"Fot\u00f3album"},"content":{"rendered":"<h4>Eleven\u00edtse fel eml\u00e9keit!<\/h4> <p>Amennyiben \u00d6n is szeretn\u00e9 r\u00e9gi f\u00e9nyk\u00e9peit megosztani az \u00c1TE Alumni K\u00f6z\u00f6ss\u00e9g\u00e9vel, k\u00e9rj\u00fck, k\u00fcldje el fot\u00f3it az <a class=\"decrypt\" rel=\"bmvnojAvojwfu\/iv\" href=\"javascript:void(0);\">[Kattintson az emailc\u00edmhez]<\/a> e-mail c\u00edmre.<\/p> <p>&nbsp;<\/p>  \t\t<ul id='gallery-1' class='gallery galleryid-46515 block-grid-xs-2 block-grid-sm-3 block-grid-md-4 block-grid-lg-5'><li class='gallery-item'>         <span class='gallery-icon'>             <a href='https:\/\/univet.hu\/wp-content\/uploads\/2019\/11\/untitled4.png'><img loading=\"lazy\" decoding=\"async\" width=\"320\" height=\"320\" src=\"https:\/\/univet.hu\/wp-content\/uploads\/2019\/11\/untitled4-320x320.png\" class=\"attachment-thumbnail size-thumbnail\" alt=\"\" \/><\/a>         <\/span><\/li><li class='gallery-item'>         <span class='gallery-icon'>             <a href='https:\/\/univet.hu\/wp-content\/uploads\/2019\/11\/untitled3.png'><img loading=\"lazy\" decoding=\"async\" width=\"320\" height=\"320\" src=\"https:\/\/univet.hu\/wp-content\/uploads\/2019\/11\/untitled3-320x320.png\" class=\"attachment-thumbnail size-thumbnail\" alt=\"\" \/><\/a>         <\/span><\/li><li class='gallery-item'>         <span class='gallery-icon'>             <a href='https:\/\/univet.hu\/wp-content\/uploads\/2019\/11\/untitled.png'><img loading=\"lazy\" decoding=\"async\" width=\"320\" height=\"320\" src=\"https:\/\/univet.hu\/wp-content\/uploads\/2019\/11\/untitled-320x320.png\" class=\"attachment-thumbnail size-thumbnail\" alt=\"\" \/><\/a>         <\/span><\/li><li class='gallery-item'>         <span class='gallery-icon'>             <a href='https:\/\/univet.hu\/wp-content\/uploads\/2019\/11\/hallgatok-aula.jpg'><img loading=\"lazy\" decoding=\"async\" width=\"320\" height=\"320\" src=\"https:\/\/univet.hu\/wp-content\/uploads\/2019\/11\/hallgatok-aula-320x320.jpg\" class=\"attachment-thumbnail size-thumbnail\" alt=\"\" srcset=\"https:\/\/univet.hu\/wp-content\/uploads\/2019\/11\/hallgatok-aula-320x320.jpg 320w, https:\/\/univet.hu\/wp-content\/uploads\/2019\/11\/hallgatok-aula-640x640.jpg 640w\" sizes=\"auto, (max-width: 320px) 100vw, 320px\" \/><\/a>         <\/span><\/li><li class='gallery-item'>         <span class='gallery-icon'>             <a href='https:\/\/univet.hu\/wp-content\/uploads\/2019\/11\/folyoirat_olvasoterem.jpg'><img loading=\"lazy\" decoding=\"async\" width=\"320\" height=\"320\" src=\"https:\/\/univet.hu\/wp-content\/uploads\/2019\/11\/folyoirat_olvasoterem-320x320.jpg\" class=\"attachment-thumbnail size-thumbnail\" alt=\"\" srcset=\"https:\/\/univet.hu\/wp-content\/uploads\/2019\/11\/folyoirat_olvasoterem-320x320.jpg 320w, https:\/\/univet.hu\/wp-content\/uploads\/2019\/11\/folyoirat_olvasoterem-640x640.jpg 640w\" sizes=\"auto, (max-width: 320px) 100vw, 320px\" \/><\/a>         <\/span><\/li><li class='gallery-item'>         <span class='gallery-icon'>             <a href='https:\/\/univet.hu\/wp-content\/uploads\/2019\/11\/dig627.jpg'><img loading=\"lazy\" decoding=\"async\" width=\"320\" height=\"320\" src=\"https:\/\/univet.hu\/wp-content\/uploads\/2019\/11\/dig627-320x320.jpg\" class=\"attachment-thumbnail size-thumbnail\" alt=\"\" srcset=\"https:\/\/univet.hu\/wp-content\/uploads\/2019\/11\/dig627-320x320.jpg 320w, https:\/\/univet.hu\/wp-content\/uploads\/2019\/11\/dig627-640x640.jpg 640w\" sizes=\"auto, (max-width: 320px) 100vw, 320px\" \/><\/a>         <\/span><\/li><li class='gallery-item'>         <span class='gallery-icon'>             <a href='https:\/\/univet.hu\/wp-content\/uploads\/2019\/11\/dig624.jpg'><img loading=\"lazy\" decoding=\"async\" width=\"320\" height=\"320\" src=\"https:\/\/univet.hu\/wp-content\/uploads\/2019\/11\/dig624-320x320.jpg\" class=\"attachment-thumbnail size-thumbnail\" alt=\"\" srcset=\"https:\/\/univet.hu\/wp-content\/uploads\/2019\/11\/dig624-320x320.jpg 320w, https:\/\/univet.hu\/wp-content\/uploads\/2019\/11\/dig624-640x640.jpg 640w\" sizes=\"auto, (max-width: 320px) 100vw, 320px\" \/><\/a>         <\/span><\/li><li class='gallery-item'>         <span class='gallery-icon'>             <a href='https:\/\/univet.hu\/wp-content\/uploads\/2019\/11\/dig101.jpg'><img loading=\"lazy\" decoding=\"async\" width=\"320\" height=\"320\" src=\"https:\/\/univet.hu\/wp-content\/uploads\/2019\/11\/dig101-320x320.jpg\" class=\"attachment-thumbnail size-thumbnail\" alt=\"\" srcset=\"https:\/\/univet.hu\/wp-content\/uploads\/2019\/11\/dig101-320x320.jpg 320w, https:\/\/univet.hu\/wp-content\/uploads\/2019\/11\/dig101-640x640.jpg 640w\" sizes=\"auto, (max-width: 320px) 100vw, 320px\" \/><\/a>         <\/span><\/li><li class='gallery-item'>         <span class='gallery-icon'>             <a href='https:\/\/univet.hu\/wp-content\/uploads\/2019\/11\/DIG81.jpg'><img loading=\"lazy\" decoding=\"async\" width=\"320\" height=\"320\" src=\"https:\/\/univet.hu\/wp-content\/uploads\/2019\/11\/DIG81-320x320.jpg\" class=\"attachment-thumbnail size-thumbnail\" alt=\"\" \/><\/a>         <\/span><\/li><li class='gallery-item'>         <span class='gallery-icon'>             <a href='https:\/\/univet.hu\/wp-content\/uploads\/2019\/11\/buszozas.png'><img loading=\"lazy\" decoding=\"async\" width=\"320\" height=\"320\" src=\"https:\/\/univet.hu\/wp-content\/uploads\/2019\/11\/buszozas-320x320.png\" class=\"attachment-thumbnail size-thumbnail\" alt=\"\" \/><\/a>         <\/span><\/li><li class='gallery-item'>         <span class='gallery-icon'>             <a href='https:\/\/univet.hu\/wp-content\/uploads\/2019\/11\/allatorvostanhallgato_no.jpg'><img loading=\"lazy\" decoding=\"async\" width=\"320\" height=\"320\" src=\"https:\/\/univet.hu\/wp-content\/uploads\/2019\/11\/allatorvostanhallgato_no-320x320.jpg\" class=\"attachment-thumbnail size-thumbnail\" alt=\"\" \/><\/a>         <\/span><\/li><li class='gallery-item'>         <span class='gallery-icon'>             <a href='https:\/\/univet.hu\/wp-content\/uploads\/2019\/11\/40_.jpg'><img loading=\"lazy\" decoding=\"async\" width=\"320\" height=\"320\" src=\"https:\/\/univet.hu\/wp-content\/uploads\/2019\/11\/40_-320x320.jpg\" class=\"attachment-thumbnail size-thumbnail\" alt=\"\" srcset=\"https:\/\/univet.hu\/wp-content\/uploads\/2019\/11\/40_-320x320.jpg 320w, https:\/\/univet.hu\/wp-content\/uploads\/2019\/11\/40_-640x640.jpg 640w\" sizes=\"auto, (max-width: 320px) 100vw, 320px\" \/><\/a>         <\/span><\/li><li class='gallery-item'>         <span class='gallery-icon'>             <a href='https:\/\/univet.hu\/wp-content\/uploads\/2019\/11\/12_.jpg'><img loading=\"lazy\" decoding=\"async\" width=\"320\" height=\"320\" src=\"https:\/\/univet.hu\/wp-content\/uploads\/2019\/11\/12_-320x320.jpg\" class=\"attachment-thumbnail size-thumbnail\" alt=\"\" srcset=\"https:\/\/univet.hu\/wp-content\/uploads\/2019\/11\/12_-320x320.jpg 320w, https:\/\/univet.hu\/wp-content\/uploads\/2019\/11\/12_-640x640.jpg 640w\" sizes=\"auto, (max-width: 320px) 100vw, 320px\" \/><\/a>         <\/span><\/li><li class='gallery-item'>         <span class='gallery-icon'>             <a href='https:\/\/univet.hu\/wp-content\/uploads\/2019\/11\/10_korbonctani_muzeum.jpg'><img loading=\"lazy\" decoding=\"async\" width=\"320\" height=\"320\" src=\"https:\/\/univet.hu\/wp-content\/uploads\/2019\/11\/10_korbonctani_muzeum-320x320.jpg\" class=\"attachment-thumbnail size-thumbnail\" alt=\"\" srcset=\"https:\/\/univet.hu\/wp-content\/uploads\/2019\/11\/10_korbonctani_muzeum-320x320.jpg 320w, https:\/\/univet.hu\/wp-content\/uploads\/2019\/11\/10_korbonctani_muzeum-640x640.jpg 640w\" sizes=\"auto, (max-width: 320px) 100vw, 320px\" \/><\/a>         <\/span><\/li><li class='gallery-item'>         <span class='gallery-icon'>             <a href='https:\/\/univet.hu\/wp-content\/uploads\/2019\/11\/08_operalo_terem.jpg'><img loading=\"lazy\" decoding=\"async\" width=\"320\" height=\"320\" src=\"https:\/\/univet.hu\/wp-content\/uploads\/2019\/11\/08_operalo_terem-320x320.jpg\" class=\"attachment-thumbnail size-thumbnail\" alt=\"\" srcset=\"https:\/\/univet.hu\/wp-content\/uploads\/2019\/11\/08_operalo_terem-320x320.jpg 320w, https:\/\/univet.hu\/wp-content\/uploads\/2019\/11\/08_operalo_terem-640x640.jpg 640w\" sizes=\"auto, (max-width: 320px) 100vw, 320px\" \/><\/a>         <\/span><\/li><li class='gallery-item'>         <span class='gallery-icon'>             <a href='https:\/\/univet.hu\/wp-content\/uploads\/2019\/11\/07_szuleszeti_intezet.jpg'><img loading=\"lazy\" decoding=\"async\" width=\"320\" height=\"320\" src=\"https:\/\/univet.hu\/wp-content\/uploads\/2019\/11\/07_szuleszeti_intezet-320x320.jpg\" class=\"attachment-thumbnail size-thumbnail\" alt=\"\" srcset=\"https:\/\/univet.hu\/wp-content\/uploads\/2019\/11\/07_szuleszeti_intezet-320x320.jpg 320w, https:\/\/univet.hu\/wp-content\/uploads\/2019\/11\/07_szuleszeti_intezet-640x640.jpg 640w\" sizes=\"auto, (max-width: 320px) 100vw, 320px\" \/><\/a>         <\/span><\/li><li class='gallery-item'>         <span class='gallery-icon'>             <a href='https:\/\/univet.hu\/wp-content\/uploads\/2019\/11\/06_anatomiai_muzeum.jpg'><img loading=\"lazy\" decoding=\"async\" width=\"320\" height=\"320\" src=\"https:\/\/univet.hu\/wp-content\/uploads\/2019\/11\/06_anatomiai_muzeum-320x320.jpg\" class=\"attachment-thumbnail size-thumbnail\" alt=\"\" srcset=\"https:\/\/univet.hu\/wp-content\/uploads\/2019\/11\/06_anatomiai_muzeum-320x320.jpg 320w, https:\/\/univet.hu\/wp-content\/uploads\/2019\/11\/06_anatomiai_muzeum-640x640.jpg 640w\" sizes=\"auto, (max-width: 320px) 100vw, 320px\" \/><\/a>         <\/span><\/li><li class='gallery-item'>         <span class='gallery-icon'>             <a href='https:\/\/univet.hu\/wp-content\/uploads\/2019\/11\/05_parazitologiai_int.jpg'><img loading=\"lazy\" decoding=\"async\" width=\"320\" height=\"320\" src=\"https:\/\/univet.hu\/wp-content\/uploads\/2019\/11\/05_parazitologiai_int-320x320.jpg\" class=\"attachment-thumbnail size-thumbnail\" alt=\"\" srcset=\"https:\/\/univet.hu\/wp-content\/uploads\/2019\/11\/05_parazitologiai_int-320x320.jpg 320w, https:\/\/univet.hu\/wp-content\/uploads\/2019\/11\/05_parazitologiai_int-640x640.jpg 640w\" sizes=\"auto, (max-width: 320px) 100vw, 320px\" \/><\/a>         <\/span><\/li><li class='gallery-item'>         <span class='gallery-icon'>             <a href='https:\/\/univet.hu\/wp-content\/uploads\/2019\/11\/04_anatomiai_intezet.jpg'><img loading=\"lazy\" decoding=\"async\" width=\"320\" height=\"320\" src=\"https:\/\/univet.hu\/wp-content\/uploads\/2019\/11\/04_anatomiai_intezet-320x320.jpg\" class=\"attachment-thumbnail size-thumbnail\" alt=\"\" srcset=\"https:\/\/univet.hu\/wp-content\/uploads\/2019\/11\/04_anatomiai_intezet-320x320.jpg 320w, https:\/\/univet.hu\/wp-content\/uploads\/2019\/11\/04_anatomiai_intezet-640x640.jpg 640w\" sizes=\"auto, (max-width: 320px) 100vw, 320px\" \/><\/a>         <\/span><\/li><li class='gallery-item'>         <span class='gallery-icon'>             <a href='https:\/\/univet.hu\/wp-content\/uploads\/2019\/11\/02_konyvtarreszlet.jpg'><img loading=\"lazy\" decoding=\"async\" width=\"320\" height=\"320\" src=\"https:\/\/univet.hu\/wp-content\/uploads\/2019\/11\/02_konyvtarreszlet-320x320.jpg\" class=\"attachment-thumbnail size-thumbnail\" alt=\"\" srcset=\"https:\/\/univet.hu\/wp-content\/uploads\/2019\/11\/02_konyvtarreszlet-320x320.jpg 320w, https:\/\/univet.hu\/wp-content\/uploads\/2019\/11\/02_konyvtarreszlet-640x640.jpg 640w\" sizes=\"auto, (max-width: 320px) 100vw, 320px\" \/><\/a>         <\/span><\/li><li class='gallery-item'>         <span class='gallery-icon'>             <a href='https:\/\/univet.hu\/wp-content\/uploads\/2019\/11\/sebgyak.jpg'><img loading=\"lazy\" decoding=\"async\" width=\"320\" height=\"320\" src=\"https:\/\/univet.hu\/wp-content\/uploads\/2019\/11\/sebgyak-320x320.jpg\" class=\"attachment-thumbnail size-thumbnail\" alt=\"\" srcset=\"https:\/\/univet.hu\/wp-content\/uploads\/2019\/11\/sebgyak-320x320.jpg 320w, https:\/\/univet.hu\/wp-content\/uploads\/2019\/11\/sebgyak-640x640.jpg 640w\" sizes=\"auto, (max-width: 320px) 100vw, 320px\" \/><\/a>         <\/span><\/li><li class='gallery-item'>         <span class='gallery-icon'>             <a href='https:\/\/univet.hu\/wp-content\/uploads\/2019\/11\/Fogoval.jpg'><img loading=\"lazy\" decoding=\"async\" width=\"320\" height=\"320\" src=\"https:\/\/univet.hu\/wp-content\/uploads\/2019\/11\/Fogoval-320x320.jpg\" class=\"attachment-thumbnail size-thumbnail\" alt=\"\" \/><\/a>         <\/span><\/li><li class='gallery-item'>         <span class='gallery-icon'>             <a href='https:\/\/univet.hu\/wp-content\/uploads\/2019\/11\/diszterem.jpg'><img loading=\"lazy\" decoding=\"async\" width=\"320\" height=\"320\" src=\"https:\/\/univet.hu\/wp-content\/uploads\/2019\/11\/diszterem-320x320.jpg\" class=\"attachment-thumbnail size-thumbnail\" alt=\"\" srcset=\"https:\/\/univet.hu\/wp-content\/uploads\/2019\/11\/diszterem-320x320.jpg 320w, https:\/\/univet.hu\/wp-content\/uploads\/2019\/11\/diszterem-640x640.jpg 640w\" sizes=\"auto, (max-width: 320px) 100vw, 320px\" \/><\/a>         <\/span><\/li><li class='gallery-item'>         <span class='gallery-icon'>             <a href='https:\/\/univet.hu\/wp-content\/uploads\/2019\/11\/Diszter.jpg'><img loading=\"lazy\" decoding=\"async\" width=\"320\" height=\"320\" src=\"https:\/\/univet.hu\/wp-content\/uploads\/2019\/11\/Diszter-320x320.jpg\" class=\"attachment-thumbnail size-thumbnail\" alt=\"\" \/><\/a>         <\/span><\/li><li class='gallery-item'>         <span class='gallery-icon'>             <a href='https:\/\/univet.hu\/wp-content\/uploads\/2019\/11\/dig625.jpg'><img loading=\"lazy\" decoding=\"async\" width=\"320\" height=\"320\" src=\"https:\/\/univet.hu\/wp-content\/uploads\/2019\/11\/dig625-320x320.jpg\" class=\"attachment-thumbnail size-thumbnail\" alt=\"\" srcset=\"https:\/\/univet.hu\/wp-content\/uploads\/2019\/11\/dig625-320x320.jpg 320w, https:\/\/univet.hu\/wp-content\/uploads\/2019\/11\/dig625-640x640.jpg 640w\" sizes=\"auto, (max-width: 320px) 100vw, 320px\" \/><\/a>         <\/span><\/li><li class='gallery-item'>         <span class='gallery-icon'>             <a href='https:\/\/univet.hu\/wp-content\/uploads\/2019\/11\/dig535.jpg'><img loading=\"lazy\" decoding=\"async\" width=\"320\" height=\"320\" src=\"https:\/\/univet.hu\/wp-content\/uploads\/2019\/11\/dig535-320x320.jpg\" class=\"attachment-thumbnail size-thumbnail\" alt=\"\" srcset=\"https:\/\/univet.hu\/wp-content\/uploads\/2019\/11\/dig535-320x320.jpg 320w, https:\/\/univet.hu\/wp-content\/uploads\/2019\/11\/dig535-640x640.jpg 640w\" sizes=\"auto, (max-width: 320px) 100vw, 320px\" \/><\/a>         <\/span><\/li><li class='gallery-item'>         <span class='gallery-icon'>             <a href='https:\/\/univet.hu\/wp-content\/uploads\/2019\/11\/dig398.jpg'><img loading=\"lazy\" decoding=\"async\" width=\"320\" height=\"320\" src=\"https:\/\/univet.hu\/wp-content\/uploads\/2019\/11\/dig398-320x320.jpg\" class=\"attachment-thumbnail size-thumbnail\" alt=\"\" srcset=\"https:\/\/univet.hu\/wp-content\/uploads\/2019\/11\/dig398-320x320.jpg 320w, https:\/\/univet.hu\/wp-content\/uploads\/2019\/11\/dig398-640x640.jpg 640w\" sizes=\"auto, (max-width: 320px) 100vw, 320px\" \/><\/a>         <\/span><\/li><li class='gallery-item'>         <span class='gallery-icon'>             <a href='https:\/\/univet.hu\/wp-content\/uploads\/2019\/11\/dig385.jpg'><img loading=\"lazy\" decoding=\"async\" width=\"320\" height=\"320\" src=\"https:\/\/univet.hu\/wp-content\/uploads\/2019\/11\/dig385-320x320.jpg\" class=\"attachment-thumbnail size-thumbnail\" alt=\"\" \/><\/a>         <\/span><\/li><li class='gallery-item'>         <span class='gallery-icon'>             <a href='https:\/\/univet.hu\/wp-content\/uploads\/2019\/11\/dig334.jpg'><img loading=\"lazy\" decoding=\"async\" width=\"320\" height=\"320\" src=\"https:\/\/univet.hu\/wp-content\/uploads\/2019\/11\/dig334-320x320.jpg\" class=\"attachment-thumbnail size-thumbnail\" alt=\"\" \/><\/a>         <\/span><\/li><li class='gallery-item'>         <span class='gallery-icon'>             <a href='https:\/\/univet.hu\/wp-content\/uploads\/2019\/11\/dig331a.jpg'><img loading=\"lazy\" decoding=\"async\" width=\"320\" height=\"320\" src=\"https:\/\/univet.hu\/wp-content\/uploads\/2019\/11\/dig331a-320x320.jpg\" class=\"attachment-thumbnail size-thumbnail\" alt=\"\" srcset=\"https:\/\/univet.hu\/wp-content\/uploads\/2019\/11\/dig331a-320x320.jpg 320w, https:\/\/univet.hu\/wp-content\/uploads\/2019\/11\/dig331a-640x640.jpg 640w\" sizes=\"auto, (max-width: 320px) 100vw, 320px\" \/><\/a>         <\/span><\/li><li class='gallery-item'>         <span class='gallery-icon'>             <a href='https:\/\/univet.hu\/wp-content\/uploads\/2019\/11\/Demonst.jpg'><img loading=\"lazy\" decoding=\"async\" width=\"320\" height=\"320\" src=\"https:\/\/univet.hu\/wp-content\/uploads\/2019\/11\/Demonst-320x320.jpg\" class=\"attachment-thumbnail size-thumbnail\" alt=\"\" \/><\/a>         <\/span><\/li><li class='gallery-item'>         <span class='gallery-icon'>             <a href='https:\/\/univet.hu\/wp-content\/uploads\/2019\/11\/aotk-0469_m.jpg'><img loading=\"lazy\" decoding=\"async\" width=\"320\" height=\"320\" src=\"https:\/\/univet.hu\/wp-content\/uploads\/2019\/11\/aotk-0469_m-320x320.jpg\" class=\"attachment-thumbnail size-thumbnail\" alt=\"\" \/><\/a>         <\/span><\/li><li class='gallery-item'>         <span class='gallery-icon'>             <a href='https:\/\/univet.hu\/wp-content\/uploads\/2019\/11\/aotk-0465_m.jpg'><img loading=\"lazy\" decoding=\"async\" width=\"320\" height=\"320\" src=\"https:\/\/univet.hu\/wp-content\/uploads\/2019\/11\/aotk-0465_m-320x320.jpg\" class=\"attachment-thumbnail size-thumbnail\" alt=\"\" \/><\/a>         <\/span><\/li><li class='gallery-item'>         <span class='gallery-icon'>             <a href='https:\/\/univet.hu\/wp-content\/uploads\/2019\/11\/aotk-0443_m.jpg'><img loading=\"lazy\" decoding=\"async\" width=\"320\" height=\"320\" src=\"https:\/\/univet.hu\/wp-content\/uploads\/2019\/11\/aotk-0443_m-320x320.jpg\" class=\"attachment-thumbnail size-thumbnail\" alt=\"\" \/><\/a>         <\/span><\/li><li class='gallery-item'>         <span class='gallery-icon'>             <a href='https:\/\/univet.hu\/wp-content\/uploads\/2019\/11\/aotk-0440_m.jpg'><img loading=\"lazy\" decoding=\"async\" width=\"320\" height=\"320\" src=\"https:\/\/univet.hu\/wp-content\/uploads\/2019\/11\/aotk-0440_m-320x320.jpg\" class=\"attachment-thumbnail size-thumbnail\" alt=\"\" \/><\/a>         <\/span><\/li><li class='gallery-item'>         <span class='gallery-icon'>             <a href='https:\/\/univet.hu\/wp-content\/uploads\/2019\/11\/miezitt.jpg'><img loading=\"lazy\" decoding=\"async\" width=\"320\" height=\"320\" src=\"https:\/\/univet.hu\/wp-content\/uploads\/2019\/11\/miezitt-320x320.jpg\" class=\"attachment-thumbnail size-thumbnail\" alt=\"\" \/><\/a>         <\/span><\/li><li class='gallery-item'>         <span class='gallery-icon'>             <a href='https:\/\/univet.hu\/wp-content\/uploads\/2019\/11\/aotk-0426_m.jpg'><img loading=\"lazy\" decoding=\"async\" width=\"320\" height=\"320\" src=\"https:\/\/univet.hu\/wp-content\/uploads\/2019\/11\/aotk-0426_m-320x320.jpg\" class=\"attachment-thumbnail size-thumbnail\" alt=\"\" \/><\/a>         <\/span><\/li><li class='gallery-item'>         <span class='gallery-icon'>             <a href='https:\/\/univet.hu\/wp-content\/uploads\/2019\/11\/\u00e1otk-0152_m.jpg'><img loading=\"lazy\" decoding=\"async\" width=\"320\" height=\"320\" src=\"https:\/\/univet.hu\/wp-content\/uploads\/2019\/11\/\u00e1otk-0152_m-320x320.jpg\" class=\"attachment-thumbnail size-thumbnail\" alt=\"\" \/><\/a>         <\/span><\/li><li class='gallery-item'>         <span class='gallery-icon'>             <a href='https:\/\/univet.hu\/wp-content\/uploads\/2019\/11\/30_elettani_labor.jpg'><img loading=\"lazy\" decoding=\"async\" width=\"320\" height=\"320\" src=\"https:\/\/univet.hu\/wp-content\/uploads\/2019\/11\/30_elettani_labor-320x320.jpg\" class=\"attachment-thumbnail size-thumbnail\" alt=\"\" srcset=\"https:\/\/univet.hu\/wp-content\/uploads\/2019\/11\/30_elettani_labor-320x320.jpg 320w, https:\/\/univet.hu\/wp-content\/uploads\/2019\/11\/30_elettani_labor-640x640.jpg 640w\" sizes=\"auto, (max-width: 320px) 100vw, 320px\" \/><\/a>         <\/span><\/li><li class='gallery-item'>         <span class='gallery-icon'>             <a href='https:\/\/univet.hu\/wp-content\/uploads\/2019\/11\/23_kisallat_korh_vizsgalo.jpg'><img loading=\"lazy\" decoding=\"async\" width=\"320\" height=\"320\" src=\"https:\/\/univet.hu\/wp-content\/uploads\/2019\/11\/23_kisallat_korh_vizsgalo-320x320.jpg\" class=\"attachment-thumbnail size-thumbnail\" alt=\"\" srcset=\"https:\/\/univet.hu\/wp-content\/uploads\/2019\/11\/23_kisallat_korh_vizsgalo-320x320.jpg 320w, https:\/\/univet.hu\/wp-content\/uploads\/2019\/11\/23_kisallat_korh_vizsgalo-640x640.jpg 640w\" sizes=\"auto, (max-width: 320px) 100vw, 320px\" \/><\/a>         <\/span><\/li><li class='gallery-item'>         <span class='gallery-icon'>             <a href='https:\/\/univet.hu\/wp-content\/uploads\/2019\/11\/15_kisallatok_korhazanak_folyosoja.jpg'><img loading=\"lazy\" decoding=\"async\" width=\"320\" height=\"320\" src=\"https:\/\/univet.hu\/wp-content\/uploads\/2019\/11\/15_kisallatok_korhazanak_folyosoja-320x320.jpg\" class=\"attachment-thumbnail size-thumbnail\" alt=\"\" srcset=\"https:\/\/univet.hu\/wp-content\/uploads\/2019\/11\/15_kisallatok_korhazanak_folyosoja-320x320.jpg 320w, https:\/\/univet.hu\/wp-content\/uploads\/2019\/11\/15_kisallatok_korhazanak_folyosoja-640x640.jpg 640w\" sizes=\"auto, (max-width: 320px) 100vw, 320px\" \/><\/a>         <\/span><\/li><li class='gallery-item'>         <span class='gallery-icon'>             <a href='https:\/\/univet.hu\/wp-content\/uploads\/2019\/11\/14_.jpg'><img loading=\"lazy\" decoding=\"async\" width=\"320\" height=\"320\" src=\"https:\/\/univet.hu\/wp-content\/uploads\/2019\/11\/14_-320x320.jpg\" class=\"attachment-thumbnail size-thumbnail\" alt=\"\" srcset=\"https:\/\/univet.hu\/wp-content\/uploads\/2019\/11\/14_-320x320.jpg 320w, https:\/\/univet.hu\/wp-content\/uploads\/2019\/11\/14_-640x640.jpg 640w\" sizes=\"auto, (max-width: 320px) 100vw, 320px\" \/><\/a>         <\/span><\/li><li class='gallery-item'>         <span class='gallery-icon'>             <a href='https:\/\/univet.hu\/wp-content\/uploads\/2019\/11\/13_.jpg'><img loading=\"lazy\" decoding=\"async\" width=\"320\" height=\"320\" src=\"https:\/\/univet.hu\/wp-content\/uploads\/2019\/11\/13_-320x320.jpg\" class=\"attachment-thumbnail size-thumbnail\" alt=\"\" srcset=\"https:\/\/univet.hu\/wp-content\/uploads\/2019\/11\/13_-320x320.jpg 320w, https:\/\/univet.hu\/wp-content\/uploads\/2019\/11\/13_-640x640.jpg 640w\" sizes=\"auto, (max-width: 320px) 100vw, 320px\" \/><\/a>         <\/span><\/li><li class='gallery-item'>         <span class='gallery-icon'>             <a href='https:\/\/univet.hu\/wp-content\/uploads\/2019\/11\/09_kemiai-dolgozo1.jpg'><img loading=\"lazy\" decoding=\"async\" width=\"320\" height=\"320\" src=\"https:\/\/univet.hu\/wp-content\/uploads\/2019\/11\/09_kemiai-dolgozo1-320x320.jpg\" class=\"attachment-thumbnail size-thumbnail\" alt=\"\" srcset=\"https:\/\/univet.hu\/wp-content\/uploads\/2019\/11\/09_kemiai-dolgozo1-320x320.jpg 320w, https:\/\/univet.hu\/wp-content\/uploads\/2019\/11\/09_kemiai-dolgozo1-640x640.jpg 640w\" sizes=\"auto, (max-width: 320px) 100vw, 320px\" \/><\/a>         <\/span><\/li><\/ul>","protected":false},"excerpt":{"rendered":"<p>Eleven\u00edtse fel eml\u00e9keit! Amennyiben \u00d6n is szeretn\u00e9 r\u00e9gi f\u00e9nyk\u00e9peit megosztani az \u00c1TE Alumni K\u00f6z\u00f6ss\u00e9g\u00e9vel, k\u00e9rj\u00fck, k\u00fcldje el fot\u00f3it az [Kattintson az emailc\u00edmhez] e-mail c\u00edmre. &nbsp;<\/p>\n","protected":false},"author":887,"featured_media":0,"parent":44425,"menu_order":0,"comment_status":"open","ping_status":"open","template":"","meta":{"_acf_changed":false,"footnotes":""},"categories":[],"tags":[],"class_list":["post-46515","page","type-page","status-publish","hentry"],"acf":[],"_links":{"self":[{"href":"https:\/\/univet.hu\/hu\/wp-json\/wp\/v2\/pages\/46515","targetHints":{"allow":["GET"]}}],"collection":[{"href":"https:\/\/univet.hu\/hu\/wp-json\/wp\/v2\/pages"}],"about":[{"href":"https:\/\/univet.hu\/hu\/wp-json\/wp\/v2\/types\/page"}],"author":[{"embeddable":true,"href":"https:\/\/univet.hu\/hu\/wp-json\/wp\/v2\/users\/887"}],"replies":[{"embeddable":true,"href":"https:\/\/univet.hu\/hu\/wp-json\/wp\/v2\/comments?post=46515"}],"version-history":[{"count":0,"href":"https:\/\/univet.hu\/hu\/wp-json\/wp\/v2\/pages\/46515\/revisions"}],"up":[{"embeddable":true,"href":"https:\/\/univet.hu\/hu\/wp-json\/wp\/v2\/pages\/44425"}],"wp:attachment":[{"href":"https:\/\/univet.hu\/hu\/wp-json\/wp\/v2\/media?parent=46515"}],"wp:term":[{"taxonomy":"category","embeddable":true,"href":"https:\/\/univet.hu\/hu\/wp-json\/wp\/v2\/categories?post=46515"},{"taxonomy":"post_tag","embeddable":true,"href":"https:\/\/univet.hu\/hu\/wp-json\/wp\/v2\/tags?post=46515"}],"curies":[{"name":"wp","href":"https:\/\/api.w.org\/{rel}","templated":true}]}}