{"id":4672,"date":"2015-12-19T19:29:00","date_gmt":"2015-12-19T18:29:00","guid":{"rendered":"http:\/\/univet.hu\/egyetem\/munkatarsak\/szabo-krisztian\/"},"modified":"2026-02-10T04:02:30","modified_gmt":"2026-02-10T03:02:30","slug":"szabo-krisztian","status":"publish","type":"page","link":"https:\/\/univet.hu\/hu\/egyetem\/munkatarsak\/szabo-krisztian\/","title":{"rendered":"Szab\u00f3 Kriszti\u00e1n"},"content":{"rendered":"<p><strong>Bemutatkoz\u00e1s<\/strong><\/p> <p>Dr. Szab\u00f3 Kriszti\u00e1n vagyok, tudom\u00e1nyos munkat\u00e1rs a Zool\u00f3giai Tansz\u00e9ken. Els\u0151sorban a molekul\u00e1ris m\u00f3dszerekkel \u00e9s genetik\u00e1val kapcsolatos t\u00e1rgyak oktat\u00e1s\u00e1ban \u00e9s szervez\u00e9s\u00e9ben veszek r\u00e9szt: a BSc k\u00e9pz\u00e9sben a Genetika \u00e9s a Molekul\u00e1ris \u00f6kol\u00f3gia, mesterk\u00e9pz\u00e9sben a Molekul\u00e1ris m\u00f3dszerek, a Bioinformatika, az Ivaros szaporod\u00e1s az \u00e9l\u0151vil\u00e1gban \u00e9s a Molekul\u00e1ris Zool\u00f3gia kurzusokban.<\/p> <p>A tansz\u00e9ken m\u0171k\u00f6d\u0151 Molekul\u00e1ris \u00d6kol\u00f3gia Kutat\u00f3csoport tagjak\u00e9nt sokf\u00e9le \u00e1llattal \u00e9s sokf\u00e9le t\u00e9m\u00e1val foglalkozom (f\u0151leg filogenetika, filogeogr\u00e1fia \u00e9s popul\u00e1ci\u00f3genetika). Ezek t\u00falnyom\u00f3 r\u00e9szben m\u00e1s kutat\u00f3csoportokkal vagy civil szervezetekkel kooper\u00e1ci\u00f3ban megval\u00f3sul\u00f3 projektek, amelyek sor\u00e1n a molekul\u00e1ris labormunk\u00e1kat \u00e9s anal\u00edziseket v\u00e9gzem.<\/p> <p>Az oktat\u00e1si \u00e9s kutat\u00e1si feladatokon t\u00fal a tansz\u00e9ken m\u0171k\u00f6d\u0151 AQUILABOR szolg\u00e1ltat\u00f3 laborat\u00f3rium ir\u00e1ny\u00edt\u00e1s\u00e1ban is r\u00e9szt veszek.<\/p> <p><strong>F\u0151bb kutat\u00e1si ter\u00fcletek:<\/strong><\/p> <ul> <li>Molekul\u00e1ris-\u00f6kol\u00f3giai vizsg\u00e1latok k\u00fcl\u00f6nb\u00f6z\u0151 gerinces \u00e9s gerinctelen \u00e1llatokban<\/li> <\/ul> <p>&nbsp;<\/p> <p><strong>Szolg\u00e1ltat\u00e1s:<\/strong><\/p> <ul> <li>Faji, ivari \u00e9s egyedi azonos\u00edt\u00e1sa molekul\u00e1ris m\u00f3dszerekkel gerinces \u00e9s gerinctelen \u00e1llatokban (AQUILABOR)<\/li> <\/ul> <p><strong>T\u00e9mavezet\u00e9s<\/strong><\/p> <p>MSc hallgat\u00f3k: 1<\/p> <p>BSc hallgat\u00f3k: 2<\/p> <p>TDK dolgozatok: 1<\/p> <p>&nbsp;<\/p> <p><strong>V\u00e1laszthat\u00f3 szakdolgozati t\u00e9m\u00e1k<\/strong><\/p> <p>Bikap\u00f3kok molekul\u00e1ris taxon\u00f3mi\u00e1ja<\/p> <p>&nbsp;<\/p> <p><strong>El\u0151rehalad\u00e1s<\/strong><\/p> <p>2008 \u2013 <strong>\u00a0\u00a0<\/strong>\u00c1llatorvostudom\u00e1nyi Egyetem (2008 \u00e9s 2016 k\u00f6z\u00f6tt Szent Istv\u00e1n Egyetem) Zool\u00f3giai tansz\u00e9k<\/p> <p>2010 \u2013 2012 Laborat\u00f3riumi asszisztens, Magyar Term\u00e9szettudom\u00e1nyi M\u00fazeum<\/p> <p>2003 \u2013 2008 Tudom\u00e1nyos seg\u00e9dmunkat\u00e1rs, MTA Szegedi Biol\u00f3giai K\u00f6zpont, Genetikai Int\u00e9zet<\/p> <p>1999 \u2013 2003 PhD hallgat\u00f3, Debreceni Egyetem, Biodiverzit\u00e1s doktori program<\/p> <p>1994 \u2013 1999 \u00c1llatorvos-tudom\u00e1nyi Egyetem, okleveles alkalmazott zool\u00f3gus<\/p> <p>&nbsp;<\/p> <p><strong>Publik\u00e1ci\u00f3s lista (Top10) <\/strong><a href=\"https:\/\/m2.mtmt.hu\/frontend\/#view\/Publication\/SmartQuery\/1127\/\"><strong>MTMT<\/strong><\/a><\/p> <p>Vincze, O., V\u00e1g\u00e1si, Cs. I., Penzes, J., <strong>Szab\u00f3, K,<\/strong> Magonyi, N., Czirj\u00e1k, G. &amp; Pap, P. (2022)<\/p> <p>Sexual dimorphism in immune function and oxidative physiology across birds: the role of sexual selection. Ecology Letters DOI: 10.1111\/ele.13973<\/p> <p>V\u00f6r\u00f6s, J., Varga, Z., Mart\u00ednez-Solano, I., &amp; <strong>Szab\u00f3, K.<\/strong> (2021). Mitochondrial DNA diversity of the alpine newt (Ichthyosaura alpestris) in the Carpathian Basin: evidence for multiple cryptic lineages associated with Pleistocene refugia. Acta Zoologica Academiae Scientiarum Hungaricae, 67(2), 177-197.<\/p> <p>Magonyi, N. M., Szab\u00f3, K., Feh\u00e9rv\u00e1ri, P., Solt, S., Palatitz, P., Vili, N., Bert\u00f3k, P. &amp; M\u00e1tics, R. (2021). Extra\u2010pair paternity, intraspecific brood parasitism, quasi\u2010parasitism and polygamy in the Red\u2010footed Falcon (Falco vespertinus). Ibis, 163, 1087-1092, DOI: doi: 10.1111\/ibi.12932<\/p> <p>Pipoly, I., <strong>Szab\u00f3, K<\/strong>., B\u00f3kony,V., Hammer, T., Papp, S., Preiszner, B., Seress, G., Vincze, E., Schroeder, J. &amp; Liker, A. Higher frequency of extra-pair offspring in urban than forest broods of great tits (Parus major). Frontiers in Ecology and Evolution, 7: 229\u00a0DOI: doi.org\/10.3389\/fevo.2019.00229<\/p> <p>\u200bNemesh\u00e1zi E, <strong>Szab\u00f3 K<\/strong>, Horv\u00e1th Z, K\u00f6v\u00e9r Sz (2018): The effects of genetic relatedness on mate choice and territorial intrusions in a monogamous raptor. Journal of Ornithology, 159,1: pp 233-244. doi: 10.1007\/s10336-017-1494-z<\/p> <p>Harnos, A., Lang, Zs., Petr\u00e1s, D.,Bush, S., <strong>Szab\u00f3, K<\/strong>., R\u00f3zsa, L. (2017) Size matters for lice on birds: coevolutionary allometry of host and parasite body size. Evolution 71: (2) 421-431\u00a0DOI: 10.1111\/evo.13147\u200b<\/p> <p>B\u00f3kony, V., Pipoly, I., <strong>Szab\u00f3, K<\/strong>., Preiszner, B., Vincze, E., Papp, S., Seress, G., Hammer H., Liker, A. 2017. Innovative females are more promiscuous in great tits (Parus major). Behavioral Ecology 28(2): 579\u2013588. DOI:\u00a0doi.org\/10.1093\/beheco\/arx001<\/p> <p>\u200bNemesh\u00e1zi E, K\u00f6v\u00e9r Sz, Zachos FE, Horv\u00e1th Z, Tihanyi G, M\u00f3rocz A, Mikuska T, H\u00e1m I, Liter\u00e1k I, Ponnikas S, Mizera T, <strong>Szab\u00f3 K <\/strong>(2016): Natural and anthropogenic influences on the population structure of white-tailed eagles in the Carpathian Basin and central Europe. Journal of Avian Biology 47,6: pp. 795-805. doi: 10.1111\/jav.00938<\/p> <p>V\u00f6r\u00f6s, S. Ursenbacher, I. Kiss, D. Jelic, S. Schweiger &amp;\u00a0<strong>K. Szab\u00f3<\/strong> (2016) Enhanced genetic structuring of isolated fire salamander populations (Caudata: Salamandridae) at the margins of the Carpathian Mountains. Journal of Zoological Systematics and Evolutionary Research 54\/4 DOI 10.1111\/jzs.12157<\/p> <p><strong> Szab\u00f3<\/strong>\u00a0<strong>K.<\/strong> &amp; J. V\u00f6r\u00f6s (2014) Distribution and hybridization of Anguis fragilis and A. colchica in Hungary. Amphibia-Reptilia 35: 135-140\u00a0\u00a0DOI:\u00a010.1163\/15685381-00002927<\/p>","protected":false},"excerpt":{"rendered":"<p>Bemutatkoz\u00e1s Dr. Szab\u00f3 Kriszti\u00e1n vagyok, tudom\u00e1nyos munkat\u00e1rs a Zool\u00f3giai Tansz\u00e9ken. Els\u0151sorban a molekul\u00e1ris m\u00f3dszerekkel \u00e9s genetik\u00e1val kapcsolatos t\u00e1rgyak oktat\u00e1s\u00e1ban \u00e9s szervez\u00e9s\u00e9ben veszek r\u00e9szt: a BSc k\u00e9pz\u00e9sben a Genetika \u00e9s a Molekul\u00e1ris \u00f6kol\u00f3gia, mesterk\u00e9pz\u00e9sben a Molekul\u00e1ris m\u00f3dszerek, a Bioinformatika, az Ivaros szaporod\u00e1s az \u00e9l\u0151vil\u00e1gban \u00e9s a Molekul\u00e1ris Zool\u00f3gia kurzusokban. A tansz\u00e9ken m\u0171k\u00f6d\u0151 Molekul\u00e1ris \u00d6kol\u00f3gia Kutat\u00f3csoport tagjak\u00e9nt<\/p>\n","protected":false},"author":5824,"featured_media":0,"parent":858,"menu_order":211,"comment_status":"closed","ping_status":"closed","template":"","meta":{"_acf_changed":false,"footnotes":""},"categories":[56],"tags":[],"class_list":["post-4672","page","type-page","status-publish","hentry","category-munkatarsak"],"acf":[],"_links":{"self":[{"href":"https:\/\/univet.hu\/hu\/wp-json\/wp\/v2\/pages\/4672","targetHints":{"allow":["GET"]}}],"collection":[{"href":"https:\/\/univet.hu\/hu\/wp-json\/wp\/v2\/pages"}],"about":[{"href":"https:\/\/univet.hu\/hu\/wp-json\/wp\/v2\/types\/page"}],"author":[{"embeddable":true,"href":"https:\/\/univet.hu\/hu\/wp-json\/wp\/v2\/users\/5824"}],"replies":[{"embeddable":true,"href":"https:\/\/univet.hu\/hu\/wp-json\/wp\/v2\/comments?post=4672"}],"version-history":[{"count":1,"href":"https:\/\/univet.hu\/hu\/wp-json\/wp\/v2\/pages\/4672\/revisions"}],"predecessor-version":[{"id":199655,"href":"https:\/\/univet.hu\/hu\/wp-json\/wp\/v2\/pages\/4672\/revisions\/199655"}],"up":[{"embeddable":true,"href":"https:\/\/univet.hu\/hu\/wp-json\/wp\/v2\/pages\/858"}],"wp:attachment":[{"href":"https:\/\/univet.hu\/hu\/wp-json\/wp\/v2\/media?parent=4672"}],"wp:term":[{"taxonomy":"category","embeddable":true,"href":"https:\/\/univet.hu\/hu\/wp-json\/wp\/v2\/categories?post=4672"},{"taxonomy":"post_tag","embeddable":true,"href":"https:\/\/univet.hu\/hu\/wp-json\/wp\/v2\/tags?post=4672"}],"curies":[{"name":"wp","href":"https:\/\/api.w.org\/{rel}","templated":true}]}}