{"id":46996,"date":"2019-12-09T10:08:57","date_gmt":"2019-12-09T09:08:57","guid":{"rendered":"https:\/\/univet.hu\/hu\/klinikak\/loklinika\/oktatas-es-tovabbkepzes\/gradualis-kepzes\/sebeszet\/eloadasok\/"},"modified":"2019-12-09T10:10:07","modified_gmt":"2019-12-09T09:10:07","slug":"eloadasok","status":"publish","type":"page","link":"https:\/\/univet.hu\/hu\/klinikak\/loklinika\/oktatas-es-tovabbkepzes\/gradualis-kepzes\/sebeszet\/eloadasok\/","title":{"rendered":"El\u0151ad\u00e1sok"},"content":{"rendered":"<ul> <li><a href=\"https:\/\/univet.hu\/wp-content\/uploads\/2019\/12\/Kolika_diagnosztika.pdf\">Kolika diagnosztika &#8211; Dr.Makra Zita El\u0151ad\u00e1sa<\/a><\/li> <li><a href=\"https:\/\/univet.hu\/wp-content\/uploads\/2019\/12\/Lo_szembetegseg.pdf\">A lovak gyakoribb speci\u00e1lis szembetegs\u00e9gei &#8211; Dr.Makra Zita el\u0151ad\u00e1sa<\/a><\/li> <li><a href=\"https:\/\/univet.hu\/wp-content\/uploads\/2019\/12\/Uvea.pdf\">Uvea &#8211; Dr.Makra Zita el\u0151ad\u00e1sa<\/a><\/li> <\/ul>","protected":false},"excerpt":{"rendered":"<p>Kolika diagnosztika &#8211; Dr.Makra Zita El\u0151ad\u00e1sa A lovak gyakoribb speci\u00e1lis szembetegs\u00e9gei &#8211; Dr.Makra Zita el\u0151ad\u00e1sa Uvea &#8211; Dr.Makra Zita el\u0151ad\u00e1sa<\/p>\n","protected":false},"author":2308,"featured_media":0,"parent":17831,"menu_order":0,"comment_status":"open","ping_status":"open","template":"","meta":{"_acf_changed":false,"footnotes":""},"categories":[],"tags":[],"class_list":["post-46996","page","type-page","status-publish","hentry"],"acf":[],"_links":{"self":[{"href":"https:\/\/univet.hu\/hu\/wp-json\/wp\/v2\/pages\/46996","targetHints":{"allow":["GET"]}}],"collection":[{"href":"https:\/\/univet.hu\/hu\/wp-json\/wp\/v2\/pages"}],"about":[{"href":"https:\/\/univet.hu\/hu\/wp-json\/wp\/v2\/types\/page"}],"author":[{"embeddable":true,"href":"https:\/\/univet.hu\/hu\/wp-json\/wp\/v2\/users\/2308"}],"replies":[{"embeddable":true,"href":"https:\/\/univet.hu\/hu\/wp-json\/wp\/v2\/comments?post=46996"}],"version-history":[{"count":0,"href":"https:\/\/univet.hu\/hu\/wp-json\/wp\/v2\/pages\/46996\/revisions"}],"up":[{"embeddable":true,"href":"https:\/\/univet.hu\/hu\/wp-json\/wp\/v2\/pages\/17831"}],"wp:attachment":[{"href":"https:\/\/univet.hu\/hu\/wp-json\/wp\/v2\/media?parent=46996"}],"wp:term":[{"taxonomy":"category","embeddable":true,"href":"https:\/\/univet.hu\/hu\/wp-json\/wp\/v2\/categories?post=46996"},{"taxonomy":"post_tag","embeddable":true,"href":"https:\/\/univet.hu\/hu\/wp-json\/wp\/v2\/tags?post=46996"}],"curies":[{"name":"wp","href":"https:\/\/api.w.org\/{rel}","templated":true}]}}