{"id":4705,"date":"2016-09-12T11:48:00","date_gmt":"2016-09-12T09:48:00","guid":{"rendered":"http:\/\/univet.hu\/egyetem\/munkatarsak\/szalay-ferenc\/"},"modified":"2026-02-10T04:02:32","modified_gmt":"2026-02-10T03:02:32","slug":"szalay-ferenc","status":"publish","type":"page","link":"https:\/\/univet.hu\/hu\/egyetem\/munkatarsak\/szalay-ferenc\/","title":{"rendered":"Szalay Ferenc"},"content":{"rendered":"<p>Fogad\u00f3\u00f3ra: oktat\u00e1si id\u0151szakban minden cs\u00fct\u00f6rt\u00f6k\u00f6n 12:00-13:00<\/p> <h2>Bemutatkoz\u00e1s<\/h2> <div> <p><strong>Tanulm\u00e1nyok<\/strong><br \/> 1991 &#8211; egyetemi diploma cum laude eredm\u00e9nnyel, \u00c1llatorvos-tudom\u00e1nyi Egyetem, Budapest<br \/> 1998 &#8211; Mozg\u00e1selemz\u00e9s. M\u00e9r\u00e9stechnika. PhD k\u00e9pz\u00e9s, Testnevel\u00e9si Egyetem<br \/> 2001 &#8211; PhD fokozat, SZIE, \u00c1OTK<\/p> <p>2009 &#8211; Habilit\u00e1ci\u00f3, SZIE, \u00c1OTK<\/p> <p>&nbsp;<\/p> <p><strong>Munkahelyek<\/strong><br \/> 1991 &#8211; 1994 MTA TMB-\u00f6szt\u00f6nd\u00edjas. Kijel\u00f6lt kutat\u00f3hely: \u00c1llatorvos-tudom\u00e1nyi Egyetem, Anat\u00f3miai \u00e9s Sz\u00f6vettani Tansz\u00e9k<br \/> 1995 &#8211; 1997 \u00c1llatorvos-tudom\u00e1nyi Egyetem PhD \u00f6szt\u00f6nd\u00edjas. Kijel\u00f6lt kutat\u00f3hely: \u00c1llatorvos-tudom\u00e1nyi Egyetem, Anat\u00f3miai \u00e9s Sz\u00f6vettani Tansz\u00e9k<br \/> 1998 &#8211; 2000 \u00c1llatorvos-tudom\u00e1nyi Egyetem tud. m\u0171sz. \u00fc.i.<br \/> 2001 &#8211; 2006 Szent Istv\u00e1n Egyetem, \u00c1llatorvos-tudom\u00e1nyi Kar, tud. munkat\u00e1rs<br \/> 2006 &#8211; Szent Istv\u00e1n Egyetem, \u00c1llatorvos-tudom\u00e1nyi Kar, egy. adjunktus<\/p> <p>2009 &#8211; Szent Istv\u00e1n Egyetem, \u00c1llatorvos-tudom\u00e1nyi Kar, egy. docens<\/p> <p>&nbsp;<\/p> <p><strong>Tanulm\u00e1nyutak<\/strong><br \/> 1994 Institut f\u00fcr Neuroanatomie und C. und O. Vogt Institut f\u00fcr Hirnforschung, D\u00fcsseldorf, N\u00e9metorsz\u00e1g<br \/> 1995 Deparment of General and Large Animal Surgery, Faculty of Veterinary Science, University of Utrecht, Hollandia<br \/> 1995 Department of Anatomy, Unversity of Bristol, Nagy-Britannia<br \/> 1995 The Medical School of Ege University, Izmir, T\u00f6r\u00f6korsz\u00e1g<br \/> 1997 Department of Clinical Veterinary Science, Section of Diagnostic Veterinary Imaging, Faculty of Veterinary Medicine, Helsinki University, Finnorsz\u00e1g<br \/> 1999 Institut f\u00fcr Neuroanatomie und C. und O. Vogt Institut f\u00fcr Hirnforschung, D\u00fcsseldorf, N\u00e9metorsz\u00e1g<\/p> <p>&nbsp;<\/p> <\/div> <h2>Tev\u00e9kenys\u00e9g<\/h2> <div> <p><strong>Nemzetk\u00f6zi kapcsolatok<\/strong><\/p> <p>Institut f\u00fcr Neuroanatomie und C. und O. Vogt Institut f\u00fcr Hirnforschung, D\u00fcsseldorf, N\u00e9metorsz\u00e1g<\/p> <p>Deparment of General and Large Animal Surgery, Faculty of Veterinary Science, University of Utrecht, Hollandia<br \/> Department of Anatomy, Unversity of Bristol, Nagy-Britannia<\/p> <p>2000, 1999, 1997, 1996: Department of Clinical Veterinary Science, Section of Diagnostic Veterinary Imaging, Faculty of Veterinary Medicine, Helsinki University, Finnorsz\u00e1g<\/p> <p>&nbsp;<\/p> <p><strong>Kutat\u00f3munka<\/strong><br \/> Sejtoszt\u00f3d\u00e1s t\u00fal\u00e9l\u0151 agyszeletben &#8211; TDK- \u00e9s szakdolgozat, el\u0151ad\u00e1s egyetemi (Budapest, \u00c1OTE), orsz\u00e1gos (DOTE, Debrecen) \u00e9s nemzetk\u00f6zi (Brno, Csehszlov\u00e1kia) TDK konferenci\u00e1kon<br \/> Leukocyt\u00e1k azonos\u00edt\u00e1sa \u00e9s oszt\u00e1lyoz\u00e1sa sz\u00e1m\u00edt\u00f3g\u00e9pes k\u00e9panal\u00edzissel<br \/> Lovak sz\u00e1m\u00edt\u00f3g\u00e9pes mozg\u00e1sanal\u00edzise videofelv\u00e9telek alapj\u00e1n<br \/> Myeliniz\u00e1ci\u00f3s folyamatok morfol\u00f3gi\u00e1ja a fejl\u0151d\u0151 k\u00f6zponti idegrendszerben<br \/> Hormonf\u00fcgg\u0151 gliareakci\u00f3k a nucl. interpeduncularisban<\/p> <p>Klinikai-biomechanikai vizsg\u00e1latok a kutya mozg\u00e1sszervein<\/p> <p>Kuty\u00e1k fizioterapi\u00e1ja<\/p> <p>&nbsp;<\/p> <p><strong>Oktat\u00f3munka<\/strong><\/p> <p>\u00c1llatorvosi anat\u00f3miai gyakorlatok 1991 \u00f3ta magyar nyelven<br \/> \u00c1llatorvosi t\u00e1janat\u00f3mia gyakorlatok 1991 \u00f3ta magyar nyelven<\/p> <p>\u00c1llatorvosi anat\u00f3miai gyakorlatok 1994 \u00f3ta angol nyelven<br \/> \u00c1llatorvosi t\u00e1janat\u00f3mia gyakorlatok 1998 \u00f3ta angol nyelven<\/p> <p>\u00c1llatorvosi t\u00e1janat\u00f3mia el\u0151ad\u00e1sok 1998 \u00f3ta angol nyelven<br \/> \u00c1llatorvosi sz\u00f6vettan sz\u00f6vettani gyakorlatok 1996 &#8211; 2004 angol nyelven<br \/> \u00c1llatorvosi t\u00e1janat\u00f3mia el\u0151ad\u00e1sok 2001 \u00f3ta angol nyelven<\/p> <p>\u00c1llatorvosi t\u00e1janat\u00f3mia el\u0151ad\u00e1sok 2010 \u00f3ta magyar nyelven<br \/> Manual practice on canine cadavers. Soft tissues. Fakult\u00e1ci\u00f3 2002 \u00f3ta angol nyelven<br \/> Manual practice on canine cadavers. Bone surgery. Fakult\u00e1ci\u00f3 2002 \u00f3ta angol nyelven<\/p> <p>\u00c1llatorvosi r\u00f6ntgenanat\u00f3mia. Fakult\u00e1ci\u00f3 2011 \u00f3ta magyar nyelven<\/p> <p>&nbsp;<\/p> <p><strong>Egy\u00e9b tudom\u00e1nyos tev\u00e9kenys\u00e9g, tags\u00e1gok<\/strong><br \/> 1996 &#8211; 1998 &#8211; Az egyetemi TDK b\u00edr\u00e1l\u00f3bizotts\u00e1g tagja<br \/> 1996 &#8211; 2001 &#8211; A Neurobiology c. nemzetk\u00f6zi foly\u00f3irat technikai szerkeszt\u0151je<br \/> 1999 &#8211; 2014 &#8211; A Kis\u00e1llatpraxis c. foly\u00f3irat szerkeszt\u0151bizotts\u00e1gi tagja<br \/> 1997 &#8211; Magyar Idegtudom\u00e1nyi T\u00e1rsas\u00e1g tagja<br \/> 1997 &#8211; International Brain Research Organization tagja<br \/> 1998 &#8211; Magyar Anat\u00f3mus T\u00e1rsasg\u00e1g tagja<br \/> 2000 &#8211; A Kis\u00e1llatpraxis c. foly\u00f3irat felel\u0151s szerkeszt\u0151je<br \/> 2000 &#8211; A Magyar Idegtudom\u00e1nyi T\u00e1rsas\u00e1g VII. Konferenci\u00e1ja szervez\u0151bizotts\u00e1gi tagja<br \/> 2005 &#8211; A Magyar Anat\u00f3mus T\u00e1rsas\u00e1g XI. Konferenci\u00e1ja szervez\u0151bizotts\u00e1gi tagja<br \/> 2008 &#8211; Az Eur\u00f3pai \u00c1llatorvosi Anat\u00f3miai T\u00e1rsas\u00e1g XXVII. Konferenci\u00e1ja szervez\u0151bizotts\u00e1gi tagja<\/p> <\/div> <p>&nbsp;<\/p> <p><strong>PhD lez\u00e1rt t\u00e9mavezet\u00e9s<\/strong><\/p> <p>dr. Z\u00f3lyomi Dorottya<br \/> A cTTA m\u0171t\u00e9ttel kapcsolatos klinikai \u00e9s biomechanikai vizsg\u00e1latok kuty\u00e1kban<br \/> T\u00e9mavezet\u0151: Dr. Szalay Ferenc, Dr. N\u00e9meth Tibor<\/p> <p>&nbsp;<\/p> <p><strong>TDK lez\u00e1rt t\u00e9mavezet\u00e9s<\/strong><\/p> <p>2019<br \/> Schulze Gronover Bernd VI. \u00e9vfolyam (\u00e1o)<br \/> A paralumbalis izomzat anat\u00f3miai \u00e9s ultrahangvizsg\u00e1lata a melarzomin injekci\u00f3 bead\u00e1sa sor\u00e1n, a kuty\u00e1k sz\u00edvf\u00e9rgess\u00e9g\u00e9ben<br \/> \u00c1llatorvostudom\u00e1nyi Egyetem, Belgy\u00f3gy\u00e1szati Tansz\u00e9k<br \/> T\u00e9mavezet\u0151k: Dr. V\u00f6r\u00f6s K\u00e1roly, Dr. Szalay Ferenc<\/p> <p>2017<br \/> M\u00e1t\u00e9 Marietta V. \u00e9vfolyam (\u00e1o)<br \/> A cornea pachymetri\u00e1s vizsg\u00e1lata optikai koherencia tomogr\u00e1f k\u00e9sz\u00fcl\u00e9kkel kuty\u00e1kon<br \/> \u00c1llatorvostudom\u00e1nyi Egyetem, Anat\u00f3miai \u00e9s Sz\u00f6vettani Tansz\u00e9k<br \/> T\u00e9mavezet\u0151k: Dr. Szalay Ferenc, Dr. Dobos Andr\u00e1s<\/p> <p>&nbsp;<\/p> <p><a href=\"https:\/\/sites.google.com\/site\/aotk-szie-hu-anatomy-teams-edition-backup\/Dept-of-Anatomy\" target=\"_blank\" rel=\"noopener\" data-replaced=\"true\">Saj\u00e1t honlap<\/a><\/p>","protected":false},"excerpt":{"rendered":"<p>Fogad\u00f3\u00f3ra: oktat\u00e1si id\u0151szakban minden cs\u00fct\u00f6rt\u00f6k\u00f6n 12:00-13:00 Bemutatkoz\u00e1s Tanulm\u00e1nyok 1991 &#8211; egyetemi diploma cum laude eredm\u00e9nnyel, \u00c1llatorvos-tudom\u00e1nyi Egyetem, Budapest 1998 &#8211; Mozg\u00e1selemz\u00e9s. M\u00e9r\u00e9stechnika. PhD k\u00e9pz\u00e9s, Testnevel\u00e9si Egyetem 2001 &#8211; PhD fokozat, SZIE, \u00c1OTK 2009 &#8211; Habilit\u00e1ci\u00f3, SZIE, \u00c1OTK &nbsp; Munkahelyek 1991 &#8211; 1994 MTA TMB-\u00f6szt\u00f6nd\u00edjas. Kijel\u00f6lt kutat\u00f3hely: \u00c1llatorvos-tudom\u00e1nyi Egyetem, Anat\u00f3miai \u00e9s Sz\u00f6vettani Tansz\u00e9k 1995 &#8211; 1997<\/p>\n","protected":false},"author":5824,"featured_media":0,"parent":858,"menu_order":211,"comment_status":"closed","ping_status":"closed","template":"","meta":{"_acf_changed":false,"footnotes":""},"categories":[56],"tags":[],"class_list":["post-4705","page","type-page","status-publish","hentry","category-munkatarsak"],"acf":[],"_links":{"self":[{"href":"https:\/\/univet.hu\/hu\/wp-json\/wp\/v2\/pages\/4705","targetHints":{"allow":["GET"]}}],"collection":[{"href":"https:\/\/univet.hu\/hu\/wp-json\/wp\/v2\/pages"}],"about":[{"href":"https:\/\/univet.hu\/hu\/wp-json\/wp\/v2\/types\/page"}],"author":[{"embeddable":true,"href":"https:\/\/univet.hu\/hu\/wp-json\/wp\/v2\/users\/5824"}],"replies":[{"embeddable":true,"href":"https:\/\/univet.hu\/hu\/wp-json\/wp\/v2\/comments?post=4705"}],"version-history":[{"count":1,"href":"https:\/\/univet.hu\/hu\/wp-json\/wp\/v2\/pages\/4705\/revisions"}],"predecessor-version":[{"id":199658,"href":"https:\/\/univet.hu\/hu\/wp-json\/wp\/v2\/pages\/4705\/revisions\/199658"}],"up":[{"embeddable":true,"href":"https:\/\/univet.hu\/hu\/wp-json\/wp\/v2\/pages\/858"}],"wp:attachment":[{"href":"https:\/\/univet.hu\/hu\/wp-json\/wp\/v2\/media?parent=4705"}],"wp:term":[{"taxonomy":"category","embeddable":true,"href":"https:\/\/univet.hu\/hu\/wp-json\/wp\/v2\/categories?post=4705"},{"taxonomy":"post_tag","embeddable":true,"href":"https:\/\/univet.hu\/hu\/wp-json\/wp\/v2\/tags?post=4705"}],"curies":[{"name":"wp","href":"https:\/\/api.w.org\/{rel}","templated":true}]}}