{"id":4711,"date":"2016-06-18T11:35:00","date_gmt":"2016-06-18T09:35:00","guid":{"rendered":"http:\/\/univet.hu\/egyetem\/munkatarsak\/szaszovszky-jozsef\/"},"modified":"2026-02-10T04:02:33","modified_gmt":"2026-02-10T03:02:33","slug":"szaszovszky-jozsef","status":"publish","type":"page","link":"https:\/\/univet.hu\/hu\/egyetem\/munkatarsak\/szaszovszky-jozsef\/","title":{"rendered":"Szaszovszky J\u00f3zsef"},"content":{"rendered":"<p><strong>Bemutatkoz\u00e1s\u00a0<\/strong><\/p> <p>A budapesti E\u00f6tv\u00f6s L\u00f3r\u00e1nd Tudom\u00e1nyegyetemen szerezte diplom\u00e1j\u00e1t. Kezdetben k\u00f6z\u00e9piskolai tan\u00e1rk\u00e9nt, majd a budapesti Magvet\u0151 K\u00f6nyvkiad\u00f3 szerkeszt\u0151jek\u00e9nt dolgozott f\u0151\u00e1ll\u00e1sban, emellett m\u0171ford\u00edt\u00e1sokat k\u00e9sz\u00edtett, k\u00f6nyvismertet\u00e9seket \u00edrt \u00e9s nyelvtanfolyamokat vezetett. Tan\u00edtott egyebek mellett m\u0171ford\u00edt\u00e1st az ELTE Tolm\u00e1csk\u00e9pz\u0151 Int\u00e9zet\u00e9ben \u00e9s orvosi latint n\u00e9met hallgat\u00f3knak az \u00c1llatorvosi F\u0151iskola idegennyelvi lektor\u00e1tus\u00e1n.<\/p> <p>1991-t\u0151l tan\u00edtott az ELTE Tan\u00e1rk\u00e9pz\u0151 F\u0151iskol\u00e1nak n\u00e9met tansz\u00e9k\u00e9n, el\u0151bb adjunktusk\u00e9nt, k\u00e9s\u0151bb tansz\u00e9kvezet\u0151 docensk\u00e9nt. P\u00e1rhuzamosan t\u00f6bb helyen volt \u00f3raad\u00f3, \u00edgy a Szent Istv\u00e1n \u2013 majd \u00c1llatorvosi \u2013 Egyetemen is, ahol ezt a munk\u00e1t ma is v\u00e9gzi.\u00a0 Az ELT\u00c9-n 2007-ben t\u00f6rt\u00e9nt nyugd\u00edjaz\u00e1sa ut\u00e1n 15 \u00e9ven kereszt\u00fcl tan\u00edtott orvosi latint a Semmelweis Egyetemen is a n\u00e9met nyelv\u0171 k\u00e9pz\u00e9sben.<\/p>","protected":false},"excerpt":{"rendered":"<p>Bemutatkoz\u00e1s\u00a0 A budapesti E\u00f6tv\u00f6s L\u00f3r\u00e1nd Tudom\u00e1nyegyetemen szerezte diplom\u00e1j\u00e1t. Kezdetben k\u00f6z\u00e9piskolai tan\u00e1rk\u00e9nt, majd a budapesti Magvet\u0151 K\u00f6nyvkiad\u00f3 szerkeszt\u0151jek\u00e9nt dolgozott f\u0151\u00e1ll\u00e1sban, emellett m\u0171ford\u00edt\u00e1sokat k\u00e9sz\u00edtett, k\u00f6nyvismertet\u00e9seket \u00edrt \u00e9s nyelvtanfolyamokat vezetett. Tan\u00edtott egyebek mellett m\u0171ford\u00edt\u00e1st az ELTE Tolm\u00e1csk\u00e9pz\u0151 Int\u00e9zet\u00e9ben \u00e9s orvosi latint n\u00e9met hallgat\u00f3knak az \u00c1llatorvosi F\u0151iskola idegennyelvi lektor\u00e1tus\u00e1n. 1991-t\u0151l tan\u00edtott az ELTE Tan\u00e1rk\u00e9pz\u0151 F\u0151iskol\u00e1nak n\u00e9met tansz\u00e9k\u00e9n, el\u0151bb adjunktusk\u00e9nt,<\/p>\n","protected":false},"author":5824,"featured_media":0,"parent":858,"menu_order":211,"comment_status":"closed","ping_status":"closed","template":"","meta":{"_acf_changed":false,"footnotes":""},"categories":[56],"tags":[],"class_list":["post-4711","page","type-page","status-publish","hentry","category-munkatarsak"],"acf":[],"_links":{"self":[{"href":"https:\/\/univet.hu\/hu\/wp-json\/wp\/v2\/pages\/4711","targetHints":{"allow":["GET"]}}],"collection":[{"href":"https:\/\/univet.hu\/hu\/wp-json\/wp\/v2\/pages"}],"about":[{"href":"https:\/\/univet.hu\/hu\/wp-json\/wp\/v2\/types\/page"}],"author":[{"embeddable":true,"href":"https:\/\/univet.hu\/hu\/wp-json\/wp\/v2\/users\/5824"}],"replies":[{"embeddable":true,"href":"https:\/\/univet.hu\/hu\/wp-json\/wp\/v2\/comments?post=4711"}],"version-history":[{"count":1,"href":"https:\/\/univet.hu\/hu\/wp-json\/wp\/v2\/pages\/4711\/revisions"}],"predecessor-version":[{"id":199659,"href":"https:\/\/univet.hu\/hu\/wp-json\/wp\/v2\/pages\/4711\/revisions\/199659"}],"up":[{"embeddable":true,"href":"https:\/\/univet.hu\/hu\/wp-json\/wp\/v2\/pages\/858"}],"wp:attachment":[{"href":"https:\/\/univet.hu\/hu\/wp-json\/wp\/v2\/media?parent=4711"}],"wp:term":[{"taxonomy":"category","embeddable":true,"href":"https:\/\/univet.hu\/hu\/wp-json\/wp\/v2\/categories?post=4711"},{"taxonomy":"post_tag","embeddable":true,"href":"https:\/\/univet.hu\/hu\/wp-json\/wp\/v2\/tags?post=4711"}],"curies":[{"name":"wp","href":"https:\/\/api.w.org\/{rel}","templated":true}]}}