{"id":4738,"date":"2017-10-17T16:56:00","date_gmt":"2017-10-17T14:56:00","guid":{"rendered":"http:\/\/univet.hu\/egyetem\/munkatarsak\/szilasi-anna\/"},"modified":"2026-03-06T12:24:29","modified_gmt":"2026-03-06T11:24:29","slug":"szilasi-anna","status":"publish","type":"page","link":"https:\/\/univet.hu\/hu\/egyetem\/munkatarsak\/szilasi-anna\/","title":{"rendered":"Szilasi Anna"},"content":{"rendered":"<p style=\"text-align: center\"><span style=\"font-size: 14pt\"><b>Bemutatkoz\u00e1s\u00a0\u00a0\u00a0<\/b>\u00a0<\/span><\/p> <p><span data-contrast=\"none\">\u00c1llatorvosi diplom\u00e1mat 2014-ben vehettem \u00e1t az akkori Szent Istv\u00e1n Egyetem \u00c1llatorvostudom\u00e1nyi Kar\u00e1n. Ebben az \u00e9vben tansz\u00e9ki \u00e1llatorvosk\u00e9nt kezdtem dolgozni a Patol\u00f3giai Tansz\u00e9ken. Ezt k\u00f6vet\u0151en Dr. Balka Gyula t\u00e9mavezet\u00e9s\u00e9vel 2015 szeptember\u00e9t\u0151l PhD-hallgat\u00f3k\u00e9nt, ezt k\u00f6vet\u0151en 2018-t\u00f3l eleinte tansz\u00e9ki \u00e1llatorvosk\u00e9nt, majd egyetemi tan\u00e1rseg\u00e9dk\u00e9nt, 2022-t\u0151l egyetemi adjunktusk\u00e9nt dolgozom az \u00c1llatorvostudom\u00e1nyi Egyetem Patol\u00f3giai Tansz\u00e9k\u00e9n, ahol a kezdetekt\u0151l akt\u00edvan r\u00e9szt veszek a diagnosztikai munk\u00e1ban, az oktat\u00e1sban, illetve a kutat\u00e1sban. 2014-t\u0151l a patol\u00f3gia mellett klinikusi tapasztalatokat is szereztem: el\u0151sz\u00f6r 2 \u00e9ven \u00e1t az ambul\u00e1ns \u00e9s intenz\u00edv ell\u00e1t\u00e1sban vettem r\u00e9szt az \u00c1llatorvostudom\u00e1nyi Egyetem Belgy\u00f3gy\u00e1szati Tansz\u00e9k \u00e9s Klinik\u00e1j\u00e1n, majd 2016-t\u00f3l a Budat\u00e9t\u00e9nyi \u00c1llatk\u00f3rh\u00e1zban az egzotikus \u00e1llatok ambul\u00e1ns ell\u00e1t\u00e1s\u00e1t v\u00e9geztem eg\u00e9szen 2018-ig. Jelenleg harmad- \u00e9s negyed\u00e9ves hallgat\u00f3knak k\u00f3rbonctani, plen\u00e1ris \u00e9s k\u00f3rsz\u00f6vettani gyakorlatokat, valamint el\u0151ad\u00e1sokat tartok magyar \u00e9s angol nyelven.<\/span> <span data-contrast=\"none\">A tansz\u00e9ken<\/span> <span data-contrast=\"none\">\u00e1llatk\u00eds\u00e9rletek k\u00f3rbonctani r\u00e9sz\u00e9nek elv\u00e9gz\u00e9se \u00e9s ki\u00e9rt\u00e9kel\u00e9se is feladatom, valamint oktat\u00e1ssal kapcsolatos adminisztrat\u00edv tev\u00e9kenys\u00e9gek (honlap, Moodle, hallgat\u00f3i kapcsolattart\u00e1s) elv\u00e9gz\u00e9se.<\/span><span data-ccp-props=\"{&quot;134233118&quot;:true,&quot;201341983&quot;:0,&quot;335559739&quot;:160,&quot;335559740&quot;:240}\"> A tansz\u00e9ku munka mellett diagnosztikai feladatokat l\u00e1tok el a M\u00e1trix \u00e9s VetMed laborat\u00f3riumokban (k\u00f3rsz\u00f6vettani ki\u00e9rt\u00e9kel\u00e9s), valamint tagja vagyok a Magyar \u00c1llatorvosi Kamara F\u0151v\u00e1rosi Szervezet Oktat\u00e1si Bizotts\u00e1g\u00e1nak (2021 \u00f3ta).<\/span><\/p> <p><b><span data-contrast=\"none\">F\u0151bb kutat\u00e1si ter\u00fcletek:<\/span><\/b><span data-ccp-props=\"{&quot;134233118&quot;:true,&quot;201341983&quot;:0,&quot;335559739&quot;:160,&quot;335559740&quot;:240}\">\u00a0<\/span><\/p> <ul> <li data-leveltext=\"-\" data-font=\"Source Sans Pro\" data-listid=\"2\" data-aria-posinset=\"10\" data-aria-level=\"1\"><span data-contrast=\"none\">Macska retrov\u00edrusok (FIV, FeLV) jelenl\u00e9t\u00e9re ir\u00e1nyul\u00f3 diagnosztikai elj\u00e1r\u00e1sok fejleszt\u00e9se, nagy hangs\u00falyt fektetve a molekul\u00e1ris biol\u00f3giai \u00e9s <\/span><i><span data-contrast=\"none\">in situ<\/span><\/i><span data-contrast=\"none\"> hibridiz\u00e1ci\u00f3s vizsg\u00e1lati m\u00f3dszerekre<\/span><span data-ccp-props=\"{&quot;134233118&quot;:true,&quot;201341983&quot;:0,&quot;335559739&quot;:160,&quot;335559740&quot;:240}\">\u00a0<\/span><\/li> <li data-leveltext=\"-\" data-font=\"Source Sans Pro\" data-listid=\"2\" data-aria-posinset=\"10\" data-aria-level=\"1\"><span data-contrast=\"none\">Macska fert\u0151z\u0151 betegs\u00e9gek patol\u00f3giai vizsg\u00e1lata, k\u00fcl\u00f6n\u00f6s tekintettel a k\u00f3rsz\u00f6vettani \u00e9s molekul\u00e1ris biol\u00f3giai elj\u00e1r\u00e1sokra<\/span><span data-ccp-props=\"{&quot;134233118&quot;:true,&quot;201341983&quot;:0,&quot;335559739&quot;:160,&quot;335559740&quot;:240}\">\u00a0<\/span><\/li> <\/ul> <ul> <li data-leveltext=\"-\" data-font=\"Source Sans Pro\" data-listid=\"2\" data-aria-posinset=\"10\" data-aria-level=\"1\"><span data-contrast=\"none\">Macska v\u00edrusos h\u00e1tter\u0171 betegs\u00e9geinek felder\u00edt\u00e9se magyarorsz\u00e1gi mint\u00e1kon, prevalencia-vizsg\u00e1latok v\u00e9gz\u00e9se (leukaemia v\u00edrus, immundeficiencia v\u00edrus, hepadnav\u00edrus, morbilliv\u00edrus, alpha \u00e9s gamma herpesv\u00edrus)<\/span><span data-ccp-props=\"{&quot;134233118&quot;:true,&quot;201341983&quot;:0,&quot;335559739&quot;:160,&quot;335559740&quot;:240}\">\u00a0<\/span><\/li> <li data-leveltext=\"-\" data-font=\"Source Sans Pro\" data-listid=\"2\" data-aria-posinset=\"10\" data-aria-level=\"1\"><span data-contrast=\"none\">H\u00e1zi \u00e9s vad macskaf\u00e9l\u00e9kben megjelen\u0151 COVID-19 megbeteged\u00e9s patol\u00f3giai \u00e9s molekul\u00e1ris biol\u00f3giai vizsg\u00e1lata<\/span><span data-ccp-props=\"{&quot;134233118&quot;:true,&quot;201341983&quot;:0,&quot;335559739&quot;:160,&quot;335559740&quot;:240}\">\u00a0<\/span><\/li> <li data-leveltext=\"-\" data-font=\"Source Sans Pro\" data-listid=\"2\" data-aria-posinset=\"10\" data-aria-level=\"1\">Macska onkopatol\u00f3giai kutat\u00e1sok (f\u0151k\u00e9nt NF-kB \u00fatvonal)<\/li> <li data-leveltext=\"-\" data-font=\"Source Sans Pro\" data-listid=\"2\" data-aria-posinset=\"10\" data-aria-level=\"1\">Kuty\u00e1k glomerulopathi\u00e1inak k\u00f3rsz\u00f6vettani \u00e9s ultrastruktur\u00e1lis h\u00e1tter\u00e9nek vizsg\u00e1lata<\/li> <\/ul> <p><b><span data-contrast=\"none\">El\u0151rehalad\u00e1s:<\/span><\/b><span data-ccp-props=\"{&quot;134233118&quot;:true,&quot;201341983&quot;:0,&quot;335559739&quot;:160,&quot;335559740&quot;:240}\">\u00a0<\/span><\/p> <p><span data-contrast=\"none\">\u00c9retts\u00e9gi:<\/span> <span data-contrast=\"none\">Kosztol\u00e1nyi Dezs\u0151 \u00c1ltal\u00e1nos Iskola \u00e9s Gimn\u00e1zium, Budapest, 2008<\/span><span data-ccp-props=\"{&quot;134233118&quot;:true,&quot;201341983&quot;:0,&quot;335559739&quot;:160,&quot;335559740&quot;:240}\">\u00a0<\/span><\/p> <p><span data-contrast=\"none\">Fels\u0151fok\u00fa k\u00e9pz\u00e9s:\u00a0<\/span><span data-ccp-props=\"{&quot;134233118&quot;:true,&quot;201341983&quot;:0,&quot;335559739&quot;:160,&quot;335559740&quot;:240}\">\u00a0<\/span><\/p> <p><span data-contrast=\"none\">SZIE \u00c1OTK<\/span> <span data-contrast=\"none\">\u2013<\/span> <span data-contrast=\"none\">\u00c1llatorvos doktor, 2014, 73\/2014<\/span><span data-ccp-props=\"{&quot;134233118&quot;:true,&quot;201341983&quot;:0,&quot;335559739&quot;:160,&quot;335559740&quot;:240}\">\u00a0<\/span><\/p> <p><span data-contrast=\"none\">Tudom\u00e1nyos el\u0151remenetel:<\/span><span data-ccp-props=\"{&quot;134233118&quot;:true,&quot;201341983&quot;:0,&quot;335559739&quot;:160,&quot;335559740&quot;:240}\">\u00a0<\/span><\/p> <p><span data-contrast=\"none\">\u00c1TE<\/span> <span data-contrast=\"none\">\u2013<\/span> <span data-contrast=\"none\">PhD, 2021 (Macska-retrov\u00edrusok hazai el\u0151fordul\u00e1s\u00e1nak felm\u00e9r\u00e9se molekul\u00e1ris biol\u00f3giai m\u00f3dszerekkel, egyes v\u00edrusok genetikai vizsg\u00e1lata)<\/span><span data-ccp-props=\"{&quot;134233118&quot;:true,&quot;201341983&quot;:0,&quot;335559739&quot;:160,&quot;335559740&quot;:240}\">\u00a0<\/span><\/p> <p><b><span data-contrast=\"none\">Szakmai szervezeti tags\u00e1g<\/span><\/b><span data-ccp-props=\"{&quot;134233118&quot;:true,&quot;201341983&quot;:0,&quot;335559739&quot;:160,&quot;335559740&quot;:240}\">\u00a0<\/span><\/p> <table style=\"height: 310px\" width=\"840\" data-tablestyle=\"MsoTableGrid\" data-tablelook=\"1184\"> <tbody> <tr> <td style=\"width: 445.25px;text-align: center\" data-celllook=\"0\"><b><span data-contrast=\"none\">Bizotts\u00e1g neve<\/span><\/b><span data-ccp-props=\"{&quot;134233118&quot;:true,&quot;201341983&quot;:0,&quot;335551550&quot;:2,&quot;335551620&quot;:2,&quot;335559740&quot;:259}\">\u00a0<\/span><\/td> <td style=\"width: 75.6833px;text-align: center\" data-celllook=\"0\"><b><span data-contrast=\"none\">Id\u0151<\/span><\/b><span data-ccp-props=\"{&quot;134233118&quot;:true,&quot;201341983&quot;:0,&quot;335551550&quot;:2,&quot;335551620&quot;:2,&quot;335559740&quot;:259}\">\u00a0<\/span><\/td> <td style=\"width: 297.067px;text-align: center\" data-celllook=\"0\"><b><span data-contrast=\"none\">Tiszts\u00e9g<\/span><\/b><span data-ccp-props=\"{&quot;134233118&quot;:true,&quot;201341983&quot;:0,&quot;335551550&quot;:2,&quot;335551620&quot;:2,&quot;335559740&quot;:259}\">\u00a0<\/span><\/td> <\/tr> <tr> <td style=\"width: 445.25px;text-align: center\" data-celllook=\"0\"><span data-contrast=\"none\">Munkahelyi \u00c1llatj\u00f3ll\u00e9ti Bizotts\u00e1g<\/span><span data-ccp-props=\"{&quot;134233118&quot;:true,&quot;201341983&quot;:0,&quot;335559740&quot;:259}\">\u00a0<\/span><\/td> <td style=\"width: 75.6833px;text-align: center\" data-celllook=\"0\"><span data-contrast=\"none\">2020\u2013<\/span><span data-ccp-props=\"{&quot;134233118&quot;:true,&quot;201341983&quot;:0,&quot;335559740&quot;:259}\">\u00a0<\/span><\/td> <td style=\"width: 297.067px;text-align: center\" data-celllook=\"0\"><span data-contrast=\"none\">tag<\/span><span data-ccp-props=\"{&quot;134233118&quot;:true,&quot;201341983&quot;:0,&quot;335559740&quot;:259}\">\u00a0<\/span><\/td> <\/tr> <tr> <td style=\"width: 445.25px;text-align: center\" data-celllook=\"0\"><span data-contrast=\"none\">Egyetemi Szen\u00e1tus<\/span><span data-ccp-props=\"{&quot;134233118&quot;:true,&quot;201341983&quot;:0,&quot;335559740&quot;:259}\">\u00a0<\/span><\/td> <td style=\"width: 75.6833px;text-align: center\" data-celllook=\"0\"> <p><span data-contrast=\"none\">2020\u20132022;<\/span><\/p> <p><span data-ccp-props=\"{&quot;134233118&quot;:true,&quot;201341983&quot;:0,&quot;335559740&quot;:259}\">2024\u2013<\/span><\/td> <td style=\"width: 297.067px;text-align: center\" data-celllook=\"0\"><span data-contrast=\"none\">tag\u00a0 (beosztott oktat\u00f3-kutat\u00f3)<\/span><span data-ccp-props=\"{&quot;134233118&quot;:true,&quot;201341983&quot;:0,&quot;335559740&quot;:259}\">\u00a0<\/span><\/td> <\/tr> <tr> <td style=\"width: 445.25px;text-align: center\" data-celllook=\"0\"><span data-contrast=\"none\">Egyetemi Honlap Bizotts\u00e1g<\/span><span data-ccp-props=\"{&quot;134233118&quot;:true,&quot;201341983&quot;:0,&quot;335559740&quot;:259}\">\u00a0<\/span><\/td> <td style=\"width: 75.6833px;text-align: center\" data-celllook=\"0\"><span data-contrast=\"none\">2020\u2013<\/span><span data-ccp-props=\"{&quot;134233118&quot;:true,&quot;201341983&quot;:0,&quot;335559740&quot;:259}\">\u00a0<\/span><\/td> <td style=\"width: 297.067px;text-align: center\" data-celllook=\"0\"><span data-contrast=\"none\">tag<\/span><span data-contrast=\"none\">\u00a0<\/span><span data-ccp-props=\"{&quot;201341983&quot;:0,&quot;335559739&quot;:0,&quot;335559740&quot;:240}\">\u00a0<\/span><\/td> <\/tr> <tr> <td style=\"width: 445.25px;text-align: center\" data-celllook=\"0\"><span data-contrast=\"none\">Davis-Thompson Foundation<\/span><span data-ccp-props=\"{&quot;134233118&quot;:true,&quot;201341983&quot;:0,&quot;335559740&quot;:259}\">\u00a0<\/span><\/td> <td style=\"width: 75.6833px;text-align: center\" data-celllook=\"0\"><span data-contrast=\"none\">2021\u2013<\/span><span data-ccp-props=\"{&quot;134233118&quot;:true,&quot;201341983&quot;:0,&quot;335559740&quot;:259}\">\u00a0<\/span><\/td> <td style=\"width: 297.067px;text-align: center\" data-celllook=\"0\"><span data-contrast=\"none\">tag<\/span><span data-ccp-props=\"{&quot;201341983&quot;:0,&quot;335559739&quot;:0,&quot;335559740&quot;:240}\">\u00a0<\/span><\/td> <\/tr> <\/tbody> <\/table> <p><b><span data-contrast=\"none\">Eddigi lez\u00e1rt szakdolgozat\/TDK hallgat\u00f3k sz\u00e1ma: 30<\/span><\/b><span data-ccp-props=\"{&quot;134233118&quot;:true,&quot;201341983&quot;:0,&quot;335559739&quot;:160,&quot;335559740&quot;:240}\">\u00a0<\/span><\/p> <p><span data-contrast=\"none\">&#8211;<\/span> <span data-contrast=\"none\">23 szakdolgozatos gradu\u00e1lis hallgat\u00f3 t\u00e9mavezet\u00e9se\u00a0<\/span><\/p> <p><span data-contrast=\"none\">&#8211;<\/span> <span data-contrast=\"none\">7 TDK dolgozat t\u00e9mavezet\u00e9se<\/span><\/p> <p>&#8211;\u00a0 12 TDK\/szakdolgozat folyamatban<\/p> <p><b><span data-contrast=\"none\">Eddigi PhD hallgat\u00f3k sz\u00e1ma: 0<\/span><\/b><span data-ccp-props=\"{&quot;134233118&quot;:true,&quot;201341983&quot;:0,&quot;335559739&quot;:160,&quot;335559740&quot;:240}\">\u00a0<\/span><\/p> <p><b><span data-contrast=\"none\">Publik\u00e1ci\u00f3s lista (Top10) id\u0151rendben<\/span><\/b><\/p> <p><span data-contrast=\"none\">MTMT azonos\u00edt\u00f3ja: 10051881<\/span><span data-ccp-props=\"{&quot;134233118&quot;:true,&quot;201341983&quot;:0,&quot;335559739&quot;:160,&quot;335559740&quot;:240}\">\u00a0<\/span><\/p> <table style=\"height: 285px\" width=\"1235\"> <tbody> <tr> <td style=\"width: 35.0333px\">1.<\/td> <td style=\"width: 1183.97px\"><span data-contrast=\"auto\">Lakatos, B., Demeter, Z., Palade, A., Mari, V., <\/span><b><span data-contrast=\"auto\">Szilasi, A.,<\/span><\/b><span data-contrast=\"auto\"> Decaro, N., Rusvai, M.: A kuty\u00e1k pantropikus coronav\u00edrusfert\u0151z\u00e9s\u00e9nek kimutat\u00e1sa Magyarorsz\u00e1gon, MAGYAR \u00c1LLATORVOSOK LAPJA, 135. 41-47, 2013.<\/span><span data-ccp-props=\"{&quot;201341983&quot;:0,&quot;335559739&quot;:160,&quot;335559740&quot;:259}\">\u00a0<\/span><\/td> <\/tr> <tr> <td style=\"width: 35.0333px\">2.<\/td> <td style=\"width: 1183.97px\"><b><span data-contrast=\"auto\">Szilasi A.,<\/span><\/b><span data-contrast=\"auto\"> Balka Gy.: A macsk\u00e1k retrov\u00edrus fert\u0151z\u00e9sei: Feline Immunodeficiency Virus (FIV) Irodalmi \u00e1ttekint\u00e9s 1. r\u00e9sz, MAGYAR \u00c1LLATORVOSOK LAPJA, 137. 351-360, 2015.<\/span><span data-ccp-props=\"{&quot;201341983&quot;:0,&quot;335559739&quot;:160,&quot;335559740&quot;:259}\">\u00a0<\/span><\/td> <\/tr> <tr> <td style=\"width: 35.0333px\">3.<\/td> <td style=\"width: 1183.97px\"><b><span data-contrast=\"auto\">Szilasi A.,<\/span><\/b><span data-contrast=\"auto\"> Reinhard, E., Balka Gy.: A macsk\u00e1k retrov\u00edrus fert\u0151z\u00e9sei: Feline Immunodeficiency Virus (FIV) Irodalmi \u00e1ttekint\u00e9s 2. r\u00e9sz, MAGYAR \u00c1LLATORVOSOK LAPJA, 137. 729-738, 2015<\/span><span data-ccp-props=\"{&quot;201341983&quot;:0,&quot;335559739&quot;:160,&quot;335559740&quot;:259}\">\u00a0<\/span><\/td> <\/tr> <tr> <td style=\"width: 35.0333px\">4.<\/td> <td style=\"width: 1183.97px\"><b><span data-contrast=\"auto\">Szilasi, A.,<\/span><\/b><span data-contrast=\"auto\"> D\u00e9nes, L., Balka, Gy.: A macsk\u00e1k retrov\u00edrus fert\u0151z\u00e9sei: Feline Leukemia Virus (FeLV) Irodalmi \u00e1ttekint\u00e9s, MAGYAR \u00c1LLATORVOSOK LAPJA, 140. 457-472, 2018<\/span><span data-ccp-props=\"{&quot;201341983&quot;:0,&quot;335559739&quot;:160,&quot;335559740&quot;:259}\">\u00a0<\/span><\/td> <\/tr> <tr> <td style=\"width: 35.0333px\">5.<\/td> <td style=\"width: 1183.97px\"><span data-contrast=\"auto\">D\u00e9nes, L., Biksi, I., Albert, M., Szeredi, L., Knapp, D. G., <\/span><b><span data-contrast=\"auto\">Szilasi, A.<\/span><\/b><span data-contrast=\"auto\">, B\u00e1lint, \u00c1., Balka, Gy.: Detection and phylogenetic characterization of atypicalporcine pestivirus strains in Hungary, TRANSBOUNDARY AND EMERGING DISEASES, 65. 2039-2042, 2018<\/span><span data-ccp-props=\"{&quot;201341983&quot;:0,&quot;335559739&quot;:160,&quot;335559740&quot;:259}\">\u00a0<\/span><\/td> <\/tr> <tr> <td style=\"width: 35.0333px\">6.<\/td> <td style=\"width: 1183.97px\"><b><span data-contrast=\"auto\">Szilasi, A.,<\/span><\/b><span data-contrast=\"auto\"> D\u00e9nes, L., Krik\u00f3, E., Heenemann, K., Ertl, R., M\u00e1ndoki, M., Vahlenkamp T. W., Balka, Gy.: Prevalence of feline immunodeficiency virus and feline leukaemia virus in domestic cats in Hungary, JOURNAL OF FELINE MEDICINE AND SURGERY OPEN REPORTS, 5(2). 1-7, 2019.<\/span><span data-ccp-props=\"{&quot;201341983&quot;:0,&quot;335559739&quot;:160,&quot;335559740&quot;:259}\">\u00a0<\/span><\/td> <\/tr> <tr> <td style=\"width: 35.0333px\">7.<\/td> <td style=\"width: 1183.97px\"><b><span data-contrast=\"auto\">Szilasi, A.,<\/span><\/b><span data-contrast=\"auto\"> D\u00e9nes, L., Jakab, Cs., Erd\u00e9lyi, I., Resende, T., Vannucci, F., Csomor, J., M\u00e1ndoki, M., Balka, Gy.: In situ hybridization of feline leukemia virus in a primary neural B-cell lymphoma, JOURNAL OF VETERINARY DIAGNOSTIC INVESTIGATION, 32(3). 454-457, 2020<\/span><span data-ccp-props=\"{&quot;201341983&quot;:0,&quot;335559739&quot;:160,&quot;335559740&quot;:259}\">\u00a0<\/span><\/td> <\/tr> <tr> <td style=\"width: 35.0333px\">8.<\/td> <td style=\"width: 1183.97px\"><b><span data-contrast=\"auto\">Szilasi, A.,<\/span><\/b><span data-contrast=\"auto\"> D\u00e9nes, L., Krik\u00f3, E., Murray, C., M\u00e1ndoki, M., Balka, Gy.: Prevalence of feline leukaemia virus and feline immunodeficiency virus in domestic cats in Ireland, ACTA VETERINARIA HUNGARICA, 68(4). 413-420, 2020<\/span><span data-ccp-props=\"{&quot;201341983&quot;:0,&quot;335559739&quot;:160,&quot;335559740&quot;:259}\">\u00a0<\/span><\/td> <\/tr> <tr> <td style=\"width: 35.0333px\">9.<\/td> <td style=\"width: 1183.97px\"><span data-contrast=\"auto\">Menyh\u00e9rt, Zs., Vizi, Zs., <\/span><b><span data-contrast=\"auto\">Szilasi, A.<\/span><\/b><span data-contrast=\"auto\">: T\u00fcd\u0151-leishmaniasis kuty\u00e1ban, Esetismertet\u00e9s \u00e9s irodalmi \u00e1ttekint\u00e9s, MAGYAR \u00c1LLATORVOSOK LAPJA, 142. 163-176, 2020.<\/span><span data-ccp-props=\"{&quot;201341983&quot;:0,&quot;335559739&quot;:160,&quot;335559740&quot;:259}\">\u00a0<\/span><\/td> <\/tr> <tr> <td style=\"width: 35.0333px\">10.<\/td> <td style=\"width: 1183.97px\"><span data-contrast=\"auto\">D\u00e9nes, L., Ruedas-Torres, I., <\/span><b><span data-contrast=\"auto\">Szilasi, A.<\/span><\/b><span data-contrast=\"auto\">, Balka, Gy.: Detection and localization of atypical porcine pestivirus in the testicles of naturally infected, congenital tremor affected piglets, TRANSBOUNDARY AND EMERGING DISEASES, https:\/\/doi.org\/10.1111\/tbed.14355, 2021<\/span><span data-ccp-props=\"{&quot;201341983&quot;:0,&quot;335559739&quot;:160,&quot;335559740&quot;:259}\">\u00a0<\/span><\/td> <\/tr> <\/tbody> <\/table> <p><span data-ccp-props=\"{&quot;134233118&quot;:true,&quot;201341983&quot;:0,&quot;335559739&quot;:160,&quot;335559740&quot;:240}\">\u00a0<\/span><\/p> <p>&nbsp;<\/p> <p>&nbsp;<\/p>","protected":false},"excerpt":{"rendered":"<p>Bemutatkoz\u00e1s\u00a0\u00a0\u00a0\u00a0 \u00c1llatorvosi diplom\u00e1mat 2014-ben vehettem \u00e1t az akkori Szent Istv\u00e1n Egyetem \u00c1llatorvostudom\u00e1nyi Kar\u00e1n. Ebben az \u00e9vben tansz\u00e9ki \u00e1llatorvosk\u00e9nt kezdtem dolgozni a Patol\u00f3giai Tansz\u00e9ken. Ezt k\u00f6vet\u0151en Dr. Balka Gyula t\u00e9mavezet\u00e9s\u00e9vel 2015 szeptember\u00e9t\u0151l PhD-hallgat\u00f3k\u00e9nt, ezt k\u00f6vet\u0151en 2018-t\u00f3l eleinte tansz\u00e9ki \u00e1llatorvosk\u00e9nt, majd egyetemi tan\u00e1rseg\u00e9dk\u00e9nt, 2022-t\u0151l egyetemi adjunktusk\u00e9nt dolgozom az \u00c1llatorvostudom\u00e1nyi Egyetem Patol\u00f3giai Tansz\u00e9k\u00e9n, ahol a kezdetekt\u0151l akt\u00edvan r\u00e9szt<\/p>\n","protected":false},"author":5824,"featured_media":0,"parent":858,"menu_order":210,"comment_status":"closed","ping_status":"closed","template":"","meta":{"_acf_changed":false,"footnotes":""},"categories":[56],"tags":[],"class_list":["post-4738","page","type-page","status-publish","hentry","category-munkatarsak"],"acf":[],"_links":{"self":[{"href":"https:\/\/univet.hu\/hu\/wp-json\/wp\/v2\/pages\/4738","targetHints":{"allow":["GET"]}}],"collection":[{"href":"https:\/\/univet.hu\/hu\/wp-json\/wp\/v2\/pages"}],"about":[{"href":"https:\/\/univet.hu\/hu\/wp-json\/wp\/v2\/types\/page"}],"author":[{"embeddable":true,"href":"https:\/\/univet.hu\/hu\/wp-json\/wp\/v2\/users\/5824"}],"replies":[{"embeddable":true,"href":"https:\/\/univet.hu\/hu\/wp-json\/wp\/v2\/comments?post=4738"}],"version-history":[{"count":4,"href":"https:\/\/univet.hu\/hu\/wp-json\/wp\/v2\/pages\/4738\/revisions"}],"predecessor-version":[{"id":202446,"href":"https:\/\/univet.hu\/hu\/wp-json\/wp\/v2\/pages\/4738\/revisions\/202446"}],"up":[{"embeddable":true,"href":"https:\/\/univet.hu\/hu\/wp-json\/wp\/v2\/pages\/858"}],"wp:attachment":[{"href":"https:\/\/univet.hu\/hu\/wp-json\/wp\/v2\/media?parent=4738"}],"wp:term":[{"taxonomy":"category","embeddable":true,"href":"https:\/\/univet.hu\/hu\/wp-json\/wp\/v2\/categories?post=4738"},{"taxonomy":"post_tag","embeddable":true,"href":"https:\/\/univet.hu\/hu\/wp-json\/wp\/v2\/tags?post=4738"}],"curies":[{"name":"wp","href":"https:\/\/api.w.org\/{rel}","templated":true}]}}