{"id":4753,"date":"2018-04-24T15:18:00","date_gmt":"2018-04-24T13:18:00","guid":{"rendered":"http:\/\/univet.hu\/egyetem\/munkatarsak\/szoke-tunde\/"},"modified":"2026-02-10T04:00:22","modified_gmt":"2026-02-10T03:00:22","slug":"szoke-tunde","status":"publish","type":"page","link":"https:\/\/univet.hu\/hu\/egyetem\/munkatarsak\/szoke-tunde\/","title":{"rendered":"Sz\u0151ke T\u00fcnde"},"content":{"rendered":"<p style=\"text-align: center;\"><b><span data-contrast=\"none\"><span style=\"font-size: 14pt;\">Bemutatkoz\u00e1s\u00a0<\/span>\u00a0<\/span><\/b><\/p> <ol start=\"2018\"> <li><span data-contrast=\"auto\"> m\u00e1rcius\u00e1t\u00f3l dolgozom a Patol\u00f3giai Tansz\u00e9ken.<\/span><\/li> <\/ol> <p><span data-contrast=\"auto\">Feladataim k\u00f6z\u00e9 tartozik a tansz\u00e9k szem\u00e9lyi, p\u00e9nz\u00fcgyi, gazdas\u00e1gi \u00fcgyeinek az int\u00e9z\u00e9se, valamint munkav\u00e9delmi felel\u0151sk\u00e9nt is tev\u00e9kenykedem.<\/span><span data-ccp-props=\"{&quot;134233118&quot;:true,&quot;201341983&quot;:0,&quot;335559739&quot;:160,&quot;335559740&quot;:240}\">\u00a0<\/span><\/p> <p><span data-ccp-props=\"{&quot;134233118&quot;:true,&quot;201341983&quot;:0,&quot;335559739&quot;:160,&quot;335559740&quot;:240}\">\u00a0<\/span><\/p>","protected":false},"excerpt":{"rendered":"<p>Bemutatkoz\u00e1s\u00a0\u00a0 m\u00e1rcius\u00e1t\u00f3l dolgozom a Patol\u00f3giai Tansz\u00e9ken. Feladataim k\u00f6z\u00e9 tartozik a tansz\u00e9k szem\u00e9lyi, p\u00e9nz\u00fcgyi, gazdas\u00e1gi \u00fcgyeinek az int\u00e9z\u00e9se, valamint munkav\u00e9delmi felel\u0151sk\u00e9nt is tev\u00e9kenykedem.\u00a0 \u00a0<\/p>\n","protected":false},"author":5824,"featured_media":0,"parent":858,"menu_order":210,"comment_status":"closed","ping_status":"closed","template":"","meta":{"_acf_changed":false,"footnotes":""},"categories":[56],"tags":[],"class_list":["post-4753","page","type-page","status-publish","hentry","category-munkatarsak"],"acf":[],"_links":{"self":[{"href":"https:\/\/univet.hu\/hu\/wp-json\/wp\/v2\/pages\/4753","targetHints":{"allow":["GET"]}}],"collection":[{"href":"https:\/\/univet.hu\/hu\/wp-json\/wp\/v2\/pages"}],"about":[{"href":"https:\/\/univet.hu\/hu\/wp-json\/wp\/v2\/types\/page"}],"author":[{"embeddable":true,"href":"https:\/\/univet.hu\/hu\/wp-json\/wp\/v2\/users\/5824"}],"replies":[{"embeddable":true,"href":"https:\/\/univet.hu\/hu\/wp-json\/wp\/v2\/comments?post=4753"}],"version-history":[{"count":1,"href":"https:\/\/univet.hu\/hu\/wp-json\/wp\/v2\/pages\/4753\/revisions"}],"predecessor-version":[{"id":199564,"href":"https:\/\/univet.hu\/hu\/wp-json\/wp\/v2\/pages\/4753\/revisions\/199564"}],"up":[{"embeddable":true,"href":"https:\/\/univet.hu\/hu\/wp-json\/wp\/v2\/pages\/858"}],"wp:attachment":[{"href":"https:\/\/univet.hu\/hu\/wp-json\/wp\/v2\/media?parent=4753"}],"wp:term":[{"taxonomy":"category","embeddable":true,"href":"https:\/\/univet.hu\/hu\/wp-json\/wp\/v2\/categories?post=4753"},{"taxonomy":"post_tag","embeddable":true,"href":"https:\/\/univet.hu\/hu\/wp-json\/wp\/v2\/tags?post=4753"}],"curies":[{"name":"wp","href":"https:\/\/api.w.org\/{rel}","templated":true}]}}