{"id":4771,"date":"2018-01-23T10:48:00","date_gmt":"2018-01-23T09:48:00","guid":{"rendered":"http:\/\/univet.hu\/egyetem\/munkatarsak\/takacs-nora\/"},"modified":"2026-02-10T04:02:35","modified_gmt":"2026-02-10T03:02:35","slug":"takacs-nora","status":"publish","type":"page","link":"https:\/\/univet.hu\/hu\/egyetem\/munkatarsak\/takacs-nora\/","title":{"rendered":"Tak\u00e1cs N\u00f3ra"},"content":{"rendered":"<p><strong>Bemutatkoz\u00e1s\u00a0\u00a0<\/strong><\/p> <p>A Budapesti M\u0171szaki \u00e9s Gazdas\u00e1gtudom\u00e1nyi Egyetem Vegy\u00e9szm\u00e9rn\u00f6ki Kar\u00e1n v\u00e9geztem okleveles biom\u00e9rn\u00f6kk\u00e9nt. 2013 \u00f3ta dolgozom a Parazitol\u00f3giai \u00e9s \u00c1llattani Tansz\u00e9ken, ahol molekul\u00e1ris biol\u00f3giai m\u00f3dszerekkel foglalkozom.<\/p> <p><strong>F\u0151bb kutat\u00e1si ter\u00fcletek <\/strong><\/p> <p><strong>El\u0151rehalad\u00e1s<\/strong><\/p> <p><strong>Szakmai szervezeti tags\u00e1g<\/strong><\/p> <p><strong>Eddigi szakdolgozat\/TDK hallgat\u00f3k sz\u00e1ma: <\/strong><\/p> <table width=\"569\"> <tbody> <tr> <td colspan=\"2\" width=\"569\"><strong>PhD-hallgat\u00f3k<\/strong><\/td> <\/tr> <\/tbody> <\/table> <p><strong>Publik\u00e1ci\u00f3s lista (Top10)<\/strong><\/p> <p>MTMT:<\/p> <p>&nbsp;<\/p> <table style=\"height: 324px;\" width=\"988\"> <tbody> <tr> <td style=\"width: 61.0167px; text-align: center;\">1.<\/td> <td style=\"width: 912.183px; text-align: center;\">Hornok, S ; Kov\u00e1ts, D ; Cs\u00f6rg\u0151, T ; Meli, ML ; G\u00f6nczi, E ; Hadnagy, Z ; Tak\u00e1cs, N ; Farkas, R ; Hofmann-Lehmann, R:Birds as potential reservoirs of tick-borne pathogens: First evidence of bacteraemia with Rickettsia helvetica\u00a0 PARASITES AND VECTORS 7 : 1 Paper: 128 , 7 p. (2014)<\/td> <\/tr> <tr> <td style=\"width: 61.0167px; text-align: center;\">2.<\/td> <td style=\"width: 912.183px; text-align: center;\">Robert, Farkas ; Norbert, Solymosi ; N\u00f3ra, Tak\u00e1cs ; \u00c1kos, Horny\u00e1k ; S\u00e1ndor, Hornok ; Yaarit, Nachum-Biala ; Gad, Baneth:\u00a0 First molecular evidence of Hepatozoon canis infection in red foxes and golden jackals from Hungary.\u00a0 PARASITES AND VECTORS 7 Paper: 303 , 7 p. (2014<\/td> <\/tr> <tr> <td style=\"width: 61.0167px; text-align: center;\">3.<\/td> <td style=\"width: 912.183px; text-align: center;\">S\u00e1ndor, Hornok ; Marina, L Meli ; Enik\u0151, G\u00f6nczi ; Edina, Hal\u00e1sz ; N\u00f3ra, Tak\u00e1cs ; R\u00f3bert, Farkas ; Regina, Hofmann-Lehmann: Occurrence of ticks and prevalence of Anaplasma phagocytophilum and Borrelia burgdorferi s.l. in three types of urban biotopes: Forests, parks and cemeteries TICKS AND TICK-BORNE DISEASES 5 : 6 pp. 785-789. , 5 p. (2014)<\/td> <\/tr> <tr> <td style=\"width: 61.0167px; text-align: center;\">4.<\/td> <td style=\"width: 912.183px; text-align: center;\">S, Hornok ; B, Flaisz ; N, Tak\u00e1cs ; J, Kontsch\u00e1n ; T, Cs\u00f6rg\u0151 ; \u00c1, Csipak ; B R, Jaksa ; D, Kov\u00e1ts: Bird ticks in Hungary reflect western, southern, eastern flyway connections and two genetic lineages of Ixodes frontalis and Haemaphysalis concinna PARASITES AND VECTORS 9 Paper: 101 , 9 p. (2016)<\/td> <\/tr> <tr> <td style=\"width: 61.0167px; text-align: center;\">5.<\/td> <td style=\"width: 912.183px; text-align: center;\">Hornok, S ; Sz\u0151ke, K ; Kov\u00e1ts, D ; Est\u00f3k, P ; G\u00f6rf\u00f6l, T ; Boldogh, SA ; Tak\u00e1cs, N ; Kontsch\u00e1n, J ; F\u00f6ldv\u00e1ri, G ; Barti, L et al.: DNA of piroplasms of ruminants and dogs in ixodid bat ticks PLOS ONE 11 : 12 Paper: e0167735 , 14 p. (2016)<\/td> <\/tr> <tr> <td style=\"width: 61.0167px; text-align: center;\">6.<\/td> <td style=\"width: 912.183px; text-align: center;\">Hornok, S ; Est\u00f3k, P ; Kov\u00e1ts, D ; Flaisz, B ; Tak\u00e1cs, N ; Sz\u0151ke, K ; Krawczyk, A ; Kontsch\u00e1n, J ; Gyuranecz, M ; Fed\u00e1k, A et al.: Screening of bat faeces for arthropod-borne apicomplexan protozoa: Babesia canis and Besnoitia besnoiti-like sequences from Chiroptera PARASITES AND VECTORS 8 Paper: 441 , 6 p. (2015)<\/td> <\/tr> <tr> <td style=\"width: 61.0167px; text-align: center;\">7.<\/td> <td style=\"width: 912.183px; text-align: center;\">Yaarit, Nachum-Biala ; Gad, Baneth ; Farkas, R ; Takacs, N ; Horny\u00e1k, A ; Hornok, S: \u00a0 First report on Babesia cf. microti infection of red foxes (Vulpes vulpes) from Hungary\u00a0 PARASITES AND VECTORS 8 Paper: 55 , 6 p. (2015)<\/td> <\/tr> <tr> <td style=\"width: 61.0167px; text-align: center;\">8.<\/td> <td style=\"width: 912.183px; text-align: center;\">Hornok, S\u00e1ndor ; Sz\u0151ke, Krisztina ; Meli, Marina L. ; S\u00e1ndor, Attila D. ; G\u00f6rf\u00f6l, Tam\u00e1s ; Est\u00f3k, P\u00e9ter ; Wang, Yuanzhi ; Tu, Vuong Tan ; Kov\u00e1ts, D\u00e1vid ; Boldogh, S\u00e1ndor A. et al.: Molecular detection of vector-borne bacteria in bat ticks (Acari: Ixodidae, Argasidae) from eight countries of the Old and New Worlds PARASITES AND VECTORS 12 : 1 Paper: 50 , 7 p. (2019)<\/td> <\/tr> <tr> <td style=\"width: 61.0167px; text-align: center;\">9.<\/td> <td style=\"width: 912.183px; text-align: center;\">Hornok, S\u00e1ndor ; D S\u00e1ndor, Attila ; Beck, Relja ; Farkas, R\u00f3bert ; Beati, Lorenza ; Kontsch\u00e1n, Jen\u0151 ; Tak\u00e1cs, N\u00f3ra ; F\u00f6ldv\u00e1ri, G\u00e1bor ; Silaghi, Cornelia ; Meyer-Kayser, Elisabeth et al.: Contributions to the phylogeny of Ixodes (Pholeoixodes) canisuga, I. (Ph.) kaiseri, I. (Ph.) hexagonus and a simple pictorial key for the identification of their females PARASITES AND VECTORS 10 Paper: 545 , 12 p. (2017)<\/td> <\/tr> <tr> <td style=\"width: 61.0167px; text-align: center;\">10.<\/td> <td style=\"width: 912.183px; text-align: center;\">Hornok, S ; Mester, A ; Tak\u00e1cs, N ; Fern\u00e1ndez, de Mera IG ; de la, Fuente J ; Farkas, R:\u00a0 Re-emergence of bovine piroplasmosis in Hungary: has the etiological role of Babesia divergens been taken over by B. major and Theileria buffeli?\u00a0 PARASITES AND VECTORS 7 Paper: 434 , 4 p. (2014)<\/td> <\/tr> <\/tbody> <\/table> <p>&nbsp;<\/p>","protected":false},"excerpt":{"rendered":"<p>Bemutatkoz\u00e1s\u00a0\u00a0 A Budapesti M\u0171szaki \u00e9s Gazdas\u00e1gtudom\u00e1nyi Egyetem Vegy\u00e9szm\u00e9rn\u00f6ki Kar\u00e1n v\u00e9geztem okleveles biom\u00e9rn\u00f6kk\u00e9nt. 2013 \u00f3ta dolgozom a Parazitol\u00f3giai \u00e9s \u00c1llattani Tansz\u00e9ken, ahol molekul\u00e1ris biol\u00f3giai m\u00f3dszerekkel foglalkozom. F\u0151bb kutat\u00e1si ter\u00fcletek El\u0151rehalad\u00e1s Szakmai szervezeti tags\u00e1g Eddigi szakdolgozat\/TDK hallgat\u00f3k sz\u00e1ma: PhD-hallgat\u00f3k Publik\u00e1ci\u00f3s lista (Top10) MTMT: &nbsp; 1. Hornok, S ; Kov\u00e1ts, D ; Cs\u00f6rg\u0151, T ; Meli, ML ;<\/p>\n","protected":false},"author":5824,"featured_media":0,"parent":858,"menu_order":211,"comment_status":"closed","ping_status":"closed","template":"","meta":{"_acf_changed":false,"footnotes":""},"categories":[56],"tags":[],"class_list":["post-4771","page","type-page","status-publish","hentry","category-munkatarsak"],"acf":[],"_links":{"self":[{"href":"https:\/\/univet.hu\/hu\/wp-json\/wp\/v2\/pages\/4771","targetHints":{"allow":["GET"]}}],"collection":[{"href":"https:\/\/univet.hu\/hu\/wp-json\/wp\/v2\/pages"}],"about":[{"href":"https:\/\/univet.hu\/hu\/wp-json\/wp\/v2\/types\/page"}],"author":[{"embeddable":true,"href":"https:\/\/univet.hu\/hu\/wp-json\/wp\/v2\/users\/5824"}],"replies":[{"embeddable":true,"href":"https:\/\/univet.hu\/hu\/wp-json\/wp\/v2\/comments?post=4771"}],"version-history":[{"count":1,"href":"https:\/\/univet.hu\/hu\/wp-json\/wp\/v2\/pages\/4771\/revisions"}],"predecessor-version":[{"id":199664,"href":"https:\/\/univet.hu\/hu\/wp-json\/wp\/v2\/pages\/4771\/revisions\/199664"}],"up":[{"embeddable":true,"href":"https:\/\/univet.hu\/hu\/wp-json\/wp\/v2\/pages\/858"}],"wp:attachment":[{"href":"https:\/\/univet.hu\/hu\/wp-json\/wp\/v2\/media?parent=4771"}],"wp:term":[{"taxonomy":"category","embeddable":true,"href":"https:\/\/univet.hu\/hu\/wp-json\/wp\/v2\/categories?post=4771"},{"taxonomy":"post_tag","embeddable":true,"href":"https:\/\/univet.hu\/hu\/wp-json\/wp\/v2\/tags?post=4771"}],"curies":[{"name":"wp","href":"https:\/\/api.w.org\/{rel}","templated":true}]}}