{"id":4780,"date":"2016-08-02T15:33:00","date_gmt":"2016-08-02T13:33:00","guid":{"rendered":"http:\/\/univet.hu\/egyetem\/munkatarsak\/tari-klaudia\/"},"modified":"2026-02-10T04:00:49","modified_gmt":"2026-02-10T03:00:49","slug":"galambos-eszter","status":"publish","type":"page","link":"https:\/\/univet.hu\/hu\/egyetem\/munkatarsak\/galambos-eszter\/","title":{"rendered":"Galambos Eszter"},"content":{"rendered":"<p>2019 \u00f3ta dolgozom az egyetem <span data-olk-copy-source=\"MessageBody\">Egzotikus\u00e1llat-, Vad-, Hal- \u00e9s M\u00e9heg\u00e9szs\u00e9g\u00fcgyi Tansz\u00e9k<\/span>\u00e9n, mint gazdas\u00e1gi \u00fcgyint\u00e9z\u0151, titk\u00e1rn\u0151. Napi feladataim k\u00f6z\u00e9 tartozik a tansz\u00e9k beszerz\u00e9si feladatai, hallgat\u00f3kkal val\u00f3 kapcsolattart\u00e1s, illetve koll\u00e9g\u00e1im munk\u00e1j\u00e1nak seg\u00edt\u00e9se. Telefonon \u00e9s emailben egyar\u00e1nt t\u00f6rekszem a gyors \u00e9s prec\u00edz munkav\u00e9gz\u00e9sre, hat\u00e9konys\u00e1gra.<\/p>","protected":false},"excerpt":{"rendered":"<p>2019 \u00f3ta dolgozom az egyetem Egzotikus\u00e1llat-, Vad-, Hal- \u00e9s M\u00e9heg\u00e9szs\u00e9g\u00fcgyi Tansz\u00e9k\u00e9n, mint gazdas\u00e1gi \u00fcgyint\u00e9z\u0151, titk\u00e1rn\u0151. Napi feladataim k\u00f6z\u00e9 tartozik a tansz\u00e9k beszerz\u00e9si feladatai, hallgat\u00f3kkal val\u00f3 kapcsolattart\u00e1s, illetve koll\u00e9g\u00e1im munk\u00e1j\u00e1nak seg\u00edt\u00e9se. Telefonon \u00e9s emailben egyar\u00e1nt t\u00f6rekszem a gyors \u00e9s prec\u00edz munkav\u00e9gz\u00e9sre, hat\u00e9konys\u00e1gra.<\/p>\n","protected":false},"author":5824,"featured_media":0,"parent":858,"menu_order":211,"comment_status":"closed","ping_status":"closed","template":"","meta":{"_acf_changed":false,"footnotes":""},"categories":[56],"tags":[],"class_list":["post-4780","page","type-page","status-publish","hentry","category-munkatarsak"],"acf":[],"_links":{"self":[{"href":"https:\/\/univet.hu\/hu\/wp-json\/wp\/v2\/pages\/4780","targetHints":{"allow":["GET"]}}],"collection":[{"href":"https:\/\/univet.hu\/hu\/wp-json\/wp\/v2\/pages"}],"about":[{"href":"https:\/\/univet.hu\/hu\/wp-json\/wp\/v2\/types\/page"}],"author":[{"embeddable":true,"href":"https:\/\/univet.hu\/hu\/wp-json\/wp\/v2\/users\/5824"}],"replies":[{"embeddable":true,"href":"https:\/\/univet.hu\/hu\/wp-json\/wp\/v2\/comments?post=4780"}],"version-history":[{"count":1,"href":"https:\/\/univet.hu\/hu\/wp-json\/wp\/v2\/pages\/4780\/revisions"}],"predecessor-version":[{"id":181648,"href":"https:\/\/univet.hu\/hu\/wp-json\/wp\/v2\/pages\/4780\/revisions\/181648"}],"up":[{"embeddable":true,"href":"https:\/\/univet.hu\/hu\/wp-json\/wp\/v2\/pages\/858"}],"wp:attachment":[{"href":"https:\/\/univet.hu\/hu\/wp-json\/wp\/v2\/media?parent=4780"}],"wp:term":[{"taxonomy":"category","embeddable":true,"href":"https:\/\/univet.hu\/hu\/wp-json\/wp\/v2\/categories?post=4780"},{"taxonomy":"post_tag","embeddable":true,"href":"https:\/\/univet.hu\/hu\/wp-json\/wp\/v2\/tags?post=4780"}],"curies":[{"name":"wp","href":"https:\/\/api.w.org\/{rel}","templated":true}]}}