{"id":47815,"date":"2025-10-29T09:34:03","date_gmt":"2025-10-29T08:34:03","guid":{"rendered":"https:\/\/univet.hu\/?page_id=47815"},"modified":"2025-10-29T09:34:44","modified_gmt":"2025-10-29T08:34:44","slug":"nagykovacsi-allatorvosi-rendelo","status":"publish","type":"page","link":"https:\/\/univet.hu\/hu\/oktatas\/tanulmanyi-osztaly\/allasajanlatok\/nagykovacsi-allatorvosi-rendelo\/","title":{"rendered":"Nagykov\u00e1csi \u00c1llatorvosi Rendel\u0151"},"content":{"rendered":"<div dir=\"auto\">2025.10.29<\/div> <div dir=\"auto\"> <div> <p class=\"x_MsoNormal\" data-olk-copy-source=\"MessageBody\">Kedves Koll\u00e9g\u00e1k!<\/p> <\/div> <div> <p class=\"x_MsoNormal\">A Nagykov\u00e1csi \u00c1llatorvosi rendel\u0151be keres\u00fcnk teljes- vagy r\u00e9sz\u00e1ll\u00e1sos \u00e1llatorvost. Kezd\u0151k jelentkez\u00e9s\u00e9t is v\u00e1rjuk.<\/p> <\/div> <div> <p class=\"x_MsoNormal\">A rendel\u0151 Budapest mellett, a 2. ker\u00fclett\u0151l 5 percre tal\u00e1hat\u00f3, busszal is gyorsan el\u00e9rhet\u0151.<\/p> <\/div> <div> <p class=\"x_MsoNormal\">A teljes k\u00f6r\u0171 \u00e1ltal\u00e1nos ell\u00e1t\u00e1s mellett kardiol\u00f3giai szakrendel\u00e9st v\u00e9gz\u00fcnk, kardiol\u00f3giai betegek s\u00fcrg\u0151ss\u00e9gi ell\u00e1t\u00e1s\u00e1val is foglalkozunk.<\/p> <\/div> <div> <p class=\"x_MsoNormal\">Rendel\u0151nk j\u00f3l felszerelt: cs\u00facskateg\u00f3ri\u00e1s kardiol\u00f3giai ultrahang k\u00e9sz\u00fcl\u00e9kek (GE, Philips), k\u00fcl\u00f6n hasi ultrahang k\u00e9sz\u00fcl\u00e9k, direkt digit\u00e1lis r\u00f6ntgen, fog\u00e1szati r\u00f6ntgen, beteg\u0151rz\u0151 monitorok, Mindray Veta 5 altat\u00f3- \u00e9s l\u00e9legeztet\u0151g\u00e9p, \u00faj hematol\u00f3giai automata, biok\u00e9miai automata, hormon automata, EKG, Holter EKG, defibrill\u00e1tor, tonom\u00e9ter, C-\u00edves r\u00f6ntgen, kardiol\u00f3giai kat\u00e9teres m\u0171t\u00e9tek felszerel\u00e9se.<\/p> <\/div> <div> <p class=\"x_MsoNormal\">A munkav\u00e9gz\u00e9st tapsztalt \u00e9s kedves asszisztensek seg\u00edtik.<\/p> <\/div> <div> <p class=\"x_MsoNormal\">Honlapunk:\u00a0<a title=\"http:\/\/www.nagykovacsiallatorvos.hu\" href=\"http:\/\/www.nagykovacsiallatorvos.hu\/\" data-auth=\"NotApplicable\" data-linkindex=\"0\">www.nagykovacsiallatorvos.hu<\/a><\/p> <\/div> <div> <p class=\"x_MsoNormal\"><a title=\"http:\/\/www.kardiovet.hu\" href=\"http:\/\/www.kardiovet.hu\/\" data-auth=\"NotApplicable\" data-linkindex=\"1\">www.kardiovet.hu<\/a><\/p> <\/div> <div> <p class=\"x_MsoNormal\">Jelentkezni a 06 20 296 62 26 telefonsz\u00e1mon vagy az\u00a0<a class=\"decrypt\" rel=\"jogpAobhzlpwbdtjbmmbupswpt\/iv\" href=\"javascript:void(0);\">[Kattintson az emailc\u00edmhez]<\/a>\u00a0c\u00edmen lehet.<\/p> <\/div> <div> <p class=\"x_MsoNormal\">\u00dcdv\u00f6zlettel:<\/p> <\/div> <div> <p class=\"x_MsoNormal\">Dr. Hadusfalvy-Sud\u00e1r Soma<\/p> <\/div> <\/div>","protected":false},"excerpt":{"rendered":"<p>2025.10.29 Kedves Koll\u00e9g\u00e1k! A Nagykov\u00e1csi \u00c1llatorvosi rendel\u0151be keres\u00fcnk teljes- vagy r\u00e9sz\u00e1ll\u00e1sos \u00e1llatorvost. Kezd\u0151k jelentkez\u00e9s\u00e9t is v\u00e1rjuk. A rendel\u0151 Budapest mellett, a 2. ker\u00fclett\u0151l 5 percre tal\u00e1hat\u00f3, busszal is gyorsan el\u00e9rhet\u0151. A teljes k\u00f6r\u0171 \u00e1ltal\u00e1nos ell\u00e1t\u00e1s mellett kardiol\u00f3giai szakrendel\u00e9st v\u00e9gz\u00fcnk, kardiol\u00f3giai betegek s\u00fcrg\u0151ss\u00e9gi ell\u00e1t\u00e1s\u00e1val is foglalkozunk. Rendel\u0151nk j\u00f3l felszerelt: cs\u00facskateg\u00f3ri\u00e1s kardiol\u00f3giai ultrahang k\u00e9sz\u00fcl\u00e9kek (GE, Philips), k\u00fcl\u00f6n<\/p>\n","protected":false},"author":5823,"featured_media":0,"parent":26415,"menu_order":112,"comment_status":"closed","ping_status":"closed","template":"","meta":{"_acf_changed":false,"footnotes":""},"categories":[],"tags":[],"class_list":["post-47815","page","type-page","status-publish","hentry"],"acf":[],"_links":{"self":[{"href":"https:\/\/univet.hu\/hu\/wp-json\/wp\/v2\/pages\/47815","targetHints":{"allow":["GET"]}}],"collection":[{"href":"https:\/\/univet.hu\/hu\/wp-json\/wp\/v2\/pages"}],"about":[{"href":"https:\/\/univet.hu\/hu\/wp-json\/wp\/v2\/types\/page"}],"author":[{"embeddable":true,"href":"https:\/\/univet.hu\/hu\/wp-json\/wp\/v2\/users\/5823"}],"replies":[{"embeddable":true,"href":"https:\/\/univet.hu\/hu\/wp-json\/wp\/v2\/comments?post=47815"}],"version-history":[{"count":4,"href":"https:\/\/univet.hu\/hu\/wp-json\/wp\/v2\/pages\/47815\/revisions"}],"predecessor-version":[{"id":193553,"href":"https:\/\/univet.hu\/hu\/wp-json\/wp\/v2\/pages\/47815\/revisions\/193553"}],"up":[{"embeddable":true,"href":"https:\/\/univet.hu\/hu\/wp-json\/wp\/v2\/pages\/26415"}],"wp:attachment":[{"href":"https:\/\/univet.hu\/hu\/wp-json\/wp\/v2\/media?parent=47815"}],"wp:term":[{"taxonomy":"category","embeddable":true,"href":"https:\/\/univet.hu\/hu\/wp-json\/wp\/v2\/categories?post=47815"},{"taxonomy":"post_tag","embeddable":true,"href":"https:\/\/univet.hu\/hu\/wp-json\/wp\/v2\/tags?post=47815"}],"curies":[{"name":"wp","href":"https:\/\/api.w.org\/{rel}","templated":true}]}}