{"id":4783,"date":"2016-08-02T15:43:00","date_gmt":"2016-08-02T13:43:00","guid":{"rendered":"http:\/\/univet.hu\/egyetem\/munkatarsak\/tarpataki-noemi\/"},"modified":"2026-02-10T04:02:36","modified_gmt":"2026-02-10T03:02:36","slug":"tarpataki-noemi","status":"publish","type":"page","link":"https:\/\/univet.hu\/hu\/egyetem\/munkatarsak\/tarpataki-noemi\/","title":{"rendered":"Tarpataki No\u00e9mi"},"content":{"rendered":"<h2 style=\"text-align: center;\"><span style=\"font-size: 14pt;\">Bemutatkoz\u00e1s<\/span><\/h2> <p>Az \u00c1llatorvostudom\u00e1nyi Egyetemen 1996-ban szerezte \u00e1llatorvos-doktori diplom\u00e1j\u00e1t, majd a Belgy\u00f3gy\u00e1szati Tansz\u00e9ken dolgozott \u00e9s tanult tov\u00e1bb el\u0151bb gyakornokk\u00e9nt majd PhD-hallgat\u00f3k\u00e9nt. Kis\u00e1llatgy\u00f3gy\u00e1sz klinikus szak\u00e1llatorvosi diplom\u00e1j\u00e1t 2003-ban vette \u00e1t. PhD dolgozat\u00e1t 2006-ban v\u00e9dte meg a kuty\u00e1k at\u00f3pi\u00e1s b\u0151rgyullad\u00e1s\u00e1nak t\u00e9mak\u00f6r\u00e9ben. A Belgy\u00f3gy\u00e1szati Tansz\u00e9ken imm\u00e1r habilit\u00e1lt docensk\u00e9nt vesz r\u00e9szt a magyar-angol-n\u00e9met nyelv\u0171 gradu\u00e1lis \u00e9s posztgradu\u00e1lis oktat\u00e1sban a belgy\u00f3gy\u00e1szat, ill. a b\u0151rgy\u00f3gy\u00e1szat t\u00e9mak\u00f6r\u00e9ben \u00e9s a klinikai betegell\u00e1t\u00e1sban, szakrendel\u00e9sen. Eddig t\u00f6bb, mint 40 diplomamunka t\u00e9mavezet\u00e9se, sz\u00e1mos hazai \u00e9s nemzetk\u00f6zi szakmai cikk, \u00f6sszefoglal\u00f3, poszter, prospektus \u00e9s sz\u00e1z feletti szakmai el\u0151ad\u00e1s k\u00f6t\u0151dik a nev\u00e9hez.\u00a0 Rendszeres \u00e9s akt\u00edv r\u00e9sztvev\u0151je a nemzetk\u00f6zi szakmai szervezetek (az ESVD (European Society of Veterinary Dermatology) \u00e1ltal szervezett eur\u00f3pai b\u0151rgy\u00f3gy\u00e1szati konferenci\u00e1knak 2001 \u00f3ta minden \u00e9vben. Az\u00f3ta tagjai az ESVD-nek. A z\u00fcrichi egyetemen (Dermatology Unit, Vetsuisse Faculty, University of Z\u00fcrich) 2013-t\u00f3l 2017-ig az ECVD (European College of Veterinary Dermatology) \u00e1llatorvosi b\u0151rgy\u00f3gy\u00e1sz rezidens-k\u00e9pz\u00e9s\u00e9ben vett r\u00e9szt. Alap\u00edt\u00f3 tagja \u00e9s eln\u00f6ke az 2016-ban megalakult Magyar B\u0151rgy\u00f3gy\u00e1sz \u00c1llatorvosok Egyes\u00fclet\u00e9nek (MB\u00c1E), mely t\u00e1rsas\u00e1g havi rendszeres szakmai \u00f6sszej\u00f6vetel\u00e9nek (Journal Clubj\u00e1nak) az\u00f3ta is akt\u00edv szervez\u0151je. T\u00f6bb MB\u00c1E konferenci\u00e1t szervezett (hazai \u00e9s k\u00fclf\u00f6ldi el\u0151ad\u00f3kkal, illetve az ESVD nemzetk\u00f6zi citol\u00f3giai kurzus\u00e1nak szervez\u00e9s\u00e9ben is seg\u00edtett). Az MB\u00c1E vezet\u0151s\u00e9g seg\u00edts\u00e9g\u00e9vel alak\u00edtotta ki az MB\u00c1E rendes tags\u00e1g\u00e1hoz sz\u00fcks\u00e9ges felt\u00e9telrendszert \u00e9s szervezte meg \u00e9s vezette le az els\u0151 -a rendes tags\u00e1ghoz sz\u00fcks\u00e9ges- szakmai vizsg\u00e1t. A M\u00c1OK \u00e1ltal t\u00e1masztott felt\u00e9telek alapj\u00e1n 2020-t\u00f3l \u201ekamarai b\u0151rgy\u00f3gy\u00e1sz specialista\u201d. Az ECVD \u00e1ltal 2021-ben szervezett nemzetk\u00f6zi b\u0151rgy\u00f3gy\u00e1szati szakvizsga sikeres teljes\u00edt\u00e9se \u00f3ta jogosult a Dipl ECVD c\u00edmre.<\/p> <p>F\u0151bb kutat\u00e1si ter\u00fcletek:<\/p> <ul> <li>kis\u00e1llat &#8211; klinikai immunol\u00f3gia<\/li> <li>kis\u00e1llat-b\u0151rgy\u00f3gy\u00e1szat<\/li> <li>kuty\u00e1k at\u00f3pi\u00e1s dermatitise<\/li> <\/ul> <p><strong>El\u0151rehalad\u00e1s<\/strong><\/p> <p>A kutat\u00e1si t\u00e9m\u00e1kban: PhD, Dipl ECVD<\/p> <p><strong>Szakmai szervezeti tags\u00e1g<\/strong><\/p> <table style=\"height: 148px;\" width=\"600\"> <tbody> <tr style=\"height: 56px;\"> <td style=\"height: 56px; width: 308.467px;\"><strong>Bizotts\u00e1g neve<\/strong><\/td> <td style=\"height: 56px; width: 61.2px;\"><strong>Id\u0151<\/strong><\/td> <td style=\"height: 56px; width: 208.333px;\"><strong>Tiszts\u00e9g<\/strong><\/td> <\/tr> <tr style=\"height: 10px;\"> <td style=\"height: 10px; width: 308.467px;\"><strong>ECVD\u00a0<\/strong><\/td> <td style=\"height: 10px; width: 61.2px;\">\u00a02021<\/td> <td style=\"height: 10px; width: 208.333px;\">\u00a0tag<\/td> <\/tr> <tr style=\"height: 24px;\"> <td style=\"height: 24px; width: 308.467px;\"><strong>ISVD<\/strong><\/td> <td style=\"height: 24px; width: 61.2px;\">\u00a02018<\/td> <td style=\"height: 24px; width: 208.333px;\">\u00a0tag<\/td> <\/tr> <tr style=\"height: 24px;\"> <td style=\"height: 24px; width: 308.467px;\">\u00a0<strong>MB\u00c1E\u00a0<\/strong><\/td> <td style=\"height: 24px; width: 61.2px;\">\u00a02016<\/td> <td style=\"height: 24px; width: 208.333px;\">\u00a0eln\u00f6k<\/td> <\/tr> <tr style=\"height: 24px;\"> <td style=\"height: 24px; width: 308.467px;\">\u00a0<strong>ESVD\u00a0\u00a0<\/strong><\/td> <td style=\"height: 24px; width: 61.2px;\">\u00a02001<\/td> <td style=\"height: 24px; width: 208.333px;\">\u00a0tag<\/td> <\/tr> <tr style=\"height: 10px;\"> <td style=\"height: 10px; width: 308.467px;\">\u00a0<strong>HSAVA<\/strong><\/td> <td style=\"height: 10px; width: 61.2px;\">\u00a01997<\/td> <td style=\"height: 10px; width: 208.333px;\">\u00a0tag<\/td> <\/tr> <\/tbody> <\/table> <p>&nbsp;<\/p> <p><strong>Eddigi szakdolgozat\/TDK hallgat\u00f3k sz\u00e1ma<\/strong><\/p> <p>45<\/p> <p><strong>PhD-hallgat\u00f3k<\/strong><\/p> <p>egy folyamatban<\/p> <p><strong>Publik\u00e1ci\u00f3s lista (Top10)<\/strong><\/p> <p>MTMT:<\/p> <p><a href=\"https:\/\/doktori.hu\/index.php?menuid=192&amp;lang=HU&amp;sz_ID=30443\">https:\/\/doktori.hu\/index.php?menuid=192&amp;lang=HU&amp;sz_ID=30443<\/a><\/p> <table style=\"width: 884px; height: 303px;\"> <tbody> <tr> <td style=\"width: 24.0333px;\">1.<\/td> <td style=\"width: 843.967px;\">2019 Schweickhardt Eszter, Tarpataki No\u00e9mi, T\u00f3th Szabina: A Sarcoptes scabiei var. canis r\u00fch\u00f6ss\u00e9g elk\u00fcl\u00f6n\u00edt\u0151 k\u00f3rjelz\u00e9se \u00e9s kezel\u00e9se fluralaner haszn\u00e1lat\u00e1val, MAGYAR \u00c1LLATORVOSOK LAPJA 141: (7) pp. 425-438.<\/td> <\/tr> <tr> <td style=\"width: 24.0333px;\">2.<\/td> <td style=\"width: 843.967px;\">2018 Tarpataki No\u00e9mi, Thur\u00f3czy Julianna, Fischer Nina, Jacquenet Sandrine, Rostaher Ana, Richard Christelle, Zwickl Lena, Olivry Thierry, Favrot Claude: A pilot study of total and allergen-specific IgE serum levels during anestrous, estrous and pregnancy in healthy female dogs, VETERINARY DERMATOLOGY 29: (4) pp. 329-331<strong>.<\/strong><\/td> <\/tr> <tr> <td style=\"width: 24.0333px;\">3.<\/td> <td style=\"width: 843.967px;\">2018 Fischer N, Tarpataki N, Leidi F, Rostaher A, Favrot C: An open study on the efficacy of a recombinant Der f 2 (Dermatophagoides farinae) immunotherapy in atopic dogs in Hungary and Switzerland, VETERINARY DERMATOLOGY 29: (4) pp. 337-340.<\/td> <\/tr> <tr> <td style=\"width: 24.0333px;\">4.<\/td> <td style=\"width: 843.967px;\">2017 Tarpataki N, Wawrzyniak M, Akdis CA, R\u00fcckert B, Meli ML, Fischer NM, Favrot C, Rostaher A: The effects of cryopreservation on the expression of canine regulatory T-cell markers, VETERINARY DERMATOLOGY 28: (4) pp. 396-e93.<\/td> <\/tr> <tr> <td style=\"width: 24.0333px;\">5.<\/td> <td style=\"width: 843.967px;\">2010 Tarpataki No\u00e9mi : A kuty\u00e1k \u00e9s macsk\u00e1k leggyakoribb b\u0151rbetegs\u00e9gei, Kazincbarcika, 29 p. dokumentum t\u00edpusa: K\u00f6nyv\/Szakk\u00f6nyv<\/td> <\/tr> <tr> <td style=\"width: 24.0333px;\">6.<\/td> <td style=\"width: 843.967px;\">2008 Tarpataki N, Bigler B, Vajdovich P, V\u00f6r\u00f6s K: Comparison between an intradermal skin test and allergen-specific IgE-ELISA for canine atopic dermatitis., SCHWEIZER ARCHIV FUR TIERHEILKUNDE 150: pp. 117-122.<\/td> <\/tr> <tr> <td style=\"width: 24.0333px;\">7.<\/td> <td style=\"width: 843.967px;\">2006 Tarpataki N, Papa K, Reiczigel J, Vajdovich P, Voros K: Prevalence and features of canine atopic dermatitis in Hungary, ACTA VETERINARIA HUNGARICA 54: (3) pp. 353-366.<\/td> <\/tr> <tr> <td style=\"width: 24.0333px;\">8.<\/td> <td style=\"width: 843.967px;\">2004 Tarpataki N, Bagdi N, P\u00e1pa K, Papp L, V\u00f6r\u00f6s K: A specifikus immunter\u00e1pia \u00e9s hazai alkalmaz\u00e1s\u00e1nak tapasztalati at\u00f3pi\u00e1s b\u0151rgyullad\u00e1sban szenved\u0151 kuty\u00e1kban, III. R\u00e9sz: A specifikus immunter\u00e1pia a gyakorlatban (Saj\u00e1t vizsg\u00e1latok)., MAGYAR \u00c1LLATORVOSOK LAPJA 126: pp. 545-552.<\/td> <\/tr> <\/tbody> <\/table> <p>&nbsp;<\/p>","protected":false},"excerpt":{"rendered":"<p>Bemutatkoz\u00e1s Az \u00c1llatorvostudom\u00e1nyi Egyetemen 1996-ban szerezte \u00e1llatorvos-doktori diplom\u00e1j\u00e1t, majd a Belgy\u00f3gy\u00e1szati Tansz\u00e9ken dolgozott \u00e9s tanult tov\u00e1bb el\u0151bb gyakornokk\u00e9nt majd PhD-hallgat\u00f3k\u00e9nt. Kis\u00e1llatgy\u00f3gy\u00e1sz klinikus szak\u00e1llatorvosi diplom\u00e1j\u00e1t 2003-ban vette \u00e1t. PhD dolgozat\u00e1t 2006-ban v\u00e9dte meg a kuty\u00e1k at\u00f3pi\u00e1s b\u0151rgyullad\u00e1s\u00e1nak t\u00e9mak\u00f6r\u00e9ben. A Belgy\u00f3gy\u00e1szati Tansz\u00e9ken imm\u00e1r habilit\u00e1lt docensk\u00e9nt vesz r\u00e9szt a magyar-angol-n\u00e9met nyelv\u0171 gradu\u00e1lis \u00e9s posztgradu\u00e1lis oktat\u00e1sban a belgy\u00f3gy\u00e1szat, ill.<\/p>\n","protected":false},"author":5824,"featured_media":0,"parent":858,"menu_order":211,"comment_status":"closed","ping_status":"closed","template":"","meta":{"_acf_changed":false,"footnotes":""},"categories":[56],"tags":[],"class_list":["post-4783","page","type-page","status-publish","hentry","category-munkatarsak"],"acf":[],"_links":{"self":[{"href":"https:\/\/univet.hu\/hu\/wp-json\/wp\/v2\/pages\/4783","targetHints":{"allow":["GET"]}}],"collection":[{"href":"https:\/\/univet.hu\/hu\/wp-json\/wp\/v2\/pages"}],"about":[{"href":"https:\/\/univet.hu\/hu\/wp-json\/wp\/v2\/types\/page"}],"author":[{"embeddable":true,"href":"https:\/\/univet.hu\/hu\/wp-json\/wp\/v2\/users\/5824"}],"replies":[{"embeddable":true,"href":"https:\/\/univet.hu\/hu\/wp-json\/wp\/v2\/comments?post=4783"}],"version-history":[{"count":1,"href":"https:\/\/univet.hu\/hu\/wp-json\/wp\/v2\/pages\/4783\/revisions"}],"predecessor-version":[{"id":199665,"href":"https:\/\/univet.hu\/hu\/wp-json\/wp\/v2\/pages\/4783\/revisions\/199665"}],"up":[{"embeddable":true,"href":"https:\/\/univet.hu\/hu\/wp-json\/wp\/v2\/pages\/858"}],"wp:attachment":[{"href":"https:\/\/univet.hu\/hu\/wp-json\/wp\/v2\/media?parent=4783"}],"wp:term":[{"taxonomy":"category","embeddable":true,"href":"https:\/\/univet.hu\/hu\/wp-json\/wp\/v2\/categories?post=4783"},{"taxonomy":"post_tag","embeddable":true,"href":"https:\/\/univet.hu\/hu\/wp-json\/wp\/v2\/tags?post=4783"}],"curies":[{"name":"wp","href":"https:\/\/api.w.org\/{rel}","templated":true}]}}