{"id":4789,"date":"2016-08-02T15:43:00","date_gmt":"2016-08-02T13:43:00","guid":{"rendered":"http:\/\/univet.hu\/egyetem\/munkatarsak\/tereine-ban-andrea\/"},"modified":"2026-02-10T04:02:39","modified_gmt":"2026-02-10T03:02:39","slug":"tereine-ban-andrea","status":"publish","type":"page","link":"https:\/\/univet.hu\/hu\/egyetem\/munkatarsak\/tereine-ban-andrea\/","title":{"rendered":"Terein\u00e9 B\u00e1n Andrea"},"content":{"rendered":"<p><strong>Bemutatkoz\u00e1s<\/strong><\/p> <p>1993-ban szerzett angol \u00e9s n\u00e9met szakos b\u00f6lcs\u00e9sz-tan\u00e1ri diplom\u00e1t az ELTE BTK-n. Egyetemi \u00e9vei alatt \u00f6szt\u00f6nd\u00edjask\u00e9nt a University of London, a Heidelbergi \u00e9s a Hamburgi Egyetem kurzusain is tanult, valamint az ELTE Jogtudom\u00e1nyi Kar\u00e1nak \u00f3raad\u00f3 oktat\u00f3jak\u00e9nt szerzett tan\u00edt\u00e1si tapasztalatot. Friss diplom\u00e1sk\u00e9nt az \u00c1llatorvostudom\u00e1nyi Egyetem angol \u00e9s n\u00e9met szakos nyelvtan\u00e1ra lett, emellett tolm\u00e1csk\u00e9nt dolgozott. K\u00e9s\u0151bb a Citibankn\u00e1l szerzett multinacion\u00e1lis v\u00e1llalati tapasztalatot, de 2006. szeptember\u00e9t\u0151l \u00fajra r\u00e9szt vett a Lektor\u00e1tus munk\u00e1j\u00e1ban. Eddigi oktat\u00f3 munk\u00e1ja sor\u00e1n angol, n\u00e9met \u00e9s magyar \u00e1ltal\u00e1nos nyelvi kurzusokat, angol \u00e1llatorvosi \u00e9s biol\u00f3gus szaknyelvet, valamint magyar \u00e1llatorvosi szaknyelvet oktatott. A Doktori Iskola munk\u00e1j\u00e1ba a Tudom\u00e1nyos publik\u00e1ci\u00f3k k\u00e9sz\u00edt\u00e9se kurzus angol nyelvi r\u00e9sz\u00e9nek oktat\u00e1s\u00e1val kapcsol\u00f3dott be. 2013. \u00f3ta az Idegennyelvi Lektor\u00e1tus vezet\u0151jek\u00e9nt ir\u00e1ny\u00edtja az egyetem\u00fcnk\u00f6n foly\u00f3 nyelvoktat\u00e1st.<\/p>","protected":false},"excerpt":{"rendered":"<p>Bemutatkoz\u00e1s 1993-ban szerzett angol \u00e9s n\u00e9met szakos b\u00f6lcs\u00e9sz-tan\u00e1ri diplom\u00e1t az ELTE BTK-n. Egyetemi \u00e9vei alatt \u00f6szt\u00f6nd\u00edjask\u00e9nt a University of London, a Heidelbergi \u00e9s a Hamburgi Egyetem kurzusain is tanult, valamint az ELTE Jogtudom\u00e1nyi Kar\u00e1nak \u00f3raad\u00f3 oktat\u00f3jak\u00e9nt szerzett tan\u00edt\u00e1si tapasztalatot. Friss diplom\u00e1sk\u00e9nt az \u00c1llatorvostudom\u00e1nyi Egyetem angol \u00e9s n\u00e9met szakos nyelvtan\u00e1ra lett, emellett tolm\u00e1csk\u00e9nt dolgozott. K\u00e9s\u0151bb a<\/p>\n","protected":false},"author":5824,"featured_media":0,"parent":858,"menu_order":211,"comment_status":"closed","ping_status":"closed","template":"","meta":{"_acf_changed":false,"footnotes":""},"categories":[56],"tags":[],"class_list":["post-4789","page","type-page","status-publish","hentry","category-munkatarsak"],"acf":[],"_links":{"self":[{"href":"https:\/\/univet.hu\/hu\/wp-json\/wp\/v2\/pages\/4789","targetHints":{"allow":["GET"]}}],"collection":[{"href":"https:\/\/univet.hu\/hu\/wp-json\/wp\/v2\/pages"}],"about":[{"href":"https:\/\/univet.hu\/hu\/wp-json\/wp\/v2\/types\/page"}],"author":[{"embeddable":true,"href":"https:\/\/univet.hu\/hu\/wp-json\/wp\/v2\/users\/5824"}],"replies":[{"embeddable":true,"href":"https:\/\/univet.hu\/hu\/wp-json\/wp\/v2\/comments?post=4789"}],"version-history":[{"count":1,"href":"https:\/\/univet.hu\/hu\/wp-json\/wp\/v2\/pages\/4789\/revisions"}],"predecessor-version":[{"id":199666,"href":"https:\/\/univet.hu\/hu\/wp-json\/wp\/v2\/pages\/4789\/revisions\/199666"}],"up":[{"embeddable":true,"href":"https:\/\/univet.hu\/hu\/wp-json\/wp\/v2\/pages\/858"}],"wp:attachment":[{"href":"https:\/\/univet.hu\/hu\/wp-json\/wp\/v2\/media?parent=4789"}],"wp:term":[{"taxonomy":"category","embeddable":true,"href":"https:\/\/univet.hu\/hu\/wp-json\/wp\/v2\/categories?post=4789"},{"taxonomy":"post_tag","embeddable":true,"href":"https:\/\/univet.hu\/hu\/wp-json\/wp\/v2\/tags?post=4789"}],"curies":[{"name":"wp","href":"https:\/\/api.w.org\/{rel}","templated":true}]}}