{"id":4801,"date":"2016-08-02T15:44:00","date_gmt":"2016-08-02T13:44:00","guid":{"rendered":"http:\/\/univet.hu\/egyetem\/munkatarsak\/tookos-emese\/"},"modified":"2026-02-10T04:02:40","modified_gmt":"2026-02-10T03:02:40","slug":"tookos-emese","status":"publish","type":"page","link":"https:\/\/univet.hu\/hu\/egyetem\/munkatarsak\/tookos-emese\/","title":{"rendered":"To\u00f3kos Emese"},"content":{"rendered":"<p>Tansz\u00e9ki titk\u00e1rn\u0151, a Tansz\u00e9k adminisztr\u00e1ci\u00f3s feladataival illetve a hallgat\u00f3k oktat\u00e1si \u00fcgyeivel foglalkozik.<\/p>","protected":false},"excerpt":{"rendered":"<p>Tansz\u00e9ki titk\u00e1rn\u0151, a Tansz\u00e9k adminisztr\u00e1ci\u00f3s feladataival illetve a hallgat\u00f3k oktat\u00e1si \u00fcgyeivel foglalkozik.<\/p>\n","protected":false},"author":5824,"featured_media":0,"parent":858,"menu_order":211,"comment_status":"closed","ping_status":"closed","template":"","meta":{"_acf_changed":false,"footnotes":""},"categories":[56],"tags":[],"class_list":["post-4801","page","type-page","status-publish","hentry","category-munkatarsak"],"acf":[],"_links":{"self":[{"href":"https:\/\/univet.hu\/hu\/wp-json\/wp\/v2\/pages\/4801","targetHints":{"allow":["GET"]}}],"collection":[{"href":"https:\/\/univet.hu\/hu\/wp-json\/wp\/v2\/pages"}],"about":[{"href":"https:\/\/univet.hu\/hu\/wp-json\/wp\/v2\/types\/page"}],"author":[{"embeddable":true,"href":"https:\/\/univet.hu\/hu\/wp-json\/wp\/v2\/users\/5824"}],"replies":[{"embeddable":true,"href":"https:\/\/univet.hu\/hu\/wp-json\/wp\/v2\/comments?post=4801"}],"version-history":[{"count":1,"href":"https:\/\/univet.hu\/hu\/wp-json\/wp\/v2\/pages\/4801\/revisions"}],"predecessor-version":[{"id":188435,"href":"https:\/\/univet.hu\/hu\/wp-json\/wp\/v2\/pages\/4801\/revisions\/188435"}],"up":[{"embeddable":true,"href":"https:\/\/univet.hu\/hu\/wp-json\/wp\/v2\/pages\/858"}],"wp:attachment":[{"href":"https:\/\/univet.hu\/hu\/wp-json\/wp\/v2\/media?parent=4801"}],"wp:term":[{"taxonomy":"category","embeddable":true,"href":"https:\/\/univet.hu\/hu\/wp-json\/wp\/v2\/categories?post=4801"},{"taxonomy":"post_tag","embeddable":true,"href":"https:\/\/univet.hu\/hu\/wp-json\/wp\/v2\/tags?post=4801"}],"curies":[{"name":"wp","href":"https:\/\/api.w.org\/{rel}","templated":true}]}}