{"id":48069,"date":"2020-01-15T15:46:35","date_gmt":"2020-01-15T14:46:35","guid":{"rendered":"https:\/\/univet.hu\/?page_id=48069"},"modified":"2020-09-02T23:46:50","modified_gmt":"2020-09-02T21:46:50","slug":"wi-fi","status":"publish","type":"page","link":"https:\/\/univet.hu\/hu\/informatikai-es-biztonsagszervezesi-igazgatosag\/informatika\/munkatarsaknak\/wi-fi\/","title":{"rendered":"Wi-Fi"},"content":{"rendered":"<p><img decoding=\"async\" class=\"alignleft\" src=\"http:\/\/ifo.szie.hu\/images\/logo_img\/eduroam-logo.png\" \/>Az eduroam\u00a0<em>&#8211;\u00a0<strong>edu<\/strong>cation\u00a0<strong>roam<\/strong>ing &#8211;<\/em>\u00a0egy glob\u00e1lis, bizalmi alapon szervez\u0151d\u0151 int\u00e9zm\u00e9nyi sz\u00f6vets\u00e9g (f\u00f6der\u00e1ci\u00f3), amely az akad\u00e9miai k\u00f6z\u00f6ss\u00e9g (fels\u0151oktat\u00e1si int\u00e9zm\u00e9nyek hallgat\u00f3i, munkav\u00e1llal\u00f3i, valamint kutat\u00f3int\u00e9zetek \u00e9s k\u00f6zgy\u0171jtem\u00e9nyek dolgoz\u00f3i) sz\u00e1m\u00e1ra teszi lehet\u0151v\u00e9 az internethez val\u00f3 hozz\u00e1f\u00e9r\u00e9st saj\u00e1t int\u00e9zm\u00e9ny\u00fck\u00f6n k\u00edv\u00fcl is, vil\u00e1gszerte az eduroam tagint\u00e9zm\u00e9nyekben. A hozz\u00e1f\u00e9r\u00e9s ellen\u0151rz\u00e9se az anyaint\u00e9zm\u00e9nyn\u00e9l t\u00f6rt\u00e9nik, az eduroam egy\u00fcttm\u0171k\u00f6d\u00e9s sor\u00e1n kialak\u00edtott RADIUS hierarchia seg\u00edts\u00e9g\u00e9vel. A csatlakoz\u00e1st Magyarorsz\u00e1gon a\u00a0<strong>Nemzeti Inform\u00e1ci\u00f3s Infrastrukt\u00fara Fejleszt\u00e9s<\/strong>\u00a0(<a href=\"http:\/\/www.niif.hu\/\" target=\"_blank\" rel=\"noopener\">NIIF<\/a>) szolg\u00e1ltatja \u00e9s m\u00e1r sz\u00e1mos int\u00e9zm\u00e9nyben el\u00e9rhet\u0151 (ezen int\u00e9zm\u00e9nyek list\u00e1ja megtekinthet\u0151\u00a0<a href=\"http:\/\/niif.hu\/node\/286\" target=\"_blank\" rel=\"noopener\">itt<\/a>). A r\u00e9sztvev\u0151k teljes list\u00e1ja \u00e9s az eur\u00f3pai hierarchi\u00e1val kapcsolatos tov\u00e1bbi inform\u00e1ci\u00f3k a\u00a0<a href=\"https:\/\/www.eduroam.org\/\" target=\"_blank\" rel=\"noopener\">www.eduroam.org<\/a>\u00a0oldalon tal\u00e1lhat\u00f3ak.<\/p> <p>Az eduroam szolg\u00e1ltat\u00e1s ig\u00e9nybev\u00e9tele sor\u00e1n alapelv, hogy a vend\u00e9g felhaszn\u00e1l\u00f3kra egyar\u00e1nt vonatkoznak saj\u00e1t int\u00e9zm\u00e9ny\u00fck \u00e9s vend\u00e9gl\u00e1t\u00f3 int\u00e9zm\u00e9ny\u00fck szab\u00e1lyzatai is \u2013 ezeket a felhaszn\u00e1l\u00f3knak k\u00f6teless\u00e9g\u00fck megismerni \u00e9s betartani. Ugyanakkor a NIIF tagint\u00e9zm\u00e9nyek eduroam felhaszn\u00e1l\u00f3ira k\u00f6telez\u0151 \u00e9rv\u00e9nnyel vonatkozik a\u00a0<a href=\"http:\/\/niif.hu\/sites\/default\/files\/niif_eduroam_szabalyzat_v2.0.pdf\" target=\"_blank\" rel=\"noopener\">NIIF eduroam szab\u00e1lyzat<\/a>\u00a0is.<\/p> <p>Az ATE minden akt\u00edv hallgat\u00f3i jogviszonnyal rendelkez\u0151 hallgat\u00f3ja, valamint akt\u00edv k\u00f6zalkalmazotti jogviszonnyal rendelkez\u0151 munkav\u00e1llal\u00f3ja jogosult a szolg\u00e1ltat\u00e1s el\u00e9r\u00e9s\u00e9re.<\/p> <h4>eduroam a \u00c1llatorvostudom\u00e1nyi Egyetem ter\u00fclet\u00e9n<\/h4> <p>eduroam szolg\u00e1ltat\u00e1s el\u00e9rhet\u0151 a \u00c1llatorvostudom\u00e1nyi Egyetem al\u00e1bbi telephelyein:<\/p> <p>Budapesti Campus (\u00a01078 Budapest, Istv\u00e1n utca 2. )<\/p> <p>&nbsp;<\/p>","protected":false},"excerpt":{"rendered":"<p>Az eduroam\u00a0&#8211;\u00a0education\u00a0roaming &#8211;\u00a0egy glob\u00e1lis, bizalmi alapon szervez\u0151d\u0151 int\u00e9zm\u00e9nyi sz\u00f6vets\u00e9g (f\u00f6der\u00e1ci\u00f3), amely az akad\u00e9miai k\u00f6z\u00f6ss\u00e9g (fels\u0151oktat\u00e1si int\u00e9zm\u00e9nyek hallgat\u00f3i, munkav\u00e1llal\u00f3i, valamint kutat\u00f3int\u00e9zetek \u00e9s k\u00f6zgy\u0171jtem\u00e9nyek dolgoz\u00f3i) sz\u00e1m\u00e1ra teszi lehet\u0151v\u00e9 az internethez val\u00f3 hozz\u00e1f\u00e9r\u00e9st saj\u00e1t int\u00e9zm\u00e9ny\u00fck\u00f6n k\u00edv\u00fcl is, vil\u00e1gszerte az eduroam tagint\u00e9zm\u00e9nyekben. A hozz\u00e1f\u00e9r\u00e9s ellen\u0151rz\u00e9se az anyaint\u00e9zm\u00e9nyn\u00e9l t\u00f6rt\u00e9nik, az eduroam egy\u00fcttm\u0171k\u00f6d\u00e9s sor\u00e1n kialak\u00edtott RADIUS hierarchia seg\u00edts\u00e9g\u00e9vel. A csatlakoz\u00e1st Magyarorsz\u00e1gon<\/p>\n","protected":false},"author":3837,"featured_media":0,"parent":47957,"menu_order":0,"comment_status":"closed","ping_status":"closed","template":"","meta":{"_acf_changed":false,"footnotes":""},"categories":[],"tags":[],"class_list":["post-48069","page","type-page","status-publish","hentry"],"acf":[],"_links":{"self":[{"href":"https:\/\/univet.hu\/hu\/wp-json\/wp\/v2\/pages\/48069","targetHints":{"allow":["GET"]}}],"collection":[{"href":"https:\/\/univet.hu\/hu\/wp-json\/wp\/v2\/pages"}],"about":[{"href":"https:\/\/univet.hu\/hu\/wp-json\/wp\/v2\/types\/page"}],"author":[{"embeddable":true,"href":"https:\/\/univet.hu\/hu\/wp-json\/wp\/v2\/users\/3837"}],"replies":[{"embeddable":true,"href":"https:\/\/univet.hu\/hu\/wp-json\/wp\/v2\/comments?post=48069"}],"version-history":[{"count":0,"href":"https:\/\/univet.hu\/hu\/wp-json\/wp\/v2\/pages\/48069\/revisions"}],"up":[{"embeddable":true,"href":"https:\/\/univet.hu\/hu\/wp-json\/wp\/v2\/pages\/47957"}],"wp:attachment":[{"href":"https:\/\/univet.hu\/hu\/wp-json\/wp\/v2\/media?parent=48069"}],"wp:term":[{"taxonomy":"category","embeddable":true,"href":"https:\/\/univet.hu\/hu\/wp-json\/wp\/v2\/categories?post=48069"},{"taxonomy":"post_tag","embeddable":true,"href":"https:\/\/univet.hu\/hu\/wp-json\/wp\/v2\/tags?post=48069"}],"curies":[{"name":"wp","href":"https:\/\/api.w.org\/{rel}","templated":true}]}}