{"id":48083,"date":"2020-01-16T10:02:32","date_gmt":"2020-01-16T09:02:32","guid":{"rendered":"https:\/\/univet.hu\/hu\/egyetem\/palyazati-projektek\/name-2\/"},"modified":"2022-07-11T15:01:23","modified_gmt":"2022-07-11T13:01:23","slug":"akademiai-beszamolok","status":"publish","type":"page","link":"https:\/\/univet.hu\/hu\/egyetem\/palyazati-projektek\/akademiai-beszamolok\/","title":{"rendered":"Akad\u00e9miai Besz\u00e1mol\u00f3k"},"content":{"rendered":"<p>A besz\u00e1mol\u00f3k az al\u00e1bbi linken \u00e9rhet\u0151k el:<br \/> <a href=\"https:\/\/vmri.hu\/akademiai-beszamolok\">https:\/\/vmri.hu\/akademiai-beszamolok<\/a><\/p> <p>Doktori Iskola:<br \/> <a href=\"https:\/\/univet.hu\/wp-content\/uploads\/2020\/01\/Akade\u0301miai-Besza\u0301molo\u0301k-2018..pdf\">Akade\u0301miai Besza\u0301molo\u0301k 2018.<\/a><\/p>","protected":false},"excerpt":{"rendered":"<p>A besz\u00e1mol\u00f3k az al\u00e1bbi linken \u00e9rhet\u0151k el: https:\/\/vmri.hu\/akademiai-beszamolok Doktori Iskola: Akade\u0301miai Besza\u0301molo\u0301k 2018.<\/p>\n","protected":false},"author":1195,"featured_media":0,"parent":1058,"menu_order":0,"comment_status":"open","ping_status":"open","template":"","meta":{"_acf_changed":false,"footnotes":""},"categories":[],"tags":[],"class_list":["post-48083","page","type-page","status-publish","hentry"],"acf":[],"_links":{"self":[{"href":"https:\/\/univet.hu\/hu\/wp-json\/wp\/v2\/pages\/48083","targetHints":{"allow":["GET"]}}],"collection":[{"href":"https:\/\/univet.hu\/hu\/wp-json\/wp\/v2\/pages"}],"about":[{"href":"https:\/\/univet.hu\/hu\/wp-json\/wp\/v2\/types\/page"}],"author":[{"embeddable":true,"href":"https:\/\/univet.hu\/hu\/wp-json\/wp\/v2\/users\/1195"}],"replies":[{"embeddable":true,"href":"https:\/\/univet.hu\/hu\/wp-json\/wp\/v2\/comments?post=48083"}],"version-history":[{"count":0,"href":"https:\/\/univet.hu\/hu\/wp-json\/wp\/v2\/pages\/48083\/revisions"}],"up":[{"embeddable":true,"href":"https:\/\/univet.hu\/hu\/wp-json\/wp\/v2\/pages\/1058"}],"wp:attachment":[{"href":"https:\/\/univet.hu\/hu\/wp-json\/wp\/v2\/media?parent=48083"}],"wp:term":[{"taxonomy":"category","embeddable":true,"href":"https:\/\/univet.hu\/hu\/wp-json\/wp\/v2\/categories?post=48083"},{"taxonomy":"post_tag","embeddable":true,"href":"https:\/\/univet.hu\/hu\/wp-json\/wp\/v2\/tags?post=48083"}],"curies":[{"name":"wp","href":"https:\/\/api.w.org\/{rel}","templated":true}]}}