{"id":48093,"date":"2020-01-16T10:26:04","date_gmt":"2020-01-16T09:26:04","guid":{"rendered":"https:\/\/univet.hu\/?page_id=48093"},"modified":"2020-02-28T08:51:57","modified_gmt":"2020-02-28T07:51:57","slug":"diplomaoszto-2020","status":"publish","type":"page","link":"https:\/\/univet.hu\/hu\/diplomaoszto-2020\/","title":{"rendered":"Doktorr\u00e1 avat\u00f3 \u00e9s diplomaoszt\u00f3 \u00fcnneps\u00e9g 2020"},"content":{"rendered":"<p><strong>Az \u00c1llatorvostudom\u00e1nyi Egyetem Szen\u00e1tusa nev\u00e9ben szeretettel v\u00e1rjuk doktorr\u00e1 avat\u00f3 \u00e9s diplomaoszt\u00f3 \u00fcnneps\u00e9g\u00fcnkre.<\/strong><\/p> <h4><strong>Program<\/strong><\/h4> <p><em>Himnusz<\/em><br \/> \u00dcnnepi\u00a0besz\u00e9det mond:\u00a0S\u00f3tonyi P\u00e9ter egyetemi tan\u00e1r, rektor<br \/> Doktorr\u00e1 avat\u00e1s<br \/> Az oklevelet\u00a0szerzett hallgat\u00f3k k\u00f6sz\u00f6nt\u00e9se:\u00a0Nagy Istv\u00e1n c. egyetemi tan\u00e1r, agr\u00e1rminiszter<br \/> D\u00edjak, kit\u00fcntet\u00e9sek \u00e1tad\u00e1sa<br \/> <em>Sz\u00f3zat<\/em><\/p> <p><strong>Helysz\u00edn<\/strong>: \u00c1llatorvostudom\u00e1nyi Egyetem, Aula (1078 Budapest, Bethlen G\u00e1bor utca 20-24.)<\/p> <p><strong>Id\u0151pont<\/strong>: 2020. febru\u00e1r 28. (p\u00e9ntek) 10.00<\/p> <p>K\u00f6vesse online k\u00f6zvet\u00edt\u00e9s\u00fcnket:<\/p> <p><iframe loading=\"lazy\" src=\"https:\/\/www.youtube.com\/embed\/xy8FJV7EnXc\" width=\"560\" height=\"315\" frameborder=\"0\" allowfullscreen=\"allowfullscreen\"><\/iframe><\/p>","protected":false},"excerpt":{"rendered":"<p>Az \u00c1llatorvostudom\u00e1nyi Egyetem Szen\u00e1tusa nev\u00e9ben szeretettel v\u00e1rjuk doktorr\u00e1 avat\u00f3 \u00e9s diplomaoszt\u00f3 \u00fcnneps\u00e9g\u00fcnkre. Program Himnusz \u00dcnnepi\u00a0besz\u00e9det mond:\u00a0S\u00f3tonyi P\u00e9ter egyetemi tan\u00e1r, rektor Doktorr\u00e1 avat\u00e1s Az oklevelet\u00a0szerzett hallgat\u00f3k k\u00f6sz\u00f6nt\u00e9se:\u00a0Nagy Istv\u00e1n c. egyetemi tan\u00e1r, agr\u00e1rminiszter D\u00edjak, kit\u00fcntet\u00e9sek \u00e1tad\u00e1sa Sz\u00f3zat Helysz\u00edn: \u00c1llatorvostudom\u00e1nyi Egyetem, Aula (1078 Budapest, Bethlen G\u00e1bor utca 20-24.) Id\u0151pont: 2020. febru\u00e1r 28. (p\u00e9ntek) 10.00 K\u00f6vesse online k\u00f6zvet\u00edt\u00e9s\u00fcnket:<\/p>\n","protected":false},"author":2518,"featured_media":0,"parent":0,"menu_order":39,"comment_status":"closed","ping_status":"closed","template":"","meta":{"_acf_changed":false,"footnotes":""},"categories":[],"tags":[],"class_list":["post-48093","page","type-page","status-publish","hentry"],"acf":[],"_links":{"self":[{"href":"https:\/\/univet.hu\/hu\/wp-json\/wp\/v2\/pages\/48093","targetHints":{"allow":["GET"]}}],"collection":[{"href":"https:\/\/univet.hu\/hu\/wp-json\/wp\/v2\/pages"}],"about":[{"href":"https:\/\/univet.hu\/hu\/wp-json\/wp\/v2\/types\/page"}],"author":[{"embeddable":true,"href":"https:\/\/univet.hu\/hu\/wp-json\/wp\/v2\/users\/2518"}],"replies":[{"embeddable":true,"href":"https:\/\/univet.hu\/hu\/wp-json\/wp\/v2\/comments?post=48093"}],"version-history":[{"count":0,"href":"https:\/\/univet.hu\/hu\/wp-json\/wp\/v2\/pages\/48093\/revisions"}],"wp:attachment":[{"href":"https:\/\/univet.hu\/hu\/wp-json\/wp\/v2\/media?parent=48093"}],"wp:term":[{"taxonomy":"category","embeddable":true,"href":"https:\/\/univet.hu\/hu\/wp-json\/wp\/v2\/categories?post=48093"},{"taxonomy":"post_tag","embeddable":true,"href":"https:\/\/univet.hu\/hu\/wp-json\/wp\/v2\/tags?post=48093"}],"curies":[{"name":"wp","href":"https:\/\/api.w.org\/{rel}","templated":true}]}}