{"id":48111,"date":"2020-01-16T13:33:28","date_gmt":"2020-01-16T12:33:28","guid":{"rendered":"https:\/\/univet.hu\/?page_id=48111"},"modified":"2020-01-21T15:02:06","modified_gmt":"2020-01-21T14:02:06","slug":"tanulmanyi-rendszer","status":"publish","type":"page","link":"https:\/\/univet.hu\/hu\/informatikai-es-biztonsagszervezesi-igazgatosag\/informatika\/hallgatoknak\/tanulmanyi-rendszer\/","title":{"rendered":"Tanulm\u00e1nyi rendszer"},"content":{"rendered":"<p><img decoding=\"async\" class=\"alignleft\" src=\"http:\/\/ifo.szie.hu\/images\/logo_img\/neptun-logo.png\" \/>A\u00a0<strong>Neptun<\/strong>\u00a0rendszer szolg\u00e1l a \u00c1llatorvostudom\u00e1nyi Egyetem teljes k\u00f6r\u0171 tanulm\u00e1nyi \u00fcgyint\u00e9z\u00e9s\u00e9re. Ebben a rendszerben t\u00f6rt\u00e9nik a hallgat\u00f3k t\u00e1rgyfelv\u00e9tele, vizsga jelentkez\u00e9se, stb. Az oktat\u00f3k itt adminisztr\u00e1lhatj\u00e1k a kurzusaik adatait, r\u00f6gz\u00edthetik a vizsgajegyeket. Ugyanitt t\u00f6rt\u00e9nik a k\u00e9pz\u00e9sekhez tartoz\u00f3 p\u00e9nz\u00fcgyi m\u0171veletek int\u00e9z\u00e9se (UV d\u00edjak, k\u00f6lts\u00e9gt\u00e9r\u00edt\u00e9sek, stb.), valamint a koll\u00e9giumi \u00fcgyek int\u00e9z\u00e9se.<\/p> <p>A szolg\u00e1ltat\u00e1st minden hallgat\u00f3nak automatikusan biztos\u00edtjuk, aki a rendszerbe a felv\u00e9telr\u0151l \u00e9rtes\u00edt\u0151 lev\u00e9lben kapott felhaszn\u00e1l\u00f3i n\u00e9vvel \u00e9s (kezdeti) jelsz\u00f3val tud bejelentkezni. Oktat\u00f3knak, \u00fcgyint\u00e9z\u0151knek a kari Neptun adminisztr\u00e1toron kereszt\u00fcl tud a felettes\u00fck hozz\u00e1f\u00e9r\u00e9st ig\u00e9nyelni, a\u00a0Neptun jogosults\u00e1g ig\u00e9nyl\u0151 \u0171rlap\u00a0seg\u00edt\u00e9s\u00e9g\u00e9vel.<\/p> <p>Bejelentkez\u00e9s az <a href=\"https:\/\/univet.hu\/hu\/oktatas\/tanulmanyi-osztaly\/neptun-info\/\">\u00c1TE Neptun<\/a> port\u00e1lon.<\/p>","protected":false},"excerpt":{"rendered":"<p>A\u00a0Neptun\u00a0rendszer szolg\u00e1l a \u00c1llatorvostudom\u00e1nyi Egyetem teljes k\u00f6r\u0171 tanulm\u00e1nyi \u00fcgyint\u00e9z\u00e9s\u00e9re. Ebben a rendszerben t\u00f6rt\u00e9nik a hallgat\u00f3k t\u00e1rgyfelv\u00e9tele, vizsga jelentkez\u00e9se, stb. Az oktat\u00f3k itt adminisztr\u00e1lhatj\u00e1k a kurzusaik adatait, r\u00f6gz\u00edthetik a vizsgajegyeket. Ugyanitt t\u00f6rt\u00e9nik a k\u00e9pz\u00e9sekhez tartoz\u00f3 p\u00e9nz\u00fcgyi m\u0171veletek int\u00e9z\u00e9se (UV d\u00edjak, k\u00f6lts\u00e9gt\u00e9r\u00edt\u00e9sek, stb.), valamint a koll\u00e9giumi \u00fcgyek int\u00e9z\u00e9se. A szolg\u00e1ltat\u00e1st minden hallgat\u00f3nak automatikusan biztos\u00edtjuk, aki a rendszerbe<\/p>\n","protected":false},"author":3837,"featured_media":0,"parent":47964,"menu_order":0,"comment_status":"closed","ping_status":"closed","template":"","meta":{"_acf_changed":false,"footnotes":""},"categories":[],"tags":[],"class_list":["post-48111","page","type-page","status-publish","hentry"],"acf":[],"_links":{"self":[{"href":"https:\/\/univet.hu\/hu\/wp-json\/wp\/v2\/pages\/48111","targetHints":{"allow":["GET"]}}],"collection":[{"href":"https:\/\/univet.hu\/hu\/wp-json\/wp\/v2\/pages"}],"about":[{"href":"https:\/\/univet.hu\/hu\/wp-json\/wp\/v2\/types\/page"}],"author":[{"embeddable":true,"href":"https:\/\/univet.hu\/hu\/wp-json\/wp\/v2\/users\/3837"}],"replies":[{"embeddable":true,"href":"https:\/\/univet.hu\/hu\/wp-json\/wp\/v2\/comments?post=48111"}],"version-history":[{"count":0,"href":"https:\/\/univet.hu\/hu\/wp-json\/wp\/v2\/pages\/48111\/revisions"}],"up":[{"embeddable":true,"href":"https:\/\/univet.hu\/hu\/wp-json\/wp\/v2\/pages\/47964"}],"wp:attachment":[{"href":"https:\/\/univet.hu\/hu\/wp-json\/wp\/v2\/media?parent=48111"}],"wp:term":[{"taxonomy":"category","embeddable":true,"href":"https:\/\/univet.hu\/hu\/wp-json\/wp\/v2\/categories?post=48111"},{"taxonomy":"post_tag","embeddable":true,"href":"https:\/\/univet.hu\/hu\/wp-json\/wp\/v2\/tags?post=48111"}],"curies":[{"name":"wp","href":"https:\/\/api.w.org\/{rel}","templated":true}]}}