{"id":4813,"date":"2018-04-26T10:45:00","date_gmt":"2018-04-26T08:45:00","guid":{"rendered":"http:\/\/univet.hu\/egyetem\/munkatarsak\/toth-istvan\/"},"modified":"2026-02-10T04:02:42","modified_gmt":"2026-02-10T03:02:42","slug":"toth-istvan","status":"publish","type":"page","link":"https:\/\/univet.hu\/hu\/egyetem\/munkatarsak\/toth-istvan\/","title":{"rendered":"T\u00f3th Istv\u00e1n"},"content":{"rendered":"<p><strong>Bemutatkoz\u00e1s<\/strong><\/p> <p>Dr. T\u00f3th Istv\u00e1n Gyul\u00e1n sz\u00fcletett, k\u00f6z\u00e9piskolai tanulm\u00e1nyait az orosh\u00e1zi T\u00e1ncsics Mih\u00e1ly Gimn\u00e1ziumban v\u00e9gezte. Az \u00e9retts\u00e9git k\u00f6vet\u0151en felv\u00e9telt nyert a Szent Istv\u00e1n Egyetem \u00c1llatorvos-tudom\u00e1nyi Kar\u00e1ra, ahol az Erasmus \u00f6szt\u00f6nd\u00edja ut\u00e1n visszat\u00e9rve 2010-ben \u00e1llatorvos doktori diplom\u00e1t szerzett. K\u00f6zvetlen\u00fcl a diploma \u00e1tv\u00e9tel\u00e9t k\u00f6vet\u0151en az \u00c9lettani \u00e9s Biok\u00e9miai Tansz\u00e9k\u00e9n kezdett el dolgozni, \u00e9s bekapcsol\u00f3dott a neuroendokrinol\u00f3giai kutat\u00f3csoport munk\u00e1j\u00e1ba, ahol a hipotalamikus funkci\u00f3k h\u00e1tter\u00e9ben \u00e1ll\u00f3 cellul\u00e1ris energiatermel\u0151 folyamatok vizsg\u00e1lat\u00e1val foglalkozik. PhD fokozat\u00e1t 2016-ban szerezte meg. A kutat\u00f3i munk\u00e1ja mellett az \u00c9lettani \u00e9s Biok\u00e9miai Tansz\u00e9k oktat\u00f3i munk\u00e1j\u00e1ban is akt\u00edv r\u00e9szt v\u00e1llal. A gyakorlatok \u00e9s el\u0151ad\u00e1sok tart\u00e1sa mellett jelent\u0151s szerepet v\u00e1llal a hallgat\u00f3k tanulm\u00e1nyaival kapcsolatos tansz\u00e9ki teend\u0151k koordin\u00e1l\u00e1sa ter\u00e9n, \u00e9s alkot\u00f3 m\u00f3don vesz r\u00e9szt a tansz\u00e9k tananyag-fejleszt\u00e9si munk\u00e1j\u00e1ban. Ut\u00f3bbi aktivit\u00e1sa r\u00e9v\u00e9n bekapcsol\u00f3dhatott t\u00f6bb nemzetk\u00f6zi oktat\u00e1s-fejleszt\u0151 projektbe is. 2020-ban \u00c1llatorvos-menedzser szak\u00e1llatorvosi k\u00e9pes\u00edt\u00e9st szerzett.<\/p> <p><strong>F\u0151bb kutat\u00e1si ter\u00fcletek<\/strong><\/p> <ul> <li>neuroendokrin rendszer k\u00f6zponti szab\u00e1lyoz\u00e1sa<\/li> <li>sejtszint\u0171 metabolizmus vez\u00e9rl\u00e9se els\u0151sorban a k\u00f6zponti idegrendszer sejtt\u00edpusait tekintve<\/li> <li>a hypothalamus funkcion\u00e1lis aszimmetri\u00e1j\u00e1nak vizsg\u00e1lata<\/li> <li>oktat\u00e1s-kutat\u00e1s<\/li> <\/ul> <p>&nbsp;<\/p> <p><strong>El\u0151rehalad\u00e1s<\/strong><\/p> <table width=\"602\"> <tbody> <tr> <td style=\"text-align: center;\" width=\"142\"><strong>Munkahelyek<\/strong><\/td> <td style=\"text-align: center;\" width=\"259\"><strong>Int\u00e9zm\u00e9ny neve<\/strong><\/td> <td style=\"text-align: center;\" width=\"200\"><strong>Beoszt\u00e1s<\/strong><\/td> <\/tr> <tr> <td style=\"text-align: center;\" width=\"142\">2022-<\/td> <td style=\"text-align: center;\" width=\"259\">\u00c1llatorvostudom\u00e1nyi Egyetem, \u00c9lettani \u00e9s Biok\u00e9miai Tansz\u00e9k<\/td> <td style=\"text-align: center;\" width=\"200\">egyetemi docens<\/td> <\/tr> <tr> <td style=\"text-align: center;\" width=\"142\">2018-2021<\/td> <td style=\"text-align: center;\" width=\"259\">\u00c1llatorvostudom\u00e1nyi Egyetem, \u00c9lettani \u00e9s Biok\u00e9miai Tansz\u00e9k<\/td> <td style=\"text-align: center;\" width=\"200\">egyetemi adjunktus<\/td> <\/tr> <tr> <td style=\"text-align: center;\" width=\"142\">2016\u20132018<\/td> <td style=\"text-align: center;\" width=\"259\">SZIE \u00c1OTK, \u00c9lettani \u00e9s Biok\u00e9miai Tansz\u00e9k<\/td> <td style=\"text-align: center;\" width=\"200\">egyetemi tan\u00e1rseg\u00e9d<\/td> <\/tr> <tr> <td style=\"text-align: center;\" width=\"142\">2013\u20132015<\/td> <td style=\"text-align: center;\" width=\"259\">SZIE \u00c1OTK, \u00c9lettani \u00e9s Biok\u00e9miai Tansz\u00e9k<\/td> <td style=\"text-align: center;\" width=\"200\">PhD-hallgat\u00f3<\/td> <\/tr> <\/tbody> <\/table> <p>&nbsp;<\/p> <p><strong>Szakmai szervezeti tags\u00e1g<\/strong><\/p> <table width=\"600\"> <tbody> <tr> <td style=\"text-align: center;\" width=\"321\"><strong>Bizotts\u00e1g neve<\/strong><\/td> <td style=\"text-align: center;\" width=\"63\"><strong>Id\u0151<\/strong><\/td> <td style=\"text-align: center;\" width=\"216\"><strong>Tiszts\u00e9g<\/strong><\/td> <\/tr> <tr> <td style=\"text-align: center;\" width=\"321\">Magyar Idegtudom\u00e1nyi T\u00e1rsas\u00e1g (MITT)<\/td> <td style=\"text-align: center;\" width=\"63\">2010-<\/td> <td style=\"text-align: center;\" width=\"216\">tag<\/td> <\/tr> <tr> <td style=\"text-align: center;\" width=\"321\">Magyar \u00c1llatv\u00e9delmi \u00e9s \u00c1llatj\u00f3ll\u00e9ti T\u00e1rsas\u00e1g (M\u00c1\u00c1T)<\/td> <td style=\"text-align: center;\" width=\"63\">2011-<\/td> <td style=\"text-align: center;\" width=\"216\">tag<\/td> <\/tr> <\/tbody> <\/table> <p><strong>\u00a0<\/strong><\/p> <p><strong>Eddigi szakdolgozat\/TDK hallgat\u00f3k sz\u00e1ma<\/strong><\/p> <p>17<\/p> <table width=\"569\"> <tbody> <tr> <td colspan=\"2\" width=\"569\"><strong>PhD-hallgat\u00f3k<\/strong><\/td> <\/tr> <tr> <td width=\"281\">&#8211;<\/td> <td width=\"288\"><\/td> <\/tr> <\/tbody> <\/table> <p>&nbsp;<\/p> <p><strong>Publik\u00e1ci\u00f3s lista (Top10)<\/strong><\/p> <p>MTMT: 10032427<\/p> <p>(<a href=\"https:\/\/m2.mtmt.hu\/gui2\/?type=authors&amp;mode=browse&amp;sel=10032427\">https:\/\/m2.mtmt.hu\/gui2\/?type=authors&amp;mode=browse&amp;sel=10032427<\/a>)<\/p> <ol> <li>Toth I., Kiss DS., Goszleth G., Bartha T., Frenyo VL., Naftolin F., Horvath TL., Zsarnovszky A.: <strong>Hypothalamic Sidedness in Mitochondrial Metabolism: New Perspectives<\/strong>, <em>Reprod Sci.<\/em> 21(12):1492-8, 2014. (IF: 2.230)<\/li> <li>Toth I., Kiss DS., Jocsak G., Somogyi V., Toronyi E., Bartha T., Frenyo VL., Horvath TL., Zsarnovszky A.: <strong>Estrogen- and Satiety State-Dependent Metabolic Lateralization in the Hypothalamus of Female Rats<\/strong>, <em>PLoSONE<\/em>, 10(9):e0137462, 2015. (IF: 3.234)<\/li> <li>Kiss DS., Toth I., Jocsak G., Sterczer A., Bartha T., Frenyo VL., Zsarnovszky A.: <strong>Preparation of purified perikaryal and synaptosomal mitochondrial fractions from relatively small hypothalamic brain samples<\/strong>, <em>MethodsX, <\/em>3:417\u2013429, 2016. (IF: 1.34)<\/li> <li>Jocsak G., Kiss DS., Toth I., Goszleth G., Bartha T., Frenyo LV., Horvath TL., Zsarnovszky A.: <strong>Comparison of Individual and Combined Effects of Four Endocrine Disruptors on Estrogen Receptor Beta Transcription in Cerebellar Cell Culture: The Modulatory Role of Estradiol and Triiodo-Thyronine<\/strong>, <em>Int J Environ Res Public Health<\/em>, 13(6). pii: E619. doi: 10.3390\/ijerph13060619., 2016. (IF: 2.035)<\/li> <li>Zsarnovszky A., Kiss DS., Jocsak G., Nemeth G.; Toth I., Horvath TL.: <strong>Thyroid hormone- and estrogen receptor interactions with natural ligands and endocrine disruptors in the cerebellum<\/strong>, <em>Frontiers in Neuroendocrinology,<\/em> 48:23-36, 2018. (IF: 9.425)<\/li> <li>Kiss DS., Ioja E., Toth I., Barany Z., Jocsak G., Bartha T., Horvath TL., Zsarnovszky A.: <strong>Comparative analysis of zearalenone effects on thyroid receptor alpha (TR\u03b1) and beta (TR\u03b2) expression in rat primary cerebellar cell cultures<\/strong>, <em>International Journal of Molecular Sciences, <\/em>19(5). pii: E1440. doi: 10.3390\/ijms19051440, 2018. (IF: 3.226)<\/li> <li>Toth I., Jocsak G., Szilasi A., Kiss DS., Barany Z., Bartha T., Mandoki M.: <strong>\u00c1llatorvostudom\u00e1nyok oktat\u00e1sa a digit\u00e1lis korszakban (Teaching veterinary medicine in the digital age)<\/strong>, <em>Magyar \u00c1llatorvosok Lapja\/Hungarian Veterinary Journal, <\/em>140(4):697-703, 2018. (IF: 0.185)<\/li> <li>Jocsak G., Ioja E, Kiss DS., Toth I., Barany Z., Bartha T., Frenyo VL., Zsarnovszky A.: <strong>Endocrine Disruptors Induced Distinct Expression of Thyroid and Estrogen Receptors in Rat versus Mouse Primary Cerebellar Cell Cultures<\/strong>, Brain Sci., 9(12), 359, 2019. (IF: 2.786)<\/li> <li>Kiss DS., Toth I., Jocsak G., Barha T., Frenyo VL., Barany Z., Horvath TL., Zsarnovszky A.: <strong>Metabolic lateralization in the hypothalamus of male rats related to reproductive and satiety states<\/strong>. Reprod Sci., DOI: 10.1007\/s43032-019-00131-3, 2020. (IF: 2.559)<\/li> <li>Kiss DS., Toth I., Jocsak G., Barany Z., Barha T., Frenyo VL., Horvath TL., Zsarnovszky A..: <strong>Functional aspects of hypothalamic asymmetry<\/strong>. Brain Sci., 10(6),389, DOI: 10.3390\/brainsci10060389, 2020. (IF: 3.332)<\/li> <\/ol>","protected":false},"excerpt":{"rendered":"<p>Bemutatkoz\u00e1s Dr. T\u00f3th Istv\u00e1n Gyul\u00e1n sz\u00fcletett, k\u00f6z\u00e9piskolai tanulm\u00e1nyait az orosh\u00e1zi T\u00e1ncsics Mih\u00e1ly Gimn\u00e1ziumban v\u00e9gezte. Az \u00e9retts\u00e9git k\u00f6vet\u0151en felv\u00e9telt nyert a Szent Istv\u00e1n Egyetem \u00c1llatorvos-tudom\u00e1nyi Kar\u00e1ra, ahol az Erasmus \u00f6szt\u00f6nd\u00edja ut\u00e1n visszat\u00e9rve 2010-ben \u00e1llatorvos doktori diplom\u00e1t szerzett. K\u00f6zvetlen\u00fcl a diploma \u00e1tv\u00e9tel\u00e9t k\u00f6vet\u0151en az \u00c9lettani \u00e9s Biok\u00e9miai Tansz\u00e9k\u00e9n kezdett el dolgozni, \u00e9s bekapcsol\u00f3dott a neuroendokrinol\u00f3giai kutat\u00f3csoport munk\u00e1j\u00e1ba,<\/p>\n","protected":false},"author":5824,"featured_media":0,"parent":858,"menu_order":211,"comment_status":"closed","ping_status":"closed","template":"","meta":{"_acf_changed":false,"footnotes":""},"categories":[56],"tags":[],"class_list":["post-4813","page","type-page","status-publish","hentry","category-munkatarsak"],"acf":[],"_links":{"self":[{"href":"https:\/\/univet.hu\/hu\/wp-json\/wp\/v2\/pages\/4813","targetHints":{"allow":["GET"]}}],"collection":[{"href":"https:\/\/univet.hu\/hu\/wp-json\/wp\/v2\/pages"}],"about":[{"href":"https:\/\/univet.hu\/hu\/wp-json\/wp\/v2\/types\/page"}],"author":[{"embeddable":true,"href":"https:\/\/univet.hu\/hu\/wp-json\/wp\/v2\/users\/5824"}],"replies":[{"embeddable":true,"href":"https:\/\/univet.hu\/hu\/wp-json\/wp\/v2\/comments?post=4813"}],"version-history":[{"count":2,"href":"https:\/\/univet.hu\/hu\/wp-json\/wp\/v2\/pages\/4813\/revisions"}],"predecessor-version":[{"id":188027,"href":"https:\/\/univet.hu\/hu\/wp-json\/wp\/v2\/pages\/4813\/revisions\/188027"}],"up":[{"embeddable":true,"href":"https:\/\/univet.hu\/hu\/wp-json\/wp\/v2\/pages\/858"}],"wp:attachment":[{"href":"https:\/\/univet.hu\/hu\/wp-json\/wp\/v2\/media?parent=4813"}],"wp:term":[{"taxonomy":"category","embeddable":true,"href":"https:\/\/univet.hu\/hu\/wp-json\/wp\/v2\/categories?post=4813"},{"taxonomy":"post_tag","embeddable":true,"href":"https:\/\/univet.hu\/hu\/wp-json\/wp\/v2\/tags?post=4813"}],"curies":[{"name":"wp","href":"https:\/\/api.w.org\/{rel}","templated":true}]}}