{"id":4822,"date":"2017-03-22T12:22:00","date_gmt":"2017-03-22T11:22:00","guid":{"rendered":"http:\/\/univet.hu\/egyetem\/munkatarsak\/toth-tamas\/"},"modified":"2026-02-10T04:03:09","modified_gmt":"2026-02-10T03:03:09","slug":"toth-tamas","status":"publish","type":"page","link":"https:\/\/univet.hu\/hu\/egyetem\/munkatarsak\/toth-tamas\/","title":{"rendered":"T\u00f3th Tam\u00e1s"},"content":{"rendered":"<p style=\"text-align: center\"><span style=\"font-size: 14pt\"><strong>Bemutatkoz\u00e1s<\/strong><\/span><\/p> <p>1967. m\u00e1jus 4-\u00e9n sz\u00fclettem Budapesten. 2004-ben kezdtem meg tanulm\u00e1nyaimat a Szent Istv\u00e1n Egyetemen, ahol 2008-ban vadgazda m\u00e9rn\u00f6ki f\u0151iskolai diplom\u00e1t, majd 2010-ben vadgazda m\u00e9rn\u00f6ki MSC diplom\u00e1t kaptam. <span data-olk-copy-source=\"MessageBody\">2019-ben szereztem PhD, majd 2024-ben habilit\u00e1lt doktori fokozatot a Soproni Egyetemen.<\/span><\/p> <p>2017 \u00f3ta dolgozom f\u0151\u00e1ll\u00e1sban az \u00c1llatorvostudom\u00e1nyi Egyetem, <span data-olk-copy-source=\"MessageBody\">Egzotikus\u00e1llat-, Vad-, Hal- \u00e9s M\u00e9heg\u00e9szs\u00e9g\u00fcgyi Tansz\u00e9k<\/span>\u00e9n, m\u00edg 2002 \u00f3ta vagyok a F\u0151v\u00e1rosi \u00c1llat- \u00e9s N\u00f6v\u00e9nykert munkat\u00e1rsa, ahol jelenleg f\u00e9l\u00e1ll\u00e1sban tev\u00e9kenykedek tudom\u00e1nyos munkat\u00e1rsk\u00e9nt. Emellett 2015-t\u0151l az Orsz\u00e1gos K\u00f6rnyezetv\u00e9delmi \u00e9s Term\u00e9szetv\u00e9delmi F\u0151fel\u00fcgyel\u0151s\u00e9g \u00e1ltal kiadott enged\u00e9ly alapj\u00e1n a term\u00e9szetv\u00e9delmi szakter\u00fclet \u00e9l\u0151vil\u00e1gv\u00e9delmi r\u00e9szter\u00fclet\u00e9nek szak\u00e9rt\u0151i k\u00f6z\u00e9 tartozom.<\/p> <p>Jelenleg az \u00c1llatorvostudom\u00e1nyi Egyetemen a vad\u00e1szati \u00e1llattan, a vad\u00e1szati \u00f6kol\u00f3gia, a vad\u00e1szatt\u00f6rt\u00e9net, az idegenhonos \u00e9s inv\u00e1zi\u00f3s fajok, illetve a m\u00e9rgesk\u00edgy\u00f3k biol\u00f3gi\u00e1j\u00e1nak t\u00e9mak\u00f6reibe tartoz\u00f3 t\u00e1rgyakat oktatok. 2013-2018 k\u00f6z\u00f6tt a Szent Istv\u00e1n Egyetemen oktattam a \u201eGerinces fajok inv\u00e1zi\u00f3, hat\u00e1sai \u00e9s p\u00e9ld\u00e1i\u201d c\u00edm\u0171 t\u00e1rgyat.<\/p> <p>1999-2005 k\u00f6z\u00f6tt a Terr\u00e1rium Magazin szerkeszt\u0151bizotts\u00e1gi tagjak\u00e9nt tev\u00e9kenykedtem, m\u00edg 2009-t\u0151l a Biharean Biologist \u00e9s 2010-t\u0151l a South-Western Journal of Horticulture, Biology and Environment szerkeszt\u0151bizotts\u00e1g\u00e1nak tagja vagyok.<\/p> <p>1994-t\u0151l a Deutsche Gesellschaft f\u00fcr Herpetologie und Terrarienkunde, illetve 1996-2006 k\u00f6z\u00f6tt \u00d6sterreichische Gesellschaft f\u00fcr Herpetologie, m\u00edg 1998-2003 k\u00f6z\u00f6tt \u00e9s 2019-t\u0151l a Terrariengemenschaft Berlin szervezetek tagja is voltam, illetve vagyok. 2019-t\u0151l a Magyar Mad\u00e1rtani \u00e9s Term\u00e9szetv\u00e9delmi Egyes\u00fclet, valamint az MTA k\u00f6ztest\u00fcleti tagjai k\u00f6z\u00e9 is felvettek.<\/p> <p>Eddigi munk\u00e1m sor\u00e1n t\u00f6bb mint 100 szakmai k\u00f6zlem\u00e9nyem jelent meg, illetve az \u00e9vek sor\u00e1n t\u00f6bb szakk\u00f6nyvet, vagy k\u00f6nyvfejezetet is \u00edrtam.<\/p> <p><strong>F\u0151bb kutat\u00e1si ter\u00fcletek:<\/strong><\/p> <ul> <li>T\u00f6rt\u00e9neti zool\u00f3gia (h\u00fcll\u0151k, madarak, eml\u0151s\u00f6k).<\/li> <li>Tudom\u00e1nyt\u00f6rt\u00e9net (herpetol\u00f3gia).<\/li> <li>Gerinces fajok inv\u00e1zi\u00f3i.<\/li> <li>Mediterr\u00e1n herpetol\u00f3gia.<\/li> <\/ul> <p><strong>El\u0151rehalad\u00e1s:<\/strong><\/p> <table style=\"width: 41.7992%;height: 163px\"> <tbody> <tr style=\"height: 37px\"> <td style=\"width: 11.6865%;height: 37px\">2008<\/td> <td style=\"width: 86.6429%;height: 37px\">Vadgazda m\u00e9rn\u00f6k (f\u0151iskolai oklev\u00e9l)<\/td> <\/tr> <tr style=\"height: 47px\"> <td style=\"width: 11.6865%;height: 47px\">2010<\/td> <td style=\"width: 86.6429%;height: 47px\">Vadgazda m\u00e9rn\u00f6k MSC<\/td> <\/tr> <tr style=\"height: 47px\"> <td style=\"width: 11.6865%;height: 39px\">2019<\/td> <td style=\"width: 86.6429%;height: 39px\">PhD. fokozat &#8211; Vadgazd\u00e1lkod\u00e1s tudom\u00e1nyok<\/td> <\/tr> <tr style=\"height: 40px\"> <td style=\"width: 11.6865%;height: 40px\">2024<\/td> <td style=\"width: 86.6429%;height: 40px\"><span data-olk-copy-source=\"MessageBody\">Habilit\u00e1ci\u00f3 &#8211; vadgazd\u00e1lkod\u00e1s tudom\u00e1nyokb\u00f3l<\/span><\/td> <\/tr> <\/tbody> <\/table> <p>&nbsp;<\/p> <p><strong>Szakmai szervezeti tags\u00e1g<\/strong><\/p> <table style=\"height: 117px\" width=\"747\"> <tbody> <tr style=\"height: 21px\"> <td style=\"width: 444.594px;height: 21px;text-align: center\"><strong>Szervezet neve<\/strong><\/td> <td style=\"width: 179.219px;height: 21px;text-align: center\"><strong>Id\u0151<\/strong><\/td> <td style=\"width: 101.188px;height: 21px;text-align: center\"><strong>Tiszts\u00e9g<\/strong><\/td> <\/tr> <tr style=\"height: 35px\"> <td style=\"width: 444.594px;height: 35px;text-align: center\">Deutsche Gesellschaft f\u00fcr Herpetologie und Terrarienkunde<\/td> <td style=\"width: 179.219px;height: 35px;text-align: center\">1994-t\u0151l<\/td> <td style=\"width: 101.188px;height: 35px;text-align: center\">tag<\/td> <\/tr> <tr style=\"height: 10px\"> <td style=\"width: 444.594px;height: 10px;text-align: center\">Terrariengemenschaft Berlin<\/td> <td style=\"width: 179.219px;height: 10px;text-align: center\">1998-2003, 2019-t\u0151l<\/td> <td style=\"width: 101.188px;height: 10px;text-align: center\">tag<\/td> <\/tr> <tr style=\"height: 10px\"> <td style=\"width: 444.594px;height: 10px;text-align: center\">\u00d6sterreichische Gesellschaft f\u00fcr Herpetologie<\/td> <td style=\"width: 179.219px;height: 10px;text-align: center\">1996-2006<\/td> <td style=\"width: 101.188px;height: 10px;text-align: center\">tag<\/td> <\/tr> <tr style=\"height: 41px\"> <td style=\"width: 444.594px;height: 41px;text-align: center\">Magyar Mad\u00e1rtani \u00e9s Term\u00e9szetv\u00e9delmi Egyes\u00fclet<\/td> <td style=\"width: 179.219px;height: 41px;text-align: center\">2019-t\u0151l<\/td> <td style=\"width: 101.188px;height: 41px;text-align: center\">tag<\/td> <\/tr> <\/tbody> <\/table> <p><strong>\u00a0<\/strong><strong>Eddigi szakdolgozatok sz\u00e1ma<\/strong><\/p> <table style=\"height: 168px\" width=\"889\"> <tbody> <tr style=\"height: 120px\"> <td style=\"width: 206.438px;height: 120px\"><strong>Szakdolgozati t\u00e9mavezet\u0151i tev\u00e9kenys\u00e9g<\/strong><\/td> <td style=\"width: 240.047px;height: 120px\"><strong>Szent Istv\u00e1n Egyetem, Mez\u0151gazdas\u00e1gi \u00e9s K\u00f6rnyezettudom\u00e1nyi Kar (magyar nyelven)<\/strong><\/td> <td style=\"width: 206.297px;height: 120px\"> <p><strong>Soproni Egyetem, Erd\u0151m\u00e9rn\u00f6ki Kar (magyar nyelven)<\/strong><\/p> <p><strong>\u00a0<\/strong><\/td> <td style=\"width: 208.219px;height: 120px\"><strong>Utrecht University, Faculteit Diergeneeskunde (angol nyelven)<\/strong><\/td> <\/tr> <tr style=\"height: 48px\"> <td style=\"width: 206.438px;height: 48px\">Befejezett szakdolgozatok sz\u00e1ma<\/td> <td style=\"width: 240.047px;height: 48px\">2<\/td> <td style=\"width: 206.297px;height: 48px\">1<\/td> <td style=\"width: 208.219px;height: 48px\">1<\/td> <\/tr> <\/tbody> <\/table> <p><strong>Publik\u00e1ci\u00f3s lista (Top10)<\/strong>:<\/p> <table style=\"height: 608px\"> <tbody> <tr style=\"height: 80px\"> <td style=\"height: 80px;width: 21.0156px\">1.<\/td> <td style=\"height: 80px;width: 859.984px\">Herczeg, G., T\u00f3th, T., Kov\u00e1cs, T., Kors\u00f3s, Z., T\u00f6r\u00f6k, J. (2004): Distribution of <em>Ablepharus kitaibelii fitzingeri <\/em>Mertens, 1952 (Squamata: Scincidae) in Hungary. \u2013 Russian Journal of Herpetology, 11 (2): 99-105.<\/td> <\/tr> <tr style=\"height: 80px\"> <td style=\"height: 80px;width: 21.0156px\">2.<\/td> <td style=\"height: 80px;width: 859.984px\">T\u00f3th, T., Krecs\u00e1k, L., Madsen, T., \u00dajv\u00e1ri, B. (2002): Herpetofaunal locality records on the Greek Island of Corfu. \u2013 Herpetozoa, 15 (3\/4): 149-169.<\/td> <\/tr> <tr style=\"height: 80px\"> <td style=\"height: 80px;width: 21.0156px\">3.<\/td> <td style=\"height: 80px;width: 859.984px\">T\u00f3th, T., G\u00e1l, J., \u00dajv\u00e1ri, B., Madsen, T. (2005): Severe malformation in neonate <em>Vipera ursinii rakosiensis<\/em>. \u2013 Amphibia-Reptilia, 26: 388-390.<\/td> <\/tr> <tr style=\"height: 80px\"> <td style=\"height: 80px;width: 21.0156px\">4.<\/td> <td style=\"height: 80px;width: 859.984px\">T\u00f3th, T., Grillitsch, H., Farkas, B., G\u00e1l, J., Su\u0161i\u0107, G. (2006): Herpetofaunal data from Cres Island, Croatia. \u2013 Herpetozoa, 19 (1\/2): 27-58.<\/td> <\/tr> <tr style=\"height: 80px\"> <td style=\"height: 80px;width: 21.0156px\">5.<\/td> <td style=\"height: 80px;width: 859.984px\">T\u00f3th, T., Krecs\u00e1k, L. Sz\u0171cs, E., Heltai, M., Husz\u00e1r, Gy. (2009): Records of the golden jackal (<em>Canis aureus <\/em>Linnaeus, 1758) in Hungary from 1800th until 2007, based on a literature survey. \u2013 North-Western Journal of Zoology, 5 (2): 386-405.<\/td> <\/tr> <tr style=\"height: 80px\"> <td style=\"height: 80px;width: 21.0156px\">6.<\/td> <td style=\"height: 80px;width: 859.984px\">T\u00f3th, T., Krecs\u00e1k, L., G\u00e1l, J. (2010): Collecting and killing of the Common Adder (<em>Vipera berus<\/em>) in Hungary between 1950-1970. \u2013 North-Western Journal of Zoology, 6 (1): 79-85.<\/td> <\/tr> <tr style=\"height: 56px\"> <td style=\"height: 56px;width: 21.0156px\">7.<\/td> <td style=\"height: 56px;width: 859.984px\">T\u00f3th, T. (2011): M\u00e9hel\u00ff Lajos \u00e9s n\u00e9pb\u00edr\u00f3s\u00e1gi pere. \u2013 Erd\u00e9szett\u00f6rt\u00e9neti K\u00f6zlem\u00e9nyek, 83: 79-106<\/td> <\/tr> <tr style=\"height: 24px\"> <td style=\"height: 24px;width: 21.0156px\">8.<\/td> <td style=\"height: 24px;width: 859.984px\">T\u00f3th T., Boksai D., G\u00e9czy. C., Mih\u00e1lyi \u00c1., Tak\u00e1cs R., Su\u0161i\u0107 G., Vinczek J., G\u00e1l J., Maros\u00e1n M., Farkas B., Bokis A., Heltai M. (2017): Road-killed snakes on the island of Cres (Croatia). \u2013 Biharean Biologist, 11 (2): 88-93.<\/td> <\/tr> <tr style=\"height: 24px\"> <td style=\"height: 24px;width: 21.0156px\">9.<\/td> <td style=\"height: 24px;width: 859.984px\">T\u00f3th, T., Heltai, M., Keszi, A., Su\u0161i\u0107, G., Moharos, L., Farkas, B., G\u00e9czy, Cs., Torda, O., G\u00e1l, J. (2017): Herpetofauna inventory of the small islands of the Cres-Lo\u0161inj Archipelago (North Adriatic Sea, Croatia). \u2013 Herpetozoa, 30 (1\/2): 21-28.<\/td> <\/tr> <tr style=\"height: 24px\"> <td style=\"height: 24px;width: 21.0156px\">10.<\/td> <td style=\"height: 24px;width: 859.984px\">T\u00f3th, T., Kov\u00e1cs, T., Moharos, L., Valovics, Sz., Ljubisavljevic, K., Koml\u00f3s, N., Bokis, A., G\u00e1l, J., Maros\u00e1n, M. (2020): Daten zur Verbreitung von <em>Ablepharus kitaibelii fitzingeri<\/em>. \u2013 Sauria, 42 (1): 33-40, Anhang I: 1-15, Anhang II: 1-4.<\/td> <\/tr> <\/tbody> <\/table> <p>&nbsp;<\/p>","protected":false},"excerpt":{"rendered":"<p>Bemutatkoz\u00e1s 1967. m\u00e1jus 4-\u00e9n sz\u00fclettem Budapesten. 2004-ben kezdtem meg tanulm\u00e1nyaimat a Szent Istv\u00e1n Egyetemen, ahol 2008-ban vadgazda m\u00e9rn\u00f6ki f\u0151iskolai diplom\u00e1t, majd 2010-ben vadgazda m\u00e9rn\u00f6ki MSC diplom\u00e1t kaptam. 2019-ben szereztem PhD, majd 2024-ben habilit\u00e1lt doktori fokozatot a Soproni Egyetemen. 2017 \u00f3ta dolgozom f\u0151\u00e1ll\u00e1sban az \u00c1llatorvostudom\u00e1nyi Egyetem, Egzotikus\u00e1llat-, Vad-, Hal- \u00e9s M\u00e9heg\u00e9szs\u00e9g\u00fcgyi Tansz\u00e9k\u00e9n, m\u00edg 2002 \u00f3ta vagyok<\/p>\n","protected":false},"author":5824,"featured_media":0,"parent":858,"menu_order":212,"comment_status":"closed","ping_status":"closed","template":"","meta":{"_acf_changed":false,"footnotes":""},"categories":[56],"tags":[],"class_list":["post-4822","page","type-page","status-publish","hentry","category-munkatarsak"],"acf":[],"_links":{"self":[{"href":"https:\/\/univet.hu\/hu\/wp-json\/wp\/v2\/pages\/4822","targetHints":{"allow":["GET"]}}],"collection":[{"href":"https:\/\/univet.hu\/hu\/wp-json\/wp\/v2\/pages"}],"about":[{"href":"https:\/\/univet.hu\/hu\/wp-json\/wp\/v2\/types\/page"}],"author":[{"embeddable":true,"href":"https:\/\/univet.hu\/hu\/wp-json\/wp\/v2\/users\/5824"}],"replies":[{"embeddable":true,"href":"https:\/\/univet.hu\/hu\/wp-json\/wp\/v2\/comments?post=4822"}],"version-history":[{"count":5,"href":"https:\/\/univet.hu\/hu\/wp-json\/wp\/v2\/pages\/4822\/revisions"}],"predecessor-version":[{"id":196453,"href":"https:\/\/univet.hu\/hu\/wp-json\/wp\/v2\/pages\/4822\/revisions\/196453"}],"up":[{"embeddable":true,"href":"https:\/\/univet.hu\/hu\/wp-json\/wp\/v2\/pages\/858"}],"wp:attachment":[{"href":"https:\/\/univet.hu\/hu\/wp-json\/wp\/v2\/media?parent=4822"}],"wp:term":[{"taxonomy":"category","embeddable":true,"href":"https:\/\/univet.hu\/hu\/wp-json\/wp\/v2\/categories?post=4822"},{"taxonomy":"post_tag","embeddable":true,"href":"https:\/\/univet.hu\/hu\/wp-json\/wp\/v2\/tags?post=4822"}],"curies":[{"name":"wp","href":"https:\/\/api.w.org\/{rel}","templated":true}]}}