{"id":4828,"date":"2017-09-13T18:10:00","date_gmt":"2017-09-13T16:10:00","guid":{"rendered":"http:\/\/univet.hu\/egyetem\/munkatarsak\/toth-zsolt\/"},"modified":"2026-02-10T04:03:10","modified_gmt":"2026-02-10T03:03:10","slug":"toth-zsolt-2","status":"publish","type":"page","link":"https:\/\/univet.hu\/hu\/egyetem\/munkatarsak\/toth-zsolt-2\/","title":{"rendered":"T\u00f3th Zsolt"},"content":{"rendered":"<p style=\"text-align: center;\"><strong><span style=\"font-size: 14pt;\" data-contrast=\"none\">Bemutatkoz\u00e1s<\/span><\/strong><\/p> <p><span data-contrast=\"none\">1989-ben\u00a0 \u00e9retts\u00e9giztem Le\u00f6vey Kl\u00e1ra gimn\u00e1ziumban, majd k\u00e9t \u00e9vet tanultam az Irinyi J\u00e1nos Vegyipari Szakk\u00f6z\u00e9piskol\u00e1ban.<\/span><span data-ccp-props=\"{&quot;201341983&quot;:0,&quot;335559739&quot;:100,&quot;335559740&quot;:240}\">\u00a0<\/span><\/p> <p><span data-contrast=\"none\">Az iskola elv\u00e9gz\u00e9se ut\u00e1n az Orsz\u00e1gos \u00c1llateg\u00e9szs\u00e9g\u00fcgyi Int\u00e9zetben helyezkedtem el. Itt \u00e9s ut\u00f3d\u00a0 szervezetein\u00e9l 25 \u00e9vet dolgoztam.<\/span><span data-ccp-props=\"{&quot;201341983&quot;:0,&quot;335559739&quot;:100,&quot;335559740&quot;:240}\">\u00a0<\/span><\/p> <p><span data-contrast=\"none\">2017 \u00f3ta dolgozom az egyetemen k\u00f6zben elv\u00e9geztem a prepar\u00e1tori k\u00e9pz\u00e9st.<\/span><span data-ccp-props=\"{&quot;201341983&quot;:0,&quot;335559739&quot;:100,&quot;335559740&quot;:240}\">\u00a0<\/span><\/p>","protected":false},"excerpt":{"rendered":"<p>Bemutatkoz\u00e1s 1989-ben\u00a0 \u00e9retts\u00e9giztem Le\u00f6vey Kl\u00e1ra gimn\u00e1ziumban, majd k\u00e9t \u00e9vet tanultam az Irinyi J\u00e1nos Vegyipari Szakk\u00f6z\u00e9piskol\u00e1ban.\u00a0 Az iskola elv\u00e9gz\u00e9se ut\u00e1n az Orsz\u00e1gos \u00c1llateg\u00e9szs\u00e9g\u00fcgyi Int\u00e9zetben helyezkedtem el. Itt \u00e9s ut\u00f3d\u00a0 szervezetein\u00e9l 25 \u00e9vet dolgoztam.\u00a0 2017 \u00f3ta dolgozom az egyetemen k\u00f6zben elv\u00e9geztem a prepar\u00e1tori k\u00e9pz\u00e9st.\u00a0<\/p>\n","protected":false},"author":5824,"featured_media":0,"parent":858,"menu_order":212,"comment_status":"closed","ping_status":"closed","template":"","meta":{"_acf_changed":false,"footnotes":""},"categories":[56],"tags":[],"class_list":["post-4828","page","type-page","status-publish","hentry","category-munkatarsak"],"acf":[],"_links":{"self":[{"href":"https:\/\/univet.hu\/hu\/wp-json\/wp\/v2\/pages\/4828","targetHints":{"allow":["GET"]}}],"collection":[{"href":"https:\/\/univet.hu\/hu\/wp-json\/wp\/v2\/pages"}],"about":[{"href":"https:\/\/univet.hu\/hu\/wp-json\/wp\/v2\/types\/page"}],"author":[{"embeddable":true,"href":"https:\/\/univet.hu\/hu\/wp-json\/wp\/v2\/users\/5824"}],"replies":[{"embeddable":true,"href":"https:\/\/univet.hu\/hu\/wp-json\/wp\/v2\/comments?post=4828"}],"version-history":[{"count":1,"href":"https:\/\/univet.hu\/hu\/wp-json\/wp\/v2\/pages\/4828\/revisions"}],"predecessor-version":[{"id":199712,"href":"https:\/\/univet.hu\/hu\/wp-json\/wp\/v2\/pages\/4828\/revisions\/199712"}],"up":[{"embeddable":true,"href":"https:\/\/univet.hu\/hu\/wp-json\/wp\/v2\/pages\/858"}],"wp:attachment":[{"href":"https:\/\/univet.hu\/hu\/wp-json\/wp\/v2\/media?parent=4828"}],"wp:term":[{"taxonomy":"category","embeddable":true,"href":"https:\/\/univet.hu\/hu\/wp-json\/wp\/v2\/categories?post=4828"},{"taxonomy":"post_tag","embeddable":true,"href":"https:\/\/univet.hu\/hu\/wp-json\/wp\/v2\/tags?post=4828"}],"curies":[{"name":"wp","href":"https:\/\/api.w.org\/{rel}","templated":true}]}}