{"id":48356,"date":"2020-01-20T19:25:03","date_gmt":"2020-01-20T18:25:03","guid":{"rendered":"https:\/\/univet.hu\/hu\/name\/"},"modified":"2020-02-03T13:26:28","modified_gmt":"2020-02-03T12:26:28","slug":"az-allattenyesztesi-es-takarmanyozasi-tanszek-egykori-munkatarsai","status":"publish","type":"page","link":"https:\/\/univet.hu\/hu\/az-allattenyesztesi-es-takarmanyozasi-tanszek-egykori-munkatarsai\/","title":{"rendered":"Az \u00c1llatteny\u00e9szt\u00e9si \u00e9s Takarm\u00e1nyoz\u00e1si Tansz\u00e9k egykori munkat\u00e1rsai"},"content":{"rendered":"<p>Prof. Bod\u00f3 Imre<\/p> <p><a href=\"https:\/\/univet.hu\/hu\/egyetem\/munkatarsak\/szabara-laszlo\/\">Szab\u00e1ra L\u00e1szl\u00f3\u00a0<\/a><\/p>","protected":false},"excerpt":{"rendered":"<p>Prof. Bod\u00f3 Imre Szab\u00e1ra L\u00e1szl\u00f3\u00a0<\/p>\n","protected":false},"author":5823,"featured_media":0,"parent":0,"menu_order":39,"comment_status":"open","ping_status":"open","template":"","meta":{"_acf_changed":false,"footnotes":""},"categories":[],"tags":[],"class_list":["post-48356","page","type-page","status-publish","hentry"],"acf":[],"_links":{"self":[{"href":"https:\/\/univet.hu\/hu\/wp-json\/wp\/v2\/pages\/48356","targetHints":{"allow":["GET"]}}],"collection":[{"href":"https:\/\/univet.hu\/hu\/wp-json\/wp\/v2\/pages"}],"about":[{"href":"https:\/\/univet.hu\/hu\/wp-json\/wp\/v2\/types\/page"}],"author":[{"embeddable":true,"href":"https:\/\/univet.hu\/hu\/wp-json\/wp\/v2\/users\/5823"}],"replies":[{"embeddable":true,"href":"https:\/\/univet.hu\/hu\/wp-json\/wp\/v2\/comments?post=48356"}],"version-history":[{"count":0,"href":"https:\/\/univet.hu\/hu\/wp-json\/wp\/v2\/pages\/48356\/revisions"}],"wp:attachment":[{"href":"https:\/\/univet.hu\/hu\/wp-json\/wp\/v2\/media?parent=48356"}],"wp:term":[{"taxonomy":"category","embeddable":true,"href":"https:\/\/univet.hu\/hu\/wp-json\/wp\/v2\/categories?post=48356"},{"taxonomy":"post_tag","embeddable":true,"href":"https:\/\/univet.hu\/hu\/wp-json\/wp\/v2\/tags?post=48356"}],"curies":[{"name":"wp","href":"https:\/\/api.w.org\/{rel}","templated":true}]}}