{"id":4843,"date":"2016-08-02T15:47:00","date_gmt":"2016-08-02T13:47:00","guid":{"rendered":"http:\/\/univet.hu\/egyetem\/munkatarsak\/tunkli-laszlone\/"},"modified":"2026-02-10T04:03:10","modified_gmt":"2026-02-10T03:03:10","slug":"tunkli-laszlone","status":"publish","type":"page","link":"https:\/\/univet.hu\/hu\/egyetem\/munkatarsak\/tunkli-laszlone\/","title":{"rendered":"Tunkli L\u00e1szl\u00f3n\u00e9"},"content":{"rendered":"<p><strong>Bemutatkoz\u00e1s\u00a0\u00a0<\/strong><\/p> <p>1971-ben angol nyelv- \u00e9s irodalom szakos k\u00f6z\u00e9piskolai tan\u00e1ri, 1981-ben orosz nyelv- \u00e9s irodalom szakos k\u00f6z\u00e9piskolai tan\u00e1ri v\u00e9gzetts\u00e9get szerzett az E\u00f6tv\u00f6s Lor\u00e1nd Tudom\u00e1nyegyetem B\u00f6lcs\u00e9szettudom\u00e1nyi Kar\u00e1n. 1993-ben a hollandiai Christelijke Hogeschool Windesheim Basic Educational Management k\u00e9pz\u00e9s\u00e9t v\u00e9gezte el, 2005-ben pedig szakford\u00edt\u00f3i k\u00e9pes\u00edt\u00e9st szerzett.<\/p> <p>Az egyetemi tanulm\u00e1nyok mellett, 1966-1971-ig a \u201eTESCO\u201d Nemzetk\u00f6zi M\u0171szaki Tudom\u00e1nyos Egy\u00fcttm\u0171k\u00f6d\u00e9si Iroda munkat\u00e1rsak\u00e9nt tolm\u00e1csk\u00e9nt dolgozott.<\/p> <p>1981-t\u0151l nyugd\u00edjaz\u00e1sig az \u00c1llatorvostudom\u00e1nyi Egyetem Idegennyelvi Lektor\u00e1tus nyelvtan\u00e1ra, az\u00f3ta \u00f3raad\u00f3 nyelvtan\u00e1ra. \u00a0\u00a0\u00a0\u00a0\u00a0\u00a0\u00a0\u00a0\u00a0\u00a0\u00a0\u00a0\u00a0\u00a0\u00a0\u00a0\u00a0\u00a0\u00a0\u00a0\u00a0\u00a0\u00a0\u00a0\u00a0\u00a0\u00a0\u00a0\u00a0\u00a0\u00a0\u00a0\u00a0\u00a0\u00a0\u00a0\u00a0\u00a0\u00a0\u00a0\u00a0\u00a0\u00a0\u00a0\u00a0\u00a0\u00a0\u00a0\u00a0\u00a0\u00a0\u00a0\u00a0\u00a0\u00a0Oktat\u00e1si ter\u00fcletek: (EFL) \u00e1ltal\u00e1nos angol nyelv; (ESP) angol \u00e1llatorvosi szaknyelv, angol biol\u00f3gus szaknyelv; magyar, mint idegen nyelv; Clinical Hungarian; Scientific Writing Course (PhD).<\/p> <p>R\u00e9szt vett az ELTE ITK \u00e9s a Szent Istv\u00e1n Egyetem Z\u00f6ld \u00dat Nyelvvizsgak\u00f6zpont munk\u00e1j\u00e1ban is nyelvvizsga-fejleszt\u0151k\u00e9nt, oktat\u00f3k\u00e9nt \u00e9s vizsg\u00e1ztat\u00f3k\u00e9nt.<\/p>","protected":false},"excerpt":{"rendered":"<p>Bemutatkoz\u00e1s\u00a0\u00a0 1971-ben angol nyelv- \u00e9s irodalom szakos k\u00f6z\u00e9piskolai tan\u00e1ri, 1981-ben orosz nyelv- \u00e9s irodalom szakos k\u00f6z\u00e9piskolai tan\u00e1ri v\u00e9gzetts\u00e9get szerzett az E\u00f6tv\u00f6s Lor\u00e1nd Tudom\u00e1nyegyetem B\u00f6lcs\u00e9szettudom\u00e1nyi Kar\u00e1n. 1993-ben a hollandiai Christelijke Hogeschool Windesheim Basic Educational Management k\u00e9pz\u00e9s\u00e9t v\u00e9gezte el, 2005-ben pedig szakford\u00edt\u00f3i k\u00e9pes\u00edt\u00e9st szerzett. Az egyetemi tanulm\u00e1nyok mellett, 1966-1971-ig a \u201eTESCO\u201d Nemzetk\u00f6zi M\u0171szaki Tudom\u00e1nyos Egy\u00fcttm\u0171k\u00f6d\u00e9si Iroda munkat\u00e1rsak\u00e9nt<\/p>\n","protected":false},"author":5824,"featured_media":0,"parent":858,"menu_order":212,"comment_status":"closed","ping_status":"closed","template":"","meta":{"_acf_changed":false,"footnotes":""},"categories":[56],"tags":[],"class_list":["post-4843","page","type-page","status-publish","hentry","category-munkatarsak"],"acf":[],"_links":{"self":[{"href":"https:\/\/univet.hu\/hu\/wp-json\/wp\/v2\/pages\/4843","targetHints":{"allow":["GET"]}}],"collection":[{"href":"https:\/\/univet.hu\/hu\/wp-json\/wp\/v2\/pages"}],"about":[{"href":"https:\/\/univet.hu\/hu\/wp-json\/wp\/v2\/types\/page"}],"author":[{"embeddable":true,"href":"https:\/\/univet.hu\/hu\/wp-json\/wp\/v2\/users\/5824"}],"replies":[{"embeddable":true,"href":"https:\/\/univet.hu\/hu\/wp-json\/wp\/v2\/comments?post=4843"}],"version-history":[{"count":1,"href":"https:\/\/univet.hu\/hu\/wp-json\/wp\/v2\/pages\/4843\/revisions"}],"predecessor-version":[{"id":199714,"href":"https:\/\/univet.hu\/hu\/wp-json\/wp\/v2\/pages\/4843\/revisions\/199714"}],"up":[{"embeddable":true,"href":"https:\/\/univet.hu\/hu\/wp-json\/wp\/v2\/pages\/858"}],"wp:attachment":[{"href":"https:\/\/univet.hu\/hu\/wp-json\/wp\/v2\/media?parent=4843"}],"wp:term":[{"taxonomy":"category","embeddable":true,"href":"https:\/\/univet.hu\/hu\/wp-json\/wp\/v2\/categories?post=4843"},{"taxonomy":"post_tag","embeddable":true,"href":"https:\/\/univet.hu\/hu\/wp-json\/wp\/v2\/tags?post=4843"}],"curies":[{"name":"wp","href":"https:\/\/api.w.org\/{rel}","templated":true}]}}