{"id":4849,"date":"2017-04-25T14:18:00","date_gmt":"2017-04-25T12:18:00","guid":{"rendered":"http:\/\/univet.hu\/egyetem\/munkatarsak\/udvarias-csilla\/"},"modified":"2026-03-25T10:08:09","modified_gmt":"2026-03-25T09:08:09","slug":"udvarias-csilla","status":"publish","type":"page","link":"https:\/\/univet.hu\/hu\/egyetem\/munkatarsak\/udvarias-csilla\/","title":{"rendered":"Udvarias Csilla"},"content":{"rendered":"<p>&nbsp;<\/p> <h2>Projektek:<\/h2> <p><strong>Egyetemi Innov\u00e1ci\u00f3s \u00d6kosziszt\u00e9ma (EI\u00d6)<\/strong><\/p> <ul> <li>2019-1.2.1-EGYETEMI-\u00d6KO-2019-00010 &#8211; Innov\u00e1ci\u00f3s iroda l\u00e9trehoz\u00e1sa \u00e9s m\u0171k\u00f6dtet\u00e9se az \u00c1llatorvostudom\u00e1nyi Egyetemen, KFI tev\u00e9kenys\u00e9gek \u00e9s egy\u00fcttm\u0171k\u00f6d\u00e9sek \u00f6szt\u00f6nz\u00e9se \u00e9rdek\u00e9ben<\/li> <\/ul> <p><strong>Egyetemi Kutat\u00f3i \u00d6szt\u00f6nd\u00edj Program (EK\u00d6P)<\/strong><\/p> <ul> <li>2024-2.1.1-EK\u00d6P-2024-00018<\/li> <li>2024-2.1.2-EK\u00d6P KDP-2024-00013<\/li> <li>2025-2.1.1-EK\u00d6P-2025-00022<\/li> <li>2025-2.1.2-EK\u00d6P-KDP-2025-00011<\/li> <\/ul> <p><strong>Kooperat\u00edv Doktori Program (KDP)<\/strong><\/p> <ul> <li>KDP-1-4\/PALY-2021<\/li> <li>KDP-19-3\/PALY-2021<\/li> <li>2023-2.1.2-KDP-2023-00007<\/li> <\/ul> <p><strong>Hungarian Startup University Program (HSUP)<\/strong><\/p> <ul> <li>STARTUP-2025-HSUP-005<\/li> <\/ul> <p><strong>Nemzetk\u00f6zi projektek<\/strong><\/p> <ul> <li>H2020-SC6-ENG-GLOBALLY-2016-2017 \/ InsSciDE (770523)<\/li> <li>BioSecure, 101083923, HORIZON-CL6-2022-FARM2FORK-01<\/li> <li>CAE-RAPID &#8211; AGMF\/93\/2023<\/li> <li>TechPEPCon\u00a0 &#8211; AGMF\/70-2\/2023<\/li> <\/ul> <h2>Egy\u00e9b<\/h2> <div> <p>Publik\u00e1ci\u00f3kkal kapcsolatos egyetemi t\u00e1mogat\u00e1si \u00fcgyek<\/p> <\/div>","protected":false},"excerpt":{"rendered":"<p>&nbsp; Projektek: Egyetemi Innov\u00e1ci\u00f3s \u00d6kosziszt\u00e9ma (EI\u00d6) 2019-1.2.1-EGYETEMI-\u00d6KO-2019-00010 &#8211; Innov\u00e1ci\u00f3s iroda l\u00e9trehoz\u00e1sa \u00e9s m\u0171k\u00f6dtet\u00e9se az \u00c1llatorvostudom\u00e1nyi Egyetemen, KFI tev\u00e9kenys\u00e9gek \u00e9s egy\u00fcttm\u0171k\u00f6d\u00e9sek \u00f6szt\u00f6nz\u00e9se \u00e9rdek\u00e9ben Egyetemi Kutat\u00f3i \u00d6szt\u00f6nd\u00edj Program (EK\u00d6P) 2024-2.1.1-EK\u00d6P-2024-00018 2024-2.1.2-EK\u00d6P KDP-2024-00013 2025-2.1.1-EK\u00d6P-2025-00022 2025-2.1.2-EK\u00d6P-KDP-2025-00011 Kooperat\u00edv Doktori Program (KDP) KDP-1-4\/PALY-2021 KDP-19-3\/PALY-2021 2023-2.1.2-KDP-2023-00007 Hungarian Startup University Program (HSUP) STARTUP-2025-HSUP-005 Nemzetk\u00f6zi projektek H2020-SC6-ENG-GLOBALLY-2016-2017 \/ InsSciDE (770523) BioSecure, 101083923, HORIZON-CL6-2022-FARM2FORK-01 CAE-RAPID<\/p>\n","protected":false},"author":5824,"featured_media":0,"parent":858,"menu_order":212,"comment_status":"closed","ping_status":"closed","template":"","meta":{"_acf_changed":false,"footnotes":""},"categories":[56],"tags":[],"class_list":["post-4849","page","type-page","status-publish","hentry","category-munkatarsak"],"acf":[],"_links":{"self":[{"href":"https:\/\/univet.hu\/hu\/wp-json\/wp\/v2\/pages\/4849","targetHints":{"allow":["GET"]}}],"collection":[{"href":"https:\/\/univet.hu\/hu\/wp-json\/wp\/v2\/pages"}],"about":[{"href":"https:\/\/univet.hu\/hu\/wp-json\/wp\/v2\/types\/page"}],"author":[{"embeddable":true,"href":"https:\/\/univet.hu\/hu\/wp-json\/wp\/v2\/users\/5824"}],"replies":[{"embeddable":true,"href":"https:\/\/univet.hu\/hu\/wp-json\/wp\/v2\/comments?post=4849"}],"version-history":[{"count":4,"href":"https:\/\/univet.hu\/hu\/wp-json\/wp\/v2\/pages\/4849\/revisions"}],"predecessor-version":[{"id":204165,"href":"https:\/\/univet.hu\/hu\/wp-json\/wp\/v2\/pages\/4849\/revisions\/204165"}],"up":[{"embeddable":true,"href":"https:\/\/univet.hu\/hu\/wp-json\/wp\/v2\/pages\/858"}],"wp:attachment":[{"href":"https:\/\/univet.hu\/hu\/wp-json\/wp\/v2\/media?parent=4849"}],"wp:term":[{"taxonomy":"category","embeddable":true,"href":"https:\/\/univet.hu\/hu\/wp-json\/wp\/v2\/categories?post=4849"},{"taxonomy":"post_tag","embeddable":true,"href":"https:\/\/univet.hu\/hu\/wp-json\/wp\/v2\/tags?post=4849"}],"curies":[{"name":"wp","href":"https:\/\/api.w.org\/{rel}","templated":true}]}}