{"id":48561,"date":"2020-01-23T08:49:11","date_gmt":"2020-01-23T07:49:11","guid":{"rendered":"https:\/\/univet.hu\/?page_id=48561"},"modified":"2020-01-23T09:01:08","modified_gmt":"2020-01-23T08:01:08","slug":"elemi-koltsegvetes","status":"publish","type":"page","link":"https:\/\/univet.hu\/hu\/egyetem\/kozerdeku-adatok\/koltsegvetesi-adatok\/elemi-koltsegvetes\/","title":{"rendered":"Elemi k\u00f6lts\u00e9gvet\u00e9s"},"content":{"rendered":"<p><a href=\"https:\/\/univet.hu\/wp-content\/uploads\/2020\/01\/2017\u00e9vik\u00f6lts\u00e9gvet\u00e9s.pdf\">2017 \u00e9vi elemi k\u00f6lts\u00e9gvet\u00e9s<\/a><\/p> <p><a href=\"https:\/\/univet.hu\/hu\/egyetem\/kozerdeku-adatok\/koltsegvetesi-adatok\/elemi-koltsegvetes\/\">2018 \u00e9vi elemi k\u00f6lts\u00e9gvet\u00e9s<\/a><\/p> <p><a href=\"https:\/\/univet.hu\/wp-content\/uploads\/2020\/01\/Elemi-k\u00f6lts\u00e9gvet\u00e9s-I_2019.-\u00e9v-1.pdf\">2019 \u00e9vi elemi k\u00f6lts\u00e9gvet\u00e9s<\/a><\/p> <p><a href=\"https:\/\/univet.hu\/wp-content\/uploads\/2020\/01\/Elemi-k\u00f6lts\u00e9gvet\u00e9s-I._2020.-\u00e9v-2.pdf\">2020 \u00e9vi elemi k\u00f6lts\u00e9gvet\u00e9s<\/a><\/p>","protected":false},"excerpt":{"rendered":"<p>2017 \u00e9vi elemi k\u00f6lts\u00e9gvet\u00e9s 2018 \u00e9vi elemi k\u00f6lts\u00e9gvet\u00e9s 2019 \u00e9vi elemi k\u00f6lts\u00e9gvet\u00e9s 2020 \u00e9vi elemi k\u00f6lts\u00e9gvet\u00e9s<\/p>\n","protected":false},"author":2518,"featured_media":0,"parent":32088,"menu_order":0,"comment_status":"closed","ping_status":"closed","template":"","meta":{"_acf_changed":false,"footnotes":""},"categories":[],"tags":[],"class_list":["post-48561","page","type-page","status-publish","hentry"],"acf":[],"_links":{"self":[{"href":"https:\/\/univet.hu\/hu\/wp-json\/wp\/v2\/pages\/48561","targetHints":{"allow":["GET"]}}],"collection":[{"href":"https:\/\/univet.hu\/hu\/wp-json\/wp\/v2\/pages"}],"about":[{"href":"https:\/\/univet.hu\/hu\/wp-json\/wp\/v2\/types\/page"}],"author":[{"embeddable":true,"href":"https:\/\/univet.hu\/hu\/wp-json\/wp\/v2\/users\/2518"}],"replies":[{"embeddable":true,"href":"https:\/\/univet.hu\/hu\/wp-json\/wp\/v2\/comments?post=48561"}],"version-history":[{"count":0,"href":"https:\/\/univet.hu\/hu\/wp-json\/wp\/v2\/pages\/48561\/revisions"}],"up":[{"embeddable":true,"href":"https:\/\/univet.hu\/hu\/wp-json\/wp\/v2\/pages\/32088"}],"wp:attachment":[{"href":"https:\/\/univet.hu\/hu\/wp-json\/wp\/v2\/media?parent=48561"}],"wp:term":[{"taxonomy":"category","embeddable":true,"href":"https:\/\/univet.hu\/hu\/wp-json\/wp\/v2\/categories?post=48561"},{"taxonomy":"post_tag","embeddable":true,"href":"https:\/\/univet.hu\/hu\/wp-json\/wp\/v2\/tags?post=48561"}],"curies":[{"name":"wp","href":"https:\/\/api.w.org\/{rel}","templated":true}]}}