{"id":4867,"date":"2016-08-03T08:47:00","date_gmt":"2016-08-03T06:47:00","guid":{"rendered":"http:\/\/univet.hu\/egyetem\/munkatarsak\/vajdovich-peter\/"},"modified":"2026-02-10T04:00:24","modified_gmt":"2026-02-10T03:00:24","slug":"vajdovich-peter","status":"publish","type":"page","link":"https:\/\/univet.hu\/hu\/egyetem\/munkatarsak\/vajdovich-peter\/","title":{"rendered":"Vajdovich P\u00e9ter"},"content":{"rendered":"<p style=\"text-align: center;\"><strong><span style=\"font-size: 14pt;\">Bemutatkoz\u00e1s<\/span><\/strong><\/p> <div> <p>Diplom\u00e1j\u00e1t 1990-ben szerezte. K\u00f6zrem\u0171k\u00f6dik a k\u00f3r\u00e9lettan, a laborat\u00f3riumi diagnosztika \u00e9s a belgy\u00f3gy\u00e1szat oktat\u00e1s\u00e1ban. 2000-ben megv\u00e9dte PhD \u00e9rtekez\u00e9s\u00e9t. 1996 \u00f3ta ir\u00e1ny\u00edtja a klinikai onkol\u00f3giai munk\u00e1t. F\u0151 kutat\u00e1si ter\u00fclete az \u00faj ter\u00e1pi\u00e1s elj\u00e1r\u00e1sok, prognosztikai markerek \u00e9s a multi drog-rezisztencia a kuty\u00e1k daganataiban. 2002-ben az European College of Veterinary Clinical Pathology (ECVCP) tagj\u00e1v\u00e1 v\u00e1lt, 2004-ben docensi kinevez\u00e9s\u00e9t szerezte. Laborat\u00f3riumi munk\u00e1ja mellett klinikai onkol\u00f3gusk\u00e9nt is dolgozik. Az \u00c1OTE klinikai laborat\u00f3rium\u00e1t vezeti \u00e9s tulajdonosa az \u00c1llatorvosi Hematol\u00f3giai \u00e9s Onkol\u00f3giai K\u00f6zpont Kft.-nak \/ \u00c1.H.O.K. Kft.\/, ahol betegekkel \u00e9s azok sz\u00f6vet-, ill. v\u00e9rmint\u00e1ival foglalkozik. Az ECVCP Vizsgabizotts\u00e1g\u00e1nak t\u00e1rseln\u00f6ke, az European Society of Veterinary Oncology (ESVONC), \u00e9s az ESVONC Alap\u00edt\u00f3 okirat\u00e1t \u00e1tdolgoz\u00f3 munkacsoport tagja. 2014-\u00f3ta az \u00c1llatorvostudom\u00e1nyi Egyetemen a Klinikai Patol\u00f3giai \u00e9s Onkol\u00f3giai Tansz\u00e9k vezet\u0151je. Tagja a Boerhinger-Ingelheim \u00c1llatorvosi Onkol\u00f3giai Tan\u00e1csad\u00f3 Test\u00fclet\u00e9nek (Veterinary Oncology Advisory Board, VOAB) \u00e9s a Royal Canin Eur\u00f3pai \u00c1llatorvosi Onkol\u00f3giai Tan\u00e1cs\u00e1nak.<\/p> <p><strong>F\u0151bb kutat\u00e1si ter\u00fcletek: <\/strong><\/p> <ul> <li>Az \u00e1llatorvosi laborat\u00f3riumi diagnosztika fejleszt\u00e9se.<\/li> <li>A daganatok \u00faj ter\u00e1pi\u00e1s \u00e9lehet\u0151s\u00e9geinek kutat\u00e1sa (a ter\u00e1piarezisztencia lek\u00fczd\u00e9se, hat\u00e9kony kemoter\u00e1pi\u00e1s protokollok fejleszt\u00e9se, a lok\u00e1lis kemoter\u00e1pia fejleszt\u00e9se).<\/li> <li>A daganatok ter\u00e1piarezisztenci\u00e1j\u00e1nak vizsg\u00e1lata.<\/li> <\/ul> <p><strong>El\u0151rehalad\u00e1s<\/strong><\/p> <p><strong>Laborat\u00f3riumi diagnosztikai munka<\/strong><\/p> <p>1991-t\u0151l rendszeres r\u00e9szv\u00e9tel a Belgy\u00f3gy\u00e1szati Tansz\u00e9k klinikai laborat\u00f3rium\u00e1nak napi munk\u00e1j\u00e1ban.<\/p> <p>1993-t\u00f3l az \u00e1llatorvosi citol\u00f3giai diagnosztika bevezet\u00e9se a rutin laborat\u00f3riumi diagnosztik\u00e1ban.<\/p> <p>1994-t\u0151l rendszeres r\u00e9szv\u00e9tel a hematol\u00f3giai betegs\u00e9gek diagnosztik\u00e1j\u00e1ban, illetve a laborat\u00f3riumi m\u00f3dszerek fejleszt\u00e9s\u00e9ben (pl. madarak, h\u00fcll\u0151k mennyis\u00e9gi \u00e9s min\u0151s\u00e9gi v\u00e9rk\u00e9p\u00e9nek meghat\u00e1roz\u00e1sa, leuk\u00e9mi\u00e1k diagnosztik\u00e1ja, csontvel\u0151mint\u00e1k rutinszer\u0171 elemz\u00e9se).<\/p> <p><strong>Klinikai munka<\/strong><\/p> <p>1991-t\u0151l rendszeres r\u00e9szv\u00e9tel a belgy\u00f3gy\u00e1szati d\u00e9lut\u00e1ni \u00e9s \u00e9jszakai \u00fcgyeletben, nyaranta a Tansz\u00e9k kis\u00e1llatk\u00f3rh\u00e1z\u00e1ban a betegek kezel\u00e9s\u00e9ben.<\/p> <p>1996. kis\u00e1llatok daganatos betegs\u00e9geinek komplex diagnosztik\u00e1j\u00e1nak, valamint kemoter\u00e1pi\u00e1s ell\u00e1t\u00e1s\u00e1nak bevezet\u00e9se,<\/p> <p>2001. a Belgy\u00f3gy\u00e1szati Tansz\u00e9k \u00e9s Klinik\u00e1n az onkol\u00f3giai \u00e9s hematol\u00f3giai szakrendel\u00e9sek bevezet\u00e9se.<strong>\u00a0<\/strong><\/p> <p><strong>Szakmai szervezeti tags\u00e1g<\/strong><\/p> <table style=\"height: 213px;\" width=\"984\"> <tbody> <tr style=\"height: 68px;\"> <td style=\"width: 426.7px; height: 68px; text-align: center;\"><strong>Bizotts\u00e1g neve<\/strong><\/td> <td style=\"width: 190.317px; height: 68px; text-align: center;\"><strong>Id\u0151<\/strong><\/td> <td style=\"width: 346.583px; height: 68px; text-align: center;\"><strong>Tiszts\u00e9g<\/strong><\/td> <\/tr> <tr style=\"height: 29px;\"> <td style=\"width: 426.7px; height: 29px; text-align: center;\">\u00a0European Socitey of Veterinary Oncology (ESVONC)<\/td> <td style=\"width: 190.317px; height: 29px; text-align: center;\">\u00a02021<\/td> <td style=\"width: 346.583px; height: 29px; text-align: center;\">Alap\u00edt\u00f3 okirat\u00e1t \u00e1tdolgoz\u00f3 munkacsoport tagja.<\/td> <\/tr> <tr style=\"height: 29px;\"> <td style=\"width: 426.7px; height: 29px; text-align: center;\">European College of Veterinary Clincal Pathology (ECVCP)<\/td> <td style=\"width: 190.317px; height: 29px; text-align: center;\">\u00a02018<\/td> <td style=\"width: 346.583px; height: 29px; text-align: center;\">Vizsgabizotts\u00e1g t\u00e1rseln\u00f6ke<\/td> <\/tr> <tr style=\"height: 29px;\"> <td style=\"width: 426.7px; height: 29px; text-align: center;\">A Magyar \u00c1llatorvosi Kamara (M\u00c1OK)<\/td> <td style=\"width: 190.317px; height: 29px; text-align: center;\">\u00a02002<\/td> <td style=\"width: 346.583px; height: 29px; text-align: center;\">\u00a0Orsz\u00e1gos Etikai Bizotts\u00e1g\u00e1nak tagja<\/td> <\/tr> <\/tbody> <\/table> <p><strong>\u00a0<\/strong><strong>Eddigi szakdolgozat\/TDK hallgat\u00f3k sz\u00e1ma<\/strong><\/p> <p>Szakdolgozat: 45<\/p> <p>TDK dolgozat: 21<\/p> <p>Posztgradu\u00e1lis szakdolgozat: 14<\/p> <p>OTDK dolgozat: 5<\/p> <table width=\"569\"> <tbody> <tr> <td colspan=\"2\" width=\"569\"><strong>PhD-hallgat\u00f3k<\/strong><\/td> <\/tr> <tr> <td width=\"281\">\u00a04<\/td> <\/tr> <\/tbody> <\/table> <p>&nbsp;<\/p> <p><strong>Publik\u00e1ci\u00f3s lista (Top10)<\/strong><\/p> <p>MTMT:<\/p> <\/div> <table style=\"height: 376px;\" width=\"961\"> <tbody> <tr style=\"height: 80px;\"> <td style=\"width: 34px; height: 80px;\">1.<\/td> <td style=\"width: 912.2px; height: 80px;\"><a href=\"https:\/\/pubmed.ncbi.nlm.nih.gov\/15232133\/\">Use of the argyrophilic nucleolar region method for cytologic and histologic examination of the lymph nodes in dogs. <\/a><strong>Vajdovich P<\/strong>, Ps\u00e1der R, T\u00f3th ZA, Perge E. Vet Pathol. 2004 Jul;41(4):338-45. doi: 10.1354\/vp.41-4-338. PMID: 15232133<\/td> <\/tr> <tr style=\"height: 104px;\"> <td style=\"width: 34px; height: 104px;\">2.<\/td> <td style=\"width: 912.2px; height: 104px;\"><a href=\"https:\/\/pubmed.ncbi.nlm.nih.gov\/15914284\/\">Redox status of dogs with non-hodgkin lymphomas. An ESR study. <\/a><strong>Vajdovich P<\/strong>, Kriska T, M\u00e9zes M, Szab\u00f3 PR, Balogh N, B\u00e1nfi A, Arany-T\u00f3th A, Ga\u00e1l T, Jakus J. Cancer Lett. 2005 Jun 28;224(2):339-46. doi: 10.1016\/j.canlet.2004.11.037. Epub 2004 Dec 25. PMID: 15914284<\/td> <\/tr> <tr style=\"height: 24px;\"> <td style=\"width: 34px; height: 24px;\">3.<\/td> <td style=\"width: 912.2px; height: 24px;\"><a href=\"https:\/\/pubmed.ncbi.nlm.nih.gov\/32365663\/\">Celecoxib Prevents Doxorubicin-Induced Multidrug Resistance in Canine and Mouse Lymphoma Cell Lines. <\/a>Karai E, Szeb\u00e9nyi K, Windt T, Feh\u00e9r S, Szendi E, D\u00e9kay V, <strong>Vajdovich P<\/strong>, Szak\u00e1cs G, F\u00fcredi A. Cancers (Basel). 2020 Apr 29;12(5):1117. doi: 10.3390\/cancers12051117. PMID: 32365663 Free PMC article.<\/td> <\/tr> <tr style=\"height: 24px;\"> <td style=\"width: 34px; height: 24px;\">4.<\/td> <td style=\"width: 912.2px; height: 24px;\"><a href=\"https:\/\/pubmed.ncbi.nlm.nih.gov\/18249244\/\">Free radicals and antioxidants in inflammatory processes and ischemia-reperfusion injury. <\/a><strong>Vajdovich P.<\/strong> Vet Clin North Am Small Anim Pract. 2008 Jan;38(1):31-123, v. doi: 10.1016\/j.cvsm.2007.11.008. PMID: 18249244 Review.<\/td> <\/tr> <tr style=\"height: 24px;\"> <td style=\"width: 34px; height: 24px;\">5.<\/td> <td style=\"width: 912.2px; height: 24px;\"><a href=\"https:\/\/pubmed.ncbi.nlm.nih.gov\/30962481\/\">Significance of the Tks4 scaffold protein in bone tissue homeostasis. <\/a>Vas V, Kov\u00e1cs T, K\u00f6rmendi S, Br\u00f3dy A, Kudlik G, Szeder B, Mez\u0151 D, K\u00e1llai D, Koprivanacz K, Mer\u0151 BL, D\u00fclk M, T\u00f3v\u00e1ri J, <strong>Vajdovich P<\/strong>, \u015eenel \u015eN, \u00d6zcan I, Helyes Z, Dob\u00f3-Nagy C, Buday L. Sci Rep. 2019 Apr 8;9(1):5781. doi: 10.1038\/s41598-019-42250-6. PMID: 30962481 Free PMC article.<\/td> <\/tr> <tr style=\"height: 24px;\"> <td style=\"width: 34px; height: 24px;\">6.<\/td> <td style=\"width: 912.2px; height: 24px;\"><a href=\"https:\/\/pubmed.ncbi.nlm.nih.gov\/29958529\/\">Tyrosine kinase expression analyses in canine mammary gland tumours &#8211; A pilot study. <\/a>Koltai Z, Szab\u00f3 B, Jakus J, <strong>Vajdovich P.<\/strong> Acta Vet Hung. 2018 Jun;66(2):294-308. doi: 10.1556\/004.2018.027. PMID: 29958529<\/td> <\/tr> <tr style=\"height: 24px;\"> <td style=\"width: 34px; height: 24px;\">7.<\/td> <td style=\"width: 912.2px; height: 24px;\"><a href=\"https:\/\/pubmed.ncbi.nlm.nih.gov\/29958524\/\">Evaluation of Pgp (MDR1) immunohistochemistry in canine lymphoma &#8211; prognostic and clinical aspects. <\/a><strong>Vajdovich P<\/strong>, Koltai Z, D\u00e9kay V, Kungl K, Harnos A. Acta Vet Hung. 2018 Jun;66(2):309-328. doi: 10.1556\/004.2018.028. PMID: 29958524<\/td> <\/tr> <tr style=\"height: 24px;\"> <td style=\"width: 34px; height: 24px;\">8.<\/td> <td style=\"width: 912.2px; height: 24px;\"><a href=\"https:\/\/pubmed.ncbi.nlm.nih.gov\/24659714\/\">Expression of multidrug resistance membrane transporter (Pgp) and p53 protein in canine mammary tumours. <\/a>Koltai Z, <strong>Vajdovich P.<\/strong> Acta Vet Hung. 2014 Jun;62(2):194-204. doi: 10.1556\/AVet.2014.002. PMID: 24659714<\/td> <\/tr> <tr style=\"height: 24px;\"> <td style=\"width: 34px; height: 24px;\">9.<\/td> <td style=\"width: 912.2px; height: 24px;\"><a href=\"https:\/\/pubmed.ncbi.nlm.nih.gov\/18429502\/\">Comparison between an intradermal skin test and allergen-specific IgE-ELISA for canine atopic dermatitis. <\/a>Tarpataki N, Bigler B, <strong>Vajdovich P<\/strong>, V\u00f6r\u00f6s K. Schweiz Arch Tierheilkd. 2008 Mar;150(3):117-22. doi: 10.1024\/0036-7281.150.3.117. PMID: 18429502<\/td> <\/tr> <tr style=\"height: 24px;\"> <td style=\"width: 34px; height: 24px;\">10.<\/td> <td style=\"width: 912.2px; height: 24px;\"><a href=\"https:\/\/pubmed.ncbi.nlm.nih.gov\/25001579\/\">The effect of indomethacin, myeloperoxidase, and certain steroid hormones on bactericidal activity: an ex vivo and in vivo experimental study. <\/a>Stark J, Varga Z, Ghid\u00e1n \u00c1, <strong>Vajdovich P<\/strong>, Szombath D, Marczell I, V\u00e1rb\u00edr\u00f3 S, Dinya E, Magyar T, Tulassay Z, Sz\u00e9k\u00e1cs B, Nagy K, R\u00e1cz K, B\u00e9k\u00e9si G. Ann Clin Microbiol Antimicrob. 2014 Jul 7;13:27. doi: 10.1186\/1476-0711-13-27. PMID: 25001579 Free PMC article<\/td> <\/tr> <\/tbody> <\/table> <div> <p>&nbsp;<\/p> <\/div> <h2><\/h2> <div> <p>&nbsp;<\/p> <\/div>","protected":false},"excerpt":{"rendered":"<p>Bemutatkoz\u00e1s Diplom\u00e1j\u00e1t 1990-ben szerezte. K\u00f6zrem\u0171k\u00f6dik a k\u00f3r\u00e9lettan, a laborat\u00f3riumi diagnosztika \u00e9s a belgy\u00f3gy\u00e1szat oktat\u00e1s\u00e1ban. 2000-ben megv\u00e9dte PhD \u00e9rtekez\u00e9s\u00e9t. 1996 \u00f3ta ir\u00e1ny\u00edtja a klinikai onkol\u00f3giai munk\u00e1t. F\u0151 kutat\u00e1si ter\u00fclete az \u00faj ter\u00e1pi\u00e1s elj\u00e1r\u00e1sok, prognosztikai markerek \u00e9s a multi drog-rezisztencia a kuty\u00e1k daganataiban. 2002-ben az European College of Veterinary Clinical Pathology (ECVCP) tagj\u00e1v\u00e1 v\u00e1lt, 2004-ben docensi kinevez\u00e9s\u00e9t<\/p>\n","protected":false},"author":5824,"featured_media":0,"parent":858,"menu_order":210,"comment_status":"closed","ping_status":"closed","template":"","meta":{"_acf_changed":false,"footnotes":""},"categories":[56],"tags":[],"class_list":["post-4867","page","type-page","status-publish","hentry","category-munkatarsak"],"acf":[],"_links":{"self":[{"href":"https:\/\/univet.hu\/hu\/wp-json\/wp\/v2\/pages\/4867","targetHints":{"allow":["GET"]}}],"collection":[{"href":"https:\/\/univet.hu\/hu\/wp-json\/wp\/v2\/pages"}],"about":[{"href":"https:\/\/univet.hu\/hu\/wp-json\/wp\/v2\/types\/page"}],"author":[{"embeddable":true,"href":"https:\/\/univet.hu\/hu\/wp-json\/wp\/v2\/users\/5824"}],"replies":[{"embeddable":true,"href":"https:\/\/univet.hu\/hu\/wp-json\/wp\/v2\/comments?post=4867"}],"version-history":[{"count":1,"href":"https:\/\/univet.hu\/hu\/wp-json\/wp\/v2\/pages\/4867\/revisions"}],"predecessor-version":[{"id":199565,"href":"https:\/\/univet.hu\/hu\/wp-json\/wp\/v2\/pages\/4867\/revisions\/199565"}],"up":[{"embeddable":true,"href":"https:\/\/univet.hu\/hu\/wp-json\/wp\/v2\/pages\/858"}],"wp:attachment":[{"href":"https:\/\/univet.hu\/hu\/wp-json\/wp\/v2\/media?parent=4867"}],"wp:term":[{"taxonomy":"category","embeddable":true,"href":"https:\/\/univet.hu\/hu\/wp-json\/wp\/v2\/categories?post=4867"},{"taxonomy":"post_tag","embeddable":true,"href":"https:\/\/univet.hu\/hu\/wp-json\/wp\/v2\/tags?post=4867"}],"curies":[{"name":"wp","href":"https:\/\/api.w.org\/{rel}","templated":true}]}}