{"id":4882,"date":"2017-05-03T13:44:00","date_gmt":"2017-05-03T11:44:00","guid":{"rendered":"http:\/\/univet.hu\/egyetem\/munkatarsak\/varga-gabriella\/"},"modified":"2026-02-10T04:00:25","modified_gmt":"2026-02-10T03:00:25","slug":"varga-gabriella","status":"publish","type":"page","link":"https:\/\/univet.hu\/hu\/egyetem\/munkatarsak\/varga-gabriella\/","title":{"rendered":"Varga Gabriella"},"content":{"rendered":"<h2>Tev\u00e9kenys\u00e9g<\/h2> <div> <p>A Rektor melletti titk\u00e1rn\u0151i teend\u0151k ell\u00e1t\u00e1sa, \u00e9rtekezletek el\u0151k\u00e9sz\u00edt\u00e9se.<\/p> <\/div>","protected":false},"excerpt":{"rendered":"<p>Tev\u00e9kenys\u00e9g A Rektor melletti titk\u00e1rn\u0151i teend\u0151k ell\u00e1t\u00e1sa, \u00e9rtekezletek el\u0151k\u00e9sz\u00edt\u00e9se.<\/p>\n","protected":false},"author":5824,"featured_media":0,"parent":858,"menu_order":210,"comment_status":"closed","ping_status":"closed","template":"","meta":{"_acf_changed":false,"footnotes":""},"categories":[56],"tags":[],"class_list":["post-4882","page","type-page","status-publish","hentry","category-munkatarsak"],"acf":[],"_links":{"self":[{"href":"https:\/\/univet.hu\/hu\/wp-json\/wp\/v2\/pages\/4882","targetHints":{"allow":["GET"]}}],"collection":[{"href":"https:\/\/univet.hu\/hu\/wp-json\/wp\/v2\/pages"}],"about":[{"href":"https:\/\/univet.hu\/hu\/wp-json\/wp\/v2\/types\/page"}],"author":[{"embeddable":true,"href":"https:\/\/univet.hu\/hu\/wp-json\/wp\/v2\/users\/5824"}],"replies":[{"embeddable":true,"href":"https:\/\/univet.hu\/hu\/wp-json\/wp\/v2\/comments?post=4882"}],"version-history":[{"count":1,"href":"https:\/\/univet.hu\/hu\/wp-json\/wp\/v2\/pages\/4882\/revisions"}],"predecessor-version":[{"id":199567,"href":"https:\/\/univet.hu\/hu\/wp-json\/wp\/v2\/pages\/4882\/revisions\/199567"}],"up":[{"embeddable":true,"href":"https:\/\/univet.hu\/hu\/wp-json\/wp\/v2\/pages\/858"}],"wp:attachment":[{"href":"https:\/\/univet.hu\/hu\/wp-json\/wp\/v2\/media?parent=4882"}],"wp:term":[{"taxonomy":"category","embeddable":true,"href":"https:\/\/univet.hu\/hu\/wp-json\/wp\/v2\/categories?post=4882"},{"taxonomy":"post_tag","embeddable":true,"href":"https:\/\/univet.hu\/hu\/wp-json\/wp\/v2\/tags?post=4882"}],"curies":[{"name":"wp","href":"https:\/\/api.w.org\/{rel}","templated":true}]}}