{"id":48895,"date":"2020-01-27T08:20:56","date_gmt":"2020-01-27T07:20:56","guid":{"rendered":"https:\/\/univet.hu\/?page_id=48895"},"modified":"2020-09-11T14:28:35","modified_gmt":"2020-09-11T12:28:35","slug":"orvosi-mikrobiologia-es-infektologia","status":"publish","type":"page","link":"https:\/\/univet.hu\/hu\/oktatas\/kurzusok\/orvosi-mikrobiologia-es-infektologia\/","title":{"rendered":"Orvosi mikrobiol\u00f3gia \u00e9s infektol\u00f3gia"},"content":{"rendered":"<p>Az orvosi mikrobiol\u00f3gia \u00e9s infektol\u00f3gia szakter\u00fclete mag\u00e1ba foglalja a laborat\u00f3riumi eredm\u00e9nyek \u00e9rtelmez\u00e9s\u00e9t, a betegell\u00e1t\u00e1st \u00e9s a fert\u0151z\u0151 betegs\u00e9gek ter\u00e1pi\u00e1j\u00e1t. A kurzus esettanulm\u00e1nyok form\u00e1j\u00e1ban mutatja be a leggyakoribb emberi fert\u0151z\u00e9ses megbeteged\u00e9seket, a differenci\u00e1ldiagnosztikai folyamatokat \u00e9s a laborat\u00f3riumi diagn\u00f3zisalkot\u00e1s folyamat\u00e1t (bele\u00e9rtve a mintav\u00e9telt, mintasz\u00e1ll\u00edt\u00e1st a mint\u00e1k feldolgoz\u00e1s\u00e1t \u00e9s a kapott eredm\u00e9nyek \u00e9rt\u00e9kel\u00e9s\u00e9t).<\/p> <p>&nbsp;<\/p> <p><span style=\"color: #ff0000;\">Az el\u0151ad\u00e1sok az \u0151szi f\u00e9l\u00e9vben el\u0151rel\u00e1that\u00f3lag jelenl\u00e9ti form\u00e1ban 5 alkalommal ker\u00fclnek megtart\u00e1sra.<\/span><\/p>","protected":false},"excerpt":{"rendered":"<p>Az orvosi mikrobiol\u00f3gia \u00e9s infektol\u00f3gia szakter\u00fclete mag\u00e1ba foglalja a laborat\u00f3riumi eredm\u00e9nyek \u00e9rtelmez\u00e9s\u00e9t, a betegell\u00e1t\u00e1st \u00e9s a fert\u0151z\u0151 betegs\u00e9gek ter\u00e1pi\u00e1j\u00e1t. A kurzus esettanulm\u00e1nyok form\u00e1j\u00e1ban mutatja be a leggyakoribb emberi fert\u0151z\u00e9ses megbeteged\u00e9seket, a differenci\u00e1ldiagnosztikai folyamatokat \u00e9s a laborat\u00f3riumi diagn\u00f3zisalkot\u00e1s folyamat\u00e1t (bele\u00e9rtve a mintav\u00e9telt, mintasz\u00e1ll\u00edt\u00e1st a mint\u00e1k feldolgoz\u00e1s\u00e1t \u00e9s a kapott eredm\u00e9nyek \u00e9rt\u00e9kel\u00e9s\u00e9t). &nbsp; Az el\u0151ad\u00e1sok az \u0151szi<\/p>\n","protected":false},"author":3837,"featured_media":0,"parent":677,"menu_order":0,"comment_status":"closed","ping_status":"closed","template":"","meta":{"_acf_changed":false,"footnotes":""},"categories":[],"tags":[],"class_list":["post-48895","page","type-page","status-publish","hentry"],"acf":[],"_links":{"self":[{"href":"https:\/\/univet.hu\/hu\/wp-json\/wp\/v2\/pages\/48895","targetHints":{"allow":["GET"]}}],"collection":[{"href":"https:\/\/univet.hu\/hu\/wp-json\/wp\/v2\/pages"}],"about":[{"href":"https:\/\/univet.hu\/hu\/wp-json\/wp\/v2\/types\/page"}],"author":[{"embeddable":true,"href":"https:\/\/univet.hu\/hu\/wp-json\/wp\/v2\/users\/3837"}],"replies":[{"embeddable":true,"href":"https:\/\/univet.hu\/hu\/wp-json\/wp\/v2\/comments?post=48895"}],"version-history":[{"count":0,"href":"https:\/\/univet.hu\/hu\/wp-json\/wp\/v2\/pages\/48895\/revisions"}],"up":[{"embeddable":true,"href":"https:\/\/univet.hu\/hu\/wp-json\/wp\/v2\/pages\/677"}],"wp:attachment":[{"href":"https:\/\/univet.hu\/hu\/wp-json\/wp\/v2\/media?parent=48895"}],"wp:term":[{"taxonomy":"category","embeddable":true,"href":"https:\/\/univet.hu\/hu\/wp-json\/wp\/v2\/categories?post=48895"},{"taxonomy":"post_tag","embeddable":true,"href":"https:\/\/univet.hu\/hu\/wp-json\/wp\/v2\/tags?post=48895"}],"curies":[{"name":"wp","href":"https:\/\/api.w.org\/{rel}","templated":true}]}}