{"id":48911,"date":"2020-01-27T09:41:23","date_gmt":"2020-01-27T08:41:23","guid":{"rendered":"https:\/\/univet.hu\/hu\/name\/"},"modified":"2020-01-27T09:41:23","modified_gmt":"2020-01-27T08:41:23","slug":"haszonallat-gyogyaszati-klinika","status":"publish","type":"page","link":"https:\/\/univet.hu\/hu\/haszonallat-gyogyaszati-klinika\/","title":{"rendered":"Haszon\u00e1llat-gy\u00f3gy\u00e1szati Klinika"},"content":{"rendered":"<p><a href=\"https:\/\/univet.hu\/hu\/klinikak\/haszonallat\/\">Haszon\u00e1llat-gy\u00f3gy\u00e1szati Klinika<\/a><\/p>","protected":false},"excerpt":{"rendered":"<p>Haszon\u00e1llat-gy\u00f3gy\u00e1szati Klinika<\/p>\n","protected":false},"author":1240,"featured_media":0,"parent":0,"menu_order":39,"comment_status":"open","ping_status":"open","template":"","meta":{"_acf_changed":false,"footnotes":""},"categories":[],"tags":[],"class_list":["post-48911","page","type-page","status-publish","hentry"],"acf":[],"_links":{"self":[{"href":"https:\/\/univet.hu\/hu\/wp-json\/wp\/v2\/pages\/48911","targetHints":{"allow":["GET"]}}],"collection":[{"href":"https:\/\/univet.hu\/hu\/wp-json\/wp\/v2\/pages"}],"about":[{"href":"https:\/\/univet.hu\/hu\/wp-json\/wp\/v2\/types\/page"}],"author":[{"embeddable":true,"href":"https:\/\/univet.hu\/hu\/wp-json\/wp\/v2\/users\/1240"}],"replies":[{"embeddable":true,"href":"https:\/\/univet.hu\/hu\/wp-json\/wp\/v2\/comments?post=48911"}],"version-history":[{"count":0,"href":"https:\/\/univet.hu\/hu\/wp-json\/wp\/v2\/pages\/48911\/revisions"}],"wp:attachment":[{"href":"https:\/\/univet.hu\/hu\/wp-json\/wp\/v2\/media?parent=48911"}],"wp:term":[{"taxonomy":"category","embeddable":true,"href":"https:\/\/univet.hu\/hu\/wp-json\/wp\/v2\/categories?post=48911"},{"taxonomy":"post_tag","embeddable":true,"href":"https:\/\/univet.hu\/hu\/wp-json\/wp\/v2\/tags?post=48911"}],"curies":[{"name":"wp","href":"https:\/\/api.w.org\/{rel}","templated":true}]}}