{"id":4894,"date":"2018-04-10T10:09:00","date_gmt":"2018-04-10T08:09:00","guid":{"rendered":"http:\/\/univet.hu\/egyetem\/munkatarsak\/varga-tamas-robert\/"},"modified":"2026-02-10T04:00:26","modified_gmt":"2026-02-10T03:00:26","slug":"varga-tamas-robert","status":"publish","type":"page","link":"https:\/\/univet.hu\/hu\/egyetem\/munkatarsak\/varga-tamas-robert\/","title":{"rendered":"Varga Tam\u00e1s R\u00f3bert"},"content":{"rendered":"<p style=\"text-align: center;\"><span style=\"font-size: 14pt;\"><strong>Bemutatkoz\u00e1s<\/strong><\/span><\/p> <p>Egyetemi tanulm\u00e1nyok a debreceni Kossuth Lajos Tudom\u00e1nyegyetem (KLTE) vegy\u00e9sz szak\u00e1n. Diplomamunka t\u00e9m\u00e1ja: \u00daj tetrahidroxi-indolizidin ecetsav modellszint\u00e9zise gy\u0171r\u0171s nitronon kereszt\u00fcl. Okleveles vegy\u00e9sz diploma megszerz\u00e9se 1992-ben.<\/p> <p>Doktori k\u00e9pz\u00e9s a KLTE, Term\u00e9szettudom\u00e1nyi Kar\u00e1nak Szervetlen \u00e9s Analitikai K\u00e9miai Tansz\u00e9k\u00e9n. \u00c1ltal\u00e1nos k\u00e9miai laborgyakorlatok vezet\u00e9se I. \u00e9ves biol\u00f3gus-, \u00e9s vegy\u00e9szhallgat\u00f3k r\u00e9sz\u00e9re (1993 \u2013 1998).<\/p> <p>Posztgradu\u00e1lis cserehallgat\u00f3 a Virginia \u00c1llami Egyetemen 1996-ban. Kutat\u00f3munka t\u00e9m\u00e1ja: Trinukle\u00e1ris, Co(III)-Pt(II) daganatellenes komplexek szint\u00e9zise.<\/p> <p>Doktori \u00e9rtekez\u00e9s t\u00e9m\u00e1ja: Bisz-(aminometil) foszfinsavak szint\u00e9zise \u00e9s lantanida(III) komplexeik vizsg\u00e1lata. Ph.D. v\u00e9d\u00e9se 1999-ben.<\/p> <p>A Japan International Science and Technology Exchange Center (JISTEC), STA \u00f6szt\u00f6nd\u00edjasa a Kutat\u00e1s \u00e9s Fejleszt\u00e9s Int\u00e9zet\u00e9ben \u00e9s a Toki\u00f3 M\u0171szaki Egyetem Atomreaktorok Kutat\u00f3laborat\u00f3rium\u00e1ban. Kutat\u00f3munka t\u00e9m\u00e1ja: Uranil komplexek szint\u00e9zise \u00e9s vizsg\u00e1lata, valamint NMR m\u00e9r\u00e9sek szuperkritikus old\u00f3szerekben (1998 \u2013 2002)<\/p> <p>Tudom\u00e1nyos m\u0171szaki \u00fcgyint\u00e9z\u0151 a Szent Istv\u00e1n Egyetem \u00c1llatorvos-tudom\u00e1nyi Kar, K\u00e9miai Tansz\u00e9k\u00e9n (jelenleg \u00c1TE). Kutat\u00f3munka t\u00e9m\u00e1ja: <em>N<\/em>-heterociklusos alkaloidanal\u00f3gok szint\u00e9zise. K\u00e9mia el\u0151ad\u00e1sok \u00e9s laborgyakorlatok vezet\u00e9se angol \u00e9s magyar nyelven. Egyetemi adjunktus (2004 \u2013 2009) ill. habilit\u00e1lt egyetemi docens (2009 \u2013 jelen).<\/p> <p><strong>F\u0151bb kutat\u00e1si ter\u00fcletek\u00a0<\/strong><\/p> <p><em>N<\/em>-heterociklusok szint\u00e9zise, szerves szintetikus k\u00e9mia.<\/p> <p><strong>El\u0151rehalad\u00e1s\u00a0\u00a0\u00a0\u00a0\u00a0\u00a0\u00a0\u00a0 <\/strong><\/p> <p><strong>Szakmai szervezeti tags\u00e1g<\/strong><\/p> <table style=\"height: 175px;\" width=\"600\"> <tbody> <tr style=\"height: 56px;\"> <td style=\"height: 56px; width: 309.383px;\"><strong>Bizotts\u00e1g neve<\/strong><\/td> <td style=\"height: 56px; width: 61.3333px;\"><strong>Id\u0151<\/strong><\/td> <td style=\"height: 56px; width: 208.883px;\"><strong>Tiszts\u00e9g<\/strong><\/td> <\/tr> <\/tbody> <\/table> <p>&#8211;<\/p> <p><strong>Eddigi szakdolgozat\/TDK hallgat\u00f3k sz\u00e1ma<\/strong><\/p> <p>Egy M.Sc. \u00e9s k\u00e9t B.Sc. szakdolgozat k\u00e9t BME-s hallgat\u00f3t\u00f3l.<\/p> <table width=\"569\"> <tbody> <tr> <td colspan=\"2\" width=\"569\"><strong>PhD-hallgat\u00f3k<\/strong><\/td> <\/tr> <tr> <td width=\"281\">&#8211;<\/td> <td width=\"288\"><\/td> <\/tr> <\/tbody> <\/table> <p><strong>Publik\u00e1ci\u00f3s lista (Top10)<\/strong><\/p> <p>MTMT: 1000 5597<\/p> <p>Oktat\u00e1si azonos\u00edt\u00f3:<strong>\u00a0<\/strong>7213 366 0312<\/p> <p>ORCID:\u00a00000-0003-2123-9435<\/p> <table style=\"height: 536px;\" width=\"963\"> <tbody> <tr style=\"height: 80px;\"> <td style=\"width: 55.0167px; height: 80px;\">1.<\/td> <td style=\"width: 893.183px; height: 80px;\">Herczegh P, Kov\u00e1cs I, Szil\u00e1gyi L, Varga T, Dinya Z, Sztaricskai F: Synthesis of a Tetrahydroxyindolizidine trough a Cyclic Nitrone Prepared from D-xylose, \u00a0\u00a0 Tetrahedron Letters 34: 1211 &#8211; 1214 (1993)<\/td> <\/tr> <tr style=\"height: 80px;\"> <td style=\"width: 55.0167px; height: 80px;\">2.<\/td> <td style=\"width: 893.183px; height: 80px;\">Varga T:\u00a0 Synthesis of Aminomethyl-phosphinic Acids <em>via<\/em> Mannich Reaction,\u00a0\u00a0\u00a0 Synthetic Communications 27: 2899 &#8211; 2903 (1997)<\/td> <\/tr> <tr style=\"height: 80px;\"> <td style=\"width: 55.0167px; height: 80px;\">3.<\/td> <td style=\"width: 893.183px; height: 80px;\">Varga TR, Sato M, Fazekas Z, Harada M, Ikeda Y, Tomiyasu H:\u00a0 New Uranyl Nitrate Complex with <em>N<\/em>-cyclohexyl-2-pyrrolidone: A Promising Candidate for Nuclear Fuel Reprocessing,\u00a0\u00a0 Inorganic Chemistry Communications 3: 637 &#8211; 639 (2000)<\/td> <\/tr> <tr style=\"height: 80px;\"> <td style=\"width: 55.0167px; height: 80px;\">4.<\/td> <td style=\"width: 893.183px; height: 80px;\">Varga TR, Fazekas Z, Ikeda Y, Tomiyasu H:\u00a0 Cleavage of Diphenylether with Boron Trifluoride under Supercritical Condition, Journal of Supercritical Fluids 23: 163 &#8211; 167 (2002)<\/td> <\/tr> <tr style=\"height: 96px;\"> <td style=\"width: 55.0167px; height: 96px;\">5.<\/td> <td style=\"width: 893.183px; height: 96px;\">Varga TR, Ikeda Y, Tomiyasu H:\u00a0 Desulfurization of Aromatic Sulfones with Fluoride Ion in Supercritical Water,\u00a0\u00a0 Energy&amp;Fuels 18: 287 &#8211; 288 (2004)<\/td> <\/tr> <tr style=\"height: 24px;\"> <td style=\"width: 55.0167px; height: 24px;\">6.<\/td> <td style=\"width: 893.183px; height: 24px;\">Varga TR, Mucsi Z, Nemes P, Scheiber P:\u00a0\u00a0 A Concise Pathway toward 5-Substitued Indolizidines,\u00a0\u00a0 Tetrahedron Letters 48: 1159-1161 (2007)<\/td> <\/tr> <tr style=\"height: 24px;\"> <td style=\"width: 55.0167px; height: 24px;\">7.<\/td> <td style=\"width: 893.183px; height: 24px;\"><span style=\"font-size: 12pt;\">Pilipecz MV, Varga TR, Mucsi Z, Scheiber P, Nemes P:\u00a0\u00a0 <\/span><span style=\"font-size: 12pt;\">[3+3] Cyclization Reaction of b-nitroenamines and \u03b2-enaminonitriles with a,b-unsaturated Carboxylic Acid Chlorides,\u00a0 <\/span><span style=\"font-size: 12pt;\">Tetrahedron 64: 5545-5550 (2008)<\/span><\/td> <\/tr> <tr style=\"height: 24px;\"> <td style=\"width: 55.0167px; height: 24px;\">8.<\/td> <td style=\"width: 893.183px; height: 24px;\">Koshino N, Kachi Y, Varga TR, Benyei AC, Shiro M, Takao K, Ikeda Y:\u00a0 Structures of Homoleptic Eight- and Nine-coordinate Uranium(IV) Perchlorate Complexes with Sulfoxide Molecules as Ligands,\u00a0\u00a0 Inorganica Chimica Acta 362: 3433\u20133439 (2009)<\/td> <\/tr> <tr style=\"height: 24px;\"> <td style=\"width: 55.0167px; height: 24px;\">9.<\/td> <td style=\"width: 893.183px; height: 24px;\">Tircs\u00f3 Gy, K\u00e1lm\u00e1n KF, P\u00e1l R, B\u00e1nyai I, Varga TR, Kir\u00e1ly R, L\u00e1z\u00e1r I, Qu\u00e9batte L, Merbach AE, T\u00f3th \u00c9, Br\u00fccher E:\u00a0 Lanthanide Complexes Formed with the Tri- and Tetraacetate Derivatives of Bis(aminomethyl)phosphinic Acid: Equilibrium, Kinetic and NMR Spectroscopic Studies,\u00a0 European Journal of Inorganic Chemistry 2012: 2062-2073 (2012)<\/td> <\/tr> <tr style=\"height: 24px;\"> <td style=\"width: 55.0167px; height: 24px;\">10.<\/td> <td style=\"width: 893.183px; height: 24px;\">Nagy D, Pilipecz MV, Kiss LA, Alekszi-Kasz\u00e1s A, Simon A, Schlosser GZ, Nemes P, Varga TR:\u00a0 Synthesis of 2-aryl-1,2,4-triazol-3-one derivatives from b-nitroenamines,\u00a0 Synthetic Communications 51: 1956-1962 (2021)<\/td> <\/tr> <\/tbody> <\/table> <h2><\/h2> <p>&nbsp;<\/p>","protected":false},"excerpt":{"rendered":"<p>Bemutatkoz\u00e1s Egyetemi tanulm\u00e1nyok a debreceni Kossuth Lajos Tudom\u00e1nyegyetem (KLTE) vegy\u00e9sz szak\u00e1n. Diplomamunka t\u00e9m\u00e1ja: \u00daj tetrahidroxi-indolizidin ecetsav modellszint\u00e9zise gy\u0171r\u0171s nitronon kereszt\u00fcl. Okleveles vegy\u00e9sz diploma megszerz\u00e9se 1992-ben. Doktori k\u00e9pz\u00e9s a KLTE, Term\u00e9szettudom\u00e1nyi Kar\u00e1nak Szervetlen \u00e9s Analitikai K\u00e9miai Tansz\u00e9k\u00e9n. \u00c1ltal\u00e1nos k\u00e9miai laborgyakorlatok vezet\u00e9se I. \u00e9ves biol\u00f3gus-, \u00e9s vegy\u00e9szhallgat\u00f3k r\u00e9sz\u00e9re (1993 \u2013 1998). Posztgradu\u00e1lis cserehallgat\u00f3 a Virginia \u00c1llami Egyetemen<\/p>\n","protected":false},"author":5824,"featured_media":0,"parent":858,"menu_order":210,"comment_status":"closed","ping_status":"closed","template":"","meta":{"_acf_changed":false,"footnotes":""},"categories":[56],"tags":[],"class_list":["post-4894","page","type-page","status-publish","hentry","category-munkatarsak"],"acf":[],"_links":{"self":[{"href":"https:\/\/univet.hu\/hu\/wp-json\/wp\/v2\/pages\/4894","targetHints":{"allow":["GET"]}}],"collection":[{"href":"https:\/\/univet.hu\/hu\/wp-json\/wp\/v2\/pages"}],"about":[{"href":"https:\/\/univet.hu\/hu\/wp-json\/wp\/v2\/types\/page"}],"author":[{"embeddable":true,"href":"https:\/\/univet.hu\/hu\/wp-json\/wp\/v2\/users\/5824"}],"replies":[{"embeddable":true,"href":"https:\/\/univet.hu\/hu\/wp-json\/wp\/v2\/comments?post=4894"}],"version-history":[{"count":1,"href":"https:\/\/univet.hu\/hu\/wp-json\/wp\/v2\/pages\/4894\/revisions"}],"predecessor-version":[{"id":199569,"href":"https:\/\/univet.hu\/hu\/wp-json\/wp\/v2\/pages\/4894\/revisions\/199569"}],"up":[{"embeddable":true,"href":"https:\/\/univet.hu\/hu\/wp-json\/wp\/v2\/pages\/858"}],"wp:attachment":[{"href":"https:\/\/univet.hu\/hu\/wp-json\/wp\/v2\/media?parent=4894"}],"wp:term":[{"taxonomy":"category","embeddable":true,"href":"https:\/\/univet.hu\/hu\/wp-json\/wp\/v2\/categories?post=4894"},{"taxonomy":"post_tag","embeddable":true,"href":"https:\/\/univet.hu\/hu\/wp-json\/wp\/v2\/tags?post=4894"}],"curies":[{"name":"wp","href":"https:\/\/api.w.org\/{rel}","templated":true}]}}