{"id":49019,"date":"2020-01-27T16:47:23","date_gmt":"2020-01-27T15:47:23","guid":{"rendered":"https:\/\/univet.hu\/hu\/egyetem\/munkatarsak\/kovacs-dora\/"},"modified":"2026-02-10T03:58:07","modified_gmt":"2026-02-10T02:58:07","slug":"kovacs-dora","status":"publish","type":"page","link":"https:\/\/univet.hu\/hu\/egyetem\/munkatarsak\/kovacs-dora\/","title":{"rendered":"Kov\u00e1cs D\u00f3ra"},"content":{"rendered":"<p style=\"font-family: impact, sans-serif\" align=\"justify\">Bemutatkoz\u00e1s<\/p> <p align=\"justify\">Dr. Kov\u00e1cs D\u00f3ra Szegeden sz\u00fcletett, gimn\u00e1ziumi tanulm\u00e1nyait Budapesten folytatta. 2018-ban v\u00e9gzett az \u00c1llatorvostudom\u00e1nyi Egyetemen \u00e1llatorvos doktork\u00e9nt \u00e9s m\u00e9g ugyanazon \u00e9vben megkezdte PhD tanulm\u00e1nyait az Egyetem Gy\u00f3gyszertani \u00e9s M\u00e9regtani Tansz\u00e9k\u00e9n. Ezzel p\u00e1rhuzamosan az Egyetem elv\u00e9gz\u00e9se ut\u00e1n az \u00e1llatgy\u00f3gyszer ipar\u00e1gban is tev\u00e9kenykedett, els\u0151sorban \u00e1llatgy\u00f3gyszer fejleszt\u00e9si \u00e9s enged\u00e9lyez\u00e9si ter\u00fcleten. PhD t\u00e9m\u00e1ja term\u00e9szetes antibiotikum alternat\u00edv\u00e1k keres\u00e9s\u00e9re \u00e9p\u00fclt, ennek keret\u00e9ben sert\u00e9s eredet\u0171 b\u00e9lh\u00e1msejtekkel \u00e9s sert\u00e9sb\u0151l izol\u00e1lt bakt\u00e9riumt\u00f6rzseken v\u00e9gzett saj\u00e1t kutat\u00e1sokat. T\u00f6bb TDK hallgat\u00f3 t\u00e9mavezet\u0151je vagy t\u00e1rst\u00e9mavezet\u0151je, valamint tansz\u00e9ki kutat\u00e1si projektek akt\u00edv r\u00e9sztvev\u0151je.<\/p> <hr align=\"center\" size=\"5\" width=\"60%\" \/> <p><span style=\"font-family: impact, sans-serif\">El\u0151rehalad\u00e1s<\/span><\/p> <table style=\"height: 119px;width: 283px\" width=\"218\"> <tbody> <tr> <td style=\"width: 112.938px\">2018 &#8211;<\/td> <td style=\"width: 154.062px;text-align: center\">PhD hallgat\u00f3<\/td> <\/tr> <tr> <td style=\"width: 112.938px\">2021-<\/td> <td style=\"width: 154.062px;text-align: center\">egyetemi tan\u00e1rseg\u00e9d<\/td> <\/tr> <tr> <td style=\"width: 112.938px\">2022-<\/td> <td style=\"width: 154.062px;text-align: center\">egyetemi adjunktus<\/td> <\/tr> <\/tbody> <\/table> <p>&nbsp;<\/p> <hr align=\"center\" size=\"5\" width=\"60%\" \/> <p><span style=\"font-family: impact, sans-serif\">Publik\u00e1ci\u00f3s lista (Top10)<\/span><\/p> <p style=\"text-align: center\">MTMT:\u00a0<a href=\"https:\/\/m2.mtmt.hu\/gui2\/?type=authors&amp;mode=browse&amp;sel=authors10065612\">https:\/\/m2.mtmt.hu\/gui2\/?type=authors&amp;mode=browse&amp;sel=authors10065612<\/a><\/p> <table style=\"height: 279px;width: 221.2%\" width=\"1140\"> <tbody> <tr style=\"height: 86px\"> <td style=\"width: 36px;height: 86px;text-align: center\">1.<\/td> <td style=\"width: 1088px;height: 86px\">Kovacs, Dora &#x2709; ; Pezsa, Nikolett Palkovicsne ; Moritz, Alma Virag ; Jerzsele, Akos ; Farkas, Orsolya<br \/> Effects of Luteolin in an In Vitro Model of Porcine Intestinal Infections<br \/> ANIMALS 14 : 13 Paper: 1952 , 14 p. (2024)<\/td> <td style=\"width: 1088px\"><\/td> <\/tr> <tr style=\"height: 54px\"> <td style=\"width: 36px;height: 54px;text-align: center\">2.<\/td> <td style=\"width: 1088px;height: 54px\">Karancsi, Zita &#x2709; ; Kov\u00e1cs, D\u00f3ra &#x2709; ; Csik\u00f3, Gy\u00f6rgy ; Pal\u00f3cz, Orsolya ; Jerzsele, \u00c1kos ; G\u00e1lfi, P\u00e9ter ; Farkas, Orsolya<br \/> Effect of hydroxylated and methylated flavonoids on cytochrome P450 activity in porcine intestinal epithelial cells<br \/> ACTA VETERINARIA HUNGARICA 71 : 1 pp. 16-24. , 9 p. (2023)<\/td> <td style=\"width: 1088px\"><\/td> <\/tr> <tr style=\"height: 54px\"> <td style=\"width: 36px;height: 54px;text-align: center\">3.<\/td> <td style=\"width: 1088px;height: 54px\">Palkovicsn\u00e9, P\u00e9zsa N. &#x2709; ; Kov\u00e1cs, D. ; Somogyi, F. ; Karancsi, Z. ; M\u00f3ritz, A.V. ; Jerzsele, \u00c1. ; R\u00e1cz, B. ; Farkas, O.<br \/> Effects of Lactobacillus rhamnosus DSM7133 on Intestinal Porcine Epithelial Cells<br \/> ANIMALS 13 : 19 Paper: 3007 (2023)<\/td> <td style=\"width: 1088px\"><\/td> <\/tr> <tr style=\"height: 54px\"> <td style=\"width: 36px;height: 54px;text-align: center\">4.<\/td> <td style=\"width: 1088px;height: 54px\">Karancsi, Zita ; Kovacs, Dora ; Pezsa, Nikolett Palkovicsne ; Galfi, Peter ; Jerzsele, Akos ; Farkas, Orsolya &#x2709;<br \/> The Impact of Quercetin and Its Methylated Derivatives 3-o-Methylquercetin and Rhamnazin in Lipopolysaccharide-Induced Inflammation in Porcine Intestinal Cells ANTIOXIDANTS 11 : 7 Paper: 1265 , 12 p. (2022)<\/td> <td style=\"width: 1088px\"><\/td> <\/tr> <tr style=\"height: 31px\"> <td style=\"width: 36px;height: 31px;text-align: center\">5.<\/td> <td style=\"width: 1088px;height: 31px\">Kov\u00e1cs, D\u00f3ra &#x2709; ; Palkovicsn\u00e9 P\u00e9zsa, Nikolett ; Jerzsele, \u00c1kos ; S\u00fcth, Mikl\u00f3s ; Farkas, Orsolya<br \/> Protective Effects of Grape Seed Oligomeric Proanthocyanidins in IPEC-J2\u2013Escherichia coli\/Salmonella Typhimurium Co-Culture<br \/> ANTIBIOTICS 11 : 1 Paper: 110 (2022)<\/td> <td style=\"width: 1088px\"><\/td> <\/tr> <tr> <td style=\"width: 36px;text-align: center\">6.<\/td> <td style=\"width: 1088px\">Palkovicsn\u00e9, P\u00e9zsa N. ; Kov\u00e1cs, D. ; G\u00e1lfi, P. ; R\u00e1cz, B. ; Farkas, O.<br \/> Effect of Enterococcus faecium NCIMB 10415 on Gut Barrier Function, Internal Redox State, Proinflammatory Response and Pathogen Inhibition Properties in Porcine Intestinal Epithelial Cells NUTRIENTS 14 : 7 Paper: 1486 , 18 p. (2022)<\/td> <td style=\"width: 1088px\"><\/td> <\/tr> <tr> <td style=\"width: 36px;text-align: center\">7.<\/td> <td style=\"width: 1088px\">D\u00f3ra, Kov\u00e1cs ; Zita, Karancsi ; Orsolya, Farkas** ; \u00c1kos, Jerzsele<br \/> Antioxidant activity of flavonoids in LPS-treated IPEC-J2 porcine intestinal epithelial cells and their antibacterial effect against bacteria of swine origin<br \/> ANTIOXIDANTS 9 : 12 Paper: 1267 (2020)<\/td> <td style=\"width: 1088px\"><\/td> <\/tr> <tr> <td style=\"width: 36px;text-align: center\">8.<\/td> <td style=\"width: 1088px\">Kov\u00e1cs, D\u00f3ra ; Karancsi, Zita ; Palkovicsn\u00e9, P\u00e9zsa Nikolett ; Jerzsele, \u00c1kos ; Farkas, Orsolya<br \/> Polifenolok b\u00e9lh\u00e1mra gyakorolt antioxid\u00e1ns \u00e9s gyullad\u00e1scs\u00f6kkent\u0151 hat\u00e1s\u00e1nak modellez\u00e9se<br \/> \u00daJ DI\u00c9TA: A MAGYAR DIETETIKUSOK LAPJA (2001-) 30 : 1 p. 10\u201313 (2021)<\/td> <td style=\"width: 1088px\"><\/td> <\/tr> <tr> <td style=\"width: 36px;text-align: center\">9.<\/td> <td style=\"width: 1088px\">Kov\u00e1cs, D\u00f3ra &#x2709; ; Palkovicsne P\u00e9zsa, Nikolett ; Farkas, Orsolya ; Jerzsele, \u00c1kos<br \/> Antibiotikum-alternat\u00edv\u00e1k a sert\u00e9start\u00e1sban : Irodalmi \u00f6sszefoglal\u00f3<br \/> MAGYAR \u00c1LLATORVOSOK LAPJA 143 : 5 pp. 281-292. , 12 p. (2021)<\/td> <td style=\"width: 1088px\"><\/td> <\/tr> <tr> <td style=\"width: 36px;text-align: center\">10.<\/td> <td style=\"width: 1088px\">Kov\u00e1cs, D\u00f3ra ; Karancsi, Zita ; Palkovicsn\u00e9, P\u00e9zsa Nikolett ; Farkas, Orsolya<br \/> B\u00e9lh\u00e1msejt-modell gyullad\u00e1scs\u00f6kkent\u0151 \u00e9s antioxid\u00e1ns hat\u00e1s\u00fa anyagok vizsg\u00e1lat\u00e1ra<br \/> In: Po\u00f3r, P\u00e9ter; M\u00e9zes, Mikl\u00f3s; Bl\u00e1zovics, Anna (szerk.) Oxidat\u00edv stressz \u00e9s antioxid\u00e1ns v\u00e9dekez\u00e9s a n\u00f6v\u00e9nyvil\u00e1gt\u00f3l a klinikumig<br \/> Budapest, Magyarorsz\u00e1g : Magyar Szabadgy\u00f6k-Kutat\u00f3 T\u00e1rsas\u00e1g (2020) 218 p. pp. 136-145. , 10 p.<\/td> <td style=\"width: 1088px\"><\/td> <\/tr> <\/tbody> <\/table> <p>&nbsp;<\/p> <p>(Friss\u00edtve: 2025. janu\u00e1r)<\/p>","protected":false},"excerpt":{"rendered":"<p>Bemutatkoz\u00e1s Dr. Kov\u00e1cs D\u00f3ra Szegeden sz\u00fcletett, gimn\u00e1ziumi tanulm\u00e1nyait Budapesten folytatta. 2018-ban v\u00e9gzett az \u00c1llatorvostudom\u00e1nyi Egyetemen \u00e1llatorvos doktork\u00e9nt \u00e9s m\u00e9g ugyanazon \u00e9vben megkezdte PhD tanulm\u00e1nyait az Egyetem Gy\u00f3gyszertani \u00e9s M\u00e9regtani Tansz\u00e9k\u00e9n. Ezzel p\u00e1rhuzamosan az Egyetem elv\u00e9gz\u00e9se ut\u00e1n az \u00e1llatgy\u00f3gyszer ipar\u00e1gban is tev\u00e9kenykedett, els\u0151sorban \u00e1llatgy\u00f3gyszer fejleszt\u00e9si \u00e9s enged\u00e9lyez\u00e9si ter\u00fcleten. PhD t\u00e9m\u00e1ja term\u00e9szetes antibiotikum alternat\u00edv\u00e1k keres\u00e9s\u00e9re \u00e9p\u00fclt, ennek<\/p>\n","protected":false},"author":5824,"featured_media":0,"parent":858,"menu_order":37,"comment_status":"open","ping_status":"open","template":"","meta":{"_acf_changed":false,"footnotes":""},"categories":[],"tags":[],"class_list":["post-49019","page","type-page","status-publish","hentry"],"acf":[],"_links":{"self":[{"href":"https:\/\/univet.hu\/hu\/wp-json\/wp\/v2\/pages\/49019","targetHints":{"allow":["GET"]}}],"collection":[{"href":"https:\/\/univet.hu\/hu\/wp-json\/wp\/v2\/pages"}],"about":[{"href":"https:\/\/univet.hu\/hu\/wp-json\/wp\/v2\/types\/page"}],"author":[{"embeddable":true,"href":"https:\/\/univet.hu\/hu\/wp-json\/wp\/v2\/users\/5824"}],"replies":[{"embeddable":true,"href":"https:\/\/univet.hu\/hu\/wp-json\/wp\/v2\/comments?post=49019"}],"version-history":[{"count":3,"href":"https:\/\/univet.hu\/hu\/wp-json\/wp\/v2\/pages\/49019\/revisions"}],"predecessor-version":[{"id":199450,"href":"https:\/\/univet.hu\/hu\/wp-json\/wp\/v2\/pages\/49019\/revisions\/199450"}],"up":[{"embeddable":true,"href":"https:\/\/univet.hu\/hu\/wp-json\/wp\/v2\/pages\/858"}],"wp:attachment":[{"href":"https:\/\/univet.hu\/hu\/wp-json\/wp\/v2\/media?parent=49019"}],"wp:term":[{"taxonomy":"category","embeddable":true,"href":"https:\/\/univet.hu\/hu\/wp-json\/wp\/v2\/categories?post=49019"},{"taxonomy":"post_tag","embeddable":true,"href":"https:\/\/univet.hu\/hu\/wp-json\/wp\/v2\/tags?post=49019"}],"curies":[{"name":"wp","href":"https:\/\/api.w.org\/{rel}","templated":true}]}}