{"id":4912,"date":"2016-02-25T13:43:00","date_gmt":"2016-02-25T12:43:00","guid":{"rendered":"http:\/\/univet.hu\/egyetem\/munkatarsak\/veres-adrienn-mercedesz\/"},"modified":"2026-02-10T04:00:27","modified_gmt":"2026-02-10T03:00:27","slug":"veres-adrienn-mercedesz","status":"publish","type":"page","link":"https:\/\/univet.hu\/hu\/egyetem\/munkatarsak\/veres-adrienn-mercedesz\/","title":{"rendered":"Veres Adrienn Merc\u00e9desz"},"content":{"rendered":"<p><span style=\"font-family: impact, sans-serif; font-size: 14pt;\">Bemutatkoz\u00e1s<\/span><\/p> <p align=\"justify\">Dr. Veres Adrienn Merc\u00e9desz Szent Istv\u00e1n Egyetem \u00c1llatorvos-tudom\u00e1nyi Kar\u00e1n 2010-ben v\u00e9gzett. Egyetemi \u00e9vei alatt Erasmus csereprogram keret\u00e9ben klinikai gyakorlatot t\u00f6lt\u00f6tt a hannoveri Tierartzliche Hochschule \u00e9s a lisszaboni Universidade T\u00e9cnica Faculdade de Medicina Veterin\u00e1ria kis\u00e1llatk\u00f3rh\u00e1zaiban. A Gy\u00f3gyszertani \u00e9s M\u00e9regtani Tansz\u00e9k szakdolgoz\u00f3jak\u00e9nt Dr. G\u00e1lfi P\u00e9ter \u00e9s dr. K\u00f6v\u00e1g\u00f3 Csaba vezet\u00e9s\u00e9vel injekci\u00f3s \u00e1ltal\u00e1nos anesztetikum kombin\u00e1ci\u00f3k hat\u00e1s\u00e1t vizsg\u00e1lata a sz\u00edvfrekvencia-varianci\u00e1ra eg\u00e9r \u00e1llatmodellen.<\/p> <p align=\"justify\">V\u00e9gz\u00e9st k\u00f6vet\u0151en a Leonardo Lifelong Learning Program r\u00e9sztvev\u0151jek\u00e9nt klinikai gyakorlatot t\u00f6lt\u00f6tt \u00edrorsz\u00e1gi refer\u00e1l\u00f3 kis\u00e1llat klinik\u00e1kon, ahol olyan haszn\u00e1lhat\u00f3 angol nyelvtud\u00e1sra tett szert, amit mai napig kamatoztat a tansz\u00e9ki munk\u00e1ja sor\u00e1n.<\/p> <p align=\"justify\">2015-ben tansz\u00e9ki \u00e1llatorvosk\u00e9nt kezdte el PhD tanulm\u00e1nyait Dr. Jerzsele \u00c1kos vezet\u00e9s\u00e9vel. Kutat\u00e1si t\u00e9m\u00e1ja a \u201eH\u00e1zi\u00e1llatokb\u00f3l izol\u00e1lt P. aeruginosa \u00e9s S. aureus biofilmek fenot\u00edpusos \u00e9s genot\u00edpusos vizsg\u00e1lata; a biofilmek k\u00e1ros\u00edt\u00e1s\u00e1nak lehet\u0151s\u00e9gei\u201d.<\/p> <p align=\"justify\">2016 \u00f3ta vesz r\u00e9szt a Gy\u00f3gyszertani \u00e9s M\u00e9regtani Tansz\u00e9k oktat\u00f3i tev\u00e9kenys\u00e9g\u00e9ben gy\u00f3gyszertani gyakorlatvezet\u0151k\u00e9nt, szakdolgozat t\u00e9mavezet\u0151k\u00e9nt \u00e9s el\u0151ad\u00e1st tart toxikol\u00f3gia tant\u00e1rgyb\u00f3l angol \u00e9s magyar nyelven.<\/p> <p align=\"justify\">2018 \u00f3ta a Tansz\u00e9k egyetemi tan\u00e1rseg\u00e9dje, az Egyetem kis\u00e1llatgy\u00f3gy\u00e1szati asszisztens feln\u0151ttk\u00e9pz\u00e9s oktat\u00e1sszervez\u0151je.<\/p> <p align=\"justify\">2021-ben kis\u00e1llatgy\u00f3gy\u00e1szati szak\u00e1llatorvos vizsg\u00e1t tett.<\/p> <p><span style=\"font-family: impact, sans-serif;\"><strong>F\u0151bb kutat\u00e1si ter\u00fcletek:<\/strong><\/span><\/p> <ul> <li>biofilmek fenot\u00edpusos \u00e9s genot\u00edpusos vizsg\u00e1lata<\/li> <li>a biofilmek k\u00e1ros\u00edt\u00e1s\u00e1nak lehet\u0151s\u00e9gei<\/li> <\/ul> <hr align=\"center\" size=\"5\" width=\"60%\" \/> <p><span style=\"font-family: impact, sans-serif;\">El\u0151rehalad\u00e1s<\/span><\/p> <table style=\"height: 55px;\" width=\"325\"> <tbody> <tr> <td style=\"width: 154px;\">2021-<\/td> <td style=\"width: 155px; text-align: center;\"> <p>egyetemi tan\u00e1rseg\u00e9d<\/p> <p>kis\u00e1llatgy\u00f3gy\u00e1szati szak\u00e1llatorvos<\/td> <\/tr> <tr> <td style=\"width: 154px;\">2018 &#8211;<\/td> <td style=\"width: 155px; text-align: center;\">egyetemi tan\u00e1rseg\u00e9d<\/td> <\/tr> <tr> <td style=\"width: 154px;\">2015-<\/td> <td style=\"width: 155px; text-align: center;\"> <p>tansz\u00e9ki \u00e1llatorvos<\/p> <p>PhD-hallgat\u00f3<\/td> <\/tr> <\/tbody> <\/table> <p>&nbsp;<\/p> <hr align=\"center\" size=\"5\" width=\"60%\" \/> <p><span style=\"font-family: impact, sans-serif;\">Publik\u00e1ci\u00f3s lista (Top10)<\/span><\/p> <p style=\"text-align: center;\">MTMT:\u00a0<a href=\"https:\/\/m2.mtmt.hu\/gui2\/?type=authors&amp;mode=browse&amp;sel=authors10052075\">https:\/\/m2.mtmt.hu\/gui2\/?type=authors&amp;mode=browse&amp;sel=authors10052075<\/a><\/p> <table style=\"height: 302px; width: 1140px;\" width=\"1140\"> <tbody> <tr style=\"height: 86px;\"> <td style=\"width: 36px; height: 86px; text-align: center;\">1.<\/td> <td style=\"width: 1088px; height: 86px;\">\u00a0Veres A. M., Jerzsele \u00c1.: A bakt\u00e9riumok \u00e9s gomb\u00e1k \u00e1ltal k\u00e9pzett biofilmek jelent\u0151s\u00e9ge az \u00e1llatgy\u00f3gy\u00e1szatban, Irodalmi \u00f6sszefoglal\u00f3. Magyar \u00c1llatorvosok Lapja 2015, 137: (12) pp. 739-748.<\/td> <\/tr> <tr style=\"height: 54px;\"> <td style=\"width: 36px; height: 54px; text-align: center;\">2.<\/td> <td style=\"width: 1088px; height: 54px;\">\u00a0Roszkos Zs., Veres A. M., Karancsi Z., Jerzsele \u00c1.: Antibakteri\u00e1lis szerek haszn\u00e1lata a t\u00e1rs\u00e1llatgy\u00f3gy\u00e1szatban II. Magyar \u00c1llatorvosok Lapja 2018. 140\/669-683.<\/td> <\/tr> <tr style=\"height: 54px;\"> <td style=\"width: 36px; height: 54px; text-align: center;\">3.<\/td> <td style=\"width: 1088px; height: 54px;\">\u00a0L\u00e9n\u00e1rt \u00c1., Karancsi Z., Veres A. M., Jerzsele \u00c1.: A h\u00fagy\u00fati fert\u0151z\u00e9sek k\u00f3roktana \u00e9s korszer\u0171 gy\u00f3gykezel\u00e9se a kis\u00e1llatgy\u00f3gy\u00e1szatban. Magyar \u00c1llatorvosok Lapja 2018. 140\/401-410.<\/td> <\/tr> <tr style=\"height: 54px;\"> <td style=\"width: 36px; height: 54px; text-align: center;\">4.<\/td> <td style=\"width: 1088px; height: 54px;\">\u00a0Suny\u00e1l O., Karancsi Z., Veres A. M., Jerzsele \u00c1.: Antibakteri\u00e1lis szerek haszn\u00e1lata a t\u00e1rs\u00e1llatgy\u00f3gy\u00e1szatban I. Magyar \u00c1llatorvosok Lapja 2018. 140\/361-374.<\/td> <\/tr> <tr style=\"height: 31px;\"> <td style=\"width: 36px; height: 31px; text-align: center;\">5.<\/td> <td style=\"width: 1088px; height: 31px;\">\u00a0Karancsi, A.V. M\u00f3ritz, N. Lewin, A. M. Veres, \u00c1. Jerzsele, O. Farkas. Beneficial effect of fermented wheat germ extract in intestinal epithelial cells in case of lipopolysaccharide-evoked inflammation. Oxidative Medicine and Cellular Longevity. Accepted for publishing.<\/td> <\/tr> <\/tbody> <\/table> <p>(Friss\u00edtve: 2021. augusztus)<\/p>","protected":false},"excerpt":{"rendered":"<p>Bemutatkoz\u00e1s Dr. Veres Adrienn Merc\u00e9desz Szent Istv\u00e1n Egyetem \u00c1llatorvos-tudom\u00e1nyi Kar\u00e1n 2010-ben v\u00e9gzett. Egyetemi \u00e9vei alatt Erasmus csereprogram keret\u00e9ben klinikai gyakorlatot t\u00f6lt\u00f6tt a hannoveri Tierartzliche Hochschule \u00e9s a lisszaboni Universidade T\u00e9cnica Faculdade de Medicina Veterin\u00e1ria kis\u00e1llatk\u00f3rh\u00e1zaiban. A Gy\u00f3gyszertani \u00e9s M\u00e9regtani Tansz\u00e9k szakdolgoz\u00f3jak\u00e9nt Dr. G\u00e1lfi P\u00e9ter \u00e9s dr. K\u00f6v\u00e1g\u00f3 Csaba vezet\u00e9s\u00e9vel injekci\u00f3s \u00e1ltal\u00e1nos anesztetikum kombin\u00e1ci\u00f3k hat\u00e1s\u00e1t vizsg\u00e1lata<\/p>\n","protected":false},"author":5824,"featured_media":0,"parent":858,"menu_order":210,"comment_status":"closed","ping_status":"closed","template":"","meta":{"_acf_changed":false,"footnotes":""},"categories":[56],"tags":[],"class_list":["post-4912","page","type-page","status-publish","hentry","category-munkatarsak"],"acf":[],"_links":{"self":[{"href":"https:\/\/univet.hu\/hu\/wp-json\/wp\/v2\/pages\/4912","targetHints":{"allow":["GET"]}}],"collection":[{"href":"https:\/\/univet.hu\/hu\/wp-json\/wp\/v2\/pages"}],"about":[{"href":"https:\/\/univet.hu\/hu\/wp-json\/wp\/v2\/types\/page"}],"author":[{"embeddable":true,"href":"https:\/\/univet.hu\/hu\/wp-json\/wp\/v2\/users\/5824"}],"replies":[{"embeddable":true,"href":"https:\/\/univet.hu\/hu\/wp-json\/wp\/v2\/comments?post=4912"}],"version-history":[{"count":1,"href":"https:\/\/univet.hu\/hu\/wp-json\/wp\/v2\/pages\/4912\/revisions"}],"predecessor-version":[{"id":199571,"href":"https:\/\/univet.hu\/hu\/wp-json\/wp\/v2\/pages\/4912\/revisions\/199571"}],"up":[{"embeddable":true,"href":"https:\/\/univet.hu\/hu\/wp-json\/wp\/v2\/pages\/858"}],"wp:attachment":[{"href":"https:\/\/univet.hu\/hu\/wp-json\/wp\/v2\/media?parent=4912"}],"wp:term":[{"taxonomy":"category","embeddable":true,"href":"https:\/\/univet.hu\/hu\/wp-json\/wp\/v2\/categories?post=4912"},{"taxonomy":"post_tag","embeddable":true,"href":"https:\/\/univet.hu\/hu\/wp-json\/wp\/v2\/tags?post=4912"}],"curies":[{"name":"wp","href":"https:\/\/api.w.org\/{rel}","templated":true}]}}