{"id":4921,"date":"2018-01-25T15:08:00","date_gmt":"2018-01-25T14:08:00","guid":{"rendered":"http:\/\/univet.hu\/egyetem\/munkatarsak\/vetter-szilvia\/"},"modified":"2026-02-10T04:02:43","modified_gmt":"2026-02-10T03:02:43","slug":"vetter-szilvia","status":"publish","type":"page","link":"https:\/\/univet.hu\/hu\/egyetem\/munkatarsak\/vetter-szilvia\/","title":{"rendered":"Vetter Szilvia"},"content":{"rendered":"<p>Fogad\u00f3\u00f3ra: Cs\u00fct\u00f6rt\u00f6k, 14.00-16.00 \u00f3ra, el\u0151zetes egyeztet\u00e9ssel<\/p>","protected":false},"excerpt":{"rendered":"<p>Fogad\u00f3\u00f3ra: Cs\u00fct\u00f6rt\u00f6k, 14.00-16.00 \u00f3ra, el\u0151zetes egyeztet\u00e9ssel<\/p>\n","protected":false},"author":5824,"featured_media":0,"parent":858,"menu_order":211,"comment_status":"closed","ping_status":"closed","template":"","meta":{"_acf_changed":false,"footnotes":""},"categories":[56],"tags":[],"class_list":["post-4921","page","type-page","status-publish","hentry","category-munkatarsak"],"acf":[],"_links":{"self":[{"href":"https:\/\/univet.hu\/hu\/wp-json\/wp\/v2\/pages\/4921","targetHints":{"allow":["GET"]}}],"collection":[{"href":"https:\/\/univet.hu\/hu\/wp-json\/wp\/v2\/pages"}],"about":[{"href":"https:\/\/univet.hu\/hu\/wp-json\/wp\/v2\/types\/page"}],"author":[{"embeddable":true,"href":"https:\/\/univet.hu\/hu\/wp-json\/wp\/v2\/users\/5824"}],"replies":[{"embeddable":true,"href":"https:\/\/univet.hu\/hu\/wp-json\/wp\/v2\/comments?post=4921"}],"version-history":[{"count":1,"href":"https:\/\/univet.hu\/hu\/wp-json\/wp\/v2\/pages\/4921\/revisions"}],"predecessor-version":[{"id":199673,"href":"https:\/\/univet.hu\/hu\/wp-json\/wp\/v2\/pages\/4921\/revisions\/199673"}],"up":[{"embeddable":true,"href":"https:\/\/univet.hu\/hu\/wp-json\/wp\/v2\/pages\/858"}],"wp:attachment":[{"href":"https:\/\/univet.hu\/hu\/wp-json\/wp\/v2\/media?parent=4921"}],"wp:term":[{"taxonomy":"category","embeddable":true,"href":"https:\/\/univet.hu\/hu\/wp-json\/wp\/v2\/categories?post=4921"},{"taxonomy":"post_tag","embeddable":true,"href":"https:\/\/univet.hu\/hu\/wp-json\/wp\/v2\/tags?post=4921"}],"curies":[{"name":"wp","href":"https:\/\/api.w.org\/{rel}","templated":true}]}}