{"id":49314,"date":"2020-01-31T11:27:12","date_gmt":"2020-01-31T10:27:12","guid":{"rendered":"https:\/\/univet.hu\/hu\/oktatas\/kurzusok\/new-course-page\/"},"modified":"2022-01-26T16:24:24","modified_gmt":"2022-01-26T15:24:24","slug":"eletvezetesi-keszsegek-allatorvosoknak-3","status":"publish","type":"page","link":"https:\/\/univet.hu\/hu\/oktatas\/kurzusok\/eletvezetesi-keszsegek-allatorvosoknak-3\/","title":{"rendered":"\u00c9letvezet\u00e9si k\u00e9szs\u00e9gek \u00e1llatorvosoknak"},"content":{"rendered":"<p>A t\u00e1rsadalom elv\u00e1r\u00e1sai szerint az \u00e1llatorvosnak nemcsak sz\u00e9lesk\u00f6r\u0171 \u00e1llatorvosi ismeretekkel kell rendelkeznie \u00e9s sz\u00e1mos szakmai tev\u00e9kenys\u00e9get \u00f6n\u00e1ll\u00f3an, rutinszer\u0171en kell v\u00e9geznie, de a pl. munkat\u00e1rsakkal val\u00f3 egy\u00fcttm\u0171k\u00f6d\u00e9sre, kommunik\u00e1ci\u00f3ra, praxis menedzsmentre vagy ak\u00e1r \u00f6nk\u00e9pz\u00e9sre is k\u00e9pesnek kell lennie. Hivat\u00e1sunk sz\u00e1mos ter\u00fcleten k\u00edv\u00e1n hozz\u00e1\u00e9rt\u00e9st az \u00e1llatorvost\u00f3l. Ezeket a k\u00e9szs\u00e9geket az angol szakirodalom \u201elife skill\u201d-nek h\u00edvja, amit tal\u00e1n \u00e9letvezet\u00e9si k\u00e9szs\u00e9gnek lehetne ford\u00edtani. A fels\u0151fok\u00fa int\u00e9zm\u00e9nyekben zajl\u00f3 k\u00e9pz\u00e9sek, bele\u00e9rtve az \u00e1llatorvostan-hallgat\u00f3k oktat\u00e1s\u00e1t is folyamatos fejleszt\u00e9sen mennek kereszt\u00fcl a kor megv\u00e1ltozott ig\u00e9nyeit \u00e9s az \u00faj lehet\u0151s\u00e9geket figyelembe v\u00e9ve. Napjainkban m\u00e1r ide tartozik a nem szakmai kompetenci\u00e1k oktat\u00e1sa is, ez\u00e9rt az ind\u00edtani tervezett fakult\u00e1ci\u00f3 t\u00f6bb tansz\u00e9k egy\u00fcttm\u0171k\u00f6d\u00e9s\u00e9ben, a nem szigor\u00faan \u00e1llatorvos szakmai, life skill-eket legink\u00e1bb felkarol\u00f3 T\u00f6rv\u00e9nysz\u00e9ki \u00c1llatorvostani \u00e9s Gazdas\u00e1gtudom\u00e1nyi Tansz\u00e9ken val\u00f3sulna meg. A teljess\u00e9g ig\u00e9nye n\u00e9lk\u00fcl v\u00e1lasztott 3 t\u00e9mater\u00fclet a kommunik\u00e1ci\u00f3, a digit\u00e1lis k\u00e9szs\u00e9gek \u00e9s a v\u00e1llalkoz\u00f3i alapismeretek, amely k\u00e9szs\u00e9gek megismer\u00e9se \u00e9s elsaj\u00e1t\u00edt\u00e1sa egyar\u00e1nt elengedhetetlen egy p\u00e1lyakezd\u0151 \u00e1llatorvos sz\u00e1m\u00e1ra.<\/p> <p>Az \u00faj hallgat\u00f3i elv\u00e1r\u00e1sok alapj\u00e1n felmer\u00fcl, hogy a megv\u00e1ltozott gener\u00e1ci\u00f3knak m\u00e1s jelleg\u0171 tud\u00e1sra, fejleszt\u00e9sre is sz\u00fcks\u00e9ge van, mint a kor\u00e1bbi di\u00e1koknak, illetve hogy a v\u00e9gz\u00e9s ut\u00e1ni els\u0151 napi kompetenci\u00e1k k\u00f6re nemcsak az \u00e1llatorvosi tud\u00e1st foglalja mag\u00e1ba.<\/p> <p>A fakult\u00e1ci\u00f3 a f\u00e9l\u00e9v sor\u00e1n blokkos\u00edtva ker\u00fclne megtart\u00e1sra, javasoltan 30 magyar \u00e9s 30 angol hallgat\u00f3 r\u00e9szv\u00e9tel\u00e9vel.<\/p> <p>Tant\u00e1rgyfelel\u0151s: Dr. M\u00e1ndoki M\u00edra<\/p> <p>K\u00e9rd\u00e9s eset\u00e9n a t\u00e1rgyfelel\u0151s el\u00e9rhet\u0151s\u00e9ge: <a class=\"decrypt\" rel=\"nboeplj\/njsbAvojwfu\/iv\" href=\"javascript:void(0);\">[Kattintson az emailc\u00edmhez]<\/a><\/p>","protected":false},"excerpt":{"rendered":"<p>A t\u00e1rsadalom elv\u00e1r\u00e1sai szerint az \u00e1llatorvosnak nemcsak sz\u00e9lesk\u00f6r\u0171 \u00e1llatorvosi ismeretekkel kell rendelkeznie \u00e9s sz\u00e1mos szakmai tev\u00e9kenys\u00e9get \u00f6n\u00e1ll\u00f3an, rutinszer\u0171en kell v\u00e9geznie, de a pl. munkat\u00e1rsakkal val\u00f3 egy\u00fcttm\u0171k\u00f6d\u00e9sre, kommunik\u00e1ci\u00f3ra, praxis menedzsmentre vagy ak\u00e1r \u00f6nk\u00e9pz\u00e9sre is k\u00e9pesnek kell lennie. Hivat\u00e1sunk sz\u00e1mos ter\u00fcleten k\u00edv\u00e1n hozz\u00e1\u00e9rt\u00e9st az \u00e1llatorvost\u00f3l. Ezeket a k\u00e9szs\u00e9geket az angol szakirodalom \u201elife skill\u201d-nek h\u00edvja, amit tal\u00e1n \u00e9letvezet\u00e9si<\/p>\n","protected":false},"author":3837,"featured_media":0,"parent":677,"menu_order":0,"comment_status":"open","ping_status":"open","template":"","meta":{"_acf_changed":false,"footnotes":""},"categories":[],"tags":[],"class_list":["post-49314","page","type-page","status-publish","hentry"],"acf":[],"_links":{"self":[{"href":"https:\/\/univet.hu\/hu\/wp-json\/wp\/v2\/pages\/49314","targetHints":{"allow":["GET"]}}],"collection":[{"href":"https:\/\/univet.hu\/hu\/wp-json\/wp\/v2\/pages"}],"about":[{"href":"https:\/\/univet.hu\/hu\/wp-json\/wp\/v2\/types\/page"}],"author":[{"embeddable":true,"href":"https:\/\/univet.hu\/hu\/wp-json\/wp\/v2\/users\/3837"}],"replies":[{"embeddable":true,"href":"https:\/\/univet.hu\/hu\/wp-json\/wp\/v2\/comments?post=49314"}],"version-history":[{"count":0,"href":"https:\/\/univet.hu\/hu\/wp-json\/wp\/v2\/pages\/49314\/revisions"}],"up":[{"embeddable":true,"href":"https:\/\/univet.hu\/hu\/wp-json\/wp\/v2\/pages\/677"}],"wp:attachment":[{"href":"https:\/\/univet.hu\/hu\/wp-json\/wp\/v2\/media?parent=49314"}],"wp:term":[{"taxonomy":"category","embeddable":true,"href":"https:\/\/univet.hu\/hu\/wp-json\/wp\/v2\/categories?post=49314"},{"taxonomy":"post_tag","embeddable":true,"href":"https:\/\/univet.hu\/hu\/wp-json\/wp\/v2\/tags?post=49314"}],"curies":[{"name":"wp","href":"https:\/\/api.w.org\/{rel}","templated":true}]}}