{"id":4933,"date":"2017-01-12T11:19:00","date_gmt":"2017-01-12T10:19:00","guid":{"rendered":"http:\/\/univet.hu\/egyetem\/munkatarsak\/vincze-boglarka\/"},"modified":"2026-02-10T04:02:43","modified_gmt":"2026-02-10T03:02:43","slug":"vincze-boglarka","status":"publish","type":"page","link":"https:\/\/univet.hu\/hu\/egyetem\/munkatarsak\/vincze-boglarka\/","title":{"rendered":"Vincze Bogl\u00e1rka"},"content":{"rendered":"<p>&nbsp;<\/p> <h2>Bemutatkoz\u00e1s<\/h2> <div> <p>\u00c1llatorvos-doktor, Szent Istv\u00e1n Egyetem \u00c1llatorvos-tudom\u00e1nyi Kar, Budapest<br \/> 2012-2015 PhD-k\u00e9pz\u00e9s<\/p> <p>2015-PhD-fokozat<\/p> <p>Kutat\u00e1si ter\u00fcletek<br \/> \u00e1llat szaporod\u00e1sbiol\u00f3gia, biotechnol\u00f3gia, assziszt\u00e1lt reprodukci\u00f3<\/p> <p>&nbsp;<\/p> <p>Szakmai t\u00e1rsas\u00e1gi tags\u00e1gok<br \/> Magyar L\u00f3gy\u00f3gy\u00e1sz \u00c1llatorvosok Egyes\u00fclete<br \/> European Society of Domestic Animal Reproduction<br \/> Szaporod\u00e1sbiol\u00f3giai T\u00e1rsas\u00e1g<br \/> Magyar Buiatrikusok T\u00e1rsas\u00e1ga<\/p> <p><a href=\"https:\/\/m2.mtmt.hu\/gui2\/?type=authors&amp;mode=browse&amp;sel=10026861\" target=\"_blank\" rel=\"noopener\" data-replaced=\"true\">Publik\u00e1ci\u00f3s lista<\/a><\/p> <p>&nbsp;<\/p> <\/div> <h2>Tev\u00e9kenys\u00e9g<\/h2> <div> <p>2016- Rezidens (European College of Animal Reproduction)<\/p> <\/div>","protected":false},"excerpt":{"rendered":"<p>&nbsp; Bemutatkoz\u00e1s \u00c1llatorvos-doktor, Szent Istv\u00e1n Egyetem \u00c1llatorvos-tudom\u00e1nyi Kar, Budapest 2012-2015 PhD-k\u00e9pz\u00e9s 2015-PhD-fokozat Kutat\u00e1si ter\u00fcletek \u00e1llat szaporod\u00e1sbiol\u00f3gia, biotechnol\u00f3gia, assziszt\u00e1lt reprodukci\u00f3 &nbsp; Szakmai t\u00e1rsas\u00e1gi tags\u00e1gok Magyar L\u00f3gy\u00f3gy\u00e1sz \u00c1llatorvosok Egyes\u00fclete European Society of Domestic Animal Reproduction Szaporod\u00e1sbiol\u00f3giai T\u00e1rsas\u00e1g Magyar Buiatrikusok T\u00e1rsas\u00e1ga Publik\u00e1ci\u00f3s lista &nbsp; Tev\u00e9kenys\u00e9g 2016- Rezidens (European College of Animal Reproduction)<\/p>\n","protected":false},"author":5824,"featured_media":0,"parent":858,"menu_order":211,"comment_status":"closed","ping_status":"closed","template":"","meta":{"_acf_changed":false,"footnotes":""},"categories":[56],"tags":[],"class_list":["post-4933","page","type-page","status-publish","hentry","category-munkatarsak"],"acf":[],"_links":{"self":[{"href":"https:\/\/univet.hu\/hu\/wp-json\/wp\/v2\/pages\/4933","targetHints":{"allow":["GET"]}}],"collection":[{"href":"https:\/\/univet.hu\/hu\/wp-json\/wp\/v2\/pages"}],"about":[{"href":"https:\/\/univet.hu\/hu\/wp-json\/wp\/v2\/types\/page"}],"author":[{"embeddable":true,"href":"https:\/\/univet.hu\/hu\/wp-json\/wp\/v2\/users\/5824"}],"replies":[{"embeddable":true,"href":"https:\/\/univet.hu\/hu\/wp-json\/wp\/v2\/comments?post=4933"}],"version-history":[{"count":3,"href":"https:\/\/univet.hu\/hu\/wp-json\/wp\/v2\/pages\/4933\/revisions"}],"predecessor-version":[{"id":188503,"href":"https:\/\/univet.hu\/hu\/wp-json\/wp\/v2\/pages\/4933\/revisions\/188503"}],"up":[{"embeddable":true,"href":"https:\/\/univet.hu\/hu\/wp-json\/wp\/v2\/pages\/858"}],"wp:attachment":[{"href":"https:\/\/univet.hu\/hu\/wp-json\/wp\/v2\/media?parent=4933"}],"wp:term":[{"taxonomy":"category","embeddable":true,"href":"https:\/\/univet.hu\/hu\/wp-json\/wp\/v2\/categories?post=4933"},{"taxonomy":"post_tag","embeddable":true,"href":"https:\/\/univet.hu\/hu\/wp-json\/wp\/v2\/tags?post=4933"}],"curies":[{"name":"wp","href":"https:\/\/api.w.org\/{rel}","templated":true}]}}