{"id":49335,"date":"2020-01-31T11:58:06","date_gmt":"2020-01-31T10:58:06","guid":{"rendered":"https:\/\/univet.hu\/hu\/oktatas\/kurzusok\/new-course-page\/"},"modified":"2026-01-12T16:48:28","modified_gmt":"2026-01-12T15:48:28","slug":"allatorvosi-praxisvezetoi-trening","status":"publish","type":"page","link":"https:\/\/univet.hu\/hu\/oktatas\/kurzusok\/allatorvosi-praxisvezetoi-trening\/","title":{"rendered":"\u00c1llatorvosi praxisvezet\u0151i tr\u00e9ning"},"content":{"rendered":"<p>Tant\u00e1rgyfelel\u0151s: Prof. Dr. \u00d3zsv\u00e1ri L\u00e1szl\u00f3<\/p> <p>A tant\u00e1rgy \u00e1ltal\u00e1nos c\u00e9lja: A program c\u00e9lja, hogy a vezet\u0151i kompetenci\u00e1kat c\u00e9lz\u00f3 k\u00e9pz\u00e9s kit\u00e9rjen a vezet\u0151i szerep alapj\u00e1n t\u00fal a hum\u00e1ner\u0151forr\u00e1s menedzsment elemeinek, elm\u00e9let\u00e9nek \u00e9s gyakorlat\u00e1nak (helyzetf\u00fcgg\u0151 vezet\u00e9s) meg\u00e9rt\u00e9s\u00e9re. A fakult\u00e1ci\u00f3 olyan standard vezet\u00e9si rendszert seg\u00edt fel\u00e1ll\u00edtani, melynek alkalmaz\u00e1s\u00e1val a vezet\u0151 k\u00e9pes az elv\u00e9gzend\u0151 feladattal kapcsolatban a beosztottak elm\u00e9leti \u00e9s gyakorlati felk\u00e9sz\u00fclts\u00e9g\u00e9t objekt\u00edv m\u00f3don felm\u00e9rni, \u00e9s a beosztottak felk\u00e9sz\u00fclts\u00e9g\u00e9nek megfelel\u0151en a leghat\u00e9konyabb vezet\u0151i viselked\u00e9st megv\u00e1lasztani.<\/p> <p>El\u0151tanulm\u00e1nyi k\u00f6vetelm\u00e9nyek: Agr\u00e1rgazdas\u00e1gtan<\/p>","protected":false},"excerpt":{"rendered":"<p>Tant\u00e1rgyfelel\u0151s: Prof. Dr. \u00d3zsv\u00e1ri L\u00e1szl\u00f3 A tant\u00e1rgy \u00e1ltal\u00e1nos c\u00e9lja: A program c\u00e9lja, hogy a vezet\u0151i kompetenci\u00e1kat c\u00e9lz\u00f3 k\u00e9pz\u00e9s kit\u00e9rjen a vezet\u0151i szerep alapj\u00e1n t\u00fal a hum\u00e1ner\u0151forr\u00e1s menedzsment elemeinek, elm\u00e9let\u00e9nek \u00e9s gyakorlat\u00e1nak (helyzetf\u00fcgg\u0151 vezet\u00e9s) meg\u00e9rt\u00e9s\u00e9re. A fakult\u00e1ci\u00f3 olyan standard vezet\u00e9si rendszert seg\u00edt fel\u00e1ll\u00edtani, melynek alkalmaz\u00e1s\u00e1val a vezet\u0151 k\u00e9pes az elv\u00e9gzend\u0151 feladattal kapcsolatban a beosztottak elm\u00e9leti \u00e9s<\/p>\n","protected":false},"author":3837,"featured_media":0,"parent":677,"menu_order":0,"comment_status":"open","ping_status":"open","template":"","meta":{"_acf_changed":false,"footnotes":""},"categories":[],"tags":[],"class_list":["post-49335","page","type-page","status-publish","hentry"],"acf":[],"_links":{"self":[{"href":"https:\/\/univet.hu\/hu\/wp-json\/wp\/v2\/pages\/49335","targetHints":{"allow":["GET"]}}],"collection":[{"href":"https:\/\/univet.hu\/hu\/wp-json\/wp\/v2\/pages"}],"about":[{"href":"https:\/\/univet.hu\/hu\/wp-json\/wp\/v2\/types\/page"}],"author":[{"embeddable":true,"href":"https:\/\/univet.hu\/hu\/wp-json\/wp\/v2\/users\/3837"}],"replies":[{"embeddable":true,"href":"https:\/\/univet.hu\/hu\/wp-json\/wp\/v2\/comments?post=49335"}],"version-history":[{"count":4,"href":"https:\/\/univet.hu\/hu\/wp-json\/wp\/v2\/pages\/49335\/revisions"}],"predecessor-version":[{"id":197786,"href":"https:\/\/univet.hu\/hu\/wp-json\/wp\/v2\/pages\/49335\/revisions\/197786"}],"up":[{"embeddable":true,"href":"https:\/\/univet.hu\/hu\/wp-json\/wp\/v2\/pages\/677"}],"wp:attachment":[{"href":"https:\/\/univet.hu\/hu\/wp-json\/wp\/v2\/media?parent=49335"}],"wp:term":[{"taxonomy":"category","embeddable":true,"href":"https:\/\/univet.hu\/hu\/wp-json\/wp\/v2\/categories?post=49335"},{"taxonomy":"post_tag","embeddable":true,"href":"https:\/\/univet.hu\/hu\/wp-json\/wp\/v2\/tags?post=49335"}],"curies":[{"name":"wp","href":"https:\/\/api.w.org\/{rel}","templated":true}]}}