{"id":4936,"date":"2017-04-12T09:32:00","date_gmt":"2017-04-12T07:32:00","guid":{"rendered":"http:\/\/univet.hu\/egyetem\/munkatarsak\/vincze-zoltan\/"},"modified":"2026-02-10T04:02:44","modified_gmt":"2026-02-10T03:02:44","slug":"vincze-zoltan","status":"publish","type":"page","link":"https:\/\/univet.hu\/hu\/egyetem\/munkatarsak\/vincze-zoltan\/","title":{"rendered":"Vincze Zolt\u00e1n"},"content":{"rendered":"<p>&nbsp;<\/p> <h2 style=\"text-align: center;\"><span style=\"font-size: 14pt;\">Bemutatkoz\u00e1s<\/span><\/h2> <div> <p><span class=\"TextRun SCXW12989169 BCX8\" lang=\"HU-HU\" xml:lang=\"HU-HU\" data-contrast=\"auto\"><span class=\"NormalTextRun SCXW12989169 BCX8\">199<\/span><span class=\"NormalTextRun SCXW12989169 BCX8\">3-ban \u00e9retts\u00e9giztem a budapesti Berzsenyi D\u00e1niel Gimn\u00e1ziumban<\/span><span class=\"NormalTextRun SCXW12989169 BCX8\">, majd 1994-ben felv\u00e9telt nyertem a<\/span><span class=\"NormalTextRun SCXW12989169 BCX8\">z ELTE<\/span><span class=\"NormalTextRun SCXW12989169 BCX8\">\u00a0Term\u00e9szettudom\u00e1nyi\u00a0<\/span><span class=\"NormalTextRun SCXW12989169 BCX8\">Kar\u00e1ra, ahol 1999-ben v\u00e9geztem okleveles vegy\u00e9sz<\/span><span class=\"NormalTextRun SCXW12989169 BCX8\">k\u00e9nt.<\/span><span class=\"NormalTextRun SCXW12989169 BCX8\">\u00a0<\/span><span class=\"NormalTextRun SCXW12989169 BCX8\">Tanulm\u00e1nyaimat \u00e1<\/span><span class=\"NormalTextRun SCXW12989169 BCX8\">llami \u00f6szt\u00f6nd\u00edjas doktorandusz<\/span><span class=\"NormalTextRun SCXW12989169 BCX8\">k\u00e9nt\u00a0<\/span><span class=\"NormalTextRun SCXW12989169 BCX8\">az<\/span><span class=\"NormalTextRun SCXW12989169 BCX8\">\u00a0E\u00f6tv\u00f6s Lor\u00e1nd Tudom\u00e1nyegyetem \u00c1ltal\u00e1nos \u00e9s Szervetlen K\u00e9miai Tansz\u00e9k<\/span><span class=\"NormalTextRun SCXW12989169 BCX8\">\u00e9n\u00a0<\/span><span class=\"NormalTextRun SCXW12989169 BCX8\">folytattam\u00a0<\/span><span class=\"NormalTextRun SCXW12989169 BCX8\">dr.\u00a0<\/span><span class=\"SpellingError SCXW12989169 BCX8\">Kotschy<\/span><span class=\"NormalTextRun SCXW12989169 BCX8\">\u00a0Andr\u00e1s vezet\u00e9s\u00e9vel.\u00a0<\/span><span class=\"NormalTextRun SCXW12989169 BCX8\">A PhD fokozatot\u00a0<\/span><span class=\"NormalTextRun SCXW12989169 BCX8\">2006-ban szereztem meg<\/span><span class=\"NormalTextRun SCXW12989169 BCX8\">\u00a0summa cum laude min\u0151s\u00edt\u00e9ssel<\/span><span class=\"NormalTextRun SCXW12989169 BCX8\">,\u00a0<\/span><span class=\"NormalTextRun SCXW12989169 BCX8\">\u00e9<\/span><span class=\"NormalTextRun SCXW12989169 BCX8\">rtekez\u00e9sem c\u00edme:\u00a0<\/span><span class=\"NormalTextRun SCXW12989169 BCX8\">Korszer\u0171 m\u00f3dszerek alkalmaz\u00e1sa heterociklusos vegy\u00fcletek szint\u00e9zis\u00e9ben<\/span><span class=\"NormalTextRun SCXW12989169 BCX8\">.<\/span><span class=\"NormalTextRun SCXW12989169 BCX8\">\u00a0<\/span><span class=\"NormalTextRun SCXW12989169 BCX8\">Jelenlegi munkahelyeme<\/span><span class=\"NormalTextRun SCXW12989169 BCX8\">n az \u00c1llatorvostudom\u00e1nyi Egyetemen 2001-t\u0151l dolgozom k\u00fcl\u00f6nb\u00f6z\u0151 beoszt\u00e1sokban.<\/span><\/span><span class=\"EOP SCXW12989169 BCX8\" data-ccp-props=\"{&quot;134233118&quot;:true,&quot;201341983&quot;:0,&quot;335551550&quot;:6,&quot;335551620&quot;:6,&quot;335559739&quot;:160,&quot;335559740&quot;:240}\">\u00a0<\/span><\/p> <\/div> <p><b><span data-contrast=\"none\">F\u0151bb kutat\u00e1si ter\u00fcletek:<\/span><\/b><span data-ccp-props=\"{&quot;134233118&quot;:true,&quot;201341983&quot;:0,&quot;335559739&quot;:160,&quot;335559740&quot;:240}\">\u00a0<\/span><\/p> <p><span data-contrast=\"none\">\u00a0Biol\u00f3giailag akt\u00edv heterociklusos vegy\u00fcletek szint\u00e9zise, t\u00f6bbek k\u00f6z\u00f6tt\u00a0\u00a0biofilm\u00a0ellenes\u00a0 anyagok\u00a0\u00e9s\u00a0szuliddonor\u00a0sz\u00e1rmaz\u00e9kok\u00a0el\u0151\u00e1ll\u00edt\u00e1sa.<\/span><span data-ccp-props=\"{&quot;134233118&quot;:true,&quot;201341983&quot;:0,&quot;335559739&quot;:160,&quot;335559740&quot;:240}\">\u00a0<\/span><\/p> <p><b><span data-contrast=\"none\">El\u0151rehalad\u00e1s<\/span><\/b><span data-ccp-props=\"{&quot;201341983&quot;:0,&quot;335559685&quot;:2124,&quot;335559739&quot;:160,&quot;335559740&quot;:259,&quot;335559991&quot;:2124}\">\u00a0<\/span><\/p> <table style=\"height: 151px;\" width=\"951\"> <tbody> <tr style=\"height: 30px;\"> <td style=\"width: 155.1px; height: 30px; text-align: center;\"><strong>Munkahelyek<\/strong><\/td> <td style=\"width: 497.317px; height: 30px; text-align: center;\"><strong>Int\u00e9zm\u00e9ny neve<\/strong><\/td> <td style=\"width: 278.183px; height: 30px; text-align: center;\"><strong>Beoszt\u00e1s<\/strong><\/td> <\/tr> <tr style=\"height: 30px;\"> <td style=\"width: 155.1px; height: 30px; text-align: center;\">2012-<\/td> <td style=\"width: 497.317px; height: 30px; text-align: center;\"><span data-contrast=\"auto\">\u00c1llatorvostudom\u00e1nyi\u00a0Egyetem, K\u00e9miai Tansz\u00e9k<\/span><\/td> <td style=\"width: 278.183px; height: 30px; text-align: center;\"><span data-contrast=\"auto\">Egyetemi docens<\/span><\/td> <\/tr> <tr style=\"height: 30px;\"> <td style=\"width: 155.1px; height: 30px; text-align: center;\">2007-2012<\/td> <td style=\"width: 497.317px; height: 30px; text-align: center;\"><span data-contrast=\"auto\"> Szent Istv\u00e1n Egyetem, \u00c1llatorvos-tudom\u00e1nyi Kar, K\u00e9miai Tansz\u00e9k<\/span><span data-ccp-props=\"{&quot;201341983&quot;:0,&quot;335559685&quot;:2124,&quot;335559739&quot;:160,&quot;335559740&quot;:259,&quot;335559991&quot;:2124}\">\u00a0<\/span><\/td> <td style=\"width: 278.183px; height: 30px; text-align: center;\"><span data-contrast=\"auto\">Egyetemi adjunktus<\/span><\/td> <\/tr> <tr style=\"height: 30px;\"> <td style=\"width: 155.1px; height: 30px; text-align: center;\">2002-2007<\/td> <td style=\"width: 497.317px; height: 30px; text-align: center;\"><span data-contrast=\"auto\"> Szent Istv\u00e1n Egyetem, \u00c1llatorvos-tudom\u00e1nyi Kar, K\u00e9miai Tansz\u00e9k<\/span><span data-ccp-props=\"{&quot;201341983&quot;:0,&quot;335559685&quot;:2124,&quot;335559739&quot;:160,&quot;335559740&quot;:259,&quot;335559991&quot;:2124}\">\u00a0<\/span><\/td> <td style=\"width: 278.183px; height: 30px; text-align: center;\"><span data-contrast=\"auto\">Egyetemi\u00a0tan\u00e1rseg\u00e9d<\/span><\/td> <\/tr> <tr style=\"height: 31px;\"> <td style=\"width: 155.1px; height: 31px; text-align: center;\">2001-2002<\/td> <td style=\"width: 497.317px; height: 31px; text-align: center;\"><span data-contrast=\"auto\"> Szent Istv\u00e1n Egyetem, \u00c1llatorvos-tudom\u00e1nyi Kar, K\u00e9miai Tansz\u00e9k<\/span><span data-ccp-props=\"{&quot;201341983&quot;:0,&quot;335559685&quot;:2124,&quot;335559739&quot;:160,&quot;335559740&quot;:259,&quot;335559991&quot;:2124}\">\u00a0<\/span><\/td> <td style=\"width: 278.183px; height: 31px; text-align: center;\"><span data-contrast=\"auto\">Tudom\u00e1nyos m\u0171szaki \u00fcgyint\u00e9z<\/span>\u0151<\/td> <\/tr> <\/tbody> <\/table> <p>&nbsp;<\/p> <p><b><span data-contrast=\"none\">Szakmai szervezeti tags\u00e1g<\/span><\/b><span data-ccp-props=\"{&quot;134233118&quot;:true,&quot;201341983&quot;:0,&quot;335559739&quot;:160,&quot;335559740&quot;:240}\">\u00a0<\/span><\/p> <table style=\"height: 50px;\" width=\"969\"> <tbody> <tr style=\"height: 24px;\"> <td style=\"width: 238.15px; height: 24px; text-align: center;\"><strong>Bizotts\u00e1g neve<\/strong><\/td> <td style=\"width: 514.317px; height: 24px; text-align: center;\"><strong>Id\u0151<\/strong><\/td> <td style=\"width: 196.133px; height: 24px; text-align: center;\"><strong>Tiszts\u00e9g<\/strong><\/td> <\/tr> <tr style=\"height: 26px;\"> <td style=\"width: 238.15px; height: 26px; text-align: center;\">2006<\/td> <td style=\"width: 514.317px; height: 26px; text-align: center;\"><span data-contrast=\"none\">A\u202f<\/span><b><span data-contrast=\"none\">Heterociklusos<\/span><\/b><span data-contrast=\"none\">\u202f\u00e9s Elemorganikus K\u00e9miai\u202f<\/span><b><span data-contrast=\"none\">Munkabizotts\u00e1ga<\/span><\/b><\/td> <td style=\"width: 196.133px; height: 26px; text-align: center;\">tag<\/td> <\/tr> <\/tbody> <\/table> <p><b><span data-contrast=\"none\">Eddigi szakdolgozat\/TDK hallgat\u00f3k sz\u00e1ma\u00a0:1<\/span><\/b><span data-ccp-props=\"{&quot;134233118&quot;:true,&quot;201341983&quot;:0,&quot;335559739&quot;:160,&quot;335559740&quot;:240}\">\u00a0<\/span><\/p> <table data-tablestyle=\"MsoNormalTable\" data-tablelook=\"1184\" aria-rowcount=\"2\"> <tbody> <tr aria-rowindex=\"1\"> <td colspan=\"2\" data-celllook=\"69905\"><b><span data-contrast=\"auto\">PhD-hallgat\u00f3k<\/span><\/b><span data-ccp-props=\"{&quot;201341983&quot;:0,&quot;335559740&quot;:240}\"><br \/> <\/span><\/td> <\/tr> <\/tbody> <\/table> <p><span data-contrast=\"none\">\u202f<\/span><span data-ccp-props=\"{&quot;134233118&quot;:true,&quot;201341983&quot;:0,&quot;335559739&quot;:160,&quot;335559740&quot;:240}\">\u00a0<\/span><\/p> <p><b><span data-contrast=\"none\">Publik\u00e1ci\u00f3s lista (Top10)<\/span><\/b><span data-ccp-props=\"{&quot;134233118&quot;:true,&quot;201341983&quot;:0,&quot;335559739&quot;:160,&quot;335559740&quot;:240}\">\u00a0<\/span><\/p> <p><span data-contrast=\"none\">MTMT:\u202f\u00a0<\/span><span data-ccp-props=\"{&quot;134233118&quot;:true,&quot;201341983&quot;:0,&quot;335551550&quot;:2,&quot;335551620&quot;:2,&quot;335559739&quot;:160,&quot;335559740&quot;:240}\">\u00a0<\/span><\/p> <table style=\"height: 355px;\" width=\"972\"> <tbody> <tr> <td style=\"width: 48.0167px;\">1.<\/td> <td style=\"width: 909.183px;\"><span data-contrast=\"auto\">Z. Vincze, A.\u00a0B.B\u00edr\u00f3, M.\u00a0Cs\u00e9kei, G. Tim\u00e1ri, A.\u00a0Kotschy\u00a0(2006) The\u00a0palladium\u00a0catalyzed\u00a0preparation of\u00a0condensed\u00a0tetracyclic\u00a0heterocycles\u00a0and\u00a0its\u00a0application\u00a0to\u00a0the\u00a0synthesis\u00a0of\u00a0<\/span><i><span data-contrast=\"auto\">rac<\/span><\/i><span data-contrast=\"auto\">-mangochinine.\u00a0<\/span><i><span data-contrast=\"auto\">Synthesis<\/span><\/i><span data-contrast=\"auto\">, 1375-1385.<\/span> <span data-ccp-props=\"{&quot;201341983&quot;:0,&quot;335551550&quot;:6,&quot;335551620&quot;:6,&quot;335559739&quot;:160,&quot;335559740&quot;:240}\">\u00a0<\/span><\/td> <\/tr> <tr> <td style=\"width: 48.0167px;\">2.<\/td> <td style=\"width: 909.183px;\"> <p><span data-contrast=\"auto\">Z. Nov\u00e1k, Z. Vincze,\u00a0Zs.\u00a0Cz\u00e9g\u00e9ny, G.\u00a0Magyarfalvi, D. M. Smith, A.\u00a0Kotschy\u00a0(2006)\u00a0Study\u00a0of\u00a0the\u00a0formation\u00a0and\u00a0thermal\u00a0decomposition\u00a0of an\u00a0azo-bridged\u00a0tricyclic\u00a0ring\u00a0system.<\/span><span data-ccp-props=\"{&quot;201341983&quot;:0,&quot;335559739&quot;:160,&quot;335559740&quot;:240}\">\u00a0<\/span><\/p> <p><i><span data-contrast=\"auto\">Eur. J.\u00a0Org.\u00a0Chem.,<\/span><\/i><span data-contrast=\"auto\">\u00a0<\/span><b><span data-contrast=\"auto\">15<\/span><\/b><span data-contrast=\"auto\">, 3358-3363.\u00a0<\/span> <span data-ccp-props=\"{&quot;201341983&quot;:0,&quot;335559685&quot;:708,&quot;335559739&quot;:160,&quot;335559740&quot;:259}\">\u00a0<\/span><\/td> <\/tr> <tr> <td style=\"width: 48.0167px;\">3.<\/td> <td style=\"width: 909.183px;\"><span data-contrast=\"auto\">Vincze, Z. Mucs<\/span><span data-contrast=\"auto\">Z<\/span><span data-contrast=\"auto\">i, P. Scheiber, P. Nemes (2008)<\/span><span data-contrast=\"auto\">1,6-Electrocyclisation of 1-Azatriene Derivatives.\u00a0<\/span><i><span data-contrast=\"auto\">Eur. J.\u00a0Org.\u00a0Chem.,<\/span><\/i><span data-contrast=\"auto\">\u00a0<\/span><b><span data-contrast=\"auto\">6<\/span><\/b><span data-contrast=\"auto\">, 1092-1100.<\/span><\/td> <\/tr> <tr> <td style=\"width: 48.0167px;\">4.<\/td> <td style=\"width: 909.183px;\">G. Maksay,\u00a0P.Nemes, Z. Vincze T.\u00a0B\u00edr\u00f3\u00a0(2008)\u00a0Synthesis\u00a0of (nor)tropeine\u00a0(di)esters\u00a0and\u00a0allosteric\u00a0modulation\u00a0of\u00a0glycine\u00a0receptor\u00a0binding.\u00a0Bioorg\u00a0Med Chem.,\u00a016, 2086-2092.<span data-contrast=\"auto\">\u00a0<\/span> <span data-ccp-props=\"{&quot;201341983&quot;:0,&quot;335559685&quot;:708,&quot;335559739&quot;:160,&quot;335559740&quot;:259,&quot;335559991&quot;:345,&quot;469777462&quot;:[360],&quot;469777927&quot;:[0],&quot;469777928&quot;:[1]}\">\u00a0<\/span><\/td> <\/tr> <tr> <td style=\"width: 48.0167px;\">5.<\/td> <td style=\"width: 909.183px;\"><span data-contrast=\"auto\">G. Maksay, Z. Vincze, P. Nemes<\/span><span data-contrast=\"auto\">\u00a0(2009)\u00a0<\/span><a href=\"http:\/\/apps.wosportal.om.hu\/full_record.do?product=WOS&amp;search_mode=GeneralSearch&amp;qid=1&amp;SID=W1AHfbbnho4H7Da45H3&amp;page=1&amp;doc=1\"><span data-contrast=\"auto\">Synthesis of heteroaromatic tropeines and heterogeneous binding to glycine receptors<\/span><\/a><span data-contrast=\"auto\">.\u00a0<\/span><i><span data-contrast=\"auto\">Bioorg\u00a0Med Chem<\/span><\/i><span data-contrast=\"auto\">.\u00a0<\/span><b><span data-contrast=\"auto\">17<\/span><\/b><span data-contrast=\"auto\">, 6872-6878.\u00a0<\/span><span data-ccp-props=\"{&quot;201341983&quot;:0,&quot;335559685&quot;:708,&quot;335559739&quot;:160,&quot;335559740&quot;:259,&quot;335559991&quot;:345,&quot;469777462&quot;:[360],&quot;469777927&quot;:[0],&quot;469777928&quot;:[1]}\">\u00a0<\/span><\/td> <\/tr> <tr> <td style=\"width: 48.0167px;\">6.<\/td> <td style=\"width: 909.183px;\"><span data-contrast=\"auto\">Vincze Zolt\u00e1n, Nemes P\u00e9ter (2011)\u00a0Synthesis\u00a0and\u00a0cyclizations\u00a0of 1-azapolyene\u00a0derivatives.\u00a0\u00a0<\/span><i><span data-contrast=\"auto\">Tetrahedron<\/span><\/i><span data-contrast=\"auto\">,\u00a0\u00a0<\/span><b><span data-contrast=\"auto\">67<\/span><\/b><span data-contrast=\"auto\">, 3380-3387.\u00a0<\/span><\/td> <\/tr> <tr> <td style=\"width: 48.0167px;\">7.<\/td> <td style=\"width: 909.183px;\"><span data-contrast=\"auto\">Vincze Zolt\u00e1n, Nemes P\u00e9ter (2013) A\u00a0novel\u00a0strategy\u00a0for\u00a0the\u00a0synthesis\u00a0of 2,6-diaryl-1,2-dihydropyridines\u00a0via\u00a06p-electrocyclization\u00a0Tetrahedron\u00a0<\/span><b><span data-contrast=\"auto\">69<\/span><\/b><span data-contrast=\"auto\">\u00a06269-6274.<\/span><\/td> <\/tr> <tr> <td style=\"width: 48.0167px;\">8.<\/td> <td style=\"width: 909.183px;\">M<span data-contrast=\"auto\">ih\u00e1ly V\u00a0Pilipecz, P\u00e1l Scheiber, Zolt\u00e1n Vincze, Tam\u00e1s R Varga, G\u00e1bor T\u00f3th, P\u00e9ter Nemes (2014)\u00a0One-pot\u00a0reactions\u00a0of\u00a0nitroenamines\u00a0with\u00a0anilines and\u00a0ethyl\u00a0glyoxylate\u00a0<\/span><i><span data-contrast=\"auto\">Tetrahedron<\/span><\/i><span data-contrast=\"auto\">\u00a0<\/span><b><span data-contrast=\"auto\">70\u00a0<\/span><\/b><span data-contrast=\"auto\">4355-4360.<\/span><\/td> <\/tr> <tr> <td style=\"width: 48.0167px;\">9.<\/td> <td style=\"width: 909.183px;\"><span data-contrast=\"auto\">\u00a0<\/span><span data-contrast=\"none\">Aradi,\u00a0K ;\u00a0Meszaros,\u00a0A ;\u00a0Toth,\u00a0BL ;\u00a0Vincze,\u00a0Z ;\u00a0Novak,\u00a0Z<\/span><span data-contrast=\"auto\">\u00a0,\u00a0<\/span><span data-contrast=\"none\">Copper-Catalyzed\u00a0N-Arylation\u00a0of\u00a0Nitroenamines\u00a0with\u00a0Diaryliodonium\u00a0Salts\u00a0<\/span><span data-contrast=\"auto\">JOURNAL OF ORGANIC CHEMISTRY\u00a082 :\u00a022 pp. 11752-11764. ,\u00a013 p. (2017)\u00a0<\/span><span data-ccp-props=\"{&quot;134233117&quot;:true,&quot;134233118&quot;:true,&quot;201341983&quot;:0,&quot;335559685&quot;:600,&quot;335559739&quot;:160,&quot;335559740&quot;:259,&quot;335559991&quot;:174}\">\u00a0<\/span><\/td> <\/tr> <tr> <td style=\"width: 48.0167px;\">10.<\/td> <td style=\"width: 909.183px;\"><span data-contrast=\"none\">Pilipecz,\u00a0Mihaly\u00a0V\u00a0;\u00a0Varga,\u00a0Tamas\u00a0R.\u00a0;\u00a0Krall,\u00a0Peter\u00a0;\u00a0Vincze,\u00a0Zoltan\u00a0;\u00a0Mucsi,\u00a0Zoltan\u00a0;\u00a0Deme,\u00a0Ruth\u00a0;\u00a0Szabo,\u00a0Pal\u00a0T.\u00a0;\u00a0Nemes, Peter\u00a0Simple\u00a0route\u00a0to\u00a0new\u00a0oxadiazaboroles\u00a0and\u00a0oxadiazoles\u00a0via\u00a0amidoximes\u00a0<\/span><span data-contrast=\"auto\">SYNTHETIC COMMUNICATIONS\u00a0<\/span><b><span data-contrast=\"auto\">50<\/span><\/b><span data-contrast=\"auto\">\u00a0:\u00a011 pp. 1712-1723. ,\u00a012 p. (2020)\u00a0<\/span><span data-ccp-props=\"{&quot;201341983&quot;:0,&quot;335559685&quot;:709,&quot;335559739&quot;:160,&quot;335559740&quot;:259,&quot;335559991&quot;:283}\">\u00a0<\/span><\/td> <\/tr> <\/tbody> <\/table> <p><span data-ccp-props=\"{&quot;201341983&quot;:0,&quot;335559739&quot;:160,&quot;335559740&quot;:240}\">\u00a0<\/span><\/p> <p><span data-ccp-props=\"{&quot;201341983&quot;:0,&quot;335559685&quot;:708,&quot;335559739&quot;:160,&quot;335559740&quot;:259}\">\u00a0<\/span><\/p> <p><span data-ccp-props=\"{&quot;201341983&quot;:0,&quot;335559739&quot;:160,&quot;335559740&quot;:259}\">\u00a0<\/span><\/p>","protected":false},"excerpt":{"rendered":"<p>&nbsp; Bemutatkoz\u00e1s 1993-ban \u00e9retts\u00e9giztem a budapesti Berzsenyi D\u00e1niel Gimn\u00e1ziumban, majd 1994-ben felv\u00e9telt nyertem az ELTE\u00a0Term\u00e9szettudom\u00e1nyi\u00a0Kar\u00e1ra, ahol 1999-ben v\u00e9geztem okleveles vegy\u00e9szk\u00e9nt.\u00a0Tanulm\u00e1nyaimat \u00e1llami \u00f6szt\u00f6nd\u00edjas doktoranduszk\u00e9nt\u00a0az\u00a0E\u00f6tv\u00f6s Lor\u00e1nd Tudom\u00e1nyegyetem \u00c1ltal\u00e1nos \u00e9s Szervetlen K\u00e9miai Tansz\u00e9k\u00e9n\u00a0folytattam\u00a0dr.\u00a0Kotschy\u00a0Andr\u00e1s vezet\u00e9s\u00e9vel.\u00a0A PhD fokozatot\u00a02006-ban szereztem meg\u00a0summa cum laude min\u0151s\u00edt\u00e9ssel,\u00a0\u00e9rtekez\u00e9sem c\u00edme:\u00a0Korszer\u0171 m\u00f3dszerek alkalmaz\u00e1sa heterociklusos vegy\u00fcletek szint\u00e9zis\u00e9ben.\u00a0Jelenlegi munkahelyemen az \u00c1llatorvostudom\u00e1nyi Egyetemen 2001-t\u0151l dolgozom k\u00fcl\u00f6nb\u00f6z\u0151 beoszt\u00e1sokban.\u00a0 F\u0151bb kutat\u00e1si ter\u00fcletek:\u00a0<\/p>\n","protected":false},"author":5824,"featured_media":0,"parent":858,"menu_order":211,"comment_status":"closed","ping_status":"closed","template":"","meta":{"_acf_changed":false,"footnotes":""},"categories":[56],"tags":[],"class_list":["post-4936","page","type-page","status-publish","hentry","category-munkatarsak"],"acf":[],"_links":{"self":[{"href":"https:\/\/univet.hu\/hu\/wp-json\/wp\/v2\/pages\/4936","targetHints":{"allow":["GET"]}}],"collection":[{"href":"https:\/\/univet.hu\/hu\/wp-json\/wp\/v2\/pages"}],"about":[{"href":"https:\/\/univet.hu\/hu\/wp-json\/wp\/v2\/types\/page"}],"author":[{"embeddable":true,"href":"https:\/\/univet.hu\/hu\/wp-json\/wp\/v2\/users\/5824"}],"replies":[{"embeddable":true,"href":"https:\/\/univet.hu\/hu\/wp-json\/wp\/v2\/comments?post=4936"}],"version-history":[{"count":1,"href":"https:\/\/univet.hu\/hu\/wp-json\/wp\/v2\/pages\/4936\/revisions"}],"predecessor-version":[{"id":199674,"href":"https:\/\/univet.hu\/hu\/wp-json\/wp\/v2\/pages\/4936\/revisions\/199674"}],"up":[{"embeddable":true,"href":"https:\/\/univet.hu\/hu\/wp-json\/wp\/v2\/pages\/858"}],"wp:attachment":[{"href":"https:\/\/univet.hu\/hu\/wp-json\/wp\/v2\/media?parent=4936"}],"wp:term":[{"taxonomy":"category","embeddable":true,"href":"https:\/\/univet.hu\/hu\/wp-json\/wp\/v2\/categories?post=4936"},{"taxonomy":"post_tag","embeddable":true,"href":"https:\/\/univet.hu\/hu\/wp-json\/wp\/v2\/tags?post=4936"}],"curies":[{"name":"wp","href":"https:\/\/api.w.org\/{rel}","templated":true}]}}