{"id":4942,"date":"2016-08-03T08:51:00","date_gmt":"2016-08-03T06:51:00","guid":{"rendered":"http:\/\/univet.hu\/egyetem\/munkatarsak\/vizi-zsuzsanna\/"},"modified":"2026-02-10T04:02:45","modified_gmt":"2026-02-10T03:02:45","slug":"vizi-zsuzsanna","status":"publish","type":"page","link":"https:\/\/univet.hu\/hu\/egyetem\/munkatarsak\/vizi-zsuzsanna\/","title":{"rendered":"Vizi Zsuzsanna"},"content":{"rendered":"<p style=\"text-align: center;\"><span style=\"font-size: 14pt;\"><strong>Bemutatkoz\u00e1s<\/strong><\/span><\/p> <p>2004-ben szereztem diplom\u00e1t, 2005 \u00f3ta vagyok a Belgy\u00f3gy\u00e1szati munkat\u00e1rsa. 2009-2013 k\u00f6z\u00f6tt a hannoveri \u00c1llatorvosi F\u0151iskol\u00e1n teljes\u00edtettem az ECVIM-CA rezidens programj\u00e1t \u00e9s 2021-ben sikeres min\u0151s\u00edt\u0151 vizsg\u00e1t tettem.<\/p> <p>2013 \u00f3ta vagyok a Kis\u00e1llatklinika Intenz\u00edv Ter\u00e1pi\u00e1s Oszt\u00e1ly\u00e1nak szakmai vezet\u0151je.<\/p> <p>Az egyetemi kis\u00e1llatgy\u00f3gy\u00e1sz asszisztensk\u00e9pz\u00e9s egyik szakmai mentora \u00e9s oktat\u00f3ja.<\/p> <p>F\u0151bb kutat\u00e1si ter\u00fcletek:<\/p> <ul> <li><em>Haematol\u00f3gia <\/em><\/li> <li><em>Intenz\u00edv betegell\u00e1t\u00e1s \u00e9s folyad\u00e9kter\u00e1pia <\/em><\/li> <li><em>Endokrinol\u00f3gia<\/em><\/li> <li><em>PhD kutat\u00e1som a hepcidin hormon szerep\u00e9t vizsg\u00e1lja kuty\u00e1k gyullad\u00e1sos betegs\u00e9geiben <\/em><\/li> <\/ul> <p><strong>El\u0151rehalad\u00e1s<\/strong><\/p> <p><strong>Szakmai szervezeti tags\u00e1g<\/strong><\/p> <table style=\"height: 159px;\" width=\"764\"> <tbody> <tr style=\"height: 19px;\"> <td style=\"width: 396.417px; height: 19px;\"><strong>Bizotts\u00e1g neve<\/strong><\/td> <td style=\"width: 78.55px; height: 19px;\"><strong>Id\u0151<\/strong><\/td> <td style=\"width: 267.033px; height: 19px;\"><strong>Tiszts\u00e9g<\/strong><\/td> <\/tr> <tr style=\"height: 28px;\"> <td style=\"width: 396.417px; height: 28px;\">\u00a0M\u00c1OK F\u0151v\u00e1rosi szervezet Oktat\u00e1si Bizotts\u00e1g<\/td> <td style=\"width: 78.55px; height: 28px;\">\u00a02021<\/td> <td style=\"width: 267.033px; height: 28px;\">\u00a0eln\u00f6k<\/td> <\/tr> <tr style=\"height: 28px;\"> <td style=\"width: 396.417px; height: 28px;\">\u00a0M\u00c1OK Specialista Bizotts\u00e1g<\/td> <td style=\"width: 78.55px; height: 28px;\">\u00a02021<\/td> <td style=\"width: 267.033px; height: 28px;\">\u00a0tag<\/td> <\/tr> <tr style=\"height: 28px;\"> <td style=\"width: 396.417px; height: 28px;\">\u00a0ECVIM \u2013 ESVE (European Society of Veterinary Endocrinology)<\/td> <td style=\"width: 78.55px; height: 28px;\"><\/td> <td style=\"width: 267.033px; height: 28px;\">\u00a0tag<\/td> <\/tr> <tr style=\"height: 28px;\"> <td style=\"width: 396.417px; height: 28px;\">\u00a0ECVIM \u2013 SCH (Society of Comperative Hepatology)<\/td> <td style=\"width: 78.55px; height: 28px;\"><\/td> <td style=\"width: 267.033px; height: 28px;\">\u00a0tag<\/td> <\/tr> <tr style=\"height: 28px;\"> <td style=\"width: 396.417px; height: 28px;\">\u00a0ECVECCS \u2013 European Collage of Veterinary Emergency and Critical Care<\/td> <td style=\"width: 78.55px; height: 28px;\"><\/td> <td style=\"width: 267.033px; height: 28px;\">\u00a0tag<\/td> <\/tr> <\/tbody> <\/table> <p><strong>Eddigi szakdolgozat\/TDK hallgat\u00f3k sz\u00e1ma: 20+<\/strong><\/p> <p><strong>Publik\u00e1ci\u00f3s lista (Top10)<\/strong><\/p> <p>MTMT:<\/p> <table style=\"height: 336px;\" width=\"864\"> <tbody> <tr style=\"height: 80px;\"> <td style=\"width: 28.0333px; height: 80px;\">1.<\/td> <td style=\"width: 819.967px; height: 80px;\"><strong>Vizi<\/strong> Zs, N\u00e9meth T,Sterczer \u00c1: Comparison of the survival and quality of life in dogs with medically versus surgically treated congenital portosystemic shunts in Hungary. TIERAE5.RZTL PRAX\u00a0 2013. 41:(2) Paper A30.<\/td> <\/tr> <tr style=\"height: 80px;\"> <td style=\"width: 28.0333px; height: 80px;\">2.<\/td> <td style=\"width: 819.967px; height: 80px;\"><strong>Vizi<\/strong>, Aradi Zs., Sterczer \u00c1.: The role of hepcidin int he iron homeostasis. Literature review. M\u00c1L 2014\/11, 136:671-675<\/td> <\/tr> <tr style=\"height: 104px;\"> <td style=\"width: 28.0333px; height: 104px;\">3.<\/td> <td style=\"width: 819.967px; height: 104px;\">Nadine Studer, Hans Lutz, (\u2026) Zsuzsanna <strong>Vizi<\/strong>, (\u2026): Pan-European Study on the Prevalence of the Feline Leukaemia Virus Infection \u2013 Reported by the European Advisory Board on Cat Diseases (ABCD Europe) <em>Viruses <strong>2019<\/strong>, 11, 993; <\/em><\/td> <\/tr> <tr style=\"height: 24px;\"> <td style=\"width: 28.0333px; height: 24px;\">4.<\/td> <td style=\"width: 819.967px; height: 24px;\"><strong>Vizi<\/strong>, L\u00e1nyi et al: Examination of canine serum hepcidin in healthy dogs with liquid chromatography\/tandem mass spectrometry method, Journal of Vetirinary Clinical Pathology (0275-6382 ): 49 2 pp 292-298 (2020)<\/td> <\/tr> <tr style=\"height: 24px;\"> <td style=\"width: 28.0333px; height: 24px;\">5.<\/td> <td style=\"width: 819.967px; height: 24px;\"><a href=\"https:\/\/www.sciencedirect.com\/science\/article\/pii\/S2667114X2100042X?via%3Dihub#!\">BarbaraTuska-Szalay, <\/a><a href=\"https:\/\/www.sciencedirect.com\/science\/article\/pii\/S2667114X2100042X?via%3Dihub#!\">ZsuzsannaVizi<\/a>, <a href=\"https:\/\/www.sciencedirect.com\/science\/article\/pii\/S2667114X2100042X?via%3Dihub#!\">ReginaHofmann-Lehmann<sup>c<\/sup><\/a> <a href=\"https:\/\/www.sciencedirect.com\/science\/article\/pii\/S2667114X2100042X?via%3Dihub#!\">P\u00e9terVajdovich<sup>d<\/sup><\/a> <a href=\"https:\/\/www.sciencedirect.com\/science\/article\/pii\/S2667114X2100042X?via%3Dihub#!\">N\u00f3raTak\u00e1cs<sup>a<\/sup><\/a> <a href=\"https:\/\/www.sciencedirect.com\/science\/article\/pii\/S2667114X2100042X?via%3Dihub#!\">Marina L.Meli<sup>c<\/sup><\/a> <a href=\"https:\/\/www.sciencedirect.com\/science\/article\/pii\/S2667114X2100042X?via%3Dihub#!\">R\u00f3bertFarkas<sup>a<\/sup><\/a> <a href=\"https:\/\/www.sciencedirect.com\/science\/article\/pii\/S2667114X2100042X?via%3Dihub#!\">Vikt\u00f3riaStummer-Knyih\u00e1r<sup>e<\/sup><\/a> <a href=\"https:\/\/www.sciencedirect.com\/science\/article\/pii\/S2667114X2100042X?via%3Dihub#!\">\u00c1kosJerzsele<sup>f<\/sup><\/a> <a href=\"https:\/\/www.sciencedirect.com\/science\/article\/pii\/S2667114X2100042X?via%3Dihub#!\">Jen\u0151Kontsch\u00e1n<sup>g<\/sup><\/a> <a href=\"https:\/\/www.sciencedirect.com\/science\/article\/pii\/S2667114X2100042X?via%3Dihub#!\">S\u00e1ndorSzekeres<sup>a<\/sup><\/a> <a href=\"https:\/\/www.sciencedirect.com\/science\/article\/pii\/S2667114X2100042X?via%3Dihub#!\">S\u00e1ndorHornok<sup>a<\/sup><\/a> <em>Babesia gibsoni<\/em>emerging with high prevalence and co-infections in \u201cfighting dogs\u201d in Hungary <em>CURRENT RESEARCH IN PARASITOLOGY &amp; VECTOR-BORNE DISEASES (2667-114X ): p. 100048. (2021)<\/em><\/td> <\/tr> <tr style=\"height: 24px;\"> <td style=\"width: 28.0333px; height: 24px;\">6.<\/td> <td style=\"width: 819.967px; height: 24px;\"><a href=\"https:\/\/akjournals.com\/search?f_0=author&amp;q_0=Barbara+Tuska-Szalay\">Barbara Tuska-Szalay<\/a><a href=\"https:\/\/akjournals.com\/view\/journals\/004\/69\/2\/article-p157.xml#affiliation0\"><sup>1<\/sup><\/a>,\u00a0<a href=\"https:\/\/akjournals.com\/search?f_0=author&amp;q_0=N%C3%B3ra+Tak%C3%A1cs\">N\u00f3ra Tak\u00e1cs<\/a><a href=\"https:\/\/akjournals.com\/view\/journals\/004\/69\/2\/article-p157.xml#affiliation0\"><sup>1<\/sup><\/a>,\u00a0<a href=\"https:\/\/akjournals.com\/search?f_0=author&amp;q_0=Jen%C5%91+Kontsch%C3%A1n\">Jen\u0151 Kontsch\u00e1n<\/a><a href=\"https:\/\/akjournals.com\/view\/journals\/004\/69\/2\/article-p157.xml#affiliation1\"><sup>2<\/sup><\/a>,\u00a0<a href=\"https:\/\/akjournals.com\/search?f_0=author&amp;q_0=Zsuzsanna+Vizi\">Zsuzsanna Vizi<\/a><a href=\"https:\/\/akjournals.com\/view\/journals\/004\/69\/2\/article-p157.xml#affiliation2\"><sup>3<\/sup><\/a>, and\u00a0<a href=\"https:\/\/akjournals.com\/search?f_0=author&amp;q_0=S%C3%A1ndor+Hornok\">S\u00e1ndor Hornok<\/a>: Dogs are final hosts of Sarcocystis morae (Apicomplexa: Sarcocystidae): First report of this species in Hungary and its region \u2013 Short communication, <em>ACTA VETERINARIA HUNGARICA (0236-6290 ): 69 2 pp 157-160 (2021)<\/em><\/td> <\/tr> <\/tbody> <\/table> <p>&nbsp;<\/p>","protected":false},"excerpt":{"rendered":"<p>Bemutatkoz\u00e1s 2004-ben szereztem diplom\u00e1t, 2005 \u00f3ta vagyok a Belgy\u00f3gy\u00e1szati munkat\u00e1rsa. 2009-2013 k\u00f6z\u00f6tt a hannoveri \u00c1llatorvosi F\u0151iskol\u00e1n teljes\u00edtettem az ECVIM-CA rezidens programj\u00e1t \u00e9s 2021-ben sikeres min\u0151s\u00edt\u0151 vizsg\u00e1t tettem. 2013 \u00f3ta vagyok a Kis\u00e1llatklinika Intenz\u00edv Ter\u00e1pi\u00e1s Oszt\u00e1ly\u00e1nak szakmai vezet\u0151je. Az egyetemi kis\u00e1llatgy\u00f3gy\u00e1sz asszisztensk\u00e9pz\u00e9s egyik szakmai mentora \u00e9s oktat\u00f3ja. F\u0151bb kutat\u00e1si ter\u00fcletek: Haematol\u00f3gia Intenz\u00edv betegell\u00e1t\u00e1s \u00e9s folyad\u00e9kter\u00e1pia Endokrinol\u00f3gia<\/p>\n","protected":false},"author":5824,"featured_media":0,"parent":858,"menu_order":211,"comment_status":"closed","ping_status":"closed","template":"","meta":{"_acf_changed":false,"footnotes":""},"categories":[56],"tags":[],"class_list":["post-4942","page","type-page","status-publish","hentry","category-munkatarsak"],"acf":[],"_links":{"self":[{"href":"https:\/\/univet.hu\/hu\/wp-json\/wp\/v2\/pages\/4942","targetHints":{"allow":["GET"]}}],"collection":[{"href":"https:\/\/univet.hu\/hu\/wp-json\/wp\/v2\/pages"}],"about":[{"href":"https:\/\/univet.hu\/hu\/wp-json\/wp\/v2\/types\/page"}],"author":[{"embeddable":true,"href":"https:\/\/univet.hu\/hu\/wp-json\/wp\/v2\/users\/5824"}],"replies":[{"embeddable":true,"href":"https:\/\/univet.hu\/hu\/wp-json\/wp\/v2\/comments?post=4942"}],"version-history":[{"count":1,"href":"https:\/\/univet.hu\/hu\/wp-json\/wp\/v2\/pages\/4942\/revisions"}],"predecessor-version":[{"id":199676,"href":"https:\/\/univet.hu\/hu\/wp-json\/wp\/v2\/pages\/4942\/revisions\/199676"}],"up":[{"embeddable":true,"href":"https:\/\/univet.hu\/hu\/wp-json\/wp\/v2\/pages\/858"}],"wp:attachment":[{"href":"https:\/\/univet.hu\/hu\/wp-json\/wp\/v2\/media?parent=4942"}],"wp:term":[{"taxonomy":"category","embeddable":true,"href":"https:\/\/univet.hu\/hu\/wp-json\/wp\/v2\/categories?post=4942"},{"taxonomy":"post_tag","embeddable":true,"href":"https:\/\/univet.hu\/hu\/wp-json\/wp\/v2\/tags?post=4942"}],"curies":[{"name":"wp","href":"https:\/\/api.w.org\/{rel}","templated":true}]}}