{"id":4957,"date":"2017-01-19T10:44:00","date_gmt":"2017-01-19T09:44:00","guid":{"rendered":"http:\/\/univet.hu\/egyetem\/munkatarsak\/winkler-bea\/"},"modified":"2026-02-10T04:02:47","modified_gmt":"2026-02-10T03:02:47","slug":"winkler-bea","status":"publish","type":"page","link":"https:\/\/univet.hu\/hu\/egyetem\/munkatarsak\/winkler-bea\/","title":{"rendered":"Winkler Bea"},"content":{"rendered":"<p><strong>Bemutatkoz\u00e1s<\/strong><\/p> <p data-start=\"48\" data-end=\"370\">Dr. Winkler Bea Budapesten sz\u00fcletett, majd k\u00f6z\u00e9piskolai tanulm\u00e1nyai ut\u00e1n 2005-ben szerzett informatikus-k\u00f6nyvt\u00e1ros oklevelet az ELTE BTK-TFK-n. Egyetemi tanulm\u00e1nyai befejez\u00e9s\u00e9t k\u00f6vet\u0151en az akkori Szent Istv\u00e1n Egyetem (jelenleg \u00c1llatorvostudom\u00e1nyi Egyetem) \u00c1llatorvos-tudom\u00e1nyi K\u00f6nyvt\u00e1r\u00e1ban kezdett dolgozni k\u00f6nyvt\u00e1rosk\u00e9nt.<\/p> <p data-start=\"372\" data-end=\"706\">2009-ben a Szegedi Tudom\u00e1nyegyetem B\u00f6lcs\u00e9szettudom\u00e1nyi Kar\u00e1n kiv\u00e1l\u00f3 eredm\u00e9nnyel vehette \u00e1t informatikus-k\u00f6nyvt\u00e1ros egyetemi diplom\u00e1j\u00e1t. 2010-t\u0151l az \u00c1TE \u00c1llatorvos-tudom\u00e1nyi K\u00f6nyvt\u00e1r, Lev\u00e9lt\u00e1r \u00e9s M\u00fazeum olvas\u00f3szolg\u00e1lati koordin\u00e1tori feladatait l\u00e1tta el. 2013-ban az ELTE Informatikai Kar\u00e1n fels\u0151fok\u00fa webprogramoz\u00f3i k\u00e9pes\u00edt\u00e9st szerzett.<\/p> <p data-start=\"708\" data-end=\"987\" data-is-last-node=\"\" data-is-only-node=\"\">K\u00e9s\u0151bb az ELTE Irodalomtudom\u00e1nyi Doktori Iskol\u00e1j\u00e1nak K\u00f6nyvt\u00e1rtudom\u00e1nyi Doktori Programj\u00e1ban folytatta tanulm\u00e1nyait, ahol a k\u00f6nyvt\u00e1rakban alkalmazott mesters\u00e9ges intelligencia volt a kutat\u00e1si t\u00e9m\u00e1ja. Doktori disszert\u00e1ci\u00f3j\u00e1t 2025 janu\u00e1rj\u00e1ban summa cum laude min\u0151s\u00edt\u00e9ssel v\u00e9dte meg.<\/p> <p><strong>F\u0151bb kutat\u00e1si ter\u00fcletek:\u00a0<\/strong><\/p> <ul> <li>k\u00f6nyvt\u00e1r- \u00e9s inform\u00e1ci\u00f3tudom\u00e1ny,<\/li> <li>fels\u0151oktat\u00e1si k\u00f6nyvt\u00e1rak,<\/li> <li>mesters\u00e9ges intelligencia a k\u00f6nyvt\u00e1rakban,<\/li> <li>k\u00f6nyvt\u00e1ri szolg\u00e1ltat\u00e1sok<\/li> <\/ul> <p><strong>\u00a0\u00a0\u00a0\u00a0\u00a0\u00a0\u00a0\u00a0\u00a0\u00a0\u00a0\u00a0\u00a0\u00a0\u00a0\u00a0\u00a0\u00a0\u00a0\u00a0\u00a0\u00a0\u00a0\u00a0\u00a0\u00a0\u00a0\u00a0\u00a0\u00a0\u00a0\u00a0\u00a0\u00a0\u00a0\u00a0\u00a0\u00a0\u00a0\u00a0\u00a0\u00a0\u00a0\u00a0\u00a0\u00a0\u00a0\u00a0\u00a0\u00a0\u00a0\u00a0\u00a0\u00a0\u00a0\u00a0\u00a0\u00a0\u00a0\u00a0\u00a0\u00a0\u00a0\u00a0 El\u0151rehalad\u00e1s<\/strong><\/p> <table style=\"width: 749px;height: 211px\"> <tbody> <tr> <td style=\"width: 252.9px\"><strong>Munkahelyek<\/strong><\/td> <td style=\"width: 240.867px\"><strong>Int\u00e9zm\u00e9ny neve<\/strong><\/td> <td style=\"width: 234.833px\"><strong>beoszt\u00e1s<\/strong><\/td> <\/tr> <tr> <td style=\"width: 252.9px\">2025-<\/td> <td style=\"width: 240.867px\">\u00c1TE, Hut\u00ffra Ferenc K\u00f6nyvt\u00e1r, Lev\u00e9lt\u00e1r \u00e9s M\u00fazeum<\/td> <td style=\"width: 234.833px\">k\u00f6nyvt\u00e1r f\u0151igazgat\u00f3<\/td> <\/tr> <tr> <td style=\"width: 252.9px\">2021-<\/td> <td style=\"width: 240.867px\">ELTE BTK K\u00f6nyvt\u00e1r- \u00e9s Inform\u00e1ci\u00f3tudom\u00e1nyi Int\u00e9zet<\/td> <td style=\"width: 234.833px\">tan\u00e1rseg\u00e9d<\/td> <\/tr> <tr> <td style=\"width: 252.9px\">2017-2025<\/td> <td style=\"width: 240.867px\">\u00c1TE, Hut\u00ffra Ferenc K\u00f6nyvt\u00e1r, Lev\u00e9lt\u00e1r \u00e9s M\u00fazeum<\/td> <td style=\"width: 234.833px\">k\u00f6nyvt\u00e1rigazgat\u00f3<\/td> <\/tr> <tr> <td style=\"width: 252.9px\">2010-2016<\/td> <td style=\"width: 240.867px\">SZIE\/\u00c1TE \u00c1llatorvos-tudom\u00e1nyi K\u00f6nyvt\u00e1r, Lev\u00e9lt\u00e1r \u00e9s M\u00fazeum<\/td> <td style=\"width: 234.833px\">szolg\u00e1ltat\u00e1s koordin\u00e1tor<\/td> <\/tr> <tr> <td style=\"width: 252.9px\">2005-2010<\/td> <td style=\"width: 240.867px\">SZIE \u00c1llatorvos-tudom\u00e1nyi K\u00f6nyvt\u00e1r, Lev\u00e9lt\u00e1r \u00e9s M\u00fazeum<\/td> <td style=\"width: 234.833px\">k\u00f6nyvt\u00e1ros<\/td> <\/tr> <tr> <td style=\"width: 252.9px\"><\/td> <td style=\"width: 240.867px\"><\/td> <td style=\"width: 234.833px\"><\/td> <\/tr> <\/tbody> <\/table> <p>&nbsp;<\/p> <p><strong>\u00a0\u00a0\u00a0\u00a0\u00a0\u00a0\u00a0\u00a0\u00a0\u00a0\u00a0\u00a0\u00a0\u00a0\u00a0\u00a0\u00a0\u00a0\u00a0\u00a0\u00a0\u00a0\u00a0\u00a0\u00a0\u00a0\u00a0\u00a0\u00a0\u00a0\u00a0\u00a0\u00a0\u00a0\u00a0\u00a0\u00a0\u00a0\u00a0\u00a0\u00a0\u00a0\u00a0\u00a0\u00a0\u00a0\u00a0\u00a0\u00a0\u00a0\u00a0\u00a0\u00a0\u00a0\u00a0\u00a0\u00a0\u00a0 Szakmai szervezeti tags\u00e1g<\/strong><\/p> <table style=\"height: 126px\" width=\"746\"> <tbody> <tr> <td style=\"width: 356.783px\">\u00a0\u00a0\u00a0\u00a0\u00a0\u00a0\u00a0\u00a0\u00a0\u00a0\u00a0\u00a0\u00a0 Bizotts\u00e1g neve<\/td> <td style=\"width: 167.367px\">\u00a0 Id\u0151<\/td> <td style=\"width: 201.45px\">\u00a0\u00a0\u00a0\u00a0 Tiszts\u00e9g<\/td> <\/tr> <tr> <td style=\"width: 356.783px\">The European Association for Health Information and Libraries<\/td> <td style=\"width: 167.367px\">\u00a02016-<\/td> <td style=\"width: 201.45px\">tag<\/td> <\/tr> <tr> <td style=\"width: 356.783px\">Egyetemi K\u00f6nyvt\u00e1rigazgat\u00f3k Koll\u00e9giuma<\/td> <td style=\"width: 167.367px\">2016-<\/td> <td style=\"width: 201.45px\">tag<\/td> <\/tr> <tr> <td style=\"width: 356.783px\">Egyetemi K\u00f6nyvt\u00e1rigazgat\u00f3k Koll\u00e9giuma<\/td> <td style=\"width: 167.367px\">2020-<\/td> <td style=\"width: 201.45px\">fel\u00fcgyel\u0151bizotts\u00e1gi tag<\/td> <\/tr> <tr> <td style=\"width: 356.783px\">Magyar Orvosi K\u00f6nyvt\u00e1rak Sz\u00f6vets\u00e9ge<\/td> <td style=\"width: 167.367px\">2023-<\/td> <td style=\"width: 201.45px\">fel\u00fcgyel\u0151bizotts\u00e1gi tag<\/td> <\/tr> <\/tbody> <\/table> <p>&nbsp;<\/p> <p><strong>\u00a0\u00a0\u00a0\u00a0\u00a0\u00a0\u00a0\u00a0\u00a0\u00a0\u00a0\u00a0\u00a0\u00a0\u00a0\u00a0\u00a0\u00a0\u00a0\u00a0\u00a0\u00a0\u00a0\u00a0\u00a0\u00a0\u00a0\u00a0\u00a0\u00a0\u00a0\u00a0\u00a0\u00a0\u00a0\u00a0\u00a0\u00a0\u00a0\u00a0\u00a0\u00a0\u00a0\u00a0\u00a0\u00a0\u00a0\u00a0\u00a0\u00a0\u00a0\u00a0 Publik\u00e1ci\u00f3s lista (v\u00e1logatott)<\/strong><\/p> <p>MTMT:\u00a0 <a href=\"https:\/\/m2.mtmt.hu\/gui2\/?type=authors&amp;mode=browse&amp;sel=10018661\">https:\/\/m2.mtmt.hu\/gui2\/?type=authors&amp;mode=browse&amp;sel=10018661<\/a>)<\/p> <ul> <li class=\"csl-entry\">Winkler, B. (2024). K\u00f6nyvt\u00e1r \u00e9s\/vagy mesters\u00e9ges intelligencia \u2022 Library and\/or Artificial Intelligence.\u00a0<i>MAGYAR TUDOM\u00c1NY<\/i>,\u00a0<i>185<\/i>(10), 1299\u20131306. http:\/\/doi.org\/10.1556\/2065.185.2024.10.6<\/li> <li>Kiszl, P., &amp; Winkler, B. (2024). Financial literacy in Hungarian libraries: Survey-based steps for implementation. <i>JOURNAL OF LIBRARIANSHIP AND INFORMATION SCIENCE<\/i>, 56(4), 988\u2013997. http:\/\/doi.org\/10.1177\/09610006231179719<\/li> <li>Kiszl, P., &amp; Winkler, B. (2023). \u201eA k\u00f6nyvt\u00e1r a puszta l\u00e9tez\u00e9s\u00e9vel maga a p\u00e9nz\u00fcgyi tudatoss\u00e1g.\u201d. In\u00a0<i>Val\u00f3s\u00e1gos k\u00f6nyvt\u00e1r \u2013 k\u00f6nyvt\u00e1ri val\u00f3s\u00e1g VI.<\/i>\u00a0(p. 28).<\/li> <li class=\"csl-entry\">Kiszl, P., &amp; Winkler, B. (2023). K\u00f6nyvt\u00e1rak \u00e9s a p\u00e9nz\u00fcgyi kult\u00fara 3. r\u00e9sz &#8211; Felm\u00e9r\u00e9s a magyarorsz\u00e1gi k\u00f6nyvt\u00e1rosok k\u00f6r\u00e9ben.\u00a0<i>TUDOM\u00c1NYOS \u00c9S M\u0170SZAKI T\u00c1J\u00c9KOZTAT\u00c1S<\/i>,\u00a0<i>70<\/i>(3), 263\u2013288. http:\/\/doi.org\/10.3311\/tmt.13262<\/li> <li class=\"csl-entry\">Winkler, B. (2023). A mesters\u00e9ges intelligencia \u00e9s a k\u00f6nyvt\u00e1rosok \u2013 pillanatk\u00e9p. In\u00a0<i>Val\u00f3s\u00e1gos k\u00f6nyvt\u00e1r \u2013 k\u00f6nyvt\u00e1ri val\u00f3s\u00e1g<\/i>\u00a0(pp. 255\u2013268). http:\/\/doi.org\/10.21862\/vkkv2022.255<\/li> <li class=\"csl-entry\">Kiszl, P., &amp; Winkler, B. (2022). A tudom\u00e1nyos jelenl\u00e9t tudom\u00e1nymetriai megk\u00f6zel\u00edt\u00e9sei. In\u00a0<i>Bevezet\u00e9s a ford\u00edt\u00e1s \u00e9s a tolm\u00e1csol\u00e1s kutat\u00e1sm\u00f3dszertan\u00e1ba.<\/i>\u00a0(Vol. 1, pp. 141\u2013164). http:\/\/doi.org\/10.21862\/kutmodszertan1\/9<\/li> <li class=\"csl-entry\">Kiszl, P., &amp; Winkler, B. (2022). Libraries and financial literacy.\u00a0<i>Reference Services Review<\/i>,\u00a0<i>50<\/i>(3\/4), 356\u2013376. http:\/\/doi.org\/10.1108\/RSR-01-2022-0005<\/li> <li class=\"csl-entry\">Kiszl, P., &amp; Winkler B. (2022). K\u00f6nyvt\u00e1rak \u00e9s a p\u00e9nz\u00fcgyi kult\u00fara 1. r\u00e9sz Keretrendszer.\u00a0<i>TUDOM\u00c1NYOS \u00c9S M\u0170SZAKI T\u00c1J\u00c9KOZTAT\u00c1S<\/i>,\u00a0<i>69<\/i>(7), 342\u2013357. http:\/\/doi.org\/10.3311\/tmt.13186<\/li> <li class=\"csl-entry\">Winkler, B., &amp; Kiszl, P. (2022). Views of Academic Library Directors on Artificial Intelligence: A Representative Survey in Hungary.\u00a0<i>New Review of Academic Librarianship<\/i>,\u00a0<i>28<\/i>(3), 256\u2013278. http:\/\/doi.org\/10.1080\/13614533.2021.1930076<\/li> <li class=\"csl-entry\">Winkler, B. (2021). K\u00e9pzelt riport egy chatbot \u00e9p\u00edt\u00e9s\u00e9r\u0151l. In\u00a0<i>Val\u00f3s\u00e1gos k\u00f6nyvt\u00e1r \u2013 k\u00f6nyvt\u00e1ri val\u00f3s\u00e1g<\/i>\u00a0(pp. 347\u2013358). http:\/\/doi.org\/10.21862\/vkkv2020.347<\/li> <li class=\"csl-entry\">K\u00e1roly, K., Winkler, B., &amp; Kiszl, P. (2020). Across 20 Years: A Bibliometric Analysis of the Journal\u2019s Publication Output Between 2000 and 2020.\u00a0<i>ACROSS LANGUAGES AND CULTURES<\/i>,\u00a0<i>21<\/i>(2), 145\u2013168. http:\/\/doi.org\/10.1556\/084.2020.00010<\/li> <li class=\"csl-entry\">Winkler, B., &amp; Kiszl, P. (2020). Academic libraries as the flagships of publishing trends in LIS: a complex analysis of rankings, citations and topics of research.\u00a0<i>JOURNAL OF ACADEMIC LIBRARIANSHIP<\/i>,\u00a0<i>46<\/i>(5). http:\/\/doi.org\/10.1016\/j.acalib.2020.102223<\/li> <\/ul>","protected":false},"excerpt":{"rendered":"<p>Bemutatkoz\u00e1s Dr. Winkler Bea Budapesten sz\u00fcletett, majd k\u00f6z\u00e9piskolai tanulm\u00e1nyai ut\u00e1n 2005-ben szerzett informatikus-k\u00f6nyvt\u00e1ros oklevelet az ELTE BTK-TFK-n. Egyetemi tanulm\u00e1nyai befejez\u00e9s\u00e9t k\u00f6vet\u0151en az akkori Szent Istv\u00e1n Egyetem (jelenleg \u00c1llatorvostudom\u00e1nyi Egyetem) \u00c1llatorvos-tudom\u00e1nyi K\u00f6nyvt\u00e1r\u00e1ban kezdett dolgozni k\u00f6nyvt\u00e1rosk\u00e9nt. 2009-ben a Szegedi Tudom\u00e1nyegyetem B\u00f6lcs\u00e9szettudom\u00e1nyi Kar\u00e1n kiv\u00e1l\u00f3 eredm\u00e9nnyel vehette \u00e1t informatikus-k\u00f6nyvt\u00e1ros egyetemi diplom\u00e1j\u00e1t. 2010-t\u0151l az \u00c1TE \u00c1llatorvos-tudom\u00e1nyi K\u00f6nyvt\u00e1r, Lev\u00e9lt\u00e1r \u00e9s M\u00fazeum<\/p>\n","protected":false},"author":5824,"featured_media":0,"parent":858,"menu_order":211,"comment_status":"closed","ping_status":"closed","template":"","meta":{"_acf_changed":false,"footnotes":""},"categories":[56],"tags":[],"class_list":["post-4957","page","type-page","status-publish","hentry","category-munkatarsak"],"acf":[],"_links":{"self":[{"href":"https:\/\/univet.hu\/hu\/wp-json\/wp\/v2\/pages\/4957","targetHints":{"allow":["GET"]}}],"collection":[{"href":"https:\/\/univet.hu\/hu\/wp-json\/wp\/v2\/pages"}],"about":[{"href":"https:\/\/univet.hu\/hu\/wp-json\/wp\/v2\/types\/page"}],"author":[{"embeddable":true,"href":"https:\/\/univet.hu\/hu\/wp-json\/wp\/v2\/users\/5824"}],"replies":[{"embeddable":true,"href":"https:\/\/univet.hu\/hu\/wp-json\/wp\/v2\/comments?post=4957"}],"version-history":[{"count":5,"href":"https:\/\/univet.hu\/hu\/wp-json\/wp\/v2\/pages\/4957\/revisions"}],"predecessor-version":[{"id":189668,"href":"https:\/\/univet.hu\/hu\/wp-json\/wp\/v2\/pages\/4957\/revisions\/189668"}],"up":[{"embeddable":true,"href":"https:\/\/univet.hu\/hu\/wp-json\/wp\/v2\/pages\/858"}],"wp:attachment":[{"href":"https:\/\/univet.hu\/hu\/wp-json\/wp\/v2\/media?parent=4957"}],"wp:term":[{"taxonomy":"category","embeddable":true,"href":"https:\/\/univet.hu\/hu\/wp-json\/wp\/v2\/categories?post=4957"},{"taxonomy":"post_tag","embeddable":true,"href":"https:\/\/univet.hu\/hu\/wp-json\/wp\/v2\/tags?post=4957"}],"curies":[{"name":"wp","href":"https:\/\/api.w.org\/{rel}","templated":true}]}}