{"id":4969,"date":"2016-09-20T14:02:00","date_gmt":"2016-09-20T12:02:00","guid":{"rendered":"http:\/\/univet.hu\/egyetem\/munkatarsak\/zenke-petra\/"},"modified":"2026-02-10T04:02:48","modified_gmt":"2026-02-10T03:02:48","slug":"zenke-petra","status":"publish","type":"page","link":"https:\/\/univet.hu\/hu\/egyetem\/munkatarsak\/zenke-petra\/","title":{"rendered":"Zenke Petra"},"content":{"rendered":"<p><span style=\"font-size: 14pt;\"><strong>Bemutatkoz\u00e1s<\/strong><\/span><\/p> <p>Tanulm\u00e1nyok: H\u00f3dmez\u0151v\u00e1s\u00e1rhelyi Bethlen G\u00e1bor Reform\u00e1tus Gimn\u00e1zium (biol\u00f3gia-k\u00e9mia szak), ELTE TTK Biol\u00f3gus Szak (molekul\u00e1ris biol\u00f3gia szakir\u00e1ny), n\u00e9gy \u00e9v igazs\u00e1g\u00fcgyi szak\u00e9rt\u0151i gyakornoki k\u00e9pz\u00e9s (IRM B\u0171n\u00fcgyi Szak\u00e9rt\u0151i \u00e9s Kutat\u00f3int\u00e9zet Genetikai Szak\u00e9rt\u0151i Oszt\u00e1ly).<\/p> <p>2008-t\u00f3l egyetemi alkalmazottk\u00e9nt (kutat\u00f3k\u00e9nt) dolgozok az \u00c1TE \u00c1llatteny\u00e9szt\u00e9si, Takarm\u00e1nyoz\u00e1stani \u00e9s Labor\u00e1llattudom\u00e1nyi Int\u00e9zet\u00e9ben. A gradu\u00e1lis k\u00e9pz\u00e9sben az \u00c1llatorvosi genetika \u00e9s \u00c1llatteny\u00e9szt\u00e9stan t\u00e1rgyak oktat\u00e1s\u00e1ban veszek r\u00e9szt (magyar, angol \u00e9s n\u00e9met nyelven), valamint az Igazs\u00e1g\u00fcgyi \u00e1llatgenetika fakultat\u00edv tant\u00e1rgy tant\u00e1rgyfelel\u0151se vagyok.<\/p> <p><strong>F\u0151bb kutat\u00e1si ter\u00fcletek:<\/strong><\/p> <ul> <li>h\u00e1zi\u00e1llatok egyes meghat\u00e1roz\u00f3 tulajdons\u00e1gainak genetikai kimutat\u00e1sa: pl. sz\u00edngenetika, belteny\u00e9sztetts\u00e9g, h\u0151stressz, betegs\u00e9gre val\u00f3 fog\u00e9konys\u00e1g<\/li> <li>igazs\u00e1g\u00fcgyi \u00e1llatgenetika: faji-, egyedi- \u00e9s az ivarazonos\u00edt\u00e1s lehet\u0151s\u00e9gei, popul\u00e1ci\u00f3genetika<\/li> <li>vadvil\u00e1g genetika: biodiverzit\u00e1s, \u00e9lelmiszer biztons\u00e1g, hibrid egyedek genetikai alap\u00fa megk\u00fcl\u00f6nb\u00f6ztethet\u0151s\u00e9ge<\/li> <li>ivar-meghat\u00e1roz\u00e1s \u00e1llatkertben tartott \u00e1llatokban: nem invaz\u00edv m\u00f3dszerekkel, anyai v\u00e9rplazm\u00e1b\u00f3l kimutatott magzati ivar<\/li> <li>degrad\u00e1lt \u00e9s minim\u00e1lis mennyis\u00e9g\u0171 DNS kimutat\u00e1si lehet\u0151s\u00e9geinek kifejleszt\u00e9se k\u00fcl\u00f6nb\u00f6z\u0151 t\u00edpus\u00fa \u00e9s kor\u00fa biol\u00f3giai anyagmaradv\u00e1nyokb\u00f3l<\/li> <\/ul> <p><strong>El\u0151rehalad\u00e1s<\/strong><\/p> <p style=\"text-align: center;\"><strong>El\u0151rehalad\u00e1s<\/strong><\/p> <table class=\"aligncenter\" style=\"height: 244px; width: 599px;\" width=\"625\"> <tbody> <tr style=\"height: 24px;\"> <td style=\"text-align: center; width: 136.875px; height: 24px;\"><strong>Munkahelyek<\/strong><\/td> <td style=\"text-align: center; width: 249.225px; height: 24px;\"><strong>Int\u00e9zm\u00e9ny neve<\/strong><\/td> <td style=\"text-align: center; width: 192.5px; height: 24px;\"><strong>beoszt\u00e1s<\/strong><\/td> <\/tr> <tr style=\"height: 48px;\"> <td style=\"text-align: center; width: 136.875px; height: 48px;\">2020<\/td> <td style=\"text-align: center; width: 249.225px; height: 48px;\">\u00c1TE<\/td> <td style=\"text-align: center; width: 192.5px; height: 48px;\">Habilit\u00e1ci\u00f3<\/td> <\/tr> <tr style=\"height: 48px;\"> <td style=\"text-align: center; width: 136.875px; height: 48px;\">2010<\/td> <td style=\"text-align: center; width: 249.225px; height: 48px;\">SZIE \u00c1OTK<\/td> <td style=\"text-align: center; width: 192.5px; height: 48px;\">PhD<\/td> <\/tr> <tr style=\"height: 48px;\"> <td style=\"text-align: center; width: 136.875px; height: 48px;\">2008<\/td> <td style=\"text-align: center; width: 249.225px; height: 48px;\">IM<\/td> <td style=\"text-align: center; width: 192.5px; height: 48px;\">Igazs\u00e1g\u00fcgyi genetikus szak\u00e9rt\u0151<\/td> <\/tr> <tr style=\"height: 48px;\"> <td style=\"text-align: center; width: 136.875px; height: 48px;\">2002<\/td> <td style=\"text-align: center; width: 249.225px; height: 48px;\">ELTE TTK<\/td> <td style=\"text-align: center; width: 192.5px; height: 48px;\">Okleveles biol\u00f3gus<\/td> <\/tr> <\/tbody> <\/table> <p><strong>Szakmai szervezeti tags\u00e1g<\/strong><\/p> <table style=\"width: 797px; height: 119px;\" width=\"600\"> <tbody> <tr style=\"height: 24px;\"> <td style=\"text-align: center; width: 405.7px; height: 24px;\"><strong>Bizotts\u00e1g neve<\/strong><\/td> <td style=\"text-align: center; width: 144.2px; height: 24px;\"><strong>Id\u0151<\/strong><\/td> <td style=\"text-align: center; width: 225.1px; height: 24px;\"><strong>Tiszts\u00e9g<\/strong><\/td> <\/tr> <tr style=\"height: 24px;\"> <td style=\"text-align: center; width: 405.7px; height: 24px;\">Magyar Igazs\u00e1g\u00fcgyi Szak\u00e9rt\u0151i Kamara<\/td> <td style=\"text-align: center; width: 144.2px; height: 24px;\">2008<\/td> <td style=\"text-align: center; width: 225.1px; height: 24px;\">\u00a0tag<\/td> <\/tr> <tr style=\"height: 71px;\"> <td style=\"text-align: center; width: 405.7px; height: 71px;\"> <p>\u00a0European Network of Forensic Science Institutes (ENFSI):<\/p> <p>Animal, Plant and Soil Traces nemzetk\u00f6zi szak\u00e9rt\u0151i munkacsoport<\/td> <td style=\"text-align: center; width: 144.2px; height: 71px;\">\u00a02010<\/td> <td style=\"text-align: center; width: 225.1px; height: 71px;\">\u00a0tag<\/td> <\/tr> <\/tbody> <\/table> <p><strong>Eddigi szakdolgozat\/TDK hallgat\u00f3k sz\u00e1ma<\/strong><\/p> <p>24 szakdolgozat \/ 16 TDK hallgat\u00f3<\/p> <table style=\"height: 96px; width: 635px;\" width=\"647\"> <tbody> <tr style=\"height: 56px;\"> <td style=\"height: 27px; width: 611.388px;\"><strong>PhD-hallgat\u00f3k<\/strong><\/td> <td style=\"height: 27px; width: 10.0125px;\"><\/td> <\/tr> <tr> <td style=\"width: 611.388px;\">L\u0151rincz Eszter \u00c9va: Epigenetikai alap\u00fa \u00e9letkorbecsl\u00e9s megval\u00f3s\u00edt\u00e1sa szarvasf\u00e9l\u00e9k agancs\u00e1b\u00f3l a hagyom\u00e1nyos tr\u00f3feab\u00edr\u00e1lat kieg\u00e9sz\u00edt\u00e9sek\u00e9nt (2023-2027)<\/td> <td style=\"width: 10.0125px;\"><\/td> <\/tr> <tr style=\"height: 89px;\"> <td style=\"height: 69px; width: 611.388px;\">Zork\u00f3czy Orsolya Krisztina: A vad\u00e1szat tisztas\u00e1g\u00e1nak meg\u0151rz\u00e9se igazs\u00e1g\u00fcgyi genetikai m\u00f3dszerekkel tr\u00f3fe\u00e1s vadfajokban (2020-2024)<\/td> <td style=\"height: 69px; width: 10.0125px;\"><\/td> <\/tr> <\/tbody> <\/table> <p><strong>Publik\u00e1ci\u00f3s lista (Top10)\u00a0<\/strong><a href=\"https:\/\/m2.mtmt.hu\/gui2\/?type=authors&amp;mode=browse&amp;sel=authors10023166\">MTMT<\/a>:<\/p> <table style=\"height: 1471px;\" width=\"926\"> <tbody> <tr> <td style=\"width: 917.6px;\">1.\u00a0\u00a0\u00a0\u00a0 Zork\u00f3czy, Orsolya Krisztina;\u00a0Turi, Orsolya;\u00a0Wagenhoffer, Zsombor;\u00a0\u00d3zsv\u00e1ri, L\u00e1szl\u00f3;\u00a0Lehotzky, P\u00e1l;\u00a0P\u00e1d\u00e1r, Zsolt;\u00a0Zenke, Petra: A Selection of 14 Tetrameric Microsatellite Markers for Genetic Investigations in Fallow Deer (Dama dama). ANIMALS\u00a013:\u00a013\u00a0p. 2083\u00a0(2023)<\/td> <\/tr> <tr> <td style=\"width: 917.6px;\">2.\u00a0\u00a0\u00a0\u00a0 Zenke, Petra; Zork\u00f3czy, Orsolya Krisztina; Lehotzky, P\u00e1l; \u00d3zsv\u00e1ri, L\u00e1szl\u00f3; P\u00e1d\u00e1r, Zsolt: Molecular Sexing and Species Detection of Antlered European Hunting Game for Forensic Purposes. ANIMALS 12: 3 Paper: 246, 14 p. (2022)<\/td> <\/tr> <tr> <td style=\"width: 917.6px;\">3.\u00a0\u00a0\u00a0\u00a0 P\u00e1d\u00e1r, Zsolt; Nogel, M\u00f3nika; Kov\u00e1cs, G\u00e1bor; G\u00e1rdonyi, Gergely; Zenke, Petra: A vadvil\u00e1gi b\u0171n\u00f6z\u00e9s saj\u00e1tos kriminalisztikai kih\u00edv\u00e1sai Magyarorsz\u00e1gon. BEL\u00dcGYI SZEMLE: A BEL\u00dcGYMINISZT\u00c9RIUM SZAKMAI TUDOM\u00c1NYOS FOLY\u00d3IRATA (2010-) 70: 9 pp. 1727-1748., 22 p. (2022)<\/td> <\/tr> <tr> <td style=\"width: 917.6px;\">4.\u00a0\u00a0\u00a0\u00a0 Varga, L\u00e1szl\u00f3; L\u00e9n\u00e1rt, X\u00e9nia; Zenke, Petra; Orb\u00e1n, L\u00e1szl\u00f3; Hud\u00e1k, P\u00e9ter; Ninausz, N\u00f3ra; Pelles, Zs\u00f3fia; Sz\u0151ke, Antal: Being Merle: The Molecular Genetic Background of the Canine Merle Mutation. GENES 11: 6 Paper: 660, 15 p. (2020)<\/td> <\/tr> <tr> <td style=\"width: 917.6px;\">5.\u00a0\u00a0\u00a0\u00a0 Zenke, Petra; Egyed, Bal\u00e1zs; Kov\u00e1cs, G\u00e1bor; P\u00e1d\u00e1r, Zsolt: Implementation of genetic based individualization of White stork (Ciconia ciconia) in forensic casework. FORENSIC SCIENCE INTERNATIONAL-GENETICS 40 pp. e245-e247., 3 p. (2019)<\/td> <\/tr> <tr> <td style=\"width: 917.6px;\">6.\u00a0\u00a0\u00a0\u00a0 Vincze, Bogl\u00e1rka; G\u00e1sp\u00e1rdy, Andr\u00e1s; Bi\u00e1csi, Alexandra; Papp, Endre \u00c1kos; Garamv\u00f6lgyi, L\u00e1szl\u00f3; S\u00f3s, Endre; Cseh, S\u00e1ndor; Kov\u00e1cs, G\u00e1bor; P\u00e1d\u00e1r, Zsolt; Zenke, Petra: Sex determination using circulating cell-free fetal DNA in small volume of maternal plasma in elephants. SCIENTIFIC REPORTS 9: 1 Paper: 1525, 7 p. (2019)<\/td> <\/tr> <tr> <td style=\"width: 917.6px;\">7.\u00a0\u00a0\u00a0\u00a0 Pelles, Zs\u00f3fia; G\u00e1sp\u00e1rdy, Andr\u00e1s; Z\u00f6ld\u00e1g, L\u00e1szl\u00f3; L\u00e9n\u00e1rt, X\u00e9nia; Ninausz, N\u00f3ra; Varga, L\u00e1szl\u00f3; Zenke, Petra: Merle allele variations in the Mudi dog breed and their effects on phenotypes. ACTA VETERINARIA HUNGARICA 67: 2 pp. 159-173., 15 p. (2019)<\/td> <\/tr> <tr> <td style=\"width: 917.6px;\">8.\u00a0\u00a0\u00a0\u00a0 Zenke, Petra; Egyed, Bal\u00e1zs; P\u00e1d\u00e1r, Zsolt: A vad\u00e1szhat\u00f3 fajok v\u00e9delme: az orvvad\u00e1szat bizony\u00edthat\u00f3s\u00e1ga az igazs\u00e1g\u00fcgyi genetika seg\u00edts\u00e9g\u00e9vel: Eseti alkalmaz\u00e1sok: Wildlife protection: demonstrability of wildlife crime with forensic DNA analysis Casework applications. MAGYAR \u00c1LLATORVOSOK LAPJA 139: 10 pp. 631-639., 9 p. (2017)<\/td> <\/tr> <tr> <td style=\"width: 917.6px;\">9.\u00a0\u00a0\u00a0\u00a0 Pelles, Zs\u00f3fia; Mar\u00f3ti-Ag\u00f3ts, \u00c1kos; G\u00e1sp\u00e1rdy, Andr\u00e1s Z\u00f6ld\u00e1g, L\u00e1szl\u00f3; Zenke, Petra: A rejtett cifra sz\u00edn molekul\u00e1ris genetikai m\u00f3dszerekkel val\u00f3 kimutat\u00e1sa mudi fajt\u00e1ban. MAGYAR \u00c1LLATORVOSOK LAPJA 140: 2 pp. 121-127., 7 p. (2018)<\/td> <\/tr> <tr> <td style=\"width: 917.6px;\">10.\u00a0 Zenke, Petra; Egyed, Bal\u00e1zs; P\u00e1d\u00e1r, Zsolt; Kov\u00e1cs, G\u00e1bor: Increasing relevance of non-human genetics in Hungarian forensic practice. FORENSIC SCIENCE INTERNATIONAL GENETICS SUPPLEMENT SERIES 5 pp. e250-e252., 3 p. (2015)<\/td> <\/tr> <tr> <td style=\"width: 917.6px;\">11.\u00a0 Szabolcsi, Zoltan; Egyed, Balazs; Zenke, Petra; Padar, Zsolt; Borsy, Adrienn; Steger, Viktor; Pasztor, Erzsebet; Csanyi, Sandor; Buzas, Zsuzsanna; Orosz, Laszlo: Constructing STR Multiplexes for Individual Identification of Hungarian Red Deer. JOURNAL OF FORENSIC SCIENCES 59 pp. 1090-1099., 10 p. (2014)<\/td> <\/tr> <tr> <td style=\"width: 917.6px;\">12.\u00a0 Zenke, Petra; Egyed, Balazs; Zoldag, Laszlo; Padar, Zsolt: Population genetic study in Hungarian canine populations using forensically informative STR loci. FORENSIC SCIENCE INTERNATIONAL-GENETICS 5: 1 pp. E31-E36. (2011)<\/td> <\/tr> <\/tbody> <\/table> <p>&nbsp;<\/p> <p>&nbsp;<\/p>","protected":false},"excerpt":{"rendered":"<p>Bemutatkoz\u00e1s Tanulm\u00e1nyok: H\u00f3dmez\u0151v\u00e1s\u00e1rhelyi Bethlen G\u00e1bor Reform\u00e1tus Gimn\u00e1zium (biol\u00f3gia-k\u00e9mia szak), ELTE TTK Biol\u00f3gus Szak (molekul\u00e1ris biol\u00f3gia szakir\u00e1ny), n\u00e9gy \u00e9v igazs\u00e1g\u00fcgyi szak\u00e9rt\u0151i gyakornoki k\u00e9pz\u00e9s (IRM B\u0171n\u00fcgyi Szak\u00e9rt\u0151i \u00e9s Kutat\u00f3int\u00e9zet Genetikai Szak\u00e9rt\u0151i Oszt\u00e1ly). 2008-t\u00f3l egyetemi alkalmazottk\u00e9nt (kutat\u00f3k\u00e9nt) dolgozok az \u00c1TE \u00c1llatteny\u00e9szt\u00e9si, Takarm\u00e1nyoz\u00e1stani \u00e9s Labor\u00e1llattudom\u00e1nyi Int\u00e9zet\u00e9ben. A gradu\u00e1lis k\u00e9pz\u00e9sben az \u00c1llatorvosi genetika \u00e9s \u00c1llatteny\u00e9szt\u00e9stan t\u00e1rgyak oktat\u00e1s\u00e1ban veszek r\u00e9szt (magyar,<\/p>\n","protected":false},"author":5824,"featured_media":0,"parent":858,"menu_order":211,"comment_status":"closed","ping_status":"closed","template":"","meta":{"_acf_changed":false,"footnotes":""},"categories":[56],"tags":[],"class_list":["post-4969","page","type-page","status-publish","hentry","category-munkatarsak"],"acf":[],"_links":{"self":[{"href":"https:\/\/univet.hu\/hu\/wp-json\/wp\/v2\/pages\/4969","targetHints":{"allow":["GET"]}}],"collection":[{"href":"https:\/\/univet.hu\/hu\/wp-json\/wp\/v2\/pages"}],"about":[{"href":"https:\/\/univet.hu\/hu\/wp-json\/wp\/v2\/types\/page"}],"author":[{"embeddable":true,"href":"https:\/\/univet.hu\/hu\/wp-json\/wp\/v2\/users\/5824"}],"replies":[{"embeddable":true,"href":"https:\/\/univet.hu\/hu\/wp-json\/wp\/v2\/comments?post=4969"}],"version-history":[{"count":1,"href":"https:\/\/univet.hu\/hu\/wp-json\/wp\/v2\/pages\/4969\/revisions"}],"predecessor-version":[{"id":199679,"href":"https:\/\/univet.hu\/hu\/wp-json\/wp\/v2\/pages\/4969\/revisions\/199679"}],"up":[{"embeddable":true,"href":"https:\/\/univet.hu\/hu\/wp-json\/wp\/v2\/pages\/858"}],"wp:attachment":[{"href":"https:\/\/univet.hu\/hu\/wp-json\/wp\/v2\/media?parent=4969"}],"wp:term":[{"taxonomy":"category","embeddable":true,"href":"https:\/\/univet.hu\/hu\/wp-json\/wp\/v2\/categories?post=4969"},{"taxonomy":"post_tag","embeddable":true,"href":"https:\/\/univet.hu\/hu\/wp-json\/wp\/v2\/tags?post=4969"}],"curies":[{"name":"wp","href":"https:\/\/api.w.org\/{rel}","templated":true}]}}