{"id":49752,"date":"2020-02-06T13:12:22","date_gmt":"2020-02-06T12:12:22","guid":{"rendered":"https:\/\/univet.hu\/hu\/egyetem\/palyazati-projektek\/prezentacios-nap-2019\/prezentacios-nap-2019\/mucsi-david\/nkfih-palyazatok\/name\/"},"modified":"2024-02-29T15:46:39","modified_gmt":"2024-02-29T14:46:39","slug":"egyetemi-innovacios-okoszisztema","status":"publish","type":"page","link":"https:\/\/univet.hu\/hu\/egyetem\/palyazati-projektek\/nkfih-palyazatok\/egyetemi-innovacios-okoszisztema\/","title":{"rendered":"Egyetemi Innov\u00e1ci\u00f3s \u00d6kosziszt\u00e9ma"},"content":{"rendered":"<p>&nbsp;<\/p> <p><strong>A Nemzeti Kutat\u00e1si, Fejleszt\u00e9si \u00e9s Innov\u00e1ci\u00f3s Hivatal azzal a c\u00e9llal \u00edrta ki az Egyetemi innov\u00e1ci\u00f3s \u00f6kosziszt\u00e9ma p\u00e1ly\u00e1zat felh\u00edv\u00e1s\u00e1t, hogy min\u00e9l t\u00f6bb Egyetemen l\u00e9trej\u00f6jj\u00f6n \u00e9s eredm\u00e9nyorient\u00e1ltan m\u0171k\u00f6dj\u00f6n olyan szervezeti egys\u00e9g, amely el\u0151seg\u00edti az Egyetemen keletkez\u0151 tudom\u00e1nyos eredm\u00e9nyek piaci hasznos\u00edt\u00e1s\u00e1t, a technol\u00f3gia-transzfert, \u00e9s t\u00e1mogatja az Egyetem, valamint az \u00fczleti szf\u00e9ra szerepl\u0151i k\u00f6z\u00f6tti kutat\u00e1si, fejleszt\u00e9si, technol\u00f3giai \u00e9s innov\u00e1ci\u00f3s (KFI) egy\u00fcttm\u0171k\u00f6d\u00e9st, valamint az Egyetem uni\u00f3s kutat\u00e1si \u00e9s innov\u00e1ci\u00f3s keretprogramokban val\u00f3, m\u00e9g akt\u00edvabb r\u00e9szv\u00e9tel\u00e9t.<\/strong><\/p> <p><strong>Projekt azonos\u00edt\u00f3: <\/strong>2019-1.2.1-EGYETEMI-\u00d6KO-2019-00010<\/p> <p><strong>Projekt c\u00edme: <\/strong>Innov\u00e1ci\u00f3s iroda l\u00e9trehoz\u00e1sa \u00e9s m\u0171k\u00f6dtet\u00e9se az \u00c1llatorvostudom\u00e1nyi Egyetemen, KFI tev\u00e9kenys\u00e9gek \u00e9s egy\u00fcttm\u0171k\u00f6d\u00e9sek \u00f6szt\u00f6nz\u00e9se \u00e9rdek\u00e9ben<\/p> <p><strong>T\u00e1mogat\u00e1si \u00f6sszeg:<\/strong> 245\u00a0000\u00a0000,-Ft<\/p> <p><strong>T\u00e1mogat\u00e1s intenzit\u00e1sa:<\/strong> 100%<\/p> <p><strong>Megval\u00f3s\u00edt\u00e1s id\u0151szaka:<\/strong> 2019.12.01 \u2013 2023.11.30<\/p> <p><strong>Projekt szakmai vezet\u0151je:<\/strong> Dr. Pribenszky Csaba<\/p> <p><strong>A p\u00e1ly\u00e1zati projekt f\u0151bb tev\u00e9kenys\u00e9gei, v\u00e1llal\u00e1sai:<\/strong><\/p> <ul> <li>Innov\u00e1ci\u00f3s Irod\u00e1t l\u00e9trehoz\u00e1sa \u00e9s m\u0171k\u00f6dtet\u00e9se, az oktat\u00f3k, kutat\u00f3k, hallgat\u00f3k \u00e9s k\u00fcls\u0151 piaci szerepl\u0151k sz\u00e1m\u00e1ra ny\u00fajtott szolg\u00e1ltat\u00e1sokkal;<\/li> <li>oktat\u00f3k, kutat\u00f3k innovat\u00edv, piaci hasznos\u00edt\u00e1sra es\u00e9lyes \u00f6tletei fejleszt\u00e9s\u00e9nek t\u00e1mogat\u00e1sa \u201eProof of Concept\u201d Alap ind\u00edt\u00e1s\u00e1val;<\/li> <li>hallgat\u00f3i innov\u00e1ci\u00f3 t\u00e1mogat\u00e1sa programokkal;<\/li> <li>az \u00c1llatorvostudom\u00e1nyi Egyetem uni\u00f3s kutat\u00e1si \u00e9s innov\u00e1ci\u00f3s keretprogramokban val\u00f3 akt\u00edvabb r\u00e9szv\u00e9tel\u00e9nek el\u0151seg\u00edt\u00e9se inform\u00e1ci\u00f3gy\u0171jt\u00e9ssel \u00e9s -megoszt\u00e1ssal;<\/li> <li>tud\u00e1smegoszt\u00f3, szeml\u00e9letform\u00e1l\u00f3 \u00e9s k\u00e9pz\u00e9si alkalmak szervez\u00e9se oktat\u00f3k, kutat\u00f3k, hallgat\u00f3k sz\u00e1m\u00e1ra technol\u00f3gia- \u00e9s tud\u00e1stranszfer, innov\u00e1ci\u00f3- \u00e9s kutat\u00e1smenedzsment, start-up, v\u00e1llalkoz\u00f3i \u00e9s \u00fczletfejleszt\u00e9si t\u00e9m\u00e1kban;<\/li> <li>KFI kapacit\u00e1sok felm\u00e9r\u00e9se \u00e9s fel\u00fclvizsg\u00e1lata tov\u00e1bb\u00e1 az ezt hasznos\u00edt\u00f3 kompetencia-menedzsment kialak\u00edt\u00e1sa \u00e9s m\u0171k\u00f6dtet\u00e9se;<\/li> <li>Tud\u00e1smenedzsment helyi adatb\u00e1zis kialak\u00edt\u00e1sa \u00e9s karbantart\u00e1sa;<\/li> <li>Szellemi tulajdon kezel\u00e9s \u00e9s v\u00e9delem er\u0151s\u00edt\u00e9se.<\/li> <\/ul> <p><span style=\"font-size: 18.6667px;\"><b>Esem\u00e9nyek:<\/b><\/span><\/p> <p>&nbsp;<\/p> <p><strong>Innov\u00e1ci\u00f3 az \u00e1llateg\u00e9szs\u00e9g\u00fcgyben<\/strong><\/p> <p><strong>2023. november 29. 9:30-13:30<\/strong><\/p> <p><a href=\"https:\/\/univet.hu\/hu\/2023\/10\/16\/innovacio-az-allategeszsegugyben-cimu-konferencia\/\">Z\u00e1r\u00f3 konferencia- megh\u00edv\u00f3<\/a><\/p> <p>&nbsp;<\/p> <p><strong>2022 okt\u00f3ber 13. 17:30-19:00<\/strong><\/p> <p><b>Innov\u00e1ci\u00f3s Hallgat\u00f3i Klub &#8211; K\u00fcl\u00f6n\u00f6sen sikeres, innovat\u00edv \u00e1llatorvosok\u00a0<\/b><\/p> <p>Megh\u00edvott vend\u00e9g: Dr. M\u00f3r\u00e9 Attila, egyetemi docens, Alpha-Vet Kft. alap\u00edt\u00f3 tulajdonos<\/p> <p><a href=\"https:\/\/univet.hu\/hu\/2022\/10\/05\/innovacios-hallgatoi-klub-vendegunk-more-attila-alpha-vet\/\">Megh\u00edv\u00f3<\/a><\/p> <p>&nbsp;<\/p> <p><span style=\"font-size: 14pt;\"><strong>II. Proof of Concept Program\u00a0<\/strong><\/span><\/p> <p>Eredm\u00e9nyek<\/p> <p>Rendezv\u00e9nyfot\u00f3k<\/p> <p>P\u00e1ly\u00e1zati \u00fatmutat\u00f3<u><\/u><\/p> <p>Regisztr\u00e1ci\u00f3s adatlap<\/p> <p>PoC K\u00e9rd\u00e9sek-v\u00e1laszok<\/p> <p>&nbsp;<\/p> <p><strong>2021. j\u00fanius 29. <\/strong><\/p> <p><strong>B\u0151vebben a Horizont Eur\u00f3pa programr\u00f3l<\/strong><\/p> <p><strong><a href=\"https:\/\/univet.hu\/en\/egyetem\/palyazati-projektek\/nkfih-palyazatok\/egyetemi-innovacios-okoszisztema\/horizon_meghivo_2021_06_29\/\" rel=\"attachment wp-att-70480\">Megh\u00edv\u00f3<\/a><\/strong><\/p> <p>&nbsp;<\/p> <p><strong>2021. j\u00fanius 16.\u00a0<\/strong><\/p> <p><strong>F\u00f3kuszban a kutat\u00f3i egy\u00fcttm\u0171k\u00f6d\u00e9s \u00e9s innov\u00e1ci\u00f3<\/strong><\/p> <p><strong><a href=\"https:\/\/univet.hu\/en\/egyetem\/palyazati-projektek\/nkfih-palyazatok\/egyetemi-innovacios-okoszisztema\/kutatoi_delutan_meghivo_2021_06_16\/\" rel=\"attachment wp-att-70479\">Megh\u00edv\u00f3<\/a>\u00a0<\/strong><\/p> <p>&nbsp;<\/p> <p><strong>2021. m\u00e1jus 13.\u00a0<\/strong><\/p> <p><strong>KECSK\u00c9K \u00c9S K\u00c1POSZT\u00c1K: SZELLEMI TULAJDON \u00c9S\u00a0TECHNOL\u00d3GIA-TRANSZFER AZ EGYETEMEN (online esem\u00e9ny)<\/strong><\/p> <p><strong><a href=\"https:\/\/univet.hu\/en\/egyetem\/palyazati-projektek\/nkfih-palyazatok\/egyetemi-innovacios-okoszisztema\/meghivo_2021_05_13\/\" rel=\"attachment wp-att-70478\">Megh\u00edv\u00f3<\/a><\/strong><\/p> <p>&nbsp;<\/p> <p>&nbsp;<\/p> <p><span style=\"font-size: 18.6667px;\"><b>Hallgat\u00f3i rendezv\u00e9nyek:<\/b><\/span><\/p> <p>&nbsp;<\/p> <p><span style=\"font-size: 18.6667px;\"><b>2021. m\u00e1jus 11.<\/b><\/span><\/p> <p><span style=\"font-size: 18.6667px;\"><b>Szenzor-alap\u00fa mozg\u00e1slek\u00f6vet\u00e9s \u00e9s elemz\u00e9s (angol nyelv\u0171 online el\u0151ad\u00e1s)<\/b><\/span><\/p> <p><span style=\"font-size: 18.6667px;\"><b>Sensor-powered motion capture and analysis (Innovation &amp; opportunities in veterinary medicine)<\/b><\/span><\/p> <p>&nbsp;<\/p> <p><span style=\"font-size: 18.6667px;\"><b>B\u0151vebb inform\u00e1ci\u00f3:<\/b>\u00a0<a href=\"https:\/\/univet.hu\/hu\/2021\/05\/04\/szenzor-alapu-mozgaslekovetes-es-elemzes\/\">Sz<\/a><a href=\"https:\/\/univet.hu\/hu\/2021\/05\/04\/szenzor-alapu-mozgaslekovetes-es-elemzes\/\">enzor-alap\u00fa<\/a><a href=\"https:\/\/univet.hu\/hu\/2021\/05\/04\/szenzor-alapu-mozgaslekovetes-es-elemzes\/\"> mozg\u00e1slek\u00f6vet\u00e9s \u00e9s elemz\u00e9s \u2013 \u00c1llatorvostudom\u00e1nyi Egyetem (univet.hu)<\/a><\/span><\/p> <p><a href=\"https:\/\/univet.hu\/en\/egyetem\/palyazati-projektek\/nkfih-palyazatok\/egyetemi-innovacios-okoszisztema\/invitation_notch\/\" rel=\"attachment wp-att-70476\">Megh\u00edv\u00f3<\/a><\/p> <p>&nbsp;<\/p> <p><span style=\"font-size: 18.6667px;\"><b>2021. m\u00e1jus 5.<\/b><\/span><\/p> <p><span style=\"font-size: 18.6667px;\"><b> C\u00e9lkeresztben az innov\u00e1ci\u00f3 (online!)<\/b><\/span><\/p> <p><span style=\"font-size: 18.6667px;\"><b>B\u0151vebb inform\u00e1ci\u00f3:\u00a0<\/b><\/span><a href=\"https:\/\/univet.hu\/hu\/2021\/04\/23\/celkeresztben-az-innovacio\/\">C\u00e9lkeresztben az innov\u00e1ci\u00f3 &#8211; hallgat\u00f3i rendezv\u00e9ny \u2013 \u00c1llatorvostudom\u00e1nyi Egyetem (univet.hu)<\/a><\/p> <p><strong><a href=\"https:\/\/univet.hu\/en\/egyetem\/palyazati-projektek\/nkfih-palyazatok\/egyetemi-innovacios-okoszisztema\/tajekoztato_hallgatoknak_v03_logoval\/\" rel=\"attachment wp-att-70475\">Megh\u00edv\u00f3<\/a><\/strong><\/p> <p>&nbsp;<\/p> <p><span style=\"font-size: 18.6667px;\"><b>VETATHON &#8211; Hallgat\u00f3i innov\u00e1ci\u00f3s hackation (online)<\/b><\/span><\/p> <p>2021. febru\u00e1r 26-27-\u00e9n megrendez\u00e9sre ker\u00fcl az els\u0151 \u00e1llatorvosi innov\u00e1ci\u00f3s hackation.<\/p> <p>B\u0151vebb inform\u00e1ci\u00f3, jelentkez\u00e9s a verseny honlapj\u00e1n:\u00a0<a href=\"https:\/\/www.vetathon.tech\/\">Hallgat\u00f3i online verseny \u2013 \u201eAz \u00e1llatok \u00e9s a pand\u00e9mia\u201d &#8211; VetatThon (vetathon.tech)<\/a><\/p> <p>H\u00edrek a versenyr\u0151l:\u00a0<a href=\"https:\/\/www.facebook.com\/VETHATON\/\">\u00a0VETATHON | Facebook<\/a><\/p> <p>V\u00e9get \u00e9rt az els\u0151 \u00e1llatorvosi hackaton. Eredm\u00e9nyek, besz\u00e1mol\u00f3:\u00a0<a href=\"https:\/\/univet.hu\/hu\/2021\/03\/05\/vetathon-kreativ-megoldasok-a-maratoni-otletversenyen\/\">VETATHON \u2013 kreat\u00edv megold\u00e1sok a maratoni \u00f6tletversenyen \u2013 \u00c1llatorvostudom\u00e1nyi Egyetem (univet.hu)<\/a><\/p> <p>&nbsp;<\/p> <p><strong><span style=\"font-size: 14pt;\">A 2020. m\u00e1rcius\u00e1ban lezajlott PoC \u00e9rt\u00e9kel\u0151 rendezv\u00e9nyr\u0151l b\u0151vebben:<\/span><\/strong><\/p> <p><a href=\"https:\/\/univet.hu\/hu\/2020\/03\/23\/proof-of-concept-innovativ-otletek-tamogatasa-az-allatorvostudomanyi-egyetemen\/\">POC Rendezv\u00e9ny<\/a><\/p> <p><span style=\"font-size: 14pt;\"><strong>Proof of Concept Program I. (2021. 08.31-ig)<\/strong><\/span><\/p> <p><a href=\"https:\/\/univet.hu\/wp-content\/uploads\/2020\/02\/ATE_Proof_of_Concept_utmutato.pdf\">P\u00e1ly\u00e1zati \u00fatmutat\u00f3<\/a><u><\/u><\/p> <p><a href=\"https:\/\/neptun.univet.hu\/ate_unipoll\/Survey.aspx?surveyid=76944945&amp;lng=hu-HU\" target=\"_blank\" rel=\"noopener\">Regisztr\u00e1ci\u00f3s adatlap<\/a><\/p> <p><a href=\"https:\/\/univet.hu\/wp-content\/uploads\/2020\/02\/GYIK_honlap-2.pdf\">PoC K\u00e9rd\u00e9sek-v\u00e1laszok<\/a><\/p> <p>&nbsp;<\/p> <p>&nbsp;<\/p> <p><img loading=\"lazy\" decoding=\"async\" class=\"alignright wp-image-49755\" src=\"https:\/\/univet.hu\/wp-content\/uploads\/2020\/02\/NKFIA_infoblokk_projekt_fekvo_2019_HU.jpg\" alt=\"\" width=\"636\" height=\"149\" srcset=\"https:\/\/univet.hu\/wp-content\/uploads\/2020\/02\/NKFIA_infoblokk_projekt_fekvo_2019_HU.jpg 1110w, https:\/\/univet.hu\/wp-content\/uploads\/2020\/02\/NKFIA_infoblokk_projekt_fekvo_2019_HU-320x75.jpg 320w, https:\/\/univet.hu\/wp-content\/uploads\/2020\/02\/NKFIA_infoblokk_projekt_fekvo_2019_HU-768x180.jpg 768w, https:\/\/univet.hu\/wp-content\/uploads\/2020\/02\/NKFIA_infoblokk_projekt_fekvo_2019_HU-960x225.jpg 960w\" sizes=\"auto, (max-width: 636px) 100vw, 636px\" \/><\/p> <p>&nbsp;<\/p>","protected":false},"excerpt":{"rendered":"<p>&nbsp; A Nemzeti Kutat\u00e1si, Fejleszt\u00e9si \u00e9s Innov\u00e1ci\u00f3s Hivatal azzal a c\u00e9llal \u00edrta ki az Egyetemi innov\u00e1ci\u00f3s \u00f6kosziszt\u00e9ma p\u00e1ly\u00e1zat felh\u00edv\u00e1s\u00e1t, hogy min\u00e9l t\u00f6bb Egyetemen l\u00e9trej\u00f6jj\u00f6n \u00e9s eredm\u00e9nyorient\u00e1ltan m\u0171k\u00f6dj\u00f6n olyan szervezeti egys\u00e9g, amely el\u0151seg\u00edti az Egyetemen keletkez\u0151 tudom\u00e1nyos eredm\u00e9nyek piaci hasznos\u00edt\u00e1s\u00e1t, a technol\u00f3gia-transzfert, \u00e9s t\u00e1mogatja az Egyetem, valamint az \u00fczleti szf\u00e9ra szerepl\u0151i k\u00f6z\u00f6tti kutat\u00e1si, fejleszt\u00e9si, technol\u00f3giai \u00e9s<\/p>\n","protected":false},"author":1195,"featured_media":0,"parent":45583,"menu_order":0,"comment_status":"open","ping_status":"open","template":"","meta":{"_acf_changed":false,"footnotes":""},"categories":[],"tags":[],"class_list":["post-49752","page","type-page","status-publish","hentry"],"acf":[],"_links":{"self":[{"href":"https:\/\/univet.hu\/hu\/wp-json\/wp\/v2\/pages\/49752","targetHints":{"allow":["GET"]}}],"collection":[{"href":"https:\/\/univet.hu\/hu\/wp-json\/wp\/v2\/pages"}],"about":[{"href":"https:\/\/univet.hu\/hu\/wp-json\/wp\/v2\/types\/page"}],"author":[{"embeddable":true,"href":"https:\/\/univet.hu\/hu\/wp-json\/wp\/v2\/users\/1195"}],"replies":[{"embeddable":true,"href":"https:\/\/univet.hu\/hu\/wp-json\/wp\/v2\/comments?post=49752"}],"version-history":[{"count":0,"href":"https:\/\/univet.hu\/hu\/wp-json\/wp\/v2\/pages\/49752\/revisions"}],"up":[{"embeddable":true,"href":"https:\/\/univet.hu\/hu\/wp-json\/wp\/v2\/pages\/45583"}],"wp:attachment":[{"href":"https:\/\/univet.hu\/hu\/wp-json\/wp\/v2\/media?parent=49752"}],"wp:term":[{"taxonomy":"category","embeddable":true,"href":"https:\/\/univet.hu\/hu\/wp-json\/wp\/v2\/categories?post=49752"},{"taxonomy":"post_tag","embeddable":true,"href":"https:\/\/univet.hu\/hu\/wp-json\/wp\/v2\/tags?post=49752"}],"curies":[{"name":"wp","href":"https:\/\/api.w.org\/{rel}","templated":true}]}}