{"id":4981,"date":"2016-08-03T09:04:00","date_gmt":"2016-08-03T07:04:00","guid":{"rendered":"http:\/\/univet.hu\/egyetem\/munkatarsak\/zsarnovszky-attila\/"},"modified":"2026-02-10T04:02:49","modified_gmt":"2026-02-10T03:02:49","slug":"zsarnovszky-attila","status":"publish","type":"page","link":"https:\/\/univet.hu\/hu\/egyetem\/munkatarsak\/zsarnovszky-attila\/","title":{"rendered":"Zsarnovszky Attila"},"content":{"rendered":"<p data-start=\"47\" data-end=\"226\"><strong data-start=\"47\" data-end=\"60\">Beoszt\u00e1s: <\/strong>egyetemi tan\u00e1r;<\/p> <p>Agr\u00e1r-biotechnol\u00f3gia \u00e9s prec\u00edzi\u00f3s nemes\u00edt\u00e9s az \u00e9lelmiszerbiztons\u00e1g\u00e9rt Nemzeti Laborat\u00f3rium;<br \/> \u00c9lettani \u00e9s Takarm\u00e1nyoz\u00e1stani Int\u00e9zet, \u00c9lettani \u00e9s \u00c1llateg\u00e9szs\u00e9g\u00fcgyi Tansz\u00e9k, Magyar Agr\u00e1r- \u00e9s \u00c9lettudom\u00e1nyi Egyetem<\/p> <p data-start=\"228\" data-end=\"290\"><strong data-start=\"228\" data-end=\"249\">Kutat\u00e1si ter\u00fclet:<\/strong><br data-start=\"249\" data-end=\"252\" \/>hipotalamikus szab\u00e1lyoz\u00f3 mechanizmusok<\/p> <p data-start=\"292\" data-end=\"329\" data-is-last-node=\"\" data-is-only-node=\"\"><strong data-start=\"292\" data-end=\"304\">Oktat\u00e1s:<\/strong><br data-start=\"304\" data-end=\"307\" \/>\u00e1llat\u00e9lettan el\u0151ad\u00e1sok<\/p> <p>&nbsp;<\/p> <p>&nbsp;<\/p>","protected":false},"excerpt":{"rendered":"<p>Beoszt\u00e1s: egyetemi tan\u00e1r; Agr\u00e1r-biotechnol\u00f3gia \u00e9s prec\u00edzi\u00f3s nemes\u00edt\u00e9s az \u00e9lelmiszerbiztons\u00e1g\u00e9rt Nemzeti Laborat\u00f3rium; \u00c9lettani \u00e9s Takarm\u00e1nyoz\u00e1stani Int\u00e9zet, \u00c9lettani \u00e9s \u00c1llateg\u00e9szs\u00e9g\u00fcgyi Tansz\u00e9k, Magyar Agr\u00e1r- \u00e9s \u00c9lettudom\u00e1nyi Egyetem Kutat\u00e1si ter\u00fclet:hipotalamikus szab\u00e1lyoz\u00f3 mechanizmusok Oktat\u00e1s:\u00e1llat\u00e9lettan el\u0151ad\u00e1sok &nbsp; &nbsp;<\/p>\n","protected":false},"author":5824,"featured_media":0,"parent":858,"menu_order":211,"comment_status":"closed","ping_status":"closed","template":"","meta":{"_acf_changed":false,"footnotes":""},"categories":[56],"tags":[],"class_list":["post-4981","page","type-page","status-publish","hentry","category-munkatarsak"],"acf":[],"_links":{"self":[{"href":"https:\/\/univet.hu\/hu\/wp-json\/wp\/v2\/pages\/4981","targetHints":{"allow":["GET"]}}],"collection":[{"href":"https:\/\/univet.hu\/hu\/wp-json\/wp\/v2\/pages"}],"about":[{"href":"https:\/\/univet.hu\/hu\/wp-json\/wp\/v2\/types\/page"}],"author":[{"embeddable":true,"href":"https:\/\/univet.hu\/hu\/wp-json\/wp\/v2\/users\/5824"}],"replies":[{"embeddable":true,"href":"https:\/\/univet.hu\/hu\/wp-json\/wp\/v2\/comments?post=4981"}],"version-history":[{"count":3,"href":"https:\/\/univet.hu\/hu\/wp-json\/wp\/v2\/pages\/4981\/revisions"}],"predecessor-version":[{"id":197777,"href":"https:\/\/univet.hu\/hu\/wp-json\/wp\/v2\/pages\/4981\/revisions\/197777"}],"up":[{"embeddable":true,"href":"https:\/\/univet.hu\/hu\/wp-json\/wp\/v2\/pages\/858"}],"wp:attachment":[{"href":"https:\/\/univet.hu\/hu\/wp-json\/wp\/v2\/media?parent=4981"}],"wp:term":[{"taxonomy":"category","embeddable":true,"href":"https:\/\/univet.hu\/hu\/wp-json\/wp\/v2\/categories?post=4981"},{"taxonomy":"post_tag","embeddable":true,"href":"https:\/\/univet.hu\/hu\/wp-json\/wp\/v2\/tags?post=4981"}],"curies":[{"name":"wp","href":"https:\/\/api.w.org\/{rel}","templated":true}]}}