{"id":49820,"date":"2020-02-07T08:59:02","date_gmt":"2020-02-07T07:59:02","guid":{"rendered":"https:\/\/univet.hu\/?page_id=49820"},"modified":"2020-02-07T09:15:56","modified_gmt":"2020-02-07T08:15:56","slug":"kisallatgyogyaszat-i","status":"publish","type":"page","link":"https:\/\/univet.hu\/hu\/oktatas\/kurzusok\/kisallatgyogyaszat-i\/","title":{"rendered":"Kis\u00e1llatgy\u00f3gy\u00e1szat I."},"content":{"rendered":"<p><strong>Kis\u00e1llatgy\u00f3gy\u00e1szat t\u00e1rgy I. szemeszter 2019\/2020<\/strong><\/p> <p>A tananyagok publik\u00e1l\u00e1s\u00e1ra szolg\u00e1l\u00f3 egyetemi dokumentumt\u00e1r hozz\u00e1f\u00e9rhet\u0151 a www. univet.hu honlapon, az Oktat\u00e1s\/Kurzusok \u00fatvonalon. Az adott kurzus nev\u00e9re kattintva a kurzus le\u00edr\u00e1s\u00e1n\u00e1l a jobb oldali men\u00fcsorban tal\u00e1lhat\u00f3 a Dokumentumt\u00e1r, mellyel az el\u0151ad\u00e1sv\u00e1zlatok \u00e9s a tant\u00e1rggyal kapcsolatos oktat\u00e1si tudnival\u00f3k el\u00e9rhet\u0151k.\u00a0 Bejelentkez\u00e9s a dokumentumt\u00e1rba: saj\u00e1t Neptun k\u00f3ddal \u00e9s a hozz\u00e1 tartoz\u00f3 jelsz\u00f3val<\/p> <p><u>\u00a0<\/u><\/p> <p><u>T\u00e1rgyi el\u0151felt\u00e9tel<\/u>: K\u00f3r\u00e9lettan<\/p> <p><u>Kredit: 5<\/u><\/p> <p><u>El\u0151ad\u00e1sok sz\u00e1ma: <\/u>60&#215;45 perc<\/p> <p><u>Gyakorlatok sz\u00e1ma: <\/u>45&#215;45 perc<\/p> <p><u>\u00a0<\/u><\/p> <p><strong>El\u0151ad\u00e1sok<\/strong><\/p> <p>Az el\u0151ad\u00e1sok \u00e9s a gyakorlatok tematik\u00e1ja a fenti dokumentumt\u00e1rban is megtal\u00e1lhat\u00f3. Az el\u0151ad\u00e1sok \u00e9s gyakorlatok belgy\u00f3gy\u00e1szati diagnosztika, aneszteziol\u00f3gia \u00e9s radiol\u00f3gia t\u00e9mak\u00f6rb\u0151l \u00e1llnak.<\/p> <p><strong><u>Az el\u0151ad\u00e1sok l\u00e1togat\u00e1sa k\u00f6telez\u0151, \u00e9s a r\u00e9szv\u00e9telt n\u00e9vsorolvas\u00e1ssal ellen\u0151rizz\u00fck<\/u><\/strong>. A Tanulm\u00e1nyi \u00e9s Vizsgaszab\u00e1lyzatban megengedettn\u00e9l t\u00f6bbet hi\u00e1nyz\u00f3 hallgat\u00f3k indexe nem ker\u00fcl al\u00e1\u00edr\u00e1sra. Az egyes el\u0151ad\u00e1sok anyaga let\u00f6lthet\u0151 pdf form\u00e1tumban a honlapr\u00f3l. Az el\u0151ad\u00e1sok helysz\u00edne a kiadott tematik\u00e1ban \u00e9s a Neptunban el\u00e9rhet\u0151 \u00f3rarendben is szerepel: Diagnosztika el\u0151ad\u00e1sok Marek J\u00f3zsef el\u0151ad\u00f3terem, radiol\u00f3gia \u00e9s aneszteziol\u00f3gia el\u0151ad\u00e1sok Pl\u00f3sz B\u00e9la el\u0151ad\u00f3terem.<\/p> <p><strong>\u00a0<\/strong><\/p> <p><strong>Gyakorlatok<\/strong><\/p> <p>A gyakorlatokra az <strong><u>elhangzott el\u0151ad\u00e1sanyag valamint belgy\u00f3gy\u00e1szati diagnosztika t\u00e9mak\u00f6rb\u0151l a dr. Papp L\u00e1szl\u00f3: \u00c1llatorvosi belgy\u00f3gy\u00e1szati diagnosztika I \u2013II c\u00edm\u0171 jegyzet, aneszteziol\u00f3gia \u00e9s radiol\u00f3gia t\u00e9mak\u00f6rb\u0151l pedig az Arany-T\u00f3th Attila: A kis\u00e1llatok r\u00f6ntgenvizsg\u00e1lat\u00e1nak alapjai c. tank\u00f6nyvekben foglaltak<\/u><\/strong> r\u00e9szletes ismerete elengedhetetlen, <strong>\u00e9s err\u0151l <u>a hallgat\u00f3k a gyakorlat elej\u00e9n \u00edr\u00e1sban vagy sz\u00f3ban be is sz\u00e1molnak<\/u>.<\/strong> A gyakorlatokon a hallgat\u00f3knak a k\u00f6vetkez\u0151 felszerel\u00e9ssel kell rendelkezni\u00fck: <u>saj\u00e1t feh\u00e9r k\u00f6peny, valamint diagnosztika gyakorlatokb\u00f3l az els\u0151 gyakorlatt\u00f3l h\u0151m\u00e9r\u0151 a harmadik gyakorlatt\u00f3l fonendoszk\u00f3p<\/u>. A gyakorlatok l\u00e1togat\u00e1sa k\u00f6telez\u0151. Hi\u00e1nyozni kiz\u00e1r\u00f3lag igazolt betegs\u00e9g, illetve hivatalos egyetemi elfoglalts\u00e1g miatt lehets\u00e9ges.\u00a0 Az esetleges hi\u00e1nyz\u00f3 gyakorlatok p\u00f3tl\u00e1sa diagnosztik\u00e1b\u00f3l az utols\u00f3 h\u00e9ten, szem\u00e9lyes egyeztet\u00e9s alapj\u00e1n t\u00f6rt\u00e9nik, m\u00edg aneszteziol\u00f3gi\u00e1b\u00f3l \u00e9s radiol\u00f3gi\u00e1b\u00f3l a gyakorlatvezet\u0151vel egyeztetett id\u0151pontban a gyakorlat anyag\u00e1b\u00f3l besz\u00e1mol\u00f3 sz\u00fcks\u00e9ges.\u00a0 A gyakorlatokr\u00f3l t\u00f6rt\u00e9n\u0151 hi\u00e1nyz\u00e1st a gyakorlatvezet\u0151n\u00e9l igazolni kell. <strong><u>A gyakorlatokon mindenki kiz\u00e1r\u00f3lag csak a saj\u00e1t csoportj\u00e1ban vehet r\u00e9szt<\/u><\/strong>, kiv\u00e9telt csak betegs\u00e9g eset\u00e9n tesz\u00fcnk, orvosi igazol\u00e1s sz\u00fcks\u00e9ges. <strong><u>M\u00e1sik csoportba \u2013 a f\u00e9l\u00e9v teljes id\u0151tartam\u00e1ra \u2013 a hallgat\u00f3 csak k\u00fcl\u00f6nleges indokkal, \u00e9s a tant\u00e1rgyfelel\u0151s \u00edr\u00e1sos enged\u00e9ly\u00e9vel<\/u><\/strong> k\u00e9rheti \u00e1t mag\u00e1t. A Tanulm\u00e1nyi \u00e9s Vizsgaszab\u00e1lyzatban megengedettn\u00e9l t\u00f6bb hi\u00e1nyz\u00e1s, illetve nem p\u00f3tolt gyakorlatok eset\u00e9ben a hallgat\u00f3 nem kap f\u00e9l\u00e9vi al\u00e1\u00edr\u00e1st a t\u00e1rgyb\u00f3l.<\/p> <p>A gyakorlatok helysz\u00edne diagnosztik\u00e1b\u00f3l a Papp L\u00e1szl\u00f3 gyakorl\u00f3 helyis\u00e9gben (Belgy\u00f3gy\u00e1szati Tansz\u00e9k emeleti gyakorl\u00f3), illetve az \u201eM\u201d \u00e9p\u00fcletben kialak\u00edtott belgy\u00f3gy\u00e1szati gyakorl\u00f3 helyis\u00e9gben lesznek a tematik\u00e1ban jelzett m\u00f3don. Aneszteziol\u00f3gia \u00e9s radiol\u00f3gia t\u00e9mak\u00f6rben pedig a seb\u00e9szeti gyakorl\u00f3ban (B \u00e9p\u00fclet). A gyakorlatok tematik\u00e1ja el\u00e9rhet\u0151 a dokumentumt\u00e1rban, illetve a f\u00e9l\u00e9v elej\u00e9n kik\u00fcld\u00e9sre ker\u00fcl az \u00e9vfolyam\u00f6sszek\u00f6t\u0151knek.<\/p> <p>&nbsp;<\/p> <p><strong>Vizsga<\/strong><\/p> <p>A Kis\u00e1llatgy\u00f3gy\u00e1szat c. t\u00e1rgy v\u00e9gs\u0151 vizsgajegye 4 r\u00e9szb\u00f3l \u00e1ll: 1. radiol\u00f3gia \u00e9s aneszteziol\u00f3gia gyakorlati tesztek alapj\u00e1n megaj\u00e1nlott gyakorlati jegy + diagnosztika sz\u00e1m\u00edt\u00f3g\u00e9pes teszt + diagnosztika sz\u00f3beli jegy \u00e9s diagnosztika gyakorlati jegy.<\/p> <p><u>\u00a0<\/u><\/p> <p><u>\u00cdr\u00e1sbeli teszt<\/u>: A vizsga helye az N\/III-as \u00e9p\u00fclet, HEFOP I-es (II-es) sz\u00e1m\u00edt\u00f3g\u00e9pes labor.<\/p> <p>Kezd\u0151dik\u00a0 8.00-kor (\u00e9rkez\u00e9s 7.50)<\/p> <p>A vizsga menete:<\/p> <ul> <li>A hallgat\u00f3k index-el azonos\u00edtj\u00e1k magukat, telefonjaikat pedig az asztalon hagyj\u00e1k, majd le\u00fclnek egy g\u00e9p el\u00e9. Miut\u00e1n tudom\u00e1sul vett\u00e9k a program haszn\u00e1lati utas\u00edt\u00e1s\u00e1t, be\u00edrj\u00e1k a nev\u00fcket. Ehhez a sz\u00f6vegdobozba kell kattintani, az ott l\u00e9v\u0151 \u201eenter your name\u201d sz\u00f6veget kit\u00f6r\u00f6lni, majd be\u00edrni a saj\u00e1t nev\u00e9t, \u00e9s az OK gombbal elfogadni.<\/li> <li>Ezt k\u00f6vet\u0151en indul maga a vizsga, 20 k\u00e9rd\u00e9sb\u0151l \u00e1ll\u00f3 tesztsorozattal. A vizsga v\u00e9g\u00e9n a program ki\u00edrja a pontsz\u00e1mot \u00e9s a jegyet<\/li> <li>Minden hallgat\u00f3 v\u00e9letlenszer\u0171en gener\u00e1lt k\u00e9rd\u00e9ssort kap.<\/li> <li>A vizsg\u00e1ra 35 perc \u00e1ll rendelkez\u00e9sre<\/li> <li>A k\u00e9perny\u0151 bal fels\u0151 sark\u00e1ban az adott k\u00e9rd\u00e9s sorsz\u00e1ma szerepel, a jobb fels\u0151ben az eltelt id\u0151.<\/li> <li>A k\u00e9perny\u0151 alj\u00e1n tal\u00e1lhat\u00f3 kezel\u0151fel\u00fcleten a k\u00e9t sz\u00e9ls\u0151 ny\u00edllal lehet a k\u00e9rd\u00e9sek k\u00f6z\u00f6tt navig\u00e1lni. V\u00e1laszt megjel\u00f6lni arra kattintva lehets\u00e9ges.<\/li> <li>H\u00e1rom, egy\u00e9rtelm\u0171en megjel\u00f6lt k\u00e9rd\u00e9st\u00edpus van. <ul> <li>Egyszeri v\u00e1laszt\u00e1s eset\u00e9n csak egy v\u00e1lasz megjel\u00f6l\u00e9s\u00e9t engedi a program.<\/li> <li>K\u00e9p eset\u00e9n is egy v\u00e1lasz megjel\u00f6l\u00e9s\u00e9t engedi a program<\/li> <li>T\u00f6bbsz\u00f6ri v\u00e1laszt\u00e1s eset\u00e9n t\u00f6bb v\u00e1lasz megjel\u00f6l\u00e9se is elfogadott. A v\u00e1lasz megjel\u00f6l\u00e9s\u00e9nek visszavon\u00e1sa az arra val\u00f3 ism\u00e9telt kattint\u00e1ssal lehets\u00e9ges<\/li> <\/ul> <\/li> <li>A sorozatok k\u00e9rd\u00e9sei tetsz\u0151leges sorrendben oldhat\u00f3ak meg. A vizsga id\u0151tartalma alatt a v\u00e1laszok m\u00f3dos\u00edthat\u00f3ak annak v\u00e9g\u00e9ig.<\/li> <li>A vizsg\u00e1nak akkor van v\u00e9ge, ha a \u201evizsga befejez\u00e9se\u201d gombra kattintanak, vagy ha lej\u00e1r az id\u0151.<\/li> <li>A program jav\u00edtja a v\u00e1laszokat: minden egyszeri v\u00e1laszt\u00e1s j\u00f3 v\u00e1lasza 3 pont, a t\u00f6bbsz\u00f6r\u00f6s v\u00e1laszokn\u00e1l 2 pont, a t\u00f6bbsz\u00f6r\u00f6s v\u00e1laszn\u00e1l a rossz v\u00e1lasz -1 pont. Sz\u00e1zal\u00e9kos \u00e9rt\u00e9kel\u00e9s alapj\u00e1n alakul ki a teszt v\u00e9gs\u0151 jegye.<\/li> <\/ul> <p><u>Sz\u00f3beli r\u00e9sz<\/u> (Dr Papp L\u00e1szl\u00f3 gyakorl\u00f3 terem vagy M \u00e9p\u00fclet gyakorl\u00f3)<\/p> <p><u>Elm\u00e9let<\/u>: Egy elm\u00e9leti k\u00e9rd\u00e9s a kiadott t\u00e9telsorb\u00f3l. Felk\u00e9sz\u00fcl\u00e9s a jegyzet \u00e9s az \u00f3rai anyag alapj\u00e1n.<\/p> <p><u>Kis\u00e1llat gyakorlat<\/u>: egy kis\u00e1llat gyakorlati k\u00e9rd\u00e9s, mely sor\u00e1n az adott \u00e1llat vizsg\u00e1lat\u00e1t k\u00f6vet\u0151en a v\u00e9gs\u0151, r\u00e9szletes leletet kell \u00edr\u00e1sban le\u00edrni. A vizsg\u00e1lat menete, technik\u00e1ja, az adott r\u00e9szletes szervle\u00edr\u00e1s valamint egy\u00e9b felmer\u00fcl\u0151 k\u00e9rd\u00e9sek ker\u00fclnek \u00e9rt\u00e9kel\u00e9sre.<\/p> <p><strong>\u00a0<\/strong><\/p> <p><strong>Vizsga ism\u00e9tl\u00e9se<\/strong><\/p> <p>Abban az esetben, ha a vizsga valamely r\u00e9sze nem siker\u00fclt, akkor a hallgat\u00f3 el\u00e9gtelent kap, mely az indexben \u00e9s a NEPTUN rendszerben is r\u00f6gz\u00edt\u00e9sre ker\u00fcl. Ha az \u00edr\u00e1sbeli teszt siker\u00fclt, azaz legal\u00e1bb kettes, a vizsga ezen r\u00e9szeit nem sz\u00fcks\u00e9ges (de lehet) ism\u00e9telni, a hozott jegy is besz\u00e1m\u00edt\u00e1sra ker\u00fcl az ism\u00e9telt vizsg\u00e1n. Ha a sz\u00f3beli k\u00e9rd\u00e9sek valamelyike (elm\u00e9leti vagy gyakorlati) sikertelen, akkor mindk\u00e9t k\u00e9rd\u00e9st ism\u00e9telni kell.<\/p> <p>&nbsp;<\/p> <p><strong>Jelentkez\u00e9sek<\/strong><\/p> <p>A diagnosztika vizsganapok a NEPTUN rendszerben el\u00e9rhet\u0151ek (minimum 8 maximum 25 f\u0151vel\u00a0\u00a0 a magyar \u00e9s angol hallgat\u00f3k egy\u00fcttesen). A NEPTUN vizsgajelentkez\u00e9s egyid\u0151ben ny\u00edlik meg a magyar \u00e9s angol hallgat\u00f3knak. Halasztani a megel\u0151z\u0151 munkanap 12.00-ig lehets\u00e9ges.<\/p> <p>&nbsp;<\/p> <p>&nbsp;<\/p>","protected":false},"excerpt":{"rendered":"<p>Kis\u00e1llatgy\u00f3gy\u00e1szat t\u00e1rgy I. szemeszter 2019\/2020 A tananyagok publik\u00e1l\u00e1s\u00e1ra szolg\u00e1l\u00f3 egyetemi dokumentumt\u00e1r hozz\u00e1f\u00e9rhet\u0151 a www. univet.hu honlapon, az Oktat\u00e1s\/Kurzusok \u00fatvonalon. Az adott kurzus nev\u00e9re kattintva a kurzus le\u00edr\u00e1s\u00e1n\u00e1l a jobb oldali men\u00fcsorban tal\u00e1lhat\u00f3 a Dokumentumt\u00e1r, mellyel az el\u0151ad\u00e1sv\u00e1zlatok \u00e9s a tant\u00e1rggyal kapcsolatos oktat\u00e1si tudnival\u00f3k el\u00e9rhet\u0151k.\u00a0 Bejelentkez\u00e9s a dokumentumt\u00e1rba: saj\u00e1t Neptun k\u00f3ddal \u00e9s a hozz\u00e1 tartoz\u00f3 jelsz\u00f3val<\/p>\n","protected":false},"author":3837,"featured_media":0,"parent":677,"menu_order":0,"comment_status":"closed","ping_status":"closed","template":"","meta":{"_acf_changed":false,"footnotes":""},"categories":[64],"tags":[],"class_list":["post-49820","page","type-page","status-publish","hentry","category-kurzusok"],"acf":[],"_links":{"self":[{"href":"https:\/\/univet.hu\/hu\/wp-json\/wp\/v2\/pages\/49820","targetHints":{"allow":["GET"]}}],"collection":[{"href":"https:\/\/univet.hu\/hu\/wp-json\/wp\/v2\/pages"}],"about":[{"href":"https:\/\/univet.hu\/hu\/wp-json\/wp\/v2\/types\/page"}],"author":[{"embeddable":true,"href":"https:\/\/univet.hu\/hu\/wp-json\/wp\/v2\/users\/3837"}],"replies":[{"embeddable":true,"href":"https:\/\/univet.hu\/hu\/wp-json\/wp\/v2\/comments?post=49820"}],"version-history":[{"count":0,"href":"https:\/\/univet.hu\/hu\/wp-json\/wp\/v2\/pages\/49820\/revisions"}],"up":[{"embeddable":true,"href":"https:\/\/univet.hu\/hu\/wp-json\/wp\/v2\/pages\/677"}],"wp:attachment":[{"href":"https:\/\/univet.hu\/hu\/wp-json\/wp\/v2\/media?parent=49820"}],"wp:term":[{"taxonomy":"category","embeddable":true,"href":"https:\/\/univet.hu\/hu\/wp-json\/wp\/v2\/categories?post=49820"},{"taxonomy":"post_tag","embeddable":true,"href":"https:\/\/univet.hu\/hu\/wp-json\/wp\/v2\/tags?post=49820"}],"curies":[{"name":"wp","href":"https:\/\/api.w.org\/{rel}","templated":true}]}}