{"id":49839,"date":"2020-02-07T09:40:17","date_gmt":"2020-02-07T08:40:17","guid":{"rendered":"https:\/\/univet.hu\/hu\/egyetem\/palyazati-projektek\/nkfih-palyazatok\/name\/"},"modified":"2023-05-17T15:14:27","modified_gmt":"2023-05-17T13:14:27","slug":"uj-nemzeti-kivalosag-program","status":"publish","type":"page","link":"https:\/\/univet.hu\/hu\/egyetem\/palyazati-projektek\/nkfih-palyazatok\/uj-nemzeti-kivalosag-program\/","title":{"rendered":"\u00daj Nemzeti Kiv\u00e1l\u00f3s\u00e1g Program"},"content":{"rendered":"<p><img loading=\"lazy\" decoding=\"async\" class=\"wp-image-55045 size-thumbnail alignleft\" src=\"https:\/\/univet.hu\/wp-content\/uploads\/2020\/05\/unkp_logo-03-320x320.jpg\" alt=\"\" width=\"320\" height=\"320\" \/><\/p> <p>&nbsp;<\/p> <p>Az <strong>\u00daj Nemzeti Kiv\u00e1l\u00f3s\u00e1g Program<\/strong>\u00a0c\u00e9lja, hogy a fels\u0151oktat\u00e1sban r\u00e9szt vev\u0151 hallgat\u00f3i, kutat\u00f3i kiv\u00e1l\u00f3s\u00e1got t\u00e1mogassa.<\/p> <p>B\u0151vebb felvil\u00e1gos\u00edt\u00e1s: <a class=\"decrypt\" rel=\"volq\/lppsejobupsAvojwfu\/iv\" href=\"javascript:void(0);\">[Kattintson az emailc\u00edmhez]<\/a><\/p> <p>Udvarias Csilla<\/p> <p>Innov\u00e1ci\u00f3s \u00e9s P\u00e1ly\u00e1zati Igazgat\u00f3s\u00e1g, H. \u00e9p. III. emelet. 06-1-478-4100\/8387<\/p>","protected":false},"excerpt":{"rendered":"<p>&nbsp; Az \u00daj Nemzeti Kiv\u00e1l\u00f3s\u00e1g Program\u00a0c\u00e9lja, hogy a fels\u0151oktat\u00e1sban r\u00e9szt vev\u0151 hallgat\u00f3i, kutat\u00f3i kiv\u00e1l\u00f3s\u00e1got t\u00e1mogassa. B\u0151vebb felvil\u00e1gos\u00edt\u00e1s: [Kattintson az emailc\u00edmhez] Udvarias Csilla Innov\u00e1ci\u00f3s \u00e9s P\u00e1ly\u00e1zati Igazgat\u00f3s\u00e1g, H. \u00e9p. III. emelet. 06-1-478-4100\/8387<\/p>\n","protected":false},"author":1195,"featured_media":0,"parent":45583,"menu_order":0,"comment_status":"open","ping_status":"open","template":"","meta":{"_acf_changed":false,"footnotes":""},"categories":[],"tags":[],"class_list":["post-49839","page","type-page","status-publish","hentry"],"acf":[],"_links":{"self":[{"href":"https:\/\/univet.hu\/hu\/wp-json\/wp\/v2\/pages\/49839","targetHints":{"allow":["GET"]}}],"collection":[{"href":"https:\/\/univet.hu\/hu\/wp-json\/wp\/v2\/pages"}],"about":[{"href":"https:\/\/univet.hu\/hu\/wp-json\/wp\/v2\/types\/page"}],"author":[{"embeddable":true,"href":"https:\/\/univet.hu\/hu\/wp-json\/wp\/v2\/users\/1195"}],"replies":[{"embeddable":true,"href":"https:\/\/univet.hu\/hu\/wp-json\/wp\/v2\/comments?post=49839"}],"version-history":[{"count":0,"href":"https:\/\/univet.hu\/hu\/wp-json\/wp\/v2\/pages\/49839\/revisions"}],"up":[{"embeddable":true,"href":"https:\/\/univet.hu\/hu\/wp-json\/wp\/v2\/pages\/45583"}],"wp:attachment":[{"href":"https:\/\/univet.hu\/hu\/wp-json\/wp\/v2\/media?parent=49839"}],"wp:term":[{"taxonomy":"category","embeddable":true,"href":"https:\/\/univet.hu\/hu\/wp-json\/wp\/v2\/categories?post=49839"},{"taxonomy":"post_tag","embeddable":true,"href":"https:\/\/univet.hu\/hu\/wp-json\/wp\/v2\/tags?post=49839"}],"curies":[{"name":"wp","href":"https:\/\/api.w.org\/{rel}","templated":true}]}}