{"id":49843,"date":"2020-02-07T09:44:32","date_gmt":"2020-02-07T08:44:32","guid":{"rendered":"https:\/\/univet.hu\/hu\/egyetem\/palyazati-projektek\/nkfih-palyazatok\/uj-nemzeti-kivalosag-program\/name\/"},"modified":"2021-03-01T00:25:39","modified_gmt":"2021-02-28T23:25:39","slug":"unkp-2019-2020","status":"publish","type":"page","link":"https:\/\/univet.hu\/hu\/egyetem\/palyazati-projektek\/nkfih-palyazatok\/uj-nemzeti-kivalosag-program\/unkp-2019-2020\/","title":{"rendered":"\u00daNKP 2019\/2020"},"content":{"rendered":"<p>P\u00e1ly\u00e1zati felh\u00edv\u00e1sok:<\/p> <p><a href=\"https:\/\/univet.hu\/wp-content\/uploads\/2021\/02\/UNKP_PALYAZATI_KIIRAS_ALAPKEPZES_UNKP_2019-1.pdf\">UNKP_PALYAZATI_KIIRAS_ALAPKEPZES_UNKP_2019<\/a><\/p> <p><a href=\"https:\/\/univet.hu\/wp-content\/uploads\/2021\/02\/UNKP_PALYAZATI_KIIRAS_MESTERKEPZES_2019.pdf\">UNKP_PALYAZATI_KIIRAS_MESTERKEPZES_2019<\/a><\/p> <p><a href=\"https:\/\/univet.hu\/wp-content\/uploads\/2021\/02\/UNKP_PALYAZATI_KIIRAS_DOKTORI_KEPZES_DOKTORJELOLT_2019.pdf\">UNKP_PALYAZATI_KIIRAS_DOKTORI_KEPZES_DOKTORJELOLT_2019<\/a><\/p> <p><a href=\"https:\/\/univet.hu\/wp-content\/uploads\/2021\/02\/UNKP_PALYAZATI_KIIRAS_TEHETSEGGEL_FEL_2019.pdf\">UNKP_PALYAZATI_KIIRAS_TEHETSEGGEL_FEL_2019<\/a><\/p> <p><a href=\"https:\/\/univet.hu\/wp-content\/uploads\/2021\/02\/UNKP_PALYAZATI_KIIRAS_BOLYAI_2019.pdf\">UNKP_PALYAZATI_KIIRAS_BOLYAI_2019<\/a><\/p> <p>2019\/2020-as \u00e9v \u00f6szt\u00f6nd\u00edjasai: <a href=\"https:\/\/univet.hu\/wp-content\/uploads\/2021\/03\/SUM_osztondijasok_2019-2020.pdf\">SUM_osztondijasok_2019-2020<\/a><\/p> <p>\u00daNKP p\u00e1ly\u00e1zati \u00fcgyint\u00e9z\u0151: Rem\u00e9nyi Rita, Udvarias Csilla<\/p> <p>El\u00e9rhet\u0151s\u00e9g: + 36 1 478 4100\/8448 , <a class=\"decrypt\" rel=\"qbmzb{buAvojwfu\/iv\" href=\"javascript:void(0);\">[Kattintson az emailc\u00edmhez]<\/a><\/p> <p>\u00dcgyf\u00e9lfogad\u00e1si id\u0151: H: 13.00 \u2013 15.00; K: 9.00 \u2013 11.00;SZ: 13.00 \u2013 15.00; CS: 9.00 \u2013 11.00.<\/p> <p>P\u00e1ly\u00e1zat beny\u00fajt\u00e1sa: postai \u00faton.<\/p>","protected":false},"excerpt":{"rendered":"<p>P\u00e1ly\u00e1zati felh\u00edv\u00e1sok: UNKP_PALYAZATI_KIIRAS_ALAPKEPZES_UNKP_2019 UNKP_PALYAZATI_KIIRAS_MESTERKEPZES_2019 UNKP_PALYAZATI_KIIRAS_DOKTORI_KEPZES_DOKTORJELOLT_2019 UNKP_PALYAZATI_KIIRAS_TEHETSEGGEL_FEL_2019 UNKP_PALYAZATI_KIIRAS_BOLYAI_2019 2019\/2020-as \u00e9v \u00f6szt\u00f6nd\u00edjasai: SUM_osztondijasok_2019-2020 \u00daNKP p\u00e1ly\u00e1zati \u00fcgyint\u00e9z\u0151: Rem\u00e9nyi Rita, Udvarias Csilla El\u00e9rhet\u0151s\u00e9g: + 36 1 478 4100\/8448 , [Kattintson az emailc\u00edmhez] \u00dcgyf\u00e9lfogad\u00e1si id\u0151: H: 13.00 \u2013 15.00; K: 9.00 \u2013 11.00;SZ: 13.00 \u2013 15.00; CS: 9.00 \u2013 11.00. P\u00e1ly\u00e1zat beny\u00fajt\u00e1sa: postai \u00faton.<\/p>\n","protected":false},"author":1195,"featured_media":0,"parent":49839,"menu_order":0,"comment_status":"open","ping_status":"open","template":"","meta":{"_acf_changed":false,"footnotes":""},"categories":[],"tags":[],"class_list":["post-49843","page","type-page","status-publish","hentry"],"acf":[],"_links":{"self":[{"href":"https:\/\/univet.hu\/hu\/wp-json\/wp\/v2\/pages\/49843","targetHints":{"allow":["GET"]}}],"collection":[{"href":"https:\/\/univet.hu\/hu\/wp-json\/wp\/v2\/pages"}],"about":[{"href":"https:\/\/univet.hu\/hu\/wp-json\/wp\/v2\/types\/page"}],"author":[{"embeddable":true,"href":"https:\/\/univet.hu\/hu\/wp-json\/wp\/v2\/users\/1195"}],"replies":[{"embeddable":true,"href":"https:\/\/univet.hu\/hu\/wp-json\/wp\/v2\/comments?post=49843"}],"version-history":[{"count":0,"href":"https:\/\/univet.hu\/hu\/wp-json\/wp\/v2\/pages\/49843\/revisions"}],"up":[{"embeddable":true,"href":"https:\/\/univet.hu\/hu\/wp-json\/wp\/v2\/pages\/49839"}],"wp:attachment":[{"href":"https:\/\/univet.hu\/hu\/wp-json\/wp\/v2\/media?parent=49843"}],"wp:term":[{"taxonomy":"category","embeddable":true,"href":"https:\/\/univet.hu\/hu\/wp-json\/wp\/v2\/categories?post=49843"},{"taxonomy":"post_tag","embeddable":true,"href":"https:\/\/univet.hu\/hu\/wp-json\/wp\/v2\/tags?post=49843"}],"curies":[{"name":"wp","href":"https:\/\/api.w.org\/{rel}","templated":true}]}}