{"id":49853,"date":"2020-02-07T10:02:55","date_gmt":"2020-02-07T09:02:55","guid":{"rendered":"https:\/\/univet.hu\/hu\/egyetem\/palyazati-projektek\/prezentacios-nap-2019\/prezentacios-nap-2018\/name-2\/"},"modified":"2020-02-07T10:04:17","modified_gmt":"2020-02-07T09:04:17","slug":"baumenko-lubov-nyikolajevna","status":"publish","type":"page","link":"https:\/\/univet.hu\/hu\/egyetem\/palyazati-projektek\/prezentacios-nap-2019\/prezentacios-nap-2018\/baumenko-lubov-nyikolajevna\/","title":{"rendered":"Baumenko Lubov Nyikolajevna"},"content":{"rendered":"<p><strong>Prezent\u00e1ci\u00f3 c\u00edme:<\/strong> Quercetin- sz\u00e1rmaz\u00e9kok felsz\u00edv\u00f3d\u00e1s\u00e1nak \u00e9s metabolitjainak in vitro vizsg\u00e1lata<\/p> <p><img loading=\"lazy\" decoding=\"async\" class=\"alignnone size-medium wp-image-49855\" src=\"https:\/\/univet.hu\/wp-content\/uploads\/2020\/02\/Bakumenko-Lubov-Nyikolajevna-1-320x213.jpg\" alt=\"\" width=\"320\" height=\"213\" srcset=\"https:\/\/univet.hu\/wp-content\/uploads\/2020\/02\/Bakumenko-Lubov-Nyikolajevna-1-320x213.jpg 320w, https:\/\/univet.hu\/wp-content\/uploads\/2020\/02\/Bakumenko-Lubov-Nyikolajevna-1-768x512.jpg 768w, https:\/\/univet.hu\/wp-content\/uploads\/2020\/02\/Bakumenko-Lubov-Nyikolajevna-1-960x640.jpg 960w, https:\/\/univet.hu\/wp-content\/uploads\/2020\/02\/Bakumenko-Lubov-Nyikolajevna-1.jpg 2048w\" sizes=\"auto, (max-width: 320px) 100vw, 320px\" \/><\/p>","protected":false},"excerpt":{"rendered":"<p>Prezent\u00e1ci\u00f3 c\u00edme: Quercetin- sz\u00e1rmaz\u00e9kok felsz\u00edv\u00f3d\u00e1s\u00e1nak \u00e9s metabolitjainak in vitro vizsg\u00e1lata<\/p>\n","protected":false},"author":1195,"featured_media":0,"parent":45663,"menu_order":0,"comment_status":"open","ping_status":"open","template":"","meta":{"_acf_changed":false,"footnotes":""},"categories":[],"tags":[],"class_list":["post-49853","page","type-page","status-publish","hentry"],"acf":[],"_links":{"self":[{"href":"https:\/\/univet.hu\/hu\/wp-json\/wp\/v2\/pages\/49853","targetHints":{"allow":["GET"]}}],"collection":[{"href":"https:\/\/univet.hu\/hu\/wp-json\/wp\/v2\/pages"}],"about":[{"href":"https:\/\/univet.hu\/hu\/wp-json\/wp\/v2\/types\/page"}],"author":[{"embeddable":true,"href":"https:\/\/univet.hu\/hu\/wp-json\/wp\/v2\/users\/1195"}],"replies":[{"embeddable":true,"href":"https:\/\/univet.hu\/hu\/wp-json\/wp\/v2\/comments?post=49853"}],"version-history":[{"count":0,"href":"https:\/\/univet.hu\/hu\/wp-json\/wp\/v2\/pages\/49853\/revisions"}],"up":[{"embeddable":true,"href":"https:\/\/univet.hu\/hu\/wp-json\/wp\/v2\/pages\/45663"}],"wp:attachment":[{"href":"https:\/\/univet.hu\/hu\/wp-json\/wp\/v2\/media?parent=49853"}],"wp:term":[{"taxonomy":"category","embeddable":true,"href":"https:\/\/univet.hu\/hu\/wp-json\/wp\/v2\/categories?post=49853"},{"taxonomy":"post_tag","embeddable":true,"href":"https:\/\/univet.hu\/hu\/wp-json\/wp\/v2\/tags?post=49853"}],"curies":[{"name":"wp","href":"https:\/\/api.w.org\/{rel}","templated":true}]}}