{"id":49899,"date":"2020-02-07T10:41:46","date_gmt":"2020-02-07T09:41:46","guid":{"rendered":"https:\/\/univet.hu\/hu\/egyetem\/palyazati-projektek\/prezentacios-nap-2019\/prezentacios-nap-2018\/name-2\/"},"modified":"2020-02-07T10:41:46","modified_gmt":"2020-02-07T09:41:46","slug":"erik-diez","status":"publish","type":"page","link":"https:\/\/univet.hu\/hu\/egyetem\/palyazati-projektek\/prezentacios-nap-2019\/prezentacios-nap-2018\/erik-diez\/","title":{"rendered":"Erik Diez"},"content":{"rendered":"<p><strong>Prezent\u00e1ci\u00f3 c\u00edme:<\/strong>\u00a0Marketing in the veterinary business<\/p> <p><img loading=\"lazy\" decoding=\"async\" class=\"alignnone size-medium wp-image-49885\" src=\"https:\/\/univet.hu\/wp-content\/uploads\/2020\/02\/Erik-Diez-320x213.jpg\" alt=\"\" width=\"320\" height=\"213\" srcset=\"https:\/\/univet.hu\/wp-content\/uploads\/2020\/02\/Erik-Diez-320x213.jpg 320w, https:\/\/univet.hu\/wp-content\/uploads\/2020\/02\/Erik-Diez-768x512.jpg 768w, https:\/\/univet.hu\/wp-content\/uploads\/2020\/02\/Erik-Diez-960x640.jpg 960w, https:\/\/univet.hu\/wp-content\/uploads\/2020\/02\/Erik-Diez.jpg 2048w\" sizes=\"auto, (max-width: 320px) 100vw, 320px\" \/><\/p>","protected":false},"excerpt":{"rendered":"<p>Prezent\u00e1ci\u00f3 c\u00edme:\u00a0Marketing in the veterinary business<\/p>\n","protected":false},"author":61,"featured_media":0,"parent":45663,"menu_order":0,"comment_status":"open","ping_status":"open","template":"","meta":{"_acf_changed":false,"footnotes":""},"categories":[],"tags":[],"class_list":["post-49899","page","type-page","status-publish","hentry"],"acf":[],"_links":{"self":[{"href":"https:\/\/univet.hu\/hu\/wp-json\/wp\/v2\/pages\/49899","targetHints":{"allow":["GET"]}}],"collection":[{"href":"https:\/\/univet.hu\/hu\/wp-json\/wp\/v2\/pages"}],"about":[{"href":"https:\/\/univet.hu\/hu\/wp-json\/wp\/v2\/types\/page"}],"author":[{"embeddable":true,"href":"https:\/\/univet.hu\/hu\/wp-json\/wp\/v2\/users\/61"}],"replies":[{"embeddable":true,"href":"https:\/\/univet.hu\/hu\/wp-json\/wp\/v2\/comments?post=49899"}],"version-history":[{"count":0,"href":"https:\/\/univet.hu\/hu\/wp-json\/wp\/v2\/pages\/49899\/revisions"}],"up":[{"embeddable":true,"href":"https:\/\/univet.hu\/hu\/wp-json\/wp\/v2\/pages\/45663"}],"wp:attachment":[{"href":"https:\/\/univet.hu\/hu\/wp-json\/wp\/v2\/media?parent=49899"}],"wp:term":[{"taxonomy":"category","embeddable":true,"href":"https:\/\/univet.hu\/hu\/wp-json\/wp\/v2\/categories?post=49899"},{"taxonomy":"post_tag","embeddable":true,"href":"https:\/\/univet.hu\/hu\/wp-json\/wp\/v2\/tags?post=49899"}],"curies":[{"name":"wp","href":"https:\/\/api.w.org\/{rel}","templated":true}]}}