{"id":49911,"date":"2020-02-07T10:55:59","date_gmt":"2020-02-07T09:55:59","guid":{"rendered":"https:\/\/univet.hu\/hu\/egyetem\/palyazati-projektek\/prezentacios-nap-2019\/prezentacios-nap-2018\/name-2\/"},"modified":"2020-02-07T10:57:51","modified_gmt":"2020-02-07T09:57:51","slug":"kerek-adam","status":"publish","type":"page","link":"https:\/\/univet.hu\/hu\/egyetem\/palyazati-projektek\/prezentacios-nap-2019\/prezentacios-nap-2018\/kerek-adam\/","title":{"rendered":"Kerek \u00c1d\u00e1m"},"content":{"rendered":"<p><strong>Prezent\u00e1ci\u00f3 c\u00edme:<\/strong> Kis\u00e1llatklinik\u00e1kon \u00e9s kis\u00e1llatk\u00f3rh\u00e1zakban el\u0151fordul\u00f3 multirezisztens k\u00f3rokoz\u00f3k jelenl\u00e9t\u00e9nek vizsg\u00e1lata<\/p> <p><img loading=\"lazy\" decoding=\"async\" class=\"alignleft wp-image-49887\" src=\"https:\/\/univet.hu\/wp-content\/uploads\/2020\/02\/Kerek-\u00c1d\u00e1m.jpg\" alt=\"\" width=\"335\" height=\"223\" srcset=\"https:\/\/univet.hu\/wp-content\/uploads\/2020\/02\/Kerek-\u00c1d\u00e1m.jpg 2048w, https:\/\/univet.hu\/wp-content\/uploads\/2020\/02\/Kerek-\u00c1d\u00e1m-320x213.jpg 320w, https:\/\/univet.hu\/wp-content\/uploads\/2020\/02\/Kerek-\u00c1d\u00e1m-768x512.jpg 768w, https:\/\/univet.hu\/wp-content\/uploads\/2020\/02\/Kerek-\u00c1d\u00e1m-960x640.jpg 960w\" sizes=\"auto, (max-width: 335px) 100vw, 335px\" \/><\/p>","protected":false},"excerpt":{"rendered":"<p>Prezent\u00e1ci\u00f3 c\u00edme: Kis\u00e1llatklinik\u00e1kon \u00e9s kis\u00e1llatk\u00f3rh\u00e1zakban el\u0151fordul\u00f3 multirezisztens k\u00f3rokoz\u00f3k jelenl\u00e9t\u00e9nek vizsg\u00e1lata<\/p>\n","protected":false},"author":1195,"featured_media":0,"parent":45663,"menu_order":0,"comment_status":"open","ping_status":"open","template":"","meta":{"_acf_changed":false,"footnotes":""},"categories":[],"tags":[],"class_list":["post-49911","page","type-page","status-publish","hentry"],"acf":[],"_links":{"self":[{"href":"https:\/\/univet.hu\/hu\/wp-json\/wp\/v2\/pages\/49911","targetHints":{"allow":["GET"]}}],"collection":[{"href":"https:\/\/univet.hu\/hu\/wp-json\/wp\/v2\/pages"}],"about":[{"href":"https:\/\/univet.hu\/hu\/wp-json\/wp\/v2\/types\/page"}],"author":[{"embeddable":true,"href":"https:\/\/univet.hu\/hu\/wp-json\/wp\/v2\/users\/1195"}],"replies":[{"embeddable":true,"href":"https:\/\/univet.hu\/hu\/wp-json\/wp\/v2\/comments?post=49911"}],"version-history":[{"count":0,"href":"https:\/\/univet.hu\/hu\/wp-json\/wp\/v2\/pages\/49911\/revisions"}],"up":[{"embeddable":true,"href":"https:\/\/univet.hu\/hu\/wp-json\/wp\/v2\/pages\/45663"}],"wp:attachment":[{"href":"https:\/\/univet.hu\/hu\/wp-json\/wp\/v2\/media?parent=49911"}],"wp:term":[{"taxonomy":"category","embeddable":true,"href":"https:\/\/univet.hu\/hu\/wp-json\/wp\/v2\/categories?post=49911"},{"taxonomy":"post_tag","embeddable":true,"href":"https:\/\/univet.hu\/hu\/wp-json\/wp\/v2\/tags?post=49911"}],"curies":[{"name":"wp","href":"https:\/\/api.w.org\/{rel}","templated":true}]}}