{"id":49934,"date":"2020-02-07T12:47:49","date_gmt":"2020-02-07T11:47:49","guid":{"rendered":"https:\/\/univet.hu\/hu\/egyetem\/palyazati-projektek\/prezentacios-nap-2019\/prezentacios-nap-2018\/name-2\/"},"modified":"2020-02-07T12:47:49","modified_gmt":"2020-02-07T11:47:49","slug":"kondor-milan","status":"publish","type":"page","link":"https:\/\/univet.hu\/hu\/egyetem\/palyazati-projektek\/prezentacios-nap-2019\/prezentacios-nap-2018\/kondor-milan\/","title":{"rendered":"Kondor Mil\u00e1n"},"content":{"rendered":"<p><strong>Prezent\u00e1ci\u00f3 c\u00edme: <\/strong>A strucc t\u00e1janat\u00f3mi\u00e1j\u00e1nak \u00e9rdekess\u00e9gei<\/p> <p><img loading=\"lazy\" decoding=\"async\" class=\"alignleft wp-image-49888\" src=\"https:\/\/univet.hu\/wp-content\/uploads\/2020\/02\/Kondor-Mil\u00e1n.jpg\" alt=\"\" width=\"345\" height=\"230\" srcset=\"https:\/\/univet.hu\/wp-content\/uploads\/2020\/02\/Kondor-Mil\u00e1n.jpg 2048w, https:\/\/univet.hu\/wp-content\/uploads\/2020\/02\/Kondor-Mil\u00e1n-320x213.jpg 320w, https:\/\/univet.hu\/wp-content\/uploads\/2020\/02\/Kondor-Mil\u00e1n-768x512.jpg 768w, https:\/\/univet.hu\/wp-content\/uploads\/2020\/02\/Kondor-Mil\u00e1n-960x640.jpg 960w\" sizes=\"auto, (max-width: 345px) 100vw, 345px\" \/><\/p>","protected":false},"excerpt":{"rendered":"<p>Prezent\u00e1ci\u00f3 c\u00edme: A strucc t\u00e1janat\u00f3mi\u00e1j\u00e1nak \u00e9rdekess\u00e9gei<\/p>\n","protected":false},"author":1195,"featured_media":0,"parent":45663,"menu_order":0,"comment_status":"open","ping_status":"open","template":"","meta":{"_acf_changed":false,"footnotes":""},"categories":[],"tags":[],"class_list":["post-49934","page","type-page","status-publish","hentry"],"acf":[],"_links":{"self":[{"href":"https:\/\/univet.hu\/hu\/wp-json\/wp\/v2\/pages\/49934","targetHints":{"allow":["GET"]}}],"collection":[{"href":"https:\/\/univet.hu\/hu\/wp-json\/wp\/v2\/pages"}],"about":[{"href":"https:\/\/univet.hu\/hu\/wp-json\/wp\/v2\/types\/page"}],"author":[{"embeddable":true,"href":"https:\/\/univet.hu\/hu\/wp-json\/wp\/v2\/users\/1195"}],"replies":[{"embeddable":true,"href":"https:\/\/univet.hu\/hu\/wp-json\/wp\/v2\/comments?post=49934"}],"version-history":[{"count":0,"href":"https:\/\/univet.hu\/hu\/wp-json\/wp\/v2\/pages\/49934\/revisions"}],"up":[{"embeddable":true,"href":"https:\/\/univet.hu\/hu\/wp-json\/wp\/v2\/pages\/45663"}],"wp:attachment":[{"href":"https:\/\/univet.hu\/hu\/wp-json\/wp\/v2\/media?parent=49934"}],"wp:term":[{"taxonomy":"category","embeddable":true,"href":"https:\/\/univet.hu\/hu\/wp-json\/wp\/v2\/categories?post=49934"},{"taxonomy":"post_tag","embeddable":true,"href":"https:\/\/univet.hu\/hu\/wp-json\/wp\/v2\/tags?post=49934"}],"curies":[{"name":"wp","href":"https:\/\/api.w.org\/{rel}","templated":true}]}}