{"id":50454,"date":"2020-02-24T08:18:38","date_gmt":"2020-02-24T07:18:38","guid":{"rendered":"https:\/\/univet.hu\/hu\/egyetem\/szervezeti-egysegek\/informatikai-es-biztonsagi-igazgatosag\/informatikai-osztaly\/name-2\/"},"modified":"2020-02-26T09:21:40","modified_gmt":"2020-02-26T08:21:40","slug":"telefon","status":"publish","type":"page","link":"https:\/\/univet.hu\/hu\/egyetem\/szervezeti-egysegek\/informatikai-osztaly\/telefon\/","title":{"rendered":"Telefon"},"content":{"rendered":"<p><a href=\"https:\/\/univet.hu\/wp-content\/uploads\/2020\/02\/qs_7821_7841_7861_hun.pdf\">Telefon haszn\u00e1lati utas\u00edt\u00e1s<\/a><\/p> <p><a href=\"https:\/\/univet.hu\/wp-content\/uploads\/2020\/02\/Cisco-7821.pdf\">H\u00edv\u00e1s ind\u00edt\u00e1shoz haszn\u00e1lati utas\u00edt\u00e1s<\/a><\/p>","protected":false},"excerpt":{"rendered":"<p>Telefon haszn\u00e1lati utas\u00edt\u00e1s H\u00edv\u00e1s ind\u00edt\u00e1shoz haszn\u00e1lati utas\u00edt\u00e1s<\/p>\n","protected":false},"author":3837,"featured_media":0,"parent":3439,"menu_order":0,"comment_status":"open","ping_status":"open","template":"","meta":{"_acf_changed":false,"footnotes":""},"categories":[],"tags":[],"class_list":["post-50454","page","type-page","status-publish","hentry"],"acf":[],"_links":{"self":[{"href":"https:\/\/univet.hu\/hu\/wp-json\/wp\/v2\/pages\/50454","targetHints":{"allow":["GET"]}}],"collection":[{"href":"https:\/\/univet.hu\/hu\/wp-json\/wp\/v2\/pages"}],"about":[{"href":"https:\/\/univet.hu\/hu\/wp-json\/wp\/v2\/types\/page"}],"author":[{"embeddable":true,"href":"https:\/\/univet.hu\/hu\/wp-json\/wp\/v2\/users\/3837"}],"replies":[{"embeddable":true,"href":"https:\/\/univet.hu\/hu\/wp-json\/wp\/v2\/comments?post=50454"}],"version-history":[{"count":0,"href":"https:\/\/univet.hu\/hu\/wp-json\/wp\/v2\/pages\/50454\/revisions"}],"up":[{"embeddable":true,"href":"https:\/\/univet.hu\/hu\/wp-json\/wp\/v2\/pages\/3439"}],"wp:attachment":[{"href":"https:\/\/univet.hu\/hu\/wp-json\/wp\/v2\/media?parent=50454"}],"wp:term":[{"taxonomy":"category","embeddable":true,"href":"https:\/\/univet.hu\/hu\/wp-json\/wp\/v2\/categories?post=50454"},{"taxonomy":"post_tag","embeddable":true,"href":"https:\/\/univet.hu\/hu\/wp-json\/wp\/v2\/tags?post=50454"}],"curies":[{"name":"wp","href":"https:\/\/api.w.org\/{rel}","templated":true}]}}